{"id":3331,"date":"2024-12-21T17:40:15","date_gmt":"2024-12-21T16:40:15","guid":{"rendered":"https:\/\/kunsthandel-puch.de\/produkt\/icones-de-mariage-moscou-argent-en-cloisonne\/"},"modified":"2025-02-20T10:22:31","modified_gmt":"2025-02-20T09:22:31","slug":"icones-de-mariage-moscou-argent-en-cloisonne","status":"publish","type":"product","link":"https:\/\/kunsthandel-puch.de\/fr\/produkt\/icones-de-mariage-moscou-argent-en-cloisonne\/","title":{"rendered":"Ic\u00f4nes de mariage Moscou Argent en cloisonn\u00e9"},"content":{"rendered":"<h3>Ic\u00f4nes de mariage : La Vierge \u00e0 l&rsquo;Enfant et le Christ Pantocrator<\/h3>\n<p>Dans la tradition orthodoxe russe, <a href=\"https:\/\/ikonen-galerie.com\/objekte\/orthodoxe-kunstobjekte\/171-hochzeitsikonen-gottesmutter-mit-kind-und-christus-pantokrator.html\">les ic\u00f4nes de mariage<\/a> jouent un r\u00f4le central. Ils repr\u00e9sentent la b\u00e9n\u00e9diction et la protection divines qui doivent accompagner les jeunes mari\u00e9s sur le chemin de leur vie commune. Parmi les ic\u00f4nes les plus importantes, on trouve la Vierge \u00e0 l&rsquo;Enfant pour le r\u00f4le de la femme dans le mariage et le Christ Pantocrator pour l&rsquo;homme. Pendant la c\u00e9r\u00e9monie de mariage, le pr\u00eatre orthodoxe tient ces ic\u00f4nes au-dessus de la t\u00eate des mari\u00e9s &#8211; un rituel symbolique destin\u00e9 \u00e0 apporter la pr\u00e9sence divine dans le mariage et \u00e0 servir de soutien spirituel au couple.<\/p>\n<p>Les <a href=\"https:\/\/kunsthandel-puch.de\/fr\/produkt-kategorie\/icones\/\">ic\u00f4nes<\/a> pr\u00e9sent\u00e9es ici datent des ann\u00e9es 1900 et sont fabriqu\u00e9es dans le style Art nouveau. Leur qualit\u00e9 artisanale exceptionnelle se refl\u00e8te dans la pr\u00e9cision de leur conception : ils sont constitu\u00e9s de panneaux de bois recouverts d&rsquo;un tissu pr\u00e9cieux et peints \u00e0 l&rsquo;huile. Ils sont compl\u00e9t\u00e9s par des coffrets d&rsquo;argent, en partie dor\u00e9s \u00e0 chaud, r\u00e9alis\u00e9s de main de ma\u00eetre.<\/p>\n<p>Les aur\u00e9oles en filigrane, r\u00e9alis\u00e9es en \u00e9mail cloisonn\u00e9 dans le plus pur style Art nouveau, sont particuli\u00e8rement remarquables. Ces d\u00e9tails ne soulignent pas seulement le haut niveau artistique, mais, en raison de leur qualit\u00e9 exceptionnelle, ils indiquent \u00e9galement le rang social \u00e9lev\u00e9 des \u00e9poux qui poss\u00e9daient de telles ic\u00f4nes.<\/p>\n<p>Responsable de l&rsquo;argenterie \u00e9tait Alexander Smirnov, Moscou 1896 \u00ab\u00a0\u0410\u043b\u0435\u0445\u0430\u043d\u0434\u0435\u0440 \u0421\u043c\u0438\u0440\u043d\u043e\u0432\u00a0\u00bb poin\u00e7on AC, un important ma\u00eetre d&rsquo;argenterie ses \u0153uvres \u00e9taient surtout populaires aupr\u00e8s de la classe sup\u00e9rieure russe. Ils \u00e9taient souvent choisis comme cadeaux de mariage et incarnaient \u00e0 la fois la perfection artisanale et les valeurs spirituelles de l&rsquo;\u00c9glise orthodoxe. En outre, les ic\u00f4nes portent la marque de l&rsquo;administration de la surveillance de Moscou avec les initiales de l&rsquo;administrateur de la surveillance Ivan Sergue\u00efevitch Lebedkin \u00ab\u00a0\u0418\u0449\u0430\u043d \u0421\u0435\u0440\u0433\u0435\u0438\u044b\u0435\u0449\u0438\u0442\u0441\u0446\u0445 \u041b\u0435\u0431\u0435\u0434\u043a\u0438\u043d\u00a0\u00bb actif de 1896 \u00e0 1908.<\/p>\n<p>Les ic\u00f4nes individuelles mesurent chacune 17,8 cm x 14,5 cm.<\/p>\n<p>Construit sp\u00e9cialement pour les ic\u00f4nes dans une forme de tour \u00e0 bulbe typique de la Russie, le kiot est fabriqu\u00e9 en bois tendre et plaqu\u00e9 de bouleau glac\u00e9 russe.<\/p>\n<p>Une porte vitr\u00e9e avec une serrure \u00e0 cl\u00e9 permet au propri\u00e9taire de sortir les ic\u00f4nes de mariage.<\/p>\n<p>Les dimensions de la bo\u00eete en bois sont de 61,3 cm de hauteur x 46,8 cm de largeur x 5,5 cm de profondeur.<\/p>\n<p>Les ic\u00f4nes de mariage ne sont pas seulement l&rsquo;expression de traditions religieuses profond\u00e9ment ancr\u00e9es, mais aussi des objets de collection exceptionnels.<\/p>\n<p>Son excellent \u00e9tat de conservation en fait un objet rare et pr\u00e9cieux.<\/p>\n<p>Une pi\u00e8ce de mus\u00e9e \u00e0 collectionner !<\/p>\n","protected":false},"excerpt":{"rendered":"<p><strong>Origine<\/strong><br \/>\nRussie\/ Moscou<br \/>\n<strong>Vieux<\/strong><br \/>\nvers 1900<br \/>\n<strong>Taille<br \/>\n<\/strong>61,3 cm x 46,8 cm<strong><br \/>\nAncien propri\u00e9taire<br \/>\n<\/strong>Collection priv\u00e9e Nice\/ France<\/p>\n","protected":false},"featured_media":3326,"template":"","meta":[],"product_brand":[],"product_cat":[266,343,332,340,267,170,331,265],"product_tag":[],"class_list":{"0":"post-3331","1":"product","2":"type-product","3":"status-publish","4":"has-post-thumbnail","6":"product_cat-19eme-siecle-fr","7":"product_cat-20e-siecle-fr","8":"product_cat-charge-dargent","9":"product_cat-cloisonneemail-fr","10":"product_cat-ecole-de-peinture-de-moscou","11":"product_cat-icones","12":"product_cat-moscou","13":"product_cat-peinture-a-lhuile","14":"","15":"woocommerce-text-align-center","16":"woocommerce-image-align-center","17":"do-quantity-buttons","19":"first","20":"outofstock","21":"shipping-taxable","22":"product-type-simple"},"_links":{"self":[{"href":"https:\/\/kunsthandel-puch.de\/fr\/wp-json\/wp\/v2\/product\/3331","targetHints":{"allow":["GET"]}}],"collection":[{"href":"https:\/\/kunsthandel-puch.de\/fr\/wp-json\/wp\/v2\/product"}],"about":[{"href":"https:\/\/kunsthandel-puch.de\/fr\/wp-json\/wp\/v2\/types\/product"}],"wp:featuredmedia":[{"embeddable":true,"href":"https:\/\/kunsthandel-puch.de\/fr\/wp-json\/wp\/v2\/media\/3326"}],"wp:attachment":[{"href":"https:\/\/kunsthandel-puch.de\/fr\/wp-json\/wp\/v2\/media?parent=3331"}],"wp:term":[{"taxonomy":"product_brand","embeddable":true,"href":"https:\/\/kunsthandel-puch.de\/fr\/wp-json\/wp\/v2\/product_brand?post=3331"},{"taxonomy":"product_cat","embeddable":true,"href":"https:\/\/kunsthandel-puch.de\/fr\/wp-json\/wp\/v2\/product_cat?post=3331"},{"taxonomy":"product_tag","embeddable":true,"href":"https:\/\/kunsthandel-puch.de\/fr\/wp-json\/wp\/v2\/product_tag?post=3331"}],"curies":[{"name":"wp","href":"https:\/\/api.w.org\/{rel}","templated":true}]}}