{"id":3189,"date":"2024-10-03T15:18:24","date_gmt":"2024-10-03T13:18:24","guid":{"rendered":"https:\/\/kunsthandel-puch.de\/produkt\/la-guerison-de-laveugle-un-miracle-du-christ\/"},"modified":"2024-10-03T15:33:57","modified_gmt":"2024-10-03T13:33:57","slug":"la-guerison-de-laveugle-un-miracle-du-christ","status":"publish","type":"product","link":"https:\/\/kunsthandel-puch.de\/fr\/produkt\/la-guerison-de-laveugle-un-miracle-du-christ\/","title":{"rendered":"La gu\u00e9rison de l&rsquo;aveugle, un miracle du Christ"},"content":{"rendered":"<h3>La gu\u00e9rison de l&rsquo;aveugle, un miracle du Christ dans le cycle de la Passion : un signe de foi et de renouveau<\/h3>\n<h4 class=\"hidden\" style=\"text-align: center;\">Vendre et acheter des ic\u00f4nes anciennes \u00e0 Munich et \u00e0 D\u00fcsseldorf<\/h4>\n<p>La gu\u00e9rison de l&rsquo;aveugle est l&rsquo;un des cinq grands miracles accomplis par J\u00e9sus et qui jouent un r\u00f4le central dans la Bible. Dans le cycle de la Passion en particulier, ce miracle symbolise la puissance divine de J\u00e9sus et le pouvoir de transformation de la foi. Le r\u00e9cit de la gu\u00e9rison d&rsquo;un <a href=\"https:\/\/de.wikipedia.org\/wiki\/Heilung_eines_Blindgeborenen\">aveugle<\/a> de naissance se trouve dans l&rsquo;\u00c9vangile de Jean (Jn 9,1-41) et transmet le message profond selon lequel seule la foi permet d&rsquo;acc\u00e9der \u00e0 la v\u00e9ritable connaissance.<\/p>\n<p>Dans le r\u00e9cit biblique, J\u00e9sus rencontre un aveugle qui a \u00e9t\u00e9 mis \u00e0 l&rsquo;\u00e9cart et stigmatis\u00e9 comme p\u00e9cheur en raison de son \u00e9tat. Les disciples ont demand\u00e9 si la c\u00e9cit\u00e9 de cet homme \u00e9tait la cons\u00e9quence de son propre p\u00e9ch\u00e9 ou de celui de ses parents. J\u00e9sus r\u00e9pondit que ni lui ni ses parents n&rsquo;avaient p\u00e9ch\u00e9, mais que l&rsquo;aveugle \u00e9tait dans cet \u00e9tat afin que les \u0153uvres de Dieu soient manifest\u00e9es en lui. Ce miracle souligne l&rsquo;intention de Dieu de ne pas punir les gens, mais de les gu\u00e9rir et de les racheter.<\/p>\n<h4 class=\"hidden\" style=\"text-align: center;\">Acheter des ic\u00f4nes anciennes originales Munich<\/h4>\n<p>J\u00e9sus a gu\u00e9ri l&rsquo;aveugle en crachant par terre, en faisant une p\u00e2te avec la salive et la terre et en l&rsquo;appliquant sur les yeux de l&rsquo;aveugle. Il l&rsquo;a ensuite envoy\u00e9 au puits de Silo\u00e9 pour se laver les yeux. Lorsque l&rsquo;homme a fait cela, il a recouvr\u00e9 la vue. Cette gu\u00e9rison repr\u00e9sente symboliquement le passage de l&rsquo;obscurit\u00e9 \u00e0 l&rsquo;illumination, de l&rsquo;ignorance \u00e0 la foi. Elle insiste sur la n\u00e9cessit\u00e9 de surmonter sa propre c\u00e9cit\u00e9, tant physique que spirituelle, en faisant confiance \u00e0 J\u00e9sus.<\/p>\n<h3>Ic\u00f4ne de la gu\u00e9rison des aveugles par le Christ<\/h3>\n<h4 class=\"hidden\" style=\"text-align: center;\">Ic\u00f4nes anciennes originales \u00e0 vendre et \u00e0 acheter \u00e0 Munich et \u00e0 D\u00fcsseldorf<\/h4>\n<p>Au centre de l&rsquo;<a href=\"https:\/\/kunsthandel-puch.de\/fr\/produkt-kategorie\/icones\/\">ic\u00f4ne<\/a> de la gu\u00e9rison de l&rsquo;aveugle se trouve J\u00e9sus, entour\u00e9 de ses ap\u00f4tres sur la gauche.<\/p>\n<p>J\u00e9sus tient du sable dans sa main gauche et l&rsquo;enduit de sa main droite dans les yeux de l&rsquo;aveugle, qui est repr\u00e9sent\u00e9 \u00e0 genoux sur le c\u00f4t\u00e9 droit de l&rsquo;ic\u00f4ne. Au-dessus, on voit l&rsquo;aveugle qui lave le sable de ses yeux \u00e0 la fontaine de Silo\u00e9. En arri\u00e8re-plan, on peut voir les murailles de J\u00e9rusalem.<\/p>\n<h4 class=\"hidden\" style=\"text-align: center;\">Ic\u00f4nes anciennes originales en vente et en achat \u00e0 Munich<\/h4>\n<p>L&rsquo;ic\u00f4ne provient de Gr\u00e8ce et a \u00e9t\u00e9 r\u00e9alis\u00e9e dans les ann\u00e9es 1750-80, elle est en tr\u00e8s bon \u00e9tat et est une pi\u00e8ce de collection tr\u00e8s recherch\u00e9e.<\/p>\n","protected":false},"excerpt":{"rendered":"<p><strong>Origine<\/strong><br \/>\nRussie<br \/>\n<strong>Vieux<\/strong><br \/>\ndat\u00e9 de 1750- 80<br \/>\n<strong>Taille<br \/>\n<\/strong>45,0 cm x 30,0 cm<strong><br \/>\nAncien propri\u00e9taire<br \/>\n<\/strong>Collection priv\u00e9e rh\u00e9nane<\/p>\n","protected":false},"featured_media":3185,"template":"","meta":[],"product_brand":[],"product_cat":[178,196,170,176,338],"product_tag":[],"class_list":{"0":"post-3189","1":"product","2":"type-product","3":"status-publish","4":"has-post-thumbnail","6":"product_cat-18eme-siecle","7":"product_cat-grece","8":"product_cat-icones","9":"product_cat-peinture-a-la-detrempe","10":"product_cat-resineux","11":"","12":"woocommerce-text-align-center","13":"woocommerce-image-align-center","14":"do-quantity-buttons","16":"first","17":"instock","18":"shipping-taxable","19":"product-type-simple"},"_links":{"self":[{"href":"https:\/\/kunsthandel-puch.de\/fr\/wp-json\/wp\/v2\/product\/3189","targetHints":{"allow":["GET"]}}],"collection":[{"href":"https:\/\/kunsthandel-puch.de\/fr\/wp-json\/wp\/v2\/product"}],"about":[{"href":"https:\/\/kunsthandel-puch.de\/fr\/wp-json\/wp\/v2\/types\/product"}],"wp:featuredmedia":[{"embeddable":true,"href":"https:\/\/kunsthandel-puch.de\/fr\/wp-json\/wp\/v2\/media\/3185"}],"wp:attachment":[{"href":"https:\/\/kunsthandel-puch.de\/fr\/wp-json\/wp\/v2\/media?parent=3189"}],"wp:term":[{"taxonomy":"product_brand","embeddable":true,"href":"https:\/\/kunsthandel-puch.de\/fr\/wp-json\/wp\/v2\/product_brand?post=3189"},{"taxonomy":"product_cat","embeddable":true,"href":"https:\/\/kunsthandel-puch.de\/fr\/wp-json\/wp\/v2\/product_cat?post=3189"},{"taxonomy":"product_tag","embeddable":true,"href":"https:\/\/kunsthandel-puch.de\/fr\/wp-json\/wp\/v2\/product_tag?post=3189"}],"curies":[{"name":"wp","href":"https:\/\/api.w.org\/{rel}","templated":true}]}}