{"id":3169,"date":"2024-10-02T11:55:21","date_gmt":"2024-10-02T09:55:21","guid":{"rendered":"https:\/\/kunsthandel-puch.de\/produkt\/peinture-flamande-madone-a-lenfant\/"},"modified":"2024-10-03T15:33:59","modified_gmt":"2024-10-03T13:33:59","slug":"peinture-flamande-madone-a-lenfant","status":"publish","type":"product","link":"https:\/\/kunsthandel-puch.de\/fr\/produkt\/peinture-flamande-madone-a-lenfant\/","title":{"rendered":"Peinture flamande- Madone \u00e0 l&rsquo;Enfant"},"content":{"rendered":"<h3><strong>La peinture flamande et la repr\u00e9sentation de la Vierge \u00e0 l&rsquo;Enfant<\/strong><\/h3>\n<h4 class=\"hidden\" style=\"text-align: center;\">Acheter des tableaux anciens originaux Expert dans le sud de l&rsquo;Allemagne et en Autriche<\/h4>\n<p>La peinture flamande est l&rsquo;un des courants artistiques les plus importants de l&rsquo;histoire de l&rsquo;art europ\u00e9en et trouve son origine dans la r\u00e9gion flamande, qui fait aujourd&rsquo;hui partie de la Belgique. Entre le 15e et le 17e si\u00e8cle, les ma\u00eetres flamands ont d\u00e9velopp\u00e9 un style reconnaissable entre tous, caract\u00e9ris\u00e9 par une pr\u00e9cision des d\u00e9tails, une utilisation exceptionnelle des couleurs et une gestion unique de la lumi\u00e8re. L&rsquo;un des motifs centraux de la peinture flamande \u00e9tait la repr\u00e9sentation de la Vierge Marie et de l&rsquo;Enfant J\u00e9sus, un th\u00e8me qui symbolisait \u00e0 la fois la d\u00e9votion religieuse et le savoir-faire artistique.<\/p>\n<h4>Les images de la Madone dans l&rsquo;art flamand<\/h4>\n<h4 class=\"hidden\" style=\"text-align: center;\">Vendre des tableaux anciens originaux Sp\u00e9cialiste \u00e0 Munich<\/h4>\n<p>La repr\u00e9sentation de madones \u00e0 l&rsquo;enfant \u00e9tait un th\u00e8me populaire chez les <a href=\"https:\/\/www.smb.museum\/museen-einrichtungen\/gemaeldegalerie\/sammeln-forschen\/highlights-der-sammlung\/flaemische-malerei-17-jahrhundert\/\">peintres flamands<\/a>. Ces \u0153uvres refl\u00e9taient la signification spirituelle et la tradition chr\u00e9tienne profond\u00e9ment enracin\u00e9e qui caract\u00e9risaient la vie des 16. et 17e si\u00e8cle. Des ma\u00eetres tels que Jan van Eyck et Rogier van der Weyden ont cr\u00e9\u00e9 des tableaux repr\u00e9sentant de mani\u00e8re saisissante la douceur et les soins maternels de Marie, mettant en sc\u00e8ne le lien entre la m\u00e8re et l&rsquo;enfant. Ces \u0153uvres apportaient r\u00e9confort et espoir et faisaient souvent office d&rsquo;images de d\u00e9votion personnelles.<\/p>\n<p>L&rsquo;utilisation de la lumi\u00e8re a \u00e9galement jou\u00e9 un r\u00f4le important. La lumi\u00e8re incidente, qui tombait souvent sur le visage de Marie ou sur l&rsquo;enfant J\u00e9sus, symbolisait la gr\u00e2ce divine et illustrait par sa saintet\u00e9 la proximit\u00e9 de Dieu.<\/p>\n<h4>Chefs-d&rsquo;\u0153uvre flamands sur cuivre<\/h4>\n<h4 class=\"hidden\" style=\"text-align: center;\">Acheter des tableaux anciens originaux dans le sud de l&rsquo;Allemagne et \u00e0 Munich<\/h4>\n<p>Un exemple particulier de l&rsquo;habilet\u00e9 de la peinture flamande est un magnifique <a href=\"https:\/\/kunsthandel-puch.de\/fr\/produkt-kategorie\/peintures\/\">tableau<\/a> \u00e0 l&rsquo;huile sur cuivre datant des ann\u00e9es 1620 &#8211; 1640. Le tableau repr\u00e9sente la Vierge Marie et l&rsquo;Enfant J\u00e9sus et se trouve dans son \u00e9tat d&rsquo;origine avec une patine ancienne qui refl\u00e8te l&rsquo;\u00e2ge et l&rsquo;histoire de l&rsquo;\u0153uvre. Seules deux petites parties de l&rsquo;aur\u00e9ole de la Vierge ont \u00e9t\u00e9 restaur\u00e9es, ce qui souligne son authenticit\u00e9 et son \u00e9tat de conservation soign\u00e9.<\/p>\n<p>Cette \u0153uvre d&rsquo;un ma\u00eetre flamand du d\u00e9but du XVIIe si\u00e8cle se distingue par sa grande qualit\u00e9. Le cadre est en bois tendre de l&rsquo;\u00e9poque baroque, vers 1700, et s&rsquo;accorde \u00e0 merveille avec l&rsquo;effet g\u00e9n\u00e9ral du tableau. Les dimensions du tableau en cuivre sans cadre sont de 18 cm x 14 cm<\/p>\n<h4 class=\"hidden\" style=\"text-align: center;\">Vendre des tableaux anciens originaux Offres bienvenues<\/h4>\n<p>Une magnifique pi\u00e8ce de collection qui repr\u00e9sente de mani\u00e8re impressionnante l&rsquo;art magistral de la peinture flamande.<\/p>\n","protected":false},"excerpt":{"rendered":"<p><strong>Origine<\/strong><br \/>\nPays-Bas<br \/>\n<strong>Vieux<\/strong><br \/>\nvers 1620 &#8211; 1640<br \/>\n<strong>Taille<br \/>\n<\/strong>23,5 cm x 20,0 cm avec cadre<strong><br \/>\nAncien propri\u00e9taire<br \/>\n<\/strong>Collection priv\u00e9e n\u00e9erlandaise<\/p>\n","protected":false},"featured_media":3166,"template":"","meta":[],"product_brand":[],"product_cat":[304,325,320,315,288],"product_tag":[],"class_list":{"0":"post-3169","1":"product","2":"type-product","3":"status-publish","4":"has-post-thumbnail","6":"product_cat-17e-siecle-fr-2","7":"product_cat-cuivre","8":"product_cat-pays-bas","9":"product_cat-peinture-a-lhuile-fr","10":"product_cat-peintures","11":"","12":"woocommerce-text-align-center","13":"woocommerce-image-align-center","14":"do-quantity-buttons","16":"first","17":"instock","18":"shipping-taxable","19":"product-type-simple"},"_links":{"self":[{"href":"https:\/\/kunsthandel-puch.de\/fr\/wp-json\/wp\/v2\/product\/3169","targetHints":{"allow":["GET"]}}],"collection":[{"href":"https:\/\/kunsthandel-puch.de\/fr\/wp-json\/wp\/v2\/product"}],"about":[{"href":"https:\/\/kunsthandel-puch.de\/fr\/wp-json\/wp\/v2\/types\/product"}],"wp:featuredmedia":[{"embeddable":true,"href":"https:\/\/kunsthandel-puch.de\/fr\/wp-json\/wp\/v2\/media\/3166"}],"wp:attachment":[{"href":"https:\/\/kunsthandel-puch.de\/fr\/wp-json\/wp\/v2\/media?parent=3169"}],"wp:term":[{"taxonomy":"product_brand","embeddable":true,"href":"https:\/\/kunsthandel-puch.de\/fr\/wp-json\/wp\/v2\/product_brand?post=3169"},{"taxonomy":"product_cat","embeddable":true,"href":"https:\/\/kunsthandel-puch.de\/fr\/wp-json\/wp\/v2\/product_cat?post=3169"},{"taxonomy":"product_tag","embeddable":true,"href":"https:\/\/kunsthandel-puch.de\/fr\/wp-json\/wp\/v2\/product_tag?post=3169"}],"curies":[{"name":"wp","href":"https:\/\/api.w.org\/{rel}","templated":true}]}}