{"id":3138,"date":"2024-09-26T11:11:37","date_gmt":"2024-09-26T09:11:37","guid":{"rendered":"https:\/\/kunsthandel-puch.de\/produkt\/buste-de-carl-voss-venus-de-milo\/"},"modified":"2024-09-28T09:30:09","modified_gmt":"2024-09-28T07:30:09","slug":"buste-de-carl-voss-venus-de-milo","status":"publish","type":"product","link":"https:\/\/kunsthandel-puch.de\/fr\/produkt\/buste-de-carl-voss-venus-de-milo\/","title":{"rendered":"Buste de Carl Voss \u00ab\u00a0V\u00e9nus de Milo"},"content":{"rendered":"<h3>Carl Voss &#8211; Un ma\u00eetre du buste n\u00e9oclassique \u00e0 Rome<\/h3>\n<h4 class=\"hidden\" style=\"text-align: center;\">Sculptures anciennes \u00e0 vendre et \u00e0 acheter \u00e0 Munich et \u00e0 D\u00fcsseldorf<\/h4>\n<p>Carl Voss, n\u00e9 le 1825 pr\u00e8s de Cologne mort 1896 \u00e0 Bonn \u00e9tait un sculpteur exceptionnel du XIXe si\u00e8cle, il a acquis une reconnaissance mondiale gr\u00e2ce \u00e0 ses \u0153uvres n\u00e9oclassiques. Form\u00e9 \u00e0 la prestigieuse Acad\u00e9mie des Beaux-Arts de Munich, il est attir\u00e9 par Rome, comme de nombreux artistes de son \u00e9poque. Rome \u00e9tait consid\u00e9r\u00e9e comme le centre de l&rsquo;art classique et offrait \u00e0 Voss la source d&rsquo;inspiration id\u00e9ale pour ses sculptures d\u00e9taill\u00e9es.<\/p>\n<h4 class=\"hidden\" style=\"text-align: center;\">Acheter des sculptures anciennes originales \u00e0 Munich<\/h4>\n<p>Voss a pass\u00e9 la majeure partie de sa vie artistique \u00e0 Rome, o\u00f9 il a travaill\u00e9 sans rel\u00e2che \u00e0 la r\u00e9alisation d&rsquo;un grand nombre de bustes et de sculptures de 1850 \u00e0 1894. Ces \u0153uvres, fortement influenc\u00e9es par le style classique, refl\u00e9taient un profond attachement \u00e0 l&rsquo;Antiquit\u00e9. Ses bustes en marbre de Carrare \u00e9taient consid\u00e9r\u00e9s comme des exemples exceptionnels de la sculpture n\u00e9oclassique.<\/p>\n<h4 class=\"hidden\" style=\"text-align: center;\">Expert en achat de sculptures anciennes antiques \u00e0 Munich Achat et vente<\/h4>\n<p>Parmi ses \u0153uvres les plus connues figure le buste de la V\u00e9nus de Milo, une pi\u00e8ce v\u00e9ritablement magistrale r\u00e9alis\u00e9e \u00e0 Rome en 1873. Ce buste, qui mesure 70 cm de haut et p\u00e8se 80 kg, t\u00e9moigne du talent in\u00e9gal\u00e9 de Voss pour capturer la gr\u00e2ce et l&rsquo;\u00e9l\u00e9gance des figures antiques. Au dos du buste, on peut lire sa signature : \u00ab\u00a0<a href=\"https:\/\/de.wikipedia.org\/wiki\/Karl_Voss_(Bildhauer)\">C. VOSS COP. ROMA 1873<\/a>\u00ab\u00a0, signe de leur authenticit\u00e9 et de la fiert\u00e9 de l&rsquo;artiste pour son \u0153uvre.<\/p>\n<h4 class=\"hidden\" style=\"text-align: center;\">Acheter des sculptures anciennes originales dans un magasin sp\u00e9cialis\u00e9 \u00e0 Munich<\/h4>\n<p>Nombre de ses sculptures et <a href=\"https:\/\/kunsthandel-puch.de\/fr\/produkt-kategorie\/artisanat-dart\/\">bustes<\/a> sont aujourd&rsquo;hui expos\u00e9s dans des mus\u00e9es prestigieux du monde entier. On trouve notamment son travail \u00e0 la Pinacoth\u00e8que de Munich, o\u00f9 se trouve une version monumentale de la V\u00e9nus de Milo. Ces \u0153uvres t\u00e9moignent de la profonde compr\u00e9hension des formes classiques de Voss et de sa capacit\u00e9 magistrale \u00e0 fa\u00e7onner le marbre en une mati\u00e8re vivante, presque respirante.<\/p>\n<h4 class=\"hidden\" style=\"text-align: center;\">Acheter des sculptures antiques originales dans le sud de l&rsquo;Allemagne<\/h4>\n<p>Le buste en marbre de la V\u00e9nus de Milo de 1873, d\u00e9crit ci-dessus, constitue un point fort particulier de la collection d&rsquo;\u0153uvres de Carl Voss. Ce buste \u00e9tait autrefois expos\u00e9 dans le magnifique jardin d&rsquo;une villa romaine et se trouve aujourd&rsquo;hui dans un \u00e9tat de conservation \u00e9tonnant. Malgr\u00e9 quelques signes de vieillissement, comme de fines fissures dans les cheveux et de l\u00e9g\u00e8res traces d&rsquo;eau sur le visage, elle d\u00e9gage une beaut\u00e9 intemporelle. La colonne d&rsquo;origine correspondante, qui date de l&rsquo;\u00e9poque de sa cr\u00e9ation, ne pr\u00e9sente \u00e9galement que des traces d&rsquo;utilisation minimes, ce qui ne fait que souligner son authenticit\u00e9 et son histoire.<\/p>\n<h4 class=\"hidden\" style=\"text-align: center;\">Acheter des sculptures anciennes originales Suisse<\/h4>\n<p>Cette rare pi\u00e8ce de mus\u00e9e de collection est un chef-d&rsquo;\u0153uvre de la sculpture n\u00e9oclassique et rappelle une \u00e9poque o\u00f9 des artistes comme Carl Voss r\u00e9interpr\u00e9taient de mani\u00e8re inoubliable l&rsquo;h\u00e9ritage antique de Rome. La V\u00e9nus de Milo, aussi bien dans sa taille r\u00e9elle que dans cette version en buste, reste une preuve vivante du savoir-faire artisanal et de la vision artistique de l&rsquo;un des plus grands sculpteurs de son temps.<\/p>\n<h4 class=\"hidden\" style=\"text-align: center;\">Sculptures anciennes originales \u00e0 vendre \u00e0 Munich et \u00e0 D\u00fcsseldorf<\/h4>\n<p>Une pi\u00e8ce de collection unique d&rsquo;une valeur inestimable qui refl\u00e8te parfaitement l&rsquo;\u00e9poque classique de Rome et le g\u00e9nie artistique de Carl Voss.<\/p>\n","protected":false},"excerpt":{"rendered":"<p><strong>Origine<\/strong><br \/>\nItalie\/ Rome<br \/>\n<strong>Vieux<\/strong><br \/>\nvers 1873<br \/>\n<strong>Taille<\/strong><br \/>\n70,0 cm x 52,0 cm<br \/>\n<strong>Ancien propri\u00e9taire<\/strong><br \/>\nCollection priv\u00e9e rh\u00e9nane<\/p>\n","protected":false},"featured_media":3125,"template":"","meta":[],"product_brand":[],"product_cat":[229,223,240,248],"product_tag":[],"class_list":{"0":"post-3138","1":"product","2":"type-product","3":"status-publish","4":"has-post-thumbnail","6":"product_cat-19eme-siecle","7":"product_cat-artisanat-dart","8":"product_cat-italie-fr","9":"product_cat-marbre","10":"","11":"woocommerce-text-align-center","12":"woocommerce-image-align-center","13":"do-quantity-buttons","15":"first","16":"instock","17":"shipping-taxable","18":"product-type-simple"},"_links":{"self":[{"href":"https:\/\/kunsthandel-puch.de\/fr\/wp-json\/wp\/v2\/product\/3138","targetHints":{"allow":["GET"]}}],"collection":[{"href":"https:\/\/kunsthandel-puch.de\/fr\/wp-json\/wp\/v2\/product"}],"about":[{"href":"https:\/\/kunsthandel-puch.de\/fr\/wp-json\/wp\/v2\/types\/product"}],"wp:featuredmedia":[{"embeddable":true,"href":"https:\/\/kunsthandel-puch.de\/fr\/wp-json\/wp\/v2\/media\/3125"}],"wp:attachment":[{"href":"https:\/\/kunsthandel-puch.de\/fr\/wp-json\/wp\/v2\/media?parent=3138"}],"wp:term":[{"taxonomy":"product_brand","embeddable":true,"href":"https:\/\/kunsthandel-puch.de\/fr\/wp-json\/wp\/v2\/product_brand?post=3138"},{"taxonomy":"product_cat","embeddable":true,"href":"https:\/\/kunsthandel-puch.de\/fr\/wp-json\/wp\/v2\/product_cat?post=3138"},{"taxonomy":"product_tag","embeddable":true,"href":"https:\/\/kunsthandel-puch.de\/fr\/wp-json\/wp\/v2\/product_tag?post=3138"}],"curies":[{"name":"wp","href":"https:\/\/api.w.org\/{rel}","templated":true}]}}