{"id":3084,"date":"2024-09-24T10:24:55","date_gmt":"2024-09-24T08:24:55","guid":{"rendered":"https:\/\/kunsthandel-puch.de\/produkt\/georges-le-grand-martyr\/"},"modified":"2024-10-02T12:58:33","modified_gmt":"2024-10-02T10:58:33","slug":"georges-le-grand-martyr","status":"publish","type":"product","link":"https:\/\/kunsthandel-puch.de\/fr\/produkt\/georges-le-grand-martyr\/","title":{"rendered":"Georges le Grand Martyr"},"content":{"rendered":"<h3>La l\u00e9gende du tueur de dragons<\/h3>\n<h4 class=\"hidden\" style=\"text-align: center;\">Ic\u00f4nes anciennes originales \u00e0 vendre et \u00e0 acheter \u00e0 Munich et \u00e0 D\u00fcsseldorf<\/h4>\n<p><a href=\"https:\/\/de.wikipedia.org\/wiki\/Georg_(Heiliger)\">Saint Georges<\/a> est l&rsquo;un des saints les plus populaires du monde chr\u00e9tien et est v\u00e9n\u00e9r\u00e9 aussi bien en Occident que dans le monde orthodoxe. Il est consid\u00e9r\u00e9 comme le saint patron des pauvres, des guerriers, des armuriers ainsi que des bergers et des troupeaux. De plus, il repr\u00e9sente symboliquement la protection de la maison et de la ferme. Selon la tradition, il a souffert le martyre en 303 sous le r\u00e8gne de l&#8217;empereur romain Diocl\u00e9tien.<\/p>\n<h4 class=\"hidden\" style=\"text-align: center;\">Acheter des ic\u00f4nes \u00e0 Munich<\/h4>\n<p>Selon la l\u00e9gende, Saint Georges \u00e9tait originaire de Cappadoce et servait comme officier dans une l\u00e9gion romaine. Le r\u00e9cit le plus connu \u00e0 son sujet d\u00e9crit comment il a lib\u00e9r\u00e9 une ville libyenne d&rsquo;un dragon appel\u00e9 lindworm. Ce dragon \u00e9tait v\u00e9n\u00e9r\u00e9 comme une divinit\u00e9 par les habitants du pays qui, pour l&rsquo;apaiser, lui sacrifiaient r\u00e9guli\u00e8rement des enfants. Enfin, lorsque vint le tour de la fille du roi d&rsquo;\u00eatre sacrifi\u00e9e, saint Georges apparut sur un cheval blanc. Avec sa lance, il a enfonc\u00e9 le dragon dans la gorge, sauvant ainsi la princesse et la ville.<\/p>\n<p>&nbsp;<\/p>\n<h3>Vers l&rsquo;ic\u00f4ne : Saint Georges le Tueur de Dragons<\/h3>\n<h4 class=\"hidden\" style=\"text-align: center;\">Ic\u00f4nes anciennes originales \u00e0 vendre et \u00e0 acheter \u00e0 Munich et \u00e0 Salzbourg<\/h4>\n<p>L&rsquo;ic\u00f4ne repr\u00e9sentant Saint Georges terrassant le dragon provient de l&rsquo;\u00e9cole de peinture de Neumoscovie, fond\u00e9e par Pierre le Grand en 1730. Cette \u00e9cole a tent\u00e9 de fusionner les influences occidentales avec la peinture d&rsquo;ic\u00f4nes russe traditionnelle. Ainsi, le cheval sur lequel est assis Georges est repr\u00e9sent\u00e9 de mani\u00e8re tr\u00e8s naturaliste, tandis que l&rsquo;ensemble de la composition de l&rsquo;ic\u00f4ne montre \u00e9galement des influences occidentales \u00e9videntes. Les v\u00eatements des personnages ainsi que l&rsquo;architecture de l&rsquo;arri\u00e8re-plan et les couleurs utilis\u00e9es vont \u00e9galement dans ce sens.<\/p>\n<h4 class=\"hidden\" style=\"text-align: center;\">Achat d&rsquo;ic\u00f4nes \u00e0 Munich<\/h4>\n<p>Un autre trait caract\u00e9ristique des <a href=\"https:\/\/kunsthandel-puch.de\/fr\/produkt-kategorie\/icones\/\">ic\u00f4nes<\/a> de cette \u00e9cole du XVIIIe si\u00e8cle est l&rsquo;extension des th\u00e8mes picturaux dans la partie sup\u00e9rieure de l&rsquo;image. Sur cette ic\u00f4ne, l&rsquo;arri\u00e8re-plan est tr\u00e8s d\u00e9taill\u00e9 et fantaisiste, le Christ appara\u00eet b\u00e9nissant dans une aur\u00e9ole circulaire sur un banc de nuages.<\/p>\n<p>Dans la partie sup\u00e9rieure de l&rsquo;image de l&rsquo;ic\u00f4ne, une inscription en slave eccl\u00e9siastique avec la mention : \u00ab\u00a0Image de Saint Georges le Grand Martyr\u00a0\u00bb.<\/p>\n<p>Cette ic\u00f4ne de qualit\u00e9 datant de la seconde moiti\u00e9 du XVIIIe si\u00e8cle est une pi\u00e8ce de collection pr\u00e9cieuse,<\/p>\n<p>elle r\u00e9unit la symbiose de l&rsquo;iconographie orientale et de la tradition picturale occidentale.<\/p>\n","protected":false},"excerpt":{"rendered":"<p><strong>Origine<\/strong><br \/>\nRussie\/ \u00c9cole de Neumoscow<br \/>\n<strong>Vieux<\/strong><br \/>\nseconde moiti\u00e9 du 18e si\u00e8cle<br \/>\n<strong>Taille<br \/>\n<\/strong>31,0 cm x 27,7 cm<strong><br \/>\nAnciens propri\u00e9taires<br \/>\n<\/strong>Collection priv\u00e9e de Stuttgart<\/p>\n","protected":false},"featured_media":3081,"template":"","meta":[],"product_brand":[],"product_cat":[178,277,267,170,176],"product_tag":[],"class_list":{"0":"post-3084","1":"product","2":"type-product","3":"status-publish","4":"has-post-thumbnail","6":"product_cat-18eme-siecle","7":"product_cat-bois-de-tilleul-fr","8":"product_cat-ecole-de-peinture-de-moscou","9":"product_cat-icones","10":"product_cat-peinture-a-la-detrempe","11":"","12":"woocommerce-text-align-center","13":"woocommerce-image-align-center","14":"do-quantity-buttons","16":"first","17":"outofstock","18":"shipping-taxable","19":"product-type-simple"},"_links":{"self":[{"href":"https:\/\/kunsthandel-puch.de\/fr\/wp-json\/wp\/v2\/product\/3084","targetHints":{"allow":["GET"]}}],"collection":[{"href":"https:\/\/kunsthandel-puch.de\/fr\/wp-json\/wp\/v2\/product"}],"about":[{"href":"https:\/\/kunsthandel-puch.de\/fr\/wp-json\/wp\/v2\/types\/product"}],"wp:featuredmedia":[{"embeddable":true,"href":"https:\/\/kunsthandel-puch.de\/fr\/wp-json\/wp\/v2\/media\/3081"}],"wp:attachment":[{"href":"https:\/\/kunsthandel-puch.de\/fr\/wp-json\/wp\/v2\/media?parent=3084"}],"wp:term":[{"taxonomy":"product_brand","embeddable":true,"href":"https:\/\/kunsthandel-puch.de\/fr\/wp-json\/wp\/v2\/product_brand?post=3084"},{"taxonomy":"product_cat","embeddable":true,"href":"https:\/\/kunsthandel-puch.de\/fr\/wp-json\/wp\/v2\/product_cat?post=3084"},{"taxonomy":"product_tag","embeddable":true,"href":"https:\/\/kunsthandel-puch.de\/fr\/wp-json\/wp\/v2\/product_tag?post=3084"}],"curies":[{"name":"wp","href":"https:\/\/api.w.org\/{rel}","templated":true}]}}