{"id":3067,"date":"2024-09-22T14:59:28","date_gmt":"2024-09-22T12:59:28","guid":{"rendered":"https:\/\/kunsthandel-puch.de\/produkt\/peinture-a-lhuile-hollandaise-nature-morte-aux-fleurs\/"},"modified":"2024-09-28T09:37:29","modified_gmt":"2024-09-28T07:37:29","slug":"peinture-a-lhuile-hollandaise-nature-morte-aux-fleurs","status":"publish","type":"product","link":"https:\/\/kunsthandel-puch.de\/fr\/produkt\/peinture-a-lhuile-hollandaise-nature-morte-aux-fleurs\/","title":{"rendered":"Peinture \u00e0 l&rsquo;huile hollandaise &#8211; Nature morte aux fleurs"},"content":{"rendered":"<h3><strong>L&rsquo;\u00e2ge d&rsquo;or de la peinture \u00e0 l&rsquo;huile hollandaise au 17e si\u00e8cle : Un regard sur les natures mortes de fleurs<\/strong><\/h3>\n<h4 class=\"hidden\" style=\"text-align: center;\">Vendre et acheter des tableaux anciens originaux dans le sud de l&rsquo;Allemagne et en Autriche<\/h4>\n<p>La peinture \u00e0 l&rsquo;huile hollandaise du XVIIe si\u00e8cle, \u00e9galement connue sous le nom d'\u00a0\u00bb\u00e2ge d&rsquo;or de la<a href=\"https:\/\/www.holland.com\/de\/tourist\/lass-dich-inspirieren\/das-sind-die-niederlande\/niederlandische-meister\"> peinture hollandaise <\/a>\u00ab\u00a0, a connu un \u00e2ge d&rsquo;or qui fascine encore aujourd&rsquo;hui les amateurs d&rsquo;art. Cette \u00e9poque a vu na\u00eetre des chefs-d&rsquo;\u0153uvre d&rsquo;une pr\u00e9cision exceptionnelle dans les d\u00e9tails et les repr\u00e9sentations naturelles. Le genre de la peinture de nature morte \u00e9tait particuli\u00e8rement populaire, influenc\u00e9 par les motifs floraux des ma\u00eetres n\u00e9erlandais. Les artistes hollandais du XVIIe si\u00e8cle ont combin\u00e9 leur technique exceptionnelle avec une profonde compr\u00e9hension de la lumi\u00e8re et des ombres. Leurs images ne refl\u00e9taient pas seulement la beaut\u00e9, mais v\u00e9hiculaient souvent une signification symbolique, que ce soit le caract\u00e8re \u00e9ph\u00e9m\u00e8re de la vie ou la richesse de la nature.<\/p>\n<h4 class=\"hidden\" style=\"text-align: center;\">Tableaux anciens originaux \u00e0 vendre et \u00e0 acheter \u00e0 Munich<\/h4>\n<p>La peinture \u00e0 l&rsquo;huile hollandaise, en particulier les natures mortes de fleurs, exprimait \u00e0 la fois la prosp\u00e9rit\u00e9 et l&rsquo;\u00e9ph\u00e9m\u00e8re. La repr\u00e9sentation d\u00e9taill\u00e9e de fleurs, qui souvent ne pouvaient pas s&rsquo;\u00e9panouir en m\u00eame temps, symbolisait le caract\u00e8re \u00e9ph\u00e9m\u00e8re de la vie, tandis que la composition soign\u00e9e soulignait la virtuosit\u00e9 artisanale des artistes. Dans ces peintures, le raffinement artistique se m\u00ealait \u00e0 l&rsquo;int\u00e9r\u00eat pour les sciences naturelles, ce qui faisait de ces \u0153uvres de pr\u00e9cieux t\u00e9moignages de leur \u00e9poque.<\/p>\n<h3>Deux natures mortes florales n\u00e9erlandaises :<\/h3>\n<h4 class=\"hidden\" style=\"text-align: center;\">Peintures \u00e0 l&rsquo;huile anciennes originales \u00e0 vendre et \u00e0 acheter dans le sud de l&rsquo;Allemagne et en Suisse<\/h4>\n<p>Un exemple particuli\u00e8rement beau de la seconde moiti\u00e9 du XVIIe si\u00e8cle est celui de deux natures mortes de fleurs associ\u00e9es provenant des Pays-Bas.<\/p>\n<p>Les deux <a href=\"https:\/\/kunsthandel-puch.de\/fr\/produkt-kategorie\/peintures\/\">tableaux<\/a> montrent des arrangements floraux luxuriants sur une table avec des tulipes, des roses, des narcisses et un liseron en entonnoir bleut\u00e9, la composition est magistralement mise en sc\u00e8ne sur un fond sombre.<\/p>\n<p>Les deux \u0153uvres, peintes \u00e0 l&rsquo;huile sur toile, mesurent 22,3 cm x 26,7 cm sans cadre et 30,0 cm x 34,6 cm avec cadre.<\/p>\n<p>Le cadre profil\u00e9 \u00e9bonis\u00e9 d&rsquo;origine, dans lequel les \u0153uvres sont ench\u00e2ss\u00e9es, renforce leur caract\u00e8re noble.<\/p>\n<p>Malgr\u00e9 leur \u00e2ge, les natures mortes sont dans un \u00e9tat de conservation remarquable. Elles ont \u00e9t\u00e9 soigneusement nettoy\u00e9es et vernies afin de pr\u00e9server leurs couleurs vives et leurs d\u00e9tails.<\/p>\n<p>La richesse des d\u00e9tails et la finesse des nuances de couleurs font de ces \u0153uvres un exemple de l&rsquo;art hollandais de la nature morte et un pr\u00e9cieux t\u00e9moin de l&rsquo;une des p\u00e9riodes les plus importantes de la peinture europ\u00e9enne.<\/p>\n<p>Les deux natures mortes de fleurs plongent le spectateur dans l&rsquo;univers des ma\u00eetres n\u00e9erlandais.<\/p>\n<p>&nbsp;<\/p>\n","protected":false},"excerpt":{"rendered":"<p><strong>Origine<\/strong><br \/>\nPays-Bas<br \/>\n<strong>Vieux<\/strong><br \/>\nvers 1670 &#8211; 1700<br \/>\n<strong>Taille<br \/>\n<\/strong>30,0 cm x 34,6 cm avec cadre<strong><br \/>\nAnciens propri\u00e9taires<br \/>\n<\/strong>Collection priv\u00e9e munichoise<\/p>\n","protected":false},"featured_media":3065,"template":"","meta":[],"product_brand":[],"product_cat":[304,320,315,288,312],"product_tag":[],"class_list":{"0":"post-3067","1":"product","2":"type-product","3":"status-publish","4":"has-post-thumbnail","6":"product_cat-17e-siecle-fr-2","7":"product_cat-pays-bas","8":"product_cat-peinture-a-lhuile-fr","9":"product_cat-peintures","10":"product_cat-toile","11":"","12":"woocommerce-text-align-center","13":"woocommerce-image-align-center","14":"do-quantity-buttons","16":"first","17":"outofstock","18":"shipping-taxable","19":"product-type-simple"},"_links":{"self":[{"href":"https:\/\/kunsthandel-puch.de\/fr\/wp-json\/wp\/v2\/product\/3067","targetHints":{"allow":["GET"]}}],"collection":[{"href":"https:\/\/kunsthandel-puch.de\/fr\/wp-json\/wp\/v2\/product"}],"about":[{"href":"https:\/\/kunsthandel-puch.de\/fr\/wp-json\/wp\/v2\/types\/product"}],"wp:featuredmedia":[{"embeddable":true,"href":"https:\/\/kunsthandel-puch.de\/fr\/wp-json\/wp\/v2\/media\/3065"}],"wp:attachment":[{"href":"https:\/\/kunsthandel-puch.de\/fr\/wp-json\/wp\/v2\/media?parent=3067"}],"wp:term":[{"taxonomy":"product_brand","embeddable":true,"href":"https:\/\/kunsthandel-puch.de\/fr\/wp-json\/wp\/v2\/product_brand?post=3067"},{"taxonomy":"product_cat","embeddable":true,"href":"https:\/\/kunsthandel-puch.de\/fr\/wp-json\/wp\/v2\/product_cat?post=3067"},{"taxonomy":"product_tag","embeddable":true,"href":"https:\/\/kunsthandel-puch.de\/fr\/wp-json\/wp\/v2\/product_tag?post=3067"}],"curies":[{"name":"wp","href":"https:\/\/api.w.org\/{rel}","templated":true}]}}