{"id":3050,"date":"2024-09-16T11:14:48","date_gmt":"2024-09-16T09:14:48","guid":{"rendered":"https:\/\/kunsthandel-puch.de\/produkt\/justitia-la-deesse-de-la-justice\/"},"modified":"2024-09-28T09:42:00","modified_gmt":"2024-09-28T07:42:00","slug":"justitia-la-deesse-de-la-justice","status":"publish","type":"product","link":"https:\/\/kunsthandel-puch.de\/fr\/produkt\/justitia-la-deesse-de-la-justice\/","title":{"rendered":"Justitia \u00a0\u00bb La d\u00e9esse de la justice\u00a0\u00bb."},"content":{"rendered":"<h3>Justitia &#8211; La d\u00e9esse de la justice<\/h3>\n<h4 class=\"hidden\" style=\"text-align: center;\">Sculptures anciennes originales en bronze \u00e0 vendre et \u00e0 acheter dans le sud de l&rsquo;Allemagne et en Suisse<\/h4>\n<p><a href=\"https:\/\/de.wikipedia.org\/wiki\/Justitia\">Justitia<\/a>, la d\u00e9esse romaine de la justice, symbolise depuis des si\u00e8cles l&rsquo;id\u00e9al d&rsquo;\u00e9quit\u00e9 et de droit. Dans la mythologie romaine, elle est consid\u00e9r\u00e9e comme l&rsquo;incarnation des vertus de la justice et du droit. Son nom vient du latin \u00ab\u00a0iustitia\u00a0\u00bb, qui se traduit par \u00ab\u00a0justice\u00a0\u00bb.<\/p>\n<h4 class=\"hidden\" style=\"text-align: center;\">Vendre et acheter des sculptures anciennes originales dans le sud de l&rsquo;Allemagne et en Suisse<\/h4>\n<p>Le symbole le plus connu de la Justice est la balance qu&rsquo;elle porte dans une main. Elle repr\u00e9sente le fait de peser soigneusement les preuves et les arguments afin de parvenir \u00e0 un jugement juste et \u00e9quilibr\u00e9. Dans l&rsquo;autre main, elle tient souvent une \u00e9p\u00e9e, qui repr\u00e9sente l&rsquo;application de la loi et le pouvoir de punir. La Justice est souvent repr\u00e9sent\u00e9e avec les yeux band\u00e9s, ce qui symbolise son impartialit\u00e9. Cet aveuglement montre que la d\u00e9esse juge ind\u00e9pendamment du pouvoir, de la richesse ou du statut social &#8211; tous sont \u00e9gaux devant la loi.<\/p>\n<p>La repr\u00e9sentation de la Justice est un \u00e9l\u00e9ment essentiel de nombreuses salles d&rsquo;audience et maisons de justice dans le monde entier. Leur symbolique v\u00e9hicule les valeurs d&rsquo;objectivit\u00e9 et de justice recherch\u00e9es dans les syst\u00e8mes juridiques modernes. Malgr\u00e9 ses origines romaines, la figure de la Justice a \u00e9t\u00e9 adopt\u00e9e par d&rsquo;autres cultures et syst\u00e8mes juridiques et reste aujourd&rsquo;hui un symbole universel de l&rsquo;\u00c9tat de droit.<\/p>\n<p>Dans un monde o\u00f9 la justice est souvent remise en question, Justitia reste un symbole intemporel de l&rsquo;espoir d&rsquo;une coexistence juste et \u00e9quitable. Elle rappelle que le droit \u00e0 la justice est un pilier de toute soci\u00e9t\u00e9 qui fonctionne.<\/p>\n<p>Conclusion : Justitia repr\u00e9sente plus que le droit &#8211; elle symbolise l&rsquo;obligation \u00e9thique d&rsquo;\u00e9quit\u00e9 et d&rsquo;objectivit\u00e9 dans tous les domaines de la vie.<\/p>\n<h3>La d\u00e9esse de la justice<\/h3>\n<h4 class=\"hidden\" style=\"text-align: center;\">Vendre et acheter des bronzes anciens originaux dans le sud de l&rsquo;Allemagne et en Suisse<\/h4>\n<p>Bronze vers 1880-1900 Art Nouveau.<\/p>\n<p>Dimensions : Hauteur 49 cm Largeur 24 cm Profondeur 22 cm Poids 4,2 kg.<\/p>\n<p>Bronze, patine brune.<\/p>\n<p>La Justice est repr\u00e9sent\u00e9e debout, les yeux band\u00e9s, le pied gauche pos\u00e9 sur un serpent qui symbolise le mal. V\u00eatu d&rsquo;une longue robe, les yeux band\u00e9s, une \u00e9p\u00e9e dans la main droite et une balance dans la gauche.<\/p>\n<p>Les symboles de l&rsquo;\u00e9p\u00e9e et de la balance repr\u00e9sentent la justice, l&rsquo;impartialit\u00e9 pour la punition et l&rsquo;\u00e9quilibre.<\/p>\n<p>Une <a href=\"https:\/\/kunsthandel-puch.de\/fr\/produkt-kategorie\/artisanat-dart\/\">sculpture<\/a>originale de l&rsquo;\u00e9poque de l&rsquo;Art nouveau.<\/p>\n<p>Provient de l&rsquo;ancienne possession d&rsquo;un juge.<\/p>\n<p><a href=\"https:\/\/kunsthandel-puch.de\/fr\/produkt-kategorie\/artisanat-dart\/\"><input class=\"wpcf7-form-control wpcf7-submit has-spinner\" style=\"border-radius: 18px;\" type=\"submit\" value=\"Vers l'artisanat d'art\"><\/a><\/p>\n","protected":false},"excerpt":{"rendered":"<p><strong>Origine<\/strong><br \/>\nAllemagne\/ Berlin<br \/>\n<strong>Vieux<\/strong><br \/>\nvers 1880 &#8211; 1900<br \/>\n<strong>Taille<\/strong><br \/>\n49,0 cm x 24,0 cm<br \/>\n<strong>Ancien propri\u00e9taire<\/strong><br \/>\nCollection priv\u00e9e d&rsquo;un juge<\/p>\n","protected":false},"featured_media":3040,"template":"","meta":[],"product_brand":[],"product_cat":[229,223,282,238,239],"product_tag":[],"class_list":{"0":"post-3050","1":"product","2":"type-product","3":"status-publish","4":"has-post-thumbnail","6":"product_cat-19eme-siecle","7":"product_cat-artisanat-dart","8":"product_cat-berlin-fr","9":"product_cat-bronze-fr","10":"product_cat-bruni","11":"","12":"woocommerce-text-align-center","13":"woocommerce-image-align-center","14":"do-quantity-buttons","16":"first","17":"instock","18":"shipping-taxable","19":"product-type-simple"},"_links":{"self":[{"href":"https:\/\/kunsthandel-puch.de\/fr\/wp-json\/wp\/v2\/product\/3050","targetHints":{"allow":["GET"]}}],"collection":[{"href":"https:\/\/kunsthandel-puch.de\/fr\/wp-json\/wp\/v2\/product"}],"about":[{"href":"https:\/\/kunsthandel-puch.de\/fr\/wp-json\/wp\/v2\/types\/product"}],"wp:featuredmedia":[{"embeddable":true,"href":"https:\/\/kunsthandel-puch.de\/fr\/wp-json\/wp\/v2\/media\/3040"}],"wp:attachment":[{"href":"https:\/\/kunsthandel-puch.de\/fr\/wp-json\/wp\/v2\/media?parent=3050"}],"wp:term":[{"taxonomy":"product_brand","embeddable":true,"href":"https:\/\/kunsthandel-puch.de\/fr\/wp-json\/wp\/v2\/product_brand?post=3050"},{"taxonomy":"product_cat","embeddable":true,"href":"https:\/\/kunsthandel-puch.de\/fr\/wp-json\/wp\/v2\/product_cat?post=3050"},{"taxonomy":"product_tag","embeddable":true,"href":"https:\/\/kunsthandel-puch.de\/fr\/wp-json\/wp\/v2\/product_tag?post=3050"}],"curies":[{"name":"wp","href":"https:\/\/api.w.org\/{rel}","templated":true}]}}