{"id":3024,"date":"2024-09-15T18:38:14","date_gmt":"2024-09-15T16:38:14","guid":{"rendered":"https:\/\/kunsthandel-puch.de\/produkt\/leffusion-du-saint-esprit\/"},"modified":"2024-10-02T13:00:39","modified_gmt":"2024-10-02T11:00:39","slug":"leffusion-du-saint-esprit","status":"publish","type":"product","link":"https:\/\/kunsthandel-puch.de\/fr\/produkt\/leffusion-du-saint-esprit\/","title":{"rendered":"L&rsquo;effusion du Saint-Esprit"},"content":{"rendered":"<h3>L&rsquo;effusion du Saint-Esprit : une ic\u00f4ne de la foi<\/h3>\n<h4 class=\"hidden\" style=\"text-align: center;\">Acheter des ic\u00f4nes anciennes originales dans le sud de l&rsquo;Allemagne et \u00e0 Munich<\/h4>\n<p>L&rsquo;<a href=\"https:\/\/de.wikipedia.org\/wiki\/Pfingsten\">effusion<\/a> du Saint-Esprit est l&rsquo;un des \u00e9v\u00e9nements centraux de la tradition chr\u00e9tienne. Elle symbolise le don du Saint-Esprit aux disciples de J\u00e9sus et marque la Pentec\u00f4te, consid\u00e9r\u00e9e comme l&rsquo;heure de naissance de l&rsquo;\u00c9glise. Le livre des Actes des Ap\u00f4tres d\u00e9crit comment l&rsquo;Esprit est descendu sur les ap\u00f4tres sous forme de langues de feu et les a remplis d&rsquo;une force et d&rsquo;une sagesse nouvelles pour porter l&rsquo;\u00c9vangile dans le monde.<\/p>\n<h4 class=\"hidden\" style=\"text-align: center;\">Vendre des ic\u00f4nes \u00e0 Munich<\/h4>\n<p>Dans l&rsquo;iconographie, l&rsquo;effusion de l&rsquo;Esprit Saint repr\u00e9sente une image fascinante. La repr\u00e9sentation des disciples rassembl\u00e9s dans une pi\u00e8ce, avec Marie, la m\u00e8re de Dieu, au centre. Au-dessus de leurs t\u00eates flottent de petites flammes de feu qui symbolisent la pr\u00e9sence du Saint-Esprit. Ces flammes repr\u00e9sentent la purification et l&rsquo;illumination par la puissance divine. L&rsquo;esprit lui-m\u00eame est repr\u00e9sent\u00e9 sous la forme d&rsquo;une colombe, qui repr\u00e9sente la paix et le lien avec Dieu.<\/p>\n<p>Ce th\u00e8me a des implications th\u00e9ologiques profondes. Il fait r\u00e9f\u00e9rence \u00e0 l&rsquo;unit\u00e9 des croyants, unis par l&rsquo;Esprit, et \u00e0 la mission universelle de l&rsquo;\u00c9glise d&rsquo;annoncer l&rsquo;\u00c9vangile. L&rsquo;effusion du Saint-Esprit marque \u00e9galement le passage de la pr\u00e9sence physique de J\u00e9sus sur terre \u00e0 une pr\u00e9sence spirituelle, dont l&rsquo;exp\u00e9rience se poursuit aujourd&rsquo;hui encore au sein de la communaut\u00e9 chr\u00e9tienne.<\/p>\n<p>Cette repr\u00e9sentation iconique sert d&rsquo;appel constant aux croyants \u00e0 \u00eatre conscients de la pr\u00e9sence de l&rsquo;Esprit Saint et \u00e0 rechercher sa guidance dans leur vie. Dans l&rsquo;art et la th\u00e9ologie chr\u00e9tiens, l&rsquo;effusion du Saint-Esprit reste un symbole puissant du renouveau et de l&rsquo;inspiration divine.<\/p>\n<h3>Vers l&rsquo;ic\u00f4ne : Miracle de la Pentec\u00f4te<\/h3>\n<h4 class=\"hidden\" style=\"text-align: center;\">Ic\u00f4nes grecques anciennes originales \u00e0 vendre et \u00e0 acheter \u00e0 Munich et \u00e0 Zurich<\/h4>\n<p>Cette <a href=\"https:\/\/kunsthandel-puch.de\/fr\/produkt-kategorie\/icones\/\">ic\u00f4ne<\/a> impressionnante datant des ann\u00e9es 1670-90 montre le rare miracle de la Pentec\u00f4te (effusion du Saint-Esprit). L&rsquo;ic\u00f4ne est en parfait \u00e9tat et a conserv\u00e9 sa patine d&rsquo;origine.<\/p>\n<h4 class=\"hidden\" style=\"text-align: center;\">Achat d&rsquo;ic\u00f4nes \u00e0 Munich<\/h4>\n<p>La finesse de la peinture dor\u00e9e souligne la ma\u00eetrise de l&rsquo;ex\u00e9cution.<\/p>\n<p>hauteur de 31,0 cm et une largeur de 27,7 cm<\/p>\n<p>Excellent \u00e9tat de conservation !<\/p>\n<p>Un objet de collection tr\u00e8s recherch\u00e9 !<\/p>\n<p><a href=\"https:\/\/kunsthandel-puch.de\/fr\/produkt-kategorie\/icones\/\"><input class=\"wpcf7-form-control wpcf7-submit has-spinner\" style=\"border-radius: 18px;\" type=\"submit\" value=\"Vers les ic\u00f4nes\"><\/a><\/p>\n","protected":false},"excerpt":{"rendered":"<p><strong>Origine<\/strong><br \/>\nRussie<br \/>\n<strong>Vieux<\/strong><br \/>\ndat\u00e9 de 1670- 90<br \/>\n<strong>Taille<br \/>\n<\/strong>31,0 cm x 27,7 cm<strong><br \/>\nAncien propri\u00e9taire<br \/>\n<\/strong>Collection priv\u00e9e du Wurtemberg<\/p>\n","protected":false},"featured_media":3023,"template":"","meta":[],"product_brand":[],"product_cat":[334,170,333,176,172],"product_tag":[],"class_list":{"0":"post-3024","1":"product","2":"type-product","3":"status-publish","4":"has-post-thumbnail","6":"product_cat-17e-siecle-fr-3","7":"product_cat-icones","8":"product_cat-nord-de-la-russie","9":"product_cat-peinture-a-la-detrempe","10":"product_cat-russie","11":"","12":"woocommerce-text-align-center","13":"woocommerce-image-align-center","14":"do-quantity-buttons","16":"first","17":"instock","18":"shipping-taxable","19":"product-type-simple"},"_links":{"self":[{"href":"https:\/\/kunsthandel-puch.de\/fr\/wp-json\/wp\/v2\/product\/3024","targetHints":{"allow":["GET"]}}],"collection":[{"href":"https:\/\/kunsthandel-puch.de\/fr\/wp-json\/wp\/v2\/product"}],"about":[{"href":"https:\/\/kunsthandel-puch.de\/fr\/wp-json\/wp\/v2\/types\/product"}],"wp:featuredmedia":[{"embeddable":true,"href":"https:\/\/kunsthandel-puch.de\/fr\/wp-json\/wp\/v2\/media\/3023"}],"wp:attachment":[{"href":"https:\/\/kunsthandel-puch.de\/fr\/wp-json\/wp\/v2\/media?parent=3024"}],"wp:term":[{"taxonomy":"product_brand","embeddable":true,"href":"https:\/\/kunsthandel-puch.de\/fr\/wp-json\/wp\/v2\/product_brand?post=3024"},{"taxonomy":"product_cat","embeddable":true,"href":"https:\/\/kunsthandel-puch.de\/fr\/wp-json\/wp\/v2\/product_cat?post=3024"},{"taxonomy":"product_tag","embeddable":true,"href":"https:\/\/kunsthandel-puch.de\/fr\/wp-json\/wp\/v2\/product_tag?post=3024"}],"curies":[{"name":"wp","href":"https:\/\/api.w.org\/{rel}","templated":true}]}}