{"id":2993,"date":"2024-09-15T15:56:54","date_gmt":"2024-09-15T13:56:54","guid":{"rendered":"https:\/\/kunsthandel-puch.de\/produkt\/lhorloge-de-lempire-lawrence-mayo-london\/"},"modified":"2024-09-28T13:31:41","modified_gmt":"2024-09-28T11:31:41","slug":"lhorloge-de-lempire-lawrence-mayo-london","status":"publish","type":"product","link":"https:\/\/kunsthandel-puch.de\/fr\/produkt\/lhorloge-de-lempire-lawrence-mayo-london\/","title":{"rendered":"L&rsquo;Horloge de l&rsquo;Empire \u00a0\u00bb Lawrence &amp; Mayo London"},"content":{"rendered":"<h3>The Empire Clock \u00ab\u00a0Horloge du globe : garde-temps et symbole de la connectivit\u00e9 mondiale\u00a0\u00bb.<\/h3>\n<h4 class=\"hidden\" style=\"text-align: center;\">Antiquit\u00e9 artisanat anglais montres acheter \u00e0 Munich<\/h4>\n<p><a href=\"https:\/\/www.anticstore.com\/horloge-lempire-69453P\">The Empire Clock<\/a> une horloge globe est un chef-d&rsquo;\u0153uvre d&rsquo;horlogerie qui allie technologie innovante et charme historique. Ce globe unique poss\u00e8de un m\u00e9canisme d&rsquo;horloge int\u00e9gr\u00e9 qui permet de lire l&rsquo;heure sur chaque continent. Gr\u00e2ce \u00e0 cette fonction, la montre fournit non seulement des indications horaires pr\u00e9cises pour n&rsquo;importe quel endroit du monde, mais symbolise \u00e9galement la connectivit\u00e9 mondiale et l&rsquo;\u00e8re des d\u00e9couvertes.<\/p>\n<p>Son design \u00e9l\u00e9gant et sa sophistication technique font de cette montre globe une pi\u00e8ce de collection tr\u00e8s recherch\u00e9e. La montre a \u00e9t\u00e9 fabriqu\u00e9e par la c\u00e9l\u00e8bre manufacture horlog\u00e8re anglaise Lawrence &amp; Mayo London dans les ann\u00e9es 1930. d\u00e9velopp\u00e9e \u00e0 la fin du XIXe si\u00e8cle par Smith and Son et brevet\u00e9e sous le num\u00e9ro 19460, la montre globe combine des \u00e9l\u00e9ments classiques du style Empire avec une m\u00e9canique de pointe. Le cadran en forme de globe refl\u00e8te l&rsquo;influence mondiale de l&rsquo;Empire britannique et allie fonctionnalit\u00e9 et ambition artistique.<\/p>\n<h4 class=\"hidden\" style=\"text-align: center;\">Horloges anglaises anciennes vendues et achet\u00e9es \u00e0 Munich Empire Clock<\/h4>\n<p><strong>Horloges anglaises du XIXe si\u00e8cle : des chefs-d&rsquo;\u0153uvre d&rsquo;horlogerie<\/strong><br \/>\nAu XIXe si\u00e8cle, l&rsquo;horlogerie anglaise a connu un essor remarquable. L&rsquo;Angleterre est devenue un centre d&rsquo;horlogerie de premier plan, r\u00e9put\u00e9 pour son travail de pr\u00e9cision et ses designs innovants. Les horloges anglaises de cette \u00e9poque, comme l&rsquo;horloge globe Empire Clock, sont aujourd&rsquo;hui des pi\u00e8ces de collection tr\u00e8s recherch\u00e9es, appr\u00e9ci\u00e9es pour leur qualit\u00e9 artisanale et leur \u00e9l\u00e9gance styl\u00e9e. Ils incarnent la capacit\u00e9 technique et le prestige culturel d&rsquo;une \u00e9poque r\u00e9volue.<\/p>\n<h3>Description<\/h3>\n<h3>L&rsquo;horloge de l&rsquo;Empire :<\/h3>\n<h4 class=\"hidden\" style=\"text-align: center;\">Ancienne horloge Empire \u00e0 vendre et \u00e0 acheter \u00e0 Munich<\/h4>\n<p>Globe maintenu par un pied en laiton avec mouvement int\u00e9gr\u00e9 dans la base, cadran de 24 heures sur l&rsquo;anneau de l&rsquo;\u00e9quateur . L&rsquo;anneau en laiton autour de l&rsquo;\u00e9quateur indique sur chaque r\u00e9gion du globe. Une aiguille peut \u00eatre ajust\u00e9e verticalement en fonction de la position locale du domicile du propri\u00e9taire. <a href=\"http:\/\/produkt-kategorie\/kunsthandwerk\/\">L&rsquo;artisanat d&rsquo;art<\/a> \u00e0 son plus haut niveau de perfection.<\/p>\n<p>Marqu\u00e9 Lawrence &amp; Mayo London en bas du socle la carte a \u00e9t\u00e9 produite par Repogle Globes INC. Chicago Illinois.<\/p>\n<p>Le mouvement est fonctionnel mais doit \u00eatre ajust\u00e9 avec pr\u00e9cision.<\/p>\n<p>Une pi\u00e8ce de collection rare !<\/p>\n<p><a href=\"https:\/\/kunsthandel-puch.de\/fr\/produkt-kategorie\/artisanat-dart\/\"><input class=\"wpcf7-form-control wpcf7-submit has-spinner\" style=\"border-radius: 18px;\" type=\"submit\" value=\"Vers l'artisanat d'art\"><\/a><\/p>\n","protected":false},"excerpt":{"rendered":"<p><strong>Origine<\/strong><br \/>\nAngleterre\/ Londres\/ Lawrence &amp; Mayo<br \/>\n<strong>Vieux<\/strong><br \/>\nvers 1930<br \/>\n<strong>Taille<\/strong><br \/>\nDiam\u00e8tre 205 mm Hauteur totale 395 mm<br \/>\n<strong>Ancien propri\u00e9taire<\/strong><br \/>\nCollection priv\u00e9e londonienne<\/p>\n","protected":false},"featured_media":2989,"template":"","meta":[],"product_brand":[],"product_cat":[261,236,223,250,235,237],"product_tag":[],"class_list":{"0":"post-2993","1":"product","2":"type-product","3":"status-publish","4":"has-post-thumbnail","6":"product_cat-20e-siecle","7":"product_cat-angleterre","8":"product_cat-artisanat-dart","9":"product_cat-bois","10":"product_cat-laiton","11":"product_cat-londres","12":"","13":"woocommerce-text-align-center","14":"woocommerce-image-align-center","15":"do-quantity-buttons","17":"first","18":"outofstock","19":"shipping-taxable","20":"product-type-simple"},"_links":{"self":[{"href":"https:\/\/kunsthandel-puch.de\/fr\/wp-json\/wp\/v2\/product\/2993","targetHints":{"allow":["GET"]}}],"collection":[{"href":"https:\/\/kunsthandel-puch.de\/fr\/wp-json\/wp\/v2\/product"}],"about":[{"href":"https:\/\/kunsthandel-puch.de\/fr\/wp-json\/wp\/v2\/types\/product"}],"wp:featuredmedia":[{"embeddable":true,"href":"https:\/\/kunsthandel-puch.de\/fr\/wp-json\/wp\/v2\/media\/2989"}],"wp:attachment":[{"href":"https:\/\/kunsthandel-puch.de\/fr\/wp-json\/wp\/v2\/media?parent=2993"}],"wp:term":[{"taxonomy":"product_brand","embeddable":true,"href":"https:\/\/kunsthandel-puch.de\/fr\/wp-json\/wp\/v2\/product_brand?post=2993"},{"taxonomy":"product_cat","embeddable":true,"href":"https:\/\/kunsthandel-puch.de\/fr\/wp-json\/wp\/v2\/product_cat?post=2993"},{"taxonomy":"product_tag","embeddable":true,"href":"https:\/\/kunsthandel-puch.de\/fr\/wp-json\/wp\/v2\/product_tag?post=2993"}],"curies":[{"name":"wp","href":"https:\/\/api.w.org\/{rel}","templated":true}]}}