{"id":2991,"date":"2024-09-15T14:50:25","date_gmt":"2024-09-15T12:50:25","guid":{"rendered":"https:\/\/kunsthandel-puch.de\/produkt\/hercule-farnese-grand-tour-bronze\/"},"modified":"2024-09-28T13:31:40","modified_gmt":"2024-09-28T11:31:40","slug":"hercule-farnese-grand-tour-bronze","status":"publish","type":"product","link":"https:\/\/kunsthandel-puch.de\/fr\/produkt\/hercule-farnese-grand-tour-bronze\/","title":{"rendered":"Hercule Farn\u00e8se \u00a0\u00bb Grand Tour Bronze"},"content":{"rendered":"<h3><strong>L&rsquo;Hercule Farn\u00e8se : origine et histoire<\/strong><\/h3>\n<h4 class=\"hidden\" style=\"text-align: center;\">Acheter des bronzes anciens n\u00e9oclassiques \u00e0 Munich<\/h4>\n<p>La sculpture d <a href=\"https:\/\/de.wikipedia.org\/wiki\/Herkules_Farnese\">&lsquo;Hercule Farn\u00e8se<\/a> est l&rsquo;une des repr\u00e9sentations les plus connues de la mythologie antique. Son origine remonte \u00e0 une statue monumentale, probablement r\u00e9alis\u00e9e au troisi\u00e8me si\u00e8cle de notre \u00e8re par le sculpteur grec Glykon d&rsquo;apr\u00e8s un original du c\u00e9l\u00e8bre Lysippos. Elle repr\u00e9sente le h\u00e9ros mythologique Hercule se reposant apr\u00e8s l&rsquo;une de ses douze t\u00e2ches, le vol des pommes d&rsquo;or des Hesp\u00e9rides. Cette t\u00e2che est sans doute l&rsquo;un des exploits les plus importants r\u00e9alis\u00e9s par Hercule.<\/p>\n<h4 class=\"hidden\" style=\"text-align: center;\">Acheter des sculptures anciennes en bronze \u00e0 Munich\/ Allemagne<\/h4>\n<p>La sculpture d&rsquo;Hercule Farn\u00e8se a \u00e9t\u00e9 red\u00e9couverte en 1546 dans les thermes de Caracalla \u00e0 Rome et est depuis consid\u00e9r\u00e9e comme l&rsquo;une des plus importantes d\u00e9couvertes de la Renaissance. La d\u00e9couverte de la statue a inspir\u00e9 de nombreux artistes de l&rsquo;\u00e9poque, ce qui a donn\u00e9 lieu \u00e0 d&rsquo;innombrables reproductions et interpr\u00e9tations de la figure. Le nom \u00ab\u00a0Farn\u00e8se\u00a0\u00bb vient de la famille noble italienne Farn\u00e8se, \u00e0 qui la statue a appartenu. Elle est devenue une pi\u00e8ce ma\u00eetresse de la c\u00e9l\u00e8bre collection Farn\u00e8se, qui a fascin\u00e9 de nombreux amateurs d&rsquo;art et collectionneurs au fil des si\u00e8cles. Aujourd&rsquo;hui, cette sculpture monumentale en marbre peut \u00eatre admir\u00e9e au Mus\u00e9e arch\u00e9ologique national de Naples.<\/p>\n<h3><strong>Une fine sculpture en bronze du Grand Tour  <\/strong><\/h3>\n<h4 class=\"hidden\" style=\"text-align: center;\">Anciennes bronzes de Grand Tour \u00e0 acheter \u00e0 Munich<\/h4>\n<p>La sculpture en bronze, est une ex\u00e9cution d\u00e9taill\u00e9e et de haute qualit\u00e9 d&rsquo;apr\u00e8s l&rsquo;Hercule Farn\u00e8se original. Cette <a href=\"https:\/\/kunsthandel-puch.de\/fr\/produkt-kategorie\/artisanat-dart\/\">sculpture<\/a> est un exemple classique de l&rsquo;art des \u00ab\u00a0bronzes du Grand Tour\u00a0\u00bb, une tradition dans laquelle de jeunes aristocrates de toute l&rsquo;Europe se rendaient en Italie pour s&rsquo;initier \u00e0 l&rsquo;art et \u00e0 la culture antiques. La tourn\u00e9e les a souvent conduits \u00e0 Naples, o\u00f9 ils ont \u00e9t\u00e9 en contact avec des statues provenant des ateliers Sanatiano de Angelis et Fils et de la Fonderia Chiurazzi.<\/p>\n<h4 class=\"hidden\" style=\"text-align: center;\">Sculptures anciennes en bronze \u00e0 acheter \u00e0 Munich<\/h4>\n<p>La repr\u00e9sentation montre Hercule dans sa pose typique, appuy\u00e9 sur une massue, avec la peau de lion sur l&rsquo;\u00e9paule et les trois pommes des Hesp\u00e9rides dans la main droite qu&rsquo;il tient derri\u00e8re son dos. La patine verte conf\u00e8re au bronze une \u00e9l\u00e9gance particuli\u00e8re et met en valeur les d\u00e9tails d\u00e9licats de l&rsquo;\u0153uvre.<\/p>\n<p>Bronze moul\u00e9 en sable, cisel\u00e9 et patin\u00e9 vert.<\/p>\n<p>Date de cr\u00e9ation vers 1850-70 Italie\/ Naples<\/p>\n<p>L&rsquo;\u00e9tat de conservation de la sculpture est parfait,<\/p>\n<p>ce qui en fait un objet de collection pr\u00e9cieux.<\/p>\n<p><a href=\"https:\/\/kunsthandel-puch.de\/fr\/produkt-kategorie\/artisanat-dart\/\"><input class=\"wpcf7-form-control wpcf7-submit has-spinner\" style=\"border-radius: 18px;\" type=\"submit\" value=\"Vers l'artisanat d'art\"><\/a><\/p>\n","protected":false},"excerpt":{"rendered":"<p><strong>Origine<\/strong><br \/>\nItalie\/ Naples<br \/>\n<strong>Vieux<\/strong><br \/>\nvers 1850\/ 70<br \/>\n<strong>Taille<br \/>\n<\/strong>52,0 cm x 22,0 cm<strong><br \/>\nAnciens propri\u00e9taires<br \/>\n<\/strong>Collection priv\u00e9e du sud de l&rsquo;Allemagne<\/p>\n","protected":false},"featured_media":2973,"template":"","meta":[],"product_brand":[],"product_cat":[229,223,238,239,240,281,241],"product_tag":[],"class_list":{"0":"post-2991","1":"product","2":"type-product","3":"status-publish","4":"has-post-thumbnail","6":"product_cat-19eme-siecle","7":"product_cat-artisanat-dart","8":"product_cat-bronze-fr","9":"product_cat-bruni","10":"product_cat-italie-fr","11":"product_cat-moulage-en-sable","12":"product_cat-naples-fr","13":"","14":"woocommerce-text-align-center","15":"woocommerce-image-align-center","16":"do-quantity-buttons","18":"first","19":"instock","20":"shipping-taxable","21":"product-type-simple"},"_links":{"self":[{"href":"https:\/\/kunsthandel-puch.de\/fr\/wp-json\/wp\/v2\/product\/2991","targetHints":{"allow":["GET"]}}],"collection":[{"href":"https:\/\/kunsthandel-puch.de\/fr\/wp-json\/wp\/v2\/product"}],"about":[{"href":"https:\/\/kunsthandel-puch.de\/fr\/wp-json\/wp\/v2\/types\/product"}],"wp:featuredmedia":[{"embeddable":true,"href":"https:\/\/kunsthandel-puch.de\/fr\/wp-json\/wp\/v2\/media\/2973"}],"wp:attachment":[{"href":"https:\/\/kunsthandel-puch.de\/fr\/wp-json\/wp\/v2\/media?parent=2991"}],"wp:term":[{"taxonomy":"product_brand","embeddable":true,"href":"https:\/\/kunsthandel-puch.de\/fr\/wp-json\/wp\/v2\/product_brand?post=2991"},{"taxonomy":"product_cat","embeddable":true,"href":"https:\/\/kunsthandel-puch.de\/fr\/wp-json\/wp\/v2\/product_cat?post=2991"},{"taxonomy":"product_tag","embeddable":true,"href":"https:\/\/kunsthandel-puch.de\/fr\/wp-json\/wp\/v2\/product_tag?post=2991"}],"curies":[{"name":"wp","href":"https:\/\/api.w.org\/{rel}","templated":true}]}}