{"id":2923,"date":"2024-09-08T16:39:09","date_gmt":"2024-09-08T14:39:09","guid":{"rendered":"https:\/\/kunsthandel-puch.de\/produkt\/icone-de-la-tres-sainte-mere-de-dieu-de-koursk\/"},"modified":"2024-10-02T13:01:52","modified_gmt":"2024-10-02T11:01:52","slug":"icone-de-la-tres-sainte-mere-de-dieu-de-koursk","status":"publish","type":"product","link":"https:\/\/kunsthandel-puch.de\/fr\/produkt\/icone-de-la-tres-sainte-mere-de-dieu-de-koursk\/","title":{"rendered":"Ic\u00f4ne de la Tr\u00e8s Sainte M\u00e8re de Dieu de Koursk"},"content":{"rendered":"<h3>L&rsquo;ic\u00f4ne de Koursk : une histoire de miracle et de foi<\/h3>\n<h4 class=\"hidden\" style=\"text-align: center;\">Vendre des ic\u00f4nes anciennes originales \u00e0 Munich et D\u00fcsseldorf<\/h4>\n<p>L&rsquo;ic\u00f4ne de la Tr\u00e8s Sainte M\u00e8re de Dieu du Signe <a href=\"https:\/\/de.wikipedia.org\/wiki\/Kursk\">de Koursk<\/a>, \u00e9galement connue sous le nom d'\u00a0\u00bbic\u00f4ne de la racine\u00a0\u00bb, a une longue histoire dans l&rsquo;orthodoxie russe. Cette ic\u00f4ne sacr\u00e9e, orn\u00e9e d&rsquo;un riza dor\u00e9 \u00e0 l&rsquo;argent, incarne non seulement la force spirituelle, mais aussi l&rsquo;histoire et l&rsquo;h\u00e9ritage culturel de la r\u00e9gion de Koursk.<\/p>\n<p>L&rsquo;histoire de l&rsquo;ic\u00f4ne remonte au 12e si\u00e8cle, une \u00e9poque o\u00f9 la r\u00e9gion et la ville de Koursk ont \u00e9t\u00e9 presque enti\u00e8rement d\u00e9truites par les Mongols. Au milieu de cette destruction, un chasseur pieux a trouv\u00e9, lors d&rsquo;une chasse dans la for\u00eat, une ic\u00f4ne pos\u00e9e \u00e0 l&rsquo;envers sur une souche d&rsquo;arbre. Cette d\u00e9couverte fortuite allait s&rsquo;av\u00e9rer \u00eatre un signe divin, car c&rsquo;est \u00e0 cet endroit pr\u00e9cis que le chasseur et ses compagnons construisirent une chapelle en bois. L&rsquo;ic\u00f4ne y \u00e9tait conserv\u00e9e et v\u00e9n\u00e9r\u00e9e par la population. A partir de ce moment, l&rsquo;ic\u00f4ne a \u00e9t\u00e9 consid\u00e9r\u00e9e comme la protectrice de la r\u00e9gion et de ses habitants.<\/p>\n<h4 class=\"hidden\" style=\"text-align: center;\">Acheter des ic\u00f4nes anciennes originales Munich<\/h4>\n<p>&nbsp;<\/p>\n<p>Au fil des si\u00e8cles, de nombreux miracles ont \u00e9t\u00e9 attribu\u00e9s \u00e0 l&rsquo;ic\u00f4ne. Elle aurait repouss\u00e9 les ennemis et pr\u00e9serv\u00e9 la r\u00e9gion de nouvelles destructions. La croyance dans le pouvoir protecteur de l&rsquo;ic\u00f4ne n&rsquo;a cess\u00e9 de cro\u00eetre, et elle est devenue un symbole de foi et d&rsquo;espoir pour les habitants de Koursk.<\/p>\n<p>Au XVIe si\u00e8cle, l&rsquo;ic\u00f4ne a re\u00e7u un honneur suppl\u00e9mentaire lorsque l&rsquo;imp\u00e9ratrice Irina Feodorovna l&rsquo;a orn\u00e9e d&rsquo;un riche oklad dor\u00e9 et argent\u00e9. Ce cadre somptueux, \u00e9galement appel\u00e9 riza, conf\u00e9rait \u00e0 l&rsquo;ic\u00f4ne une signification particuli\u00e8re et servait d&rsquo;inspiration, de sorte que toutes les ic\u00f4nes de ce type ont \u00e9galement \u00e9t\u00e9 dot\u00e9es d&rsquo;un oklad de haute qualit\u00e9.<\/p>\n<p>L&rsquo;ic\u00f4ne de Koursk reste aujourd&rsquo;hui encore un symbole central de la foi, v\u00e9n\u00e9r\u00e9 de g\u00e9n\u00e9ration en g\u00e9n\u00e9ration comme protection et porteur d&rsquo;espoir. Leur histoire t\u00e9moigne du lien profond entre la foi et les personnes qui font confiance \u00e0 l&rsquo;aide divine dans les moments de d\u00e9tresse et de changement.<\/p>\n<h3>Vers l&rsquo;ic\u00f4ne :<\/h3>\n<h4 class=\"hidden\" style=\"text-align: center;\">Acheter des ic\u00f4nes anciennes originales en argent et en \u00e9mail \u00e0 Munich et \u00e0 D\u00fcsseldorf<\/h4>\n<p>&nbsp;<\/p>\n<p>L&rsquo;<a href=\"https:\/\/kunsthandel-puch.de\/fr\/produkt-kategorie\/icones\/\">ic\u00f4ne<\/a> suit la repr\u00e9sentation de la Vierge du Signe (Znanemie) avec le Christ Emmanuel, autour de laquelle sont repr\u00e9sent\u00e9s des proph\u00e8tes comme suit.<\/p>\n<p>A gauche, de haut en bas : Le roi David, Mo\u00efse, Isa\u00efe et Zacharie<br \/>\nEn haut, partie centrale : Dieu le P\u00e8re, en dessous saint Awakim<br \/>\nA droite, de haut en bas : Le roi Salomon, Daniel, J\u00e9r\u00e9mie et Elie<\/p>\n<h4 class=\"hidden\" style=\"text-align: center;\">Ic\u00f4ne originale \u00e0 acheter \u00e0 Munich<\/h4>\n<p>&nbsp;<\/p>\n<p>Affectation :<br \/>\nL&rsquo;ic\u00f4ne porte en bas de la bordure les poin\u00e7ons d&rsquo;argent suivants, \u00e0 gauche le poin\u00e7on de l&rsquo;administration de la surveillance de Moscou avec les initiales de l&rsquo;inspecteur Ivan Sergeevich Lebedkin 1896 &#8211; 1908.<br \/>\nA droite, le cachet du ma\u00eetre avec les initiales S. K. Z.<\/p>\n<p>Une pi\u00e8ce de collection rare !<\/p>\n","protected":false},"excerpt":{"rendered":"<p><strong>Origine<\/strong><br \/>\nRussie\/ Moscou<br \/>\n<strong>Vieux<\/strong><br \/>\nFin du 19e si\u00e8cle<br \/>\n<strong>Taille<br \/>\n<\/strong>26,8 cm x 22,2 cm<strong><br \/>\nAncien propri\u00e9taire<br \/>\n<\/strong>Collection priv\u00e9e du sud de l&rsquo;Allemagne<\/p>\n","protected":false},"featured_media":2921,"template":"","meta":[],"product_brand":[],"product_cat":[266,332,269,170,331,265,172],"product_tag":[],"class_list":{"0":"post-2923","1":"product","2":"type-product","3":"status-publish","4":"has-post-thumbnail","6":"product_cat-19eme-siecle-fr","7":"product_cat-charge-dargent","8":"product_cat-dorure","9":"product_cat-icones","10":"product_cat-moscou","11":"product_cat-peinture-a-lhuile","12":"product_cat-russie","13":"","14":"woocommerce-text-align-center","15":"woocommerce-image-align-center","16":"do-quantity-buttons","18":"first","19":"instock","20":"shipping-taxable","21":"product-type-simple"},"_links":{"self":[{"href":"https:\/\/kunsthandel-puch.de\/fr\/wp-json\/wp\/v2\/product\/2923","targetHints":{"allow":["GET"]}}],"collection":[{"href":"https:\/\/kunsthandel-puch.de\/fr\/wp-json\/wp\/v2\/product"}],"about":[{"href":"https:\/\/kunsthandel-puch.de\/fr\/wp-json\/wp\/v2\/types\/product"}],"wp:featuredmedia":[{"embeddable":true,"href":"https:\/\/kunsthandel-puch.de\/fr\/wp-json\/wp\/v2\/media\/2921"}],"wp:attachment":[{"href":"https:\/\/kunsthandel-puch.de\/fr\/wp-json\/wp\/v2\/media?parent=2923"}],"wp:term":[{"taxonomy":"product_brand","embeddable":true,"href":"https:\/\/kunsthandel-puch.de\/fr\/wp-json\/wp\/v2\/product_brand?post=2923"},{"taxonomy":"product_cat","embeddable":true,"href":"https:\/\/kunsthandel-puch.de\/fr\/wp-json\/wp\/v2\/product_cat?post=2923"},{"taxonomy":"product_tag","embeddable":true,"href":"https:\/\/kunsthandel-puch.de\/fr\/wp-json\/wp\/v2\/product_tag?post=2923"}],"curies":[{"name":"wp","href":"https:\/\/api.w.org\/{rel}","templated":true}]}}