{"id":2906,"date":"2024-09-07T15:04:44","date_gmt":"2024-09-07T13:04:44","guid":{"rendered":"https:\/\/kunsthandel-puch.de\/produkt\/ladoration-de-lenfant-peinture-a-lhuile-sur-cuivre-daugsbourg\/"},"modified":"2024-09-28T13:44:11","modified_gmt":"2024-09-28T11:44:11","slug":"ladoration-de-lenfant-peinture-a-lhuile-sur-cuivre-daugsbourg","status":"publish","type":"product","link":"https:\/\/kunsthandel-puch.de\/fr\/produkt\/ladoration-de-lenfant-peinture-a-lhuile-sur-cuivre-daugsbourg\/","title":{"rendered":"L&rsquo;Adoration de l&rsquo;Enfant &#8211; Peinture \u00e0 l&rsquo;huile sur cuivre d&rsquo;Augsbourg"},"content":{"rendered":"<h3>L&rsquo;\u00e2ge d&rsquo;or de la peinture sur cuivre dans le sud de l&rsquo;Allemagne : sc\u00e8nes bibliques de la r\u00e9gion d&rsquo;Augsbourg au XVIIe si\u00e8cle<\/h3>\n<h4 class=\"hidden\" style=\"text-align: center;\">Vendre et acheter des tableaux anciens originaux dans le sud de l&rsquo;Allemagne et en Autriche<\/h4>\n<p>La <strong>peinture du sud de l&rsquo;Allemagne<\/strong> du 16. et La peinture des XVIIe et XVIIIe si\u00e8cles, en particulier celle de la r\u00e9gion <strong>d&rsquo;Augsbourg<\/strong>, a connu un \u00e2ge d&rsquo;or o\u00f9 les motifs religieux ont jou\u00e9 un r\u00f4le central dans l&rsquo;art. La <strong>peinture \u00e0 l&rsquo;huile sur cuivre<\/strong> \u00e9tait un support particuli\u00e8rement appr\u00e9ci\u00e9. Cette technique offrait la possibilit\u00e9 de cr\u00e9er des \u0153uvres extr\u00eamement d\u00e9taill\u00e9es et color\u00e9es en raison de la surface lisse du cuivre. Augsbourg, en tant que centre culturel eccl\u00e9siastique important dans le sud de l&rsquo;Allemagne, a jou\u00e9 un r\u00f4le d\u00e9terminant dans le d\u00e9veloppement et la diffusion de cette forme d&rsquo;art.<\/p>\n<h3>La technique : huile sur cuivre<\/h3>\n<h4 class=\"hidden\" style=\"text-align: center;\">Vendre et acheter des tableaux anciens dans le sud de l&rsquo;Allemagne et \u00e0 Munich<\/h4>\n<p>Les plaques de cuivre offraient aux artistes une excellente base pour peindre des images pr\u00e9cises et finement d\u00e9taill\u00e9es. Contrairement \u00e0 la toile ou au bois, le cuivre offrait une surface lisse et robuste qui permettait de repr\u00e9senter les moindres d\u00e9tails et de rendre les couleurs particuli\u00e8rement vives. La long\u00e9vit\u00e9 du mat\u00e9riau rendait ces \u0153uvres particuli\u00e8rement attrayantes pour les collectionneurs et les commanditaires eccl\u00e9siastiques.<\/p>\n<h3>Motifs populaires : sc\u00e8nes bibliques<\/h3>\n<h4 class=\"hidden\" style=\"text-align: center;\">Vendre et acheter des tableaux \u00e0 Augsbourg et Munich<\/h4>\n<p>L&rsquo;<strong>Adoration de l&rsquo;Enfant avec les Rois mages<\/strong> est un exemple remarquable des th\u00e8mes populaires de cette \u00e9poque. Cette sc\u00e8ne, inspir\u00e9e de l&rsquo;\u00e9vangile de Matthieu, montre les mages d&rsquo;Orient offrant leurs dons \u00e0 l&rsquo;enfant J\u00e9sus qui vient de na\u00eetre. De telles repr\u00e9sentations servaient \u00e0 diffuser la doctrine chr\u00e9tienne et symbolisaient la reconnaissance mondiale de J\u00e9sus en tant que roi et messie. Outre la sc\u00e8ne d&rsquo;adoration, d&rsquo;autres histoires bibliques, telles que la crucifixion ou l&rsquo;annonce \u00e0 Marie, ont souvent \u00e9t\u00e9 peintes sur cuivre.<\/p>\n<h3>Augsbourg, centre de la peinture sur cuivre<\/h3>\n<h4 class=\"hidden\" style=\"text-align: center;\">Vendre et acheter des tableaux anciens authentiques dans le sud de l&rsquo;Allemagne et en Autriche<\/h4>\n<p>Augsbourg \u00e9tait en 16. et Au XVIIe si\u00e8cle, la ville n&rsquo;\u00e9tait pas seulement un centre commercial, mais aussi un lieu important pour l&rsquo;art et la culture. De nombreux artistes, dont <strong>Johann Rottenhammer<\/strong> et <strong>Hans von Aachen<\/strong>, ont travaill\u00e9 \u00e0 Augsbourg ou ont influenc\u00e9 de mani\u00e8re significative la sc\u00e8ne artistique de la ville. Ces peintres ont introduit dans leurs \u0153uvres un m\u00e9lange d&rsquo;\u00e9l\u00e9ments stylistiques italiens et allemands, cr\u00e9ant ainsi une tradition artistique distinctive.<\/p>\n<p>La <strong>peinture \u00e0 l&rsquo;huile sur cuivre du sud de l&rsquo;Allemagne<\/strong>, dans la r\u00e9gion <a href=\"https:\/\/kunstsammlungen-museen.augsburg.de\/sammlung-online\">d&rsquo;Augsbourg<\/a>, se caract\u00e9risait par sa brillance technique et sa profonde signification religieuse. Les sc\u00e8nes bibliques, telles que l&rsquo;<strong>Adoration de l&rsquo;Enfant<\/strong>, servaient d&rsquo;expressions importantes de la foi et de chefs-d&rsquo;\u0153uvre esth\u00e9tiques de l&rsquo;\u00e9poque.<\/p>\n<h3>Vers l&rsquo;objet<\/h3>\n<h4 class=\"hidden\" style=\"text-align: center;\">Vendre et acheter des tableaux originaux dans le sud de l&rsquo;Allemagne et \u00e0 Munich<\/h4>\n<p>Les dimensions du tableau huile sur cuivre sont de 16,3 cm de hauteur x 13,2 cm de largeur et les dimensions avec cadre sont de 24,5 cm de hauteur x 21,2 cm de largeur.<br \/>\nLa peinture \u00e0 l&rsquo;huile sur cuivre est en excellent \u00e9tat, le cadre en stuc dor\u00e9 est d\u00e9cor\u00e9 d&rsquo;ornements sur le pourtour, il s&rsquo;agit probablement du cadre de l&rsquo;\u00e9poque.<\/p>\n<p>Date de cr\u00e9ation seconde moiti\u00e9 du XVIIe si\u00e8cle.<\/p>\n<p>Le <a href=\"https:\/\/kunsthandel-puch.de\/fr\/produkt-kategorie\/peintures\/\">tableau<\/a> provient d&rsquo;une collection priv\u00e9e munichoise.<\/p>\n<p>Une pi\u00e8ce de collection rare !<\/p>\n","protected":false},"excerpt":{"rendered":"<p><strong>Origine<\/strong><br \/>\nAllemagne du Sud\/ Augsbourg<br \/>\n<strong>Vieux<\/strong><br \/>\nvers 1670 &#8211; 90<br \/>\n<strong>Taille<br \/>\n<\/strong>24,5 cm x 21,2 cm<strong><br \/>\nAncien propri\u00e9taire<br \/>\n<\/strong>Collection priv\u00e9e munichoise<\/p>\n","protected":false},"featured_media":2868,"template":"","meta":[],"product_brand":[],"product_cat":[304,325,315,288,327],"product_tag":[],"class_list":{"0":"post-2906","1":"product","2":"type-product","3":"status-publish","4":"has-post-thumbnail","6":"product_cat-17e-siecle-fr-2","7":"product_cat-cuivre","8":"product_cat-peinture-a-lhuile-fr","9":"product_cat-peintures","10":"product_cat-sud-de-lallemagne-fr","11":"","12":"woocommerce-text-align-center","13":"woocommerce-image-align-center","14":"do-quantity-buttons","16":"first","17":"instock","18":"shipping-taxable","19":"product-type-simple"},"_links":{"self":[{"href":"https:\/\/kunsthandel-puch.de\/fr\/wp-json\/wp\/v2\/product\/2906","targetHints":{"allow":["GET"]}}],"collection":[{"href":"https:\/\/kunsthandel-puch.de\/fr\/wp-json\/wp\/v2\/product"}],"about":[{"href":"https:\/\/kunsthandel-puch.de\/fr\/wp-json\/wp\/v2\/types\/product"}],"wp:featuredmedia":[{"embeddable":true,"href":"https:\/\/kunsthandel-puch.de\/fr\/wp-json\/wp\/v2\/media\/2868"}],"wp:attachment":[{"href":"https:\/\/kunsthandel-puch.de\/fr\/wp-json\/wp\/v2\/media?parent=2906"}],"wp:term":[{"taxonomy":"product_brand","embeddable":true,"href":"https:\/\/kunsthandel-puch.de\/fr\/wp-json\/wp\/v2\/product_brand?post=2906"},{"taxonomy":"product_cat","embeddable":true,"href":"https:\/\/kunsthandel-puch.de\/fr\/wp-json\/wp\/v2\/product_cat?post=2906"},{"taxonomy":"product_tag","embeddable":true,"href":"https:\/\/kunsthandel-puch.de\/fr\/wp-json\/wp\/v2\/product_tag?post=2906"}],"curies":[{"name":"wp","href":"https:\/\/api.w.org\/{rel}","templated":true}]}}