{"id":2869,"date":"2024-09-06T11:06:22","date_gmt":"2024-09-06T09:06:22","guid":{"rendered":"https:\/\/kunsthandel-puch.de\/produkt\/ladoration-des-bergers-cornelis-de-baellieur\/"},"modified":"2024-09-28T13:49:39","modified_gmt":"2024-09-28T11:49:39","slug":"ladoration-des-bergers-cornelis-de-baellieur","status":"publish","type":"product","link":"https:\/\/kunsthandel-puch.de\/fr\/produkt\/ladoration-des-bergers-cornelis-de-baellieur\/","title":{"rendered":"L&rsquo;adoration des bergers &#8211; Cornelis de Baellieur"},"content":{"rendered":"<h3><strong>L&rsquo;Adoration des bergers de Cornelis de Baellieur : un chef-d&rsquo;\u0153uvre sur cuivre<\/strong><\/h3>\n<h4 class=\"hidden\" style=\"text-align: center;\">Vendre et acheter des tableaux n\u00e9erlandais anciens originaux dans le sud de l&rsquo;Allemagne, dans la r\u00e9gion de Munich<\/h4>\n<p>Le tableau <em>L&rsquo;Adoration des bergers<\/em>, attribu\u00e9 <a href=\"https:\/\/en.wikipedia.org\/wiki\/Cornelis_de_Baellieur\" target=\"_blank\" rel=\"noopener\">\u00e0 Cornelis de Baellieur<\/a> (1607 &#8211; 1671), est un exemple fascinant de l&rsquo;art baroque. Baellieur, un peintre flamand d&rsquo;Anvers, a cr\u00e9\u00e9 de nombreuses sc\u00e8nes bibliques connues pour leur style d\u00e9taill\u00e9 et leur profondeur \u00e9motionnelle. Cette \u0153uvre, peinte \u00e0 l&rsquo;huile sur cuivre, repr\u00e9sente l&rsquo;une des sc\u00e8nes les plus importantes de l&rsquo;iconographie chr\u00e9tienne : la Nativit\u00e9, entour\u00e9e de bergers en adoration devant l&rsquo;enfant nouveau-n\u00e9.<\/p>\n<h4 class=\"hidden\" style=\"text-align: center;\">Vendre et acheter des tableaux hollandais anciens originaux dans le sud de l&rsquo;Allemagne et en Autriche<\/h4>\n<p>Le m\u00e9dium de l&rsquo;huile sur cuivre conf\u00e8re \u00e0 l&rsquo;image une luminosit\u00e9 particuli\u00e8re et une finesse de d\u00e9tail. L&rsquo;utilisation du cuivre comme support n&rsquo;\u00e9tait pas rare \u00e0 l&rsquo;\u00e9poque baroque, car il offre une surface lisse qui permet des coups de pinceau fins et une repr\u00e9sentation pr\u00e9cise. Le tableau se distingue par ses couleurs intenses qui captent magistralement la lumi\u00e8re dans le d\u00e9cor &#8211; une marque de fabrique de la peinture baroque flamande.<\/p>\n<p>Au centre de l&rsquo;image se trouve l&rsquo;enfant J\u00e9sus, entour\u00e9 de Marie et de Joseph qui le prot\u00e8gent. Les bergers, repr\u00e9sent\u00e9s comme des gens simples, symbolisent l&rsquo;humilit\u00e9 et le respect avec lesquels ils rencontrent l&rsquo;enfant divin. La sc\u00e8ne est orn\u00e9e de riches d\u00e9tails : des plis des v\u00eatements aux visages lumineux des personnages, saisis par la pr\u00e9sence du Sauveur.<\/p>\n<h4 class=\"hidden\" style=\"text-align: center;\">Acheter des tableaux n\u00e9erlandais anciens originaux \u00e0 Munich et en Suisse<\/h4>\n<p>Cornelis de Baellieur \u00e9tait connu pour ses petits personnages d\u00e9taill\u00e9s, qu&rsquo;il repr\u00e9sentait avec une grande pr\u00e9cision dans ses compositions. Cette \u0153uvre est un excellent exemple de sa capacit\u00e9 \u00e0 repr\u00e9senter des sc\u00e8nes complexes dans un format compact tout en pr\u00e9servant la profondeur et l&rsquo;intensit\u00e9 dramatique de l&rsquo;action. <em>L&rsquo;Adoration des bergers<\/em> reste un t\u00e9moignage impressionnant de l&rsquo;art flamand et de la d\u00e9votion spirituelle.<\/p>\n<h3>Vers l&rsquo;objet :<\/h3>\n<h4 class=\"hidden\" style=\"text-align: center;\">Vendre des tableaux anciens originaux dans le sud de l&rsquo;Allemagne, dans la r\u00e9gion de Munich et en Autriche<\/h4>\n<p>Les dimensions du tableau huile sur cuivre sont de 30,8 cm de hauteur x 23,9 cm de largeur et les dimensions avec cadre sont de 41,2 cm de hauteur x 34,4 cm de largeur.<br \/>\nLa <a href=\"https:\/\/kunsthandel-puch.de\/fr\/produkt-kategorie\/peintures\/\">peinture \u00e0 l&rsquo;huile<\/a> sur cuivre est en excellent \u00e9tat, mais il y a de petites diff\u00e9rences de couleur, le cadre en bois profil\u00e9 et \u00e9bonis\u00e9 est le cadre original de l&rsquo;\u00e9poque.<\/p>\n<p>Date de cr\u00e9ation seconde moiti\u00e9 du XVIIe si\u00e8cle.<\/p>\n<p>Le tableau provient d&rsquo;une collection priv\u00e9e au Qu\u00e9bec\/ Canada.<\/p>\n<p>Une pi\u00e8ce de collection rare !<\/p>\n<p><a href=\"\/?product_cat=gem%C3%A4lde\"><input class=\"wpcf7-form-control wpcf7-submit has-spinner\" style=\"border-radius: 18px;\" type=\"submit\" value=\"Vers les peintures\"><\/a><\/p>\n","protected":false},"excerpt":{"rendered":"<p><strong>Origine<\/strong><br \/>\nPays-Bas\/ Anvers<br \/>\n<strong>Vieux<\/strong><br \/>\nvers 1650 &#8211; 70<br \/>\n<strong>Taille<br \/>\n<\/strong>41,2 cm x 34,4 cm<strong><br \/>\nAncien propri\u00e9taire<br \/>\n<\/strong>Collection priv\u00e9e Qu\u00e9bec\/ Canada<\/p>\n","protected":false},"featured_media":2851,"template":"","meta":[],"product_brand":[],"product_cat":[304,325,320,315,288],"product_tag":[],"class_list":{"0":"post-2869","1":"product","2":"type-product","3":"status-publish","4":"has-post-thumbnail","6":"product_cat-17e-siecle-fr-2","7":"product_cat-cuivre","8":"product_cat-pays-bas","9":"product_cat-peinture-a-lhuile-fr","10":"product_cat-peintures","11":"","12":"woocommerce-text-align-center","13":"woocommerce-image-align-center","14":"do-quantity-buttons","16":"first","17":"instock","18":"shipping-taxable","19":"product-type-simple"},"_links":{"self":[{"href":"https:\/\/kunsthandel-puch.de\/fr\/wp-json\/wp\/v2\/product\/2869","targetHints":{"allow":["GET"]}}],"collection":[{"href":"https:\/\/kunsthandel-puch.de\/fr\/wp-json\/wp\/v2\/product"}],"about":[{"href":"https:\/\/kunsthandel-puch.de\/fr\/wp-json\/wp\/v2\/types\/product"}],"wp:featuredmedia":[{"embeddable":true,"href":"https:\/\/kunsthandel-puch.de\/fr\/wp-json\/wp\/v2\/media\/2851"}],"wp:attachment":[{"href":"https:\/\/kunsthandel-puch.de\/fr\/wp-json\/wp\/v2\/media?parent=2869"}],"wp:term":[{"taxonomy":"product_brand","embeddable":true,"href":"https:\/\/kunsthandel-puch.de\/fr\/wp-json\/wp\/v2\/product_brand?post=2869"},{"taxonomy":"product_cat","embeddable":true,"href":"https:\/\/kunsthandel-puch.de\/fr\/wp-json\/wp\/v2\/product_cat?post=2869"},{"taxonomy":"product_tag","embeddable":true,"href":"https:\/\/kunsthandel-puch.de\/fr\/wp-json\/wp\/v2\/product_tag?post=2869"}],"curies":[{"name":"wp","href":"https:\/\/api.w.org\/{rel}","templated":true}]}}