{"id":2791,"date":"2024-09-04T14:15:56","date_gmt":"2024-09-04T12:15:56","guid":{"rendered":"https:\/\/kunsthandel-puch.de\/produkt\/ladoration-des-mages-ecole-italienne\/"},"modified":"2024-09-28T13:56:55","modified_gmt":"2024-09-28T11:56:55","slug":"ladoration-des-mages-ecole-italienne","status":"publish","type":"product","link":"https:\/\/kunsthandel-puch.de\/fr\/produkt\/ladoration-des-mages-ecole-italienne\/","title":{"rendered":"L&rsquo;Adoration des Mages- \u00c9cole italienne"},"content":{"rendered":"<h3>L&rsquo;Adoration des Mages &#8211; \u00c9cole italienne<\/h3>\n<h4 class=\"hidden\" style=\"text-align: center;\">Tableaux anciens originaux de ma\u00eetres italiens \u00e0 vendre et \u00e0 acheter \u00e0 Munich<\/h4>\n<p>Le tableau<a href=\"https:\/\/de.wikipedia.org\/wiki\/Anbetung_der_K%C3%B6nige\" target=\"_blank\" rel=\"noopener\">\u00ab\u00a0L&rsquo;Adoration des Mages<\/a>\u00a0\u00bb appartient \u00e0 l&rsquo;\u00e9cole italienne et a \u00e9t\u00e9 r\u00e9alis\u00e9 vers 1670-1700. A cette \u00e9poque, la peinture religieuse \u00e9tait un moyen d&rsquo;expression important, tr\u00e8s appr\u00e9ci\u00e9 et bien implant\u00e9 dans les \u00e9glises et les collections priv\u00e9es. La peinture \u00e0 l&rsquo;huile sur cuivre \u00e9tait particuli\u00e8rement populaire au 17e\/ 18e si\u00e8cle, car ce m\u00e9dium permettait d&rsquo;obtenir des d\u00e9tails fins et des couleurs vives. Les artistes de cette \u00e9poque accordaient une grande importance \u00e0 la repr\u00e9sentation de sc\u00e8nes religieuses, qui ne servaient pas seulement \u00e0 l&rsquo;\u00e9dification spirituelle, mais \u00e9taient \u00e9galement consid\u00e9r\u00e9es comme un symbole de richesse et d&rsquo;\u00e9ducation pour leurs propri\u00e9taires.<\/p>\n<h3>Description du tableau :<\/h3>\n<h4 class=\"hidden\" style=\"text-align: center;\">Vendre et acheter des tableaux italiens anciens originaux dans le sud de l&rsquo;Allemagne, r\u00e9gion de Munich<\/h4>\n<p>Le <a href=\"https:\/\/kunsthandel-puch.de\/fr\/produkt-kategorie\/peintures\/\">tableau<\/a> repr\u00e9sente une sc\u00e8ne classique de l&rsquo;iconographie chr\u00e9tienne : l&rsquo;adoration de l&rsquo;enfant J\u00e9sus nouveau-n\u00e9 par Marie au centre, Joseph et les trois mages venus d&rsquo;Orient, Caspar, Melchior et Balthazar. Au centre de l&rsquo;image, Marie, assise, pr\u00e9sente l&rsquo;enfant J\u00e9sus sur ses genoux, Joseph, \u00e9merveill\u00e9, se tient \u00e0 ses c\u00f4t\u00e9s (\u00e0 droite). Les trois rois contemplent respectueusement le nouveau-n\u00e9 dans la partie gauche de l&rsquo;image, chacun d&rsquo;entre eux tenant dans ses mains un cadeau pr\u00e9cieux, symbole de l&rsquo;or, de l&rsquo;encens et de la myrrhe.<\/p>\n<h4 class=\"hidden\" style=\"text-align: center;\">Peintures italiennes anciennes originales \u00e0 vendre et \u00e0 acheter \u00e0 des experts \u00e0 Munich<\/h4>\n<p>Les personnages sont magistralement travaill\u00e9s, avec une attention particuli\u00e8re port\u00e9e \u00e0 la texture de leurs v\u00eatements. Celles-ci sont peintes dans des couleurs somptueuses, qui poss\u00e8dent une luminosit\u00e9 particuli\u00e8re gr\u00e2ce \u00e0 la peinture \u00e0 l&rsquo;huile sur cuivre. Les visages des protagonistes d\u00e9gagent une profonde \u00e9motion spirituelle, renforc\u00e9e par la d\u00e9licatesse du modelage et le jeu d&rsquo;ombre et de lumi\u00e8re.<\/p>\n<h4 class=\"hidden\" style=\"text-align: center;\">Peintures anciennes originales de l&rsquo;\u00e9cole italienne \u00e0 vendre et \u00e0 acheter \u00e0 Munich<\/h4>\n<p>Le cadre qui entoure le tableau est constitu\u00e9 de baguettes profil\u00e9es et est d\u00e9cor\u00e9 d&rsquo;\u00e9caille de tortue, ce qui ajoute encore \u00e0 la valeur de l&rsquo;\u0153uvre. L&rsquo;\u00e9caille de tortue \u00e9tait un mat\u00e9riau luxueux et co\u00fbteux au 18e si\u00e8cle, ce qui souligne la grande valeur de l&rsquo;image. Dans l&rsquo;ensemble, l&rsquo;\u0153uvre allie la ma\u00eetrise artistique \u00e0 un profond symbolisme religieux et est exemplaire de la grande qualit\u00e9 de la peinture italienne de cette \u00e9poque.<\/p>\n<p>La peinture est en tr\u00e8s bon \u00e9tat de conservation.<\/p>\n<p>Une pi\u00e8ce de collection charmante et rare !<\/p>\n<p><a href=\"\/?product_cat=gem%C3%A4lde\"><input class=\"wpcf7-form-control wpcf7-submit has-spinner\" style=\"border-radius: 18px;\" type=\"submit\" value=\"Vers les peintures\"><\/a><\/p>\n","protected":false},"excerpt":{"rendered":"<p><strong>Origine<\/strong><br \/>\nItalie<br \/>\n<strong>Vieux<\/strong><br \/>\nvers 1670- 1700<br \/>\n<strong>Taille<br \/>\n<\/strong>30,7 cm x 36,4 cm<strong><br \/>\nAncien propri\u00e9taire<br \/>\n<\/strong>Collection priv\u00e9e munichoise<\/p>\n","protected":false},"featured_media":2775,"template":"","meta":[],"product_brand":[],"product_cat":[304,325,324,315,288],"product_tag":[],"class_list":{"0":"post-2791","1":"product","2":"type-product","3":"status-publish","4":"has-post-thumbnail","6":"product_cat-17e-siecle-fr-2","7":"product_cat-cuivre","8":"product_cat-italie-fr-2","9":"product_cat-peinture-a-lhuile-fr","10":"product_cat-peintures","11":"","12":"woocommerce-text-align-center","13":"woocommerce-image-align-center","14":"do-quantity-buttons","16":"first","17":"instock","18":"shipping-taxable","19":"product-type-simple"},"_links":{"self":[{"href":"https:\/\/kunsthandel-puch.de\/fr\/wp-json\/wp\/v2\/product\/2791","targetHints":{"allow":["GET"]}}],"collection":[{"href":"https:\/\/kunsthandel-puch.de\/fr\/wp-json\/wp\/v2\/product"}],"about":[{"href":"https:\/\/kunsthandel-puch.de\/fr\/wp-json\/wp\/v2\/types\/product"}],"wp:featuredmedia":[{"embeddable":true,"href":"https:\/\/kunsthandel-puch.de\/fr\/wp-json\/wp\/v2\/media\/2775"}],"wp:attachment":[{"href":"https:\/\/kunsthandel-puch.de\/fr\/wp-json\/wp\/v2\/media?parent=2791"}],"wp:term":[{"taxonomy":"product_brand","embeddable":true,"href":"https:\/\/kunsthandel-puch.de\/fr\/wp-json\/wp\/v2\/product_brand?post=2791"},{"taxonomy":"product_cat","embeddable":true,"href":"https:\/\/kunsthandel-puch.de\/fr\/wp-json\/wp\/v2\/product_cat?post=2791"},{"taxonomy":"product_tag","embeddable":true,"href":"https:\/\/kunsthandel-puch.de\/fr\/wp-json\/wp\/v2\/product_tag?post=2791"}],"curies":[{"name":"wp","href":"https:\/\/api.w.org\/{rel}","templated":true}]}}