{"id":2668,"date":"2024-08-31T11:43:37","date_gmt":"2024-08-31T09:43:37","guid":{"rendered":"https:\/\/kunsthandel-puch.de\/produkt\/jacob-de-backer-junon-et-saturne\/"},"modified":"2024-09-28T14:10:05","modified_gmt":"2024-09-28T12:10:05","slug":"jacob-de-backer-junon-et-saturne","status":"publish","type":"product","link":"https:\/\/kunsthandel-puch.de\/fr\/produkt\/jacob-de-backer-junon-et-saturne\/","title":{"rendered":"Jacob de Backer \u00ab\u00a0Junon et Saturne\u00a0\u00bb."},"content":{"rendered":"<h3>Les chefs-d&rsquo;\u0153uvre de Jacob de Backer : all\u00e9gorie et symbolisme dans la peinture n\u00e9erlandaise<\/h3>\n<h4 class=\"hidden\" style=\"text-align: center;\">Vendre et acheter des tableaux n\u00e9erlandais anciens originaux dans le sud de l&rsquo;Allemagne, dans la r\u00e9gion de Munich<\/h4>\n<p>La peinture n\u00e9erlandaise a connu son apog\u00e9e au XVIe si\u00e8cle, notamment gr\u00e2ce aux \u0153uvres d&rsquo;artistes talentueux comme <a href=\"https:\/\/en.wikipedia.org\/wiki\/Jacob_de_Backer\" target=\"_blank\" rel=\"noopener\">Jacob de Backer<\/a>. Jacob de Backer, peintre anversois actif entre 1570 et 1600, fut l&rsquo;un des principaux repr\u00e9sentants de la peinture flamande. Ses \u0153uvres sont connues pour leurs couleurs intenses, leur souci du d\u00e9tail prononc\u00e9 et leur repr\u00e9sentation raffin\u00e9e de th\u00e8mes mythologiques et all\u00e9goriques.<\/p>\n<h4 class=\"hidden\" style=\"text-align: center;\">Peintures anciennes n\u00e9erlandaises de Jacob de Backer en vente \u00e0 Munich<\/h4>\n<p>Les \u0153uvres de De Backer, souvent des repr\u00e9sentations all\u00e9goriques, ne refl\u00e8tent pas seulement les tendances artistiques de son \u00e9poque, mais aussi les r\u00e9flexions philosophiques et morales qui \u00e9taient tr\u00e8s importantes \u00e0 la Renaissance et \u00e0 l&rsquo;\u00e9poque baroque. Ses peintures se caract\u00e9risent par un symbolisme profond qui invite le spectateur \u00e0 penser au-del\u00e0 des sc\u00e8nes repr\u00e9sent\u00e9es et \u00e0 en saisir la signification profonde. De Backer y combinait magistralement des motifs mythologiques et des portraits r\u00e9alistes, ce qui conf\u00e9rait \u00e0 ses \u0153uvres une force expressive particuli\u00e8re.<\/p>\n<h3>Vers le tableau :<\/h3>\n<h4 class=\"hidden\" style=\"text-align: center;\">Peintures originales de ma\u00eetres n\u00e9erlandais anciens \u00e0 vendre et \u00e0 acheter dans le sud de l&rsquo;Allemagne, dans la r\u00e9gion de Munich<\/h4>\n<p>Un exemple impressionnant de son art est la peinture \u00e0 l&rsquo;huile sur panneau de bois repr\u00e9sentant une all\u00e9gorie avec Junon et Saturne, qui provient de l&rsquo;atelier de Jacob de Backer.<\/p>\n<p>Le tableau mesure 66,2 cm de long et 49,5 cm de large sans le cadre et se distingue par sa grande qualit\u00e9 et sa finition soign\u00e9e.<\/p>\n<p>Dans cette \u0153uvre, la d\u00e9esse Junon, sous la forme de V\u00e9nus, est montr\u00e9e de face au spectateur, tandis que son symbole, le paon, se tient \u00e0 ses pieds. Elle tient dans sa main gauche des pi\u00e8ces de monnaie et dans sa main droite une coupe en or. Saturne, que l&rsquo;on voit \u00e0 gauche de l&rsquo;image, montre au spectateur son dos muscl\u00e9. En arri\u00e8re-plan, le roi Minas \u00e9merge d&rsquo;une rivi\u00e8re, sa robe dor\u00e9e reposant sur la rive.<\/p>\n<h4 class=\"hidden\" style=\"text-align: center;\">Vendre et acheter des tableaux n\u00e9erlandais anciens dans le sud de l&rsquo;Allemagne<\/h4>\n<p>Le <a href=\"https:\/\/kunsthandel-puch.de\/fr\/produkt-kategorie\/peintures\/\">tableau<\/a>, conserv\u00e9 presque dans son \u00e9tat d&rsquo;origine, montre l&rsquo;extraordinaire habilet\u00e9 de Jacob de Backer et illustre son importance dans la peinture n\u00e9erlandaise du XVIe si\u00e8cle.<\/p>\n<p>L\u00e9g\u00e8res nuances de couleur au niveau du joint le long des deux panneaux de bois.<\/p>\n<p>Expertise Dr. Ursula H\u00e4rting 2018.<\/p>\n<p>Une pi\u00e8ce de collection !<\/p>\n<p><a href=\"\/?product_cat=gem%C3%A4lde\"><input class=\"wpcf7-form-control wpcf7-submit has-spinner\" style=\"border-radius: 18px;\" type=\"submit\" value=\"Vers les peintures\"><\/a><\/p>\n","protected":false},"excerpt":{"rendered":"<p><strong>Origine<\/strong><br \/>\nPays-Bas<br \/>\n<strong>Vieux<\/strong><br \/>\nvers 1580<br \/>\n<strong>Taille<br \/>\n<\/strong>66,2 cm x 49,5 cm<strong><br \/>\nAnciens propri\u00e9taires<br \/>\n<\/strong>Collection priv\u00e9e munichoise<\/p>\n","protected":false},"featured_media":2640,"template":"","meta":[],"product_brand":[],"product_cat":[303,319,320,315,288],"product_tag":[],"class_list":{"0":"post-2668","1":"product","2":"type-product","3":"status-publish","4":"has-post-thumbnail","6":"product_cat-16e-siecle-fr","7":"product_cat-bois-fr","8":"product_cat-pays-bas","9":"product_cat-peinture-a-lhuile-fr","10":"product_cat-peintures","11":"","12":"woocommerce-text-align-center","13":"woocommerce-image-align-center","14":"do-quantity-buttons","16":"first","17":"instock","18":"shipping-taxable","19":"product-type-simple"},"_links":{"self":[{"href":"https:\/\/kunsthandel-puch.de\/fr\/wp-json\/wp\/v2\/product\/2668","targetHints":{"allow":["GET"]}}],"collection":[{"href":"https:\/\/kunsthandel-puch.de\/fr\/wp-json\/wp\/v2\/product"}],"about":[{"href":"https:\/\/kunsthandel-puch.de\/fr\/wp-json\/wp\/v2\/types\/product"}],"wp:featuredmedia":[{"embeddable":true,"href":"https:\/\/kunsthandel-puch.de\/fr\/wp-json\/wp\/v2\/media\/2640"}],"wp:attachment":[{"href":"https:\/\/kunsthandel-puch.de\/fr\/wp-json\/wp\/v2\/media?parent=2668"}],"wp:term":[{"taxonomy":"product_brand","embeddable":true,"href":"https:\/\/kunsthandel-puch.de\/fr\/wp-json\/wp\/v2\/product_brand?post=2668"},{"taxonomy":"product_cat","embeddable":true,"href":"https:\/\/kunsthandel-puch.de\/fr\/wp-json\/wp\/v2\/product_cat?post=2668"},{"taxonomy":"product_tag","embeddable":true,"href":"https:\/\/kunsthandel-puch.de\/fr\/wp-json\/wp\/v2\/product_tag?post=2668"}],"curies":[{"name":"wp","href":"https:\/\/api.w.org\/{rel}","templated":true}]}}