{"id":2665,"date":"2024-09-01T17:25:21","date_gmt":"2024-09-01T15:25:21","guid":{"rendered":"https:\/\/kunsthandel-puch.de\/produkt\/sainte-odile-dalsace\/"},"modified":"2024-09-28T14:05:03","modified_gmt":"2024-09-28T12:05:03","slug":"sainte-odile-dalsace","status":"publish","type":"product","link":"https:\/\/kunsthandel-puch.de\/fr\/produkt\/sainte-odile-dalsace\/","title":{"rendered":"Sainte Odile d&rsquo;Alsace"},"content":{"rendered":"<h3><strong>Sainte Odile d&rsquo;Alsace : patronne des aveugles et de l&rsquo;ophtalmologie<\/strong><\/h3>\n<h4 class=\"hidden\" style=\"text-align: center;\">Vendre et acheter des tableaux anciens originaux de style rococo \u00e0 Munich<\/h4>\n<p>Sainte <a href=\"https:\/\/de.wikipedia.org\/wiki\/Odilia\" target=\"_blank\" rel=\"noopener\">Odile d&rsquo;Alsace<\/a>, \u00e9galement appel\u00e9e <b>Odile<\/b>, <b>Odile<\/b> ou <b>Ottilie<\/b>, n\u00e9e vers 660 apr\u00e8s J.-C., est l&rsquo;une des saintes les plus importantes de la r\u00e9gion alsacienne et est v\u00e9n\u00e9r\u00e9e en particulier comme patronne des aveugles et pour l&rsquo;ophtalmologie. L&rsquo;histoire de sa vie est marqu\u00e9e par une foi profonde, des \u00e9v\u00e9nements miraculeux et un leadership exceptionnel. Cette femme, qui est devenue une figure embl\u00e9matique du christianisme malgr\u00e9 de nombreuses adversit\u00e9s, a inspir\u00e9 de nombreuses personnes. Elle re\u00e7ut de son p\u00e8re une propri\u00e9t\u00e9 au Hohenburg en Alsace &#8211; le futur Mont <i>Sainte-Odile<\/i>&#8211; o\u00f9 elle fonda un monast\u00e8re en 690.<\/p>\n<h4 class=\"hidden\" style=\"text-align: center;\">Tableau ancien original de ma\u00eetre du sud de l&rsquo;Allemagne \u00e0 vendre et \u00e0 acheter \u00e0 Munich<\/h4>\n<p>Une impressionnante peinture \u00e0 l&rsquo;huile du XVIIIe si\u00e8cle retrace les principales \u00e9tapes de sa vie et illustre l&rsquo;importance de ses actions pour la post\u00e9rit\u00e9.<\/p>\n<h3><strong>Vers le tableau :<\/strong><\/h3>\n<h3><strong>Sainte Odile et les \u00e9tapes de sa vie<\/strong><\/h3>\n<h4 class=\"hidden\" style=\"text-align: center;\">Peintures anciennes originales Ma\u00eetre vendre et acheter expert pr\u00e8s de Munich<\/h4>\n<p>La <a href=\"https:\/\/kunsthandel-puch.de\/fr\/produkt-kategorie\/peintures\/\">peinture \u00e0 l&rsquo;huile<\/a> montre sainte Odile baptis\u00e9e \u00e0 l&rsquo;\u00e2ge de douze ans par l&rsquo;\u00e9v\u00eaque Erhard de Ratisbonne et recouvrant miraculeusement la vue, autour du th\u00e8me central de huit \u00e9tapes de la vie de sainte Odile, comme suit.<\/p>\n<ol>\n<li>Sainte Odile est n\u00e9e aveugle<\/li>\n<li>Votre p\u00e8re cherche \u00e0 vous tuer.<\/li>\n<li>Elle est emmen\u00e9e par sa m\u00e8re au couvent de Baume-les-Dames, dans l&rsquo;arrondissement de Besan\u00e7on, pour y \u00eatre prot\u00e9g\u00e9e.<\/li>\n<li>P\u00e8re est exhort\u00e9 par l&rsquo;inspiration divine \u00e0 baptiser sainte Odile.<\/li>\n<li>L&rsquo;image principale (au centre) re\u00e7oit le bapt\u00eame de l&rsquo;\u00e9v\u00eaque Erhard de Ratisbonne.<\/li>\n<li>Elle re\u00e7oit les fonds et les biens de son p\u00e8re<\/li>\n<li>Construit un couvent de 130 vierges<\/li>\n<li>A \u00e9t\u00e9 abbesse du monast\u00e8re du Mont<i>Sainte-Odile<\/i>.<\/li>\n<li>Mort de sainte Odile et gu\u00e9rison miraculeuse autour du cercueil.<\/li>\n<li>Patronne et sainte miraculeuse des aveugles et des malades des yeux.<\/li>\n<\/ol>\n<p>Les dimensions du tableau sont H.60,0 cm x L.50,0 cm et les dimensions avec le cadre sont H.99,0 cm x L.73,0 cm.<br \/>\nL&rsquo;huile sur toile est en parfait \u00e9tat, le cadre en bois sculpt\u00e9 et dor\u00e9 est le cadre original de l&rsquo;\u00e9poque rococo.<\/p>\n<p>La p\u00e9riode de cr\u00e9ation vers 1750.<\/p>\n<h4 class=\"hidden\" style=\"text-align: center;\">Tableaux anciens originaux de ma\u00eetres du sud de l&rsquo;Allemagne en vente \u00e0 Munich<\/h4>\n<p>Il est ench\u00e2ss\u00e9 dans un cadre rococo parfaitement conserv\u00e9, sculpt\u00e9 et dor\u00e9.<\/p>\n<p>Le tableau provient d&rsquo;une collection priv\u00e9e munichoise.<\/p>\n<h4 class=\"hidden\" style=\"text-align: center;\">Acheter des tableaux anciens originaux de haute qualit\u00e9 de ma\u00eetres italiens dans le sud de l&rsquo;Allemagne<\/h4>\n<p>Cette \u0153uvre d&rsquo;art est dans son \u00e9tat de conservation d&rsquo;origine.<\/p>\n<p>Une pi\u00e8ce de collection rare !<\/p>\n<p><a href=\"\/?product_cat=gem%C3%A4lde\"><input class=\"wpcf7-form-control wpcf7-submit has-spinner\" style=\"border-radius: 18px;\" type=\"submit\" value=\"Vers les peintures\"><\/a><\/p>\n","protected":false},"excerpt":{"rendered":"<p><strong>Origine<\/strong><br \/>\nSud de l&rsquo;Allemagne<br \/>\n<strong>Vieux<\/strong><br \/>\nvers 1750<br \/>\n<strong>Taille<br \/>\n<\/strong>99,0 cm x 73,0 cm<strong><br \/>\nAnciens propri\u00e9taires<br \/>\n<\/strong>Collection priv\u00e9e munichoise<\/p>\n","protected":false},"featured_media":2653,"template":"","meta":[],"product_brand":[],"product_cat":[305,311,315,288,312],"product_tag":[],"class_list":{"0":"post-2665","1":"product","2":"type-product","3":"status-publish","4":"has-post-thumbnail","6":"product_cat-18e-siecle","7":"product_cat-allemagne-fr","8":"product_cat-peinture-a-lhuile-fr","9":"product_cat-peintures","10":"product_cat-toile","11":"","12":"woocommerce-text-align-center","13":"woocommerce-image-align-center","14":"do-quantity-buttons","16":"first","17":"instock","18":"shipping-taxable","19":"product-type-simple"},"_links":{"self":[{"href":"https:\/\/kunsthandel-puch.de\/fr\/wp-json\/wp\/v2\/product\/2665","targetHints":{"allow":["GET"]}}],"collection":[{"href":"https:\/\/kunsthandel-puch.de\/fr\/wp-json\/wp\/v2\/product"}],"about":[{"href":"https:\/\/kunsthandel-puch.de\/fr\/wp-json\/wp\/v2\/types\/product"}],"wp:featuredmedia":[{"embeddable":true,"href":"https:\/\/kunsthandel-puch.de\/fr\/wp-json\/wp\/v2\/media\/2653"}],"wp:attachment":[{"href":"https:\/\/kunsthandel-puch.de\/fr\/wp-json\/wp\/v2\/media?parent=2665"}],"wp:term":[{"taxonomy":"product_brand","embeddable":true,"href":"https:\/\/kunsthandel-puch.de\/fr\/wp-json\/wp\/v2\/product_brand?post=2665"},{"taxonomy":"product_cat","embeddable":true,"href":"https:\/\/kunsthandel-puch.de\/fr\/wp-json\/wp\/v2\/product_cat?post=2665"},{"taxonomy":"product_tag","embeddable":true,"href":"https:\/\/kunsthandel-puch.de\/fr\/wp-json\/wp\/v2\/product_tag?post=2665"}],"curies":[{"name":"wp","href":"https:\/\/api.w.org\/{rel}","templated":true}]}}