{"id":2422,"date":"2024-08-22T12:16:17","date_gmt":"2024-08-22T10:16:17","guid":{"rendered":"https:\/\/kunsthandel-puch.de\/?post_type=product&#038;p=2422"},"modified":"2024-10-02T13:05:48","modified_gmt":"2024-10-02T11:05:48","slug":"legende-de-jean-avec-scenes-de-vie-kopie","status":"publish","type":"product","link":"https:\/\/kunsthandel-puch.de\/fr\/produkt\/legende-de-jean-avec-scenes-de-vie-kopie\/","title":{"rendered":"V\u00e9n\u00e9rable saint du monast\u00e8re troglodyte de Kiev"},"content":{"rendered":"<h3 style=\"font-weight: 400;\">Sur le m\u00eame th\u00e8me :<\/h3>\n<h4 class=\"hidden\" style=\"text-align: center;\">Ic\u00f4nes russes anciennes originales \u00e0 vendre et \u00e0 acheter \u00e0 Munich<\/h4>\n<p>Le monast\u00e8re troglodytique de Kiev, \u00e9galement connu sous le nom de Kiev Pechersk Lavra, est l&rsquo;un des centres religieux et historiques les plus importants d&rsquo;Ukraine et du monde orthodoxe. Fond\u00e9e au 11e si\u00e8cle par les saints Antony et Feodosiy, la Pechersk Lavra de Kiev a conserv\u00e9 jusqu&rsquo;\u00e0 aujourd&rsquo;hui son immense importance religieuse et continue de servir de centre spirituel. Le monast\u00e8re troglodytique de Kiev, \u00e9galement connu sous le nom de Kiev Pechersk Lavra, reste donc un symbole de foi et d&rsquo;histoire.<\/p>\n<h4 class=\"hidden\" style=\"text-align: center;\">Achat d&rsquo;ic\u00f4nes anciennes \u00e0 Munich<\/h4>\n<p>Le monast\u00e8re n&rsquo;est pas seulement un lieu de pri\u00e8re et de m\u00e9ditation, c&rsquo;est aussi un tr\u00e9sor d&rsquo;art et de culture orthodoxe. Les complexes monastiques, dont la principale cath\u00e9drale de l&rsquo;Assomption, sont des exemples impressionnants d&rsquo;architecture byzantine et orthodoxe russe. Le monast\u00e8re a \u00e9t\u00e9 constamment agrandi et r\u00e9nov\u00e9 au fil des si\u00e8cles, ce qui en fait un lieu fascinant, refl\u00e9tant la riche histoire et les traditions de la r\u00e9gion.<\/p>\n<h3>Les v\u00e9n\u00e9rables saints du monast\u00e8re troglodyte de Kiev :<\/h3>\n<h4 class=\"hidden\" style=\"text-align: center;\">Vendre et acheter des ic\u00f4nes russes anciennes originales \u00e0 Munich et \u00e0 Londres<\/h4>\n<p>Russie, dat\u00e9 de 1782<br \/>\nPlanche en bois de cypr\u00e8s, tempera \u00e0 l&rsquo;\u0153uf sur fond de craie.<br \/>\nLa partie inf\u00e9rieure de l&rsquo;ic\u00f4ne montre au centre le b\u00e2timent principal du <a href=\"https:\/\/de.wikipedia.org\/wiki\/Kiewer_H%C3%B6hlenkloster\">monast\u00e8re troglodytique de Kiev<\/a>, d\u00e9di\u00e9 \u00e0 l&rsquo;Assomption de la Vierge.<\/p>\n<h4 class=\"hidden\" style=\"text-align: center;\">Acheter des ic\u00f4nes anciennes originales Munich<\/h4>\n<p>Les saints sont rassembl\u00e9s \u00e0 droite et \u00e0 gauche autour du monast\u00e8re troglodyte de Kiev. Dans la rang\u00e9e inf\u00e9rieure, les p\u00e8res monastiques Antonij et Feodosij avec des rouleaux, \u00e0 c\u00f4t\u00e9 de huit autres saints, dans la rang\u00e9e sup\u00e9rieure \u00e0 gauche Saint Pierre, le m\u00e9tropolite Jean et Saint Pantheleimon, \u00e0 droite Saint Paul, Sergij von Radonesch et Antonius der Einsiedler.<\/p>\n<p>Au centre de la partie sup\u00e9rieure de l&rsquo;image, dans les bancs de nuages, la M\u00e8re de Dieu soulage ma douleur, entour\u00e9e de sept anges. A leur gauche se trouve Saint Michel, avec Pierre le M\u00e9tropolite de Moscou comme \u00e9l\u00e9ment iconographique, entre les saints est incrust\u00e9e une croix miniature sculpt\u00e9e. A leur droite, Saint Gabriel, avec Philippe le premier Saint Patriarche de Moscou et de Russie et Alexei le premier porteur du titre m\u00e9tropolitain \u00e0 Moscou. Les saintes femmes se tiennent \u00e0 droite et \u00e0 gauche de chaque c\u00f4t\u00e9.<\/p>\n<h4 class=\"hidden\" style=\"text-align: center;\">Ic\u00f4nes anciennes \u00e0 vendre et \u00e0 acheter \u00e0 Munich<\/h4>\n<p>En haut, sur un autre banc de nuages, Dieu le P\u00e8re est repr\u00e9sent\u00e9 \u00e0 gauche, le Christ \u00e0 droite et le Saint-Esprit sous la forme d&rsquo;une colombe blanche au centre.<\/p>\n<p>Sur le bord sup\u00e9rieur de l&rsquo;ic\u00f4ne, il est \u00e9crit en slavon eccl\u00e9siastique :<\/p>\n<p>\u00ab\u00a0Portrait des v\u00e9n\u00e9rables saints p\u00e8res du monast\u00e8re troglodyte de Kiev\u00a0\u00bb<\/p>\n<p>Bon \u00e9tat de conservation avec des tons de couleur dans la marge inf\u00e9rieure.<\/p>\n<p>Une pi\u00e8ce de collection rare !<\/p>\n<p><a href=\"https:\/\/kunsthandel-puch.de\/fr\/produkt-kategorie\/icones\/\"><input class=\"wpcf7-form-control wpcf7-submit has-spinner\" style=\"border-radius: 18px;\" type=\"submit\" value=\"Vers les ic\u00f4nes\"><\/a><\/p>\n","protected":false},"excerpt":{"rendered":"<p><strong>Origine<\/strong><br \/>\nRussie<br \/>\n<strong>Vieux<\/strong><br \/>\ndat\u00e9 de 1782<br \/>\n<strong>Taille<br \/>\n<\/strong>36,2 cm x 31,2 cm<strong><br \/>\nAnciens propri\u00e9taires<br \/>\n<\/strong>Collection priv\u00e9e du Wurtemberg<\/p>\n","protected":false},"featured_media":2425,"template":"","meta":[],"product_brand":[],"product_cat":[178,197,269,170,176,172],"product_tag":[],"class_list":{"0":"post-2422","1":"product","2":"type-product","3":"status-publish","4":"has-post-thumbnail","6":"product_cat-18eme-siecle","7":"product_cat-bois-de-cypres","8":"product_cat-dorure","9":"product_cat-icones","10":"product_cat-peinture-a-la-detrempe","11":"product_cat-russie","12":"","13":"woocommerce-text-align-center","14":"woocommerce-image-align-center","15":"do-quantity-buttons","17":"first","18":"instock","19":"shipping-taxable","20":"product-type-simple"},"_links":{"self":[{"href":"https:\/\/kunsthandel-puch.de\/fr\/wp-json\/wp\/v2\/product\/2422","targetHints":{"allow":["GET"]}}],"collection":[{"href":"https:\/\/kunsthandel-puch.de\/fr\/wp-json\/wp\/v2\/product"}],"about":[{"href":"https:\/\/kunsthandel-puch.de\/fr\/wp-json\/wp\/v2\/types\/product"}],"wp:featuredmedia":[{"embeddable":true,"href":"https:\/\/kunsthandel-puch.de\/fr\/wp-json\/wp\/v2\/media\/2425"}],"wp:attachment":[{"href":"https:\/\/kunsthandel-puch.de\/fr\/wp-json\/wp\/v2\/media?parent=2422"}],"wp:term":[{"taxonomy":"product_brand","embeddable":true,"href":"https:\/\/kunsthandel-puch.de\/fr\/wp-json\/wp\/v2\/product_brand?post=2422"},{"taxonomy":"product_cat","embeddable":true,"href":"https:\/\/kunsthandel-puch.de\/fr\/wp-json\/wp\/v2\/product_cat?post=2422"},{"taxonomy":"product_tag","embeddable":true,"href":"https:\/\/kunsthandel-puch.de\/fr\/wp-json\/wp\/v2\/product_tag?post=2422"}],"curies":[{"name":"wp","href":"https:\/\/api.w.org\/{rel}","templated":true}]}}