{"id":2392,"date":"2024-08-22T10:10:14","date_gmt":"2024-08-22T08:10:14","guid":{"rendered":"https:\/\/kunsthandel-puch.de\/?post_type=product&#038;p=2392"},"modified":"2024-09-28T14:42:23","modified_gmt":"2024-09-28T12:42:23","slug":"pokrow-et-la-legende-de-romanos-kopie","status":"publish","type":"product","link":"https:\/\/kunsthandel-puch.de\/fr\/produkt\/pokrow-et-la-legende-de-romanos-kopie\/","title":{"rendered":"L\u00e9gende de Jean avec sc\u00e8nes de vie"},"content":{"rendered":"<h3>Sur le m\u00eame th\u00e8me :<\/h3>\n<h4 class=\"hidden\" style=\"text-align: center;\">Ic\u00f4nes anciennes rares \u00e0 vendre et \u00e0 acheter \u00e0 Munich<\/h4>\n<p>Saint <a href=\"https:\/\/de.wikipedia.org\/wiki\/Johannes_der_T%C3%A4ufer\">Jean-Baptiste<\/a>est une figure centrale du christianisme, v\u00e9n\u00e9r\u00e9e \u00e0 la fois par l&rsquo;\u00c9glise orthodoxe et par l&rsquo;\u00c9glise occidentale. Une repr\u00e9sentation particuli\u00e8re de sa vie se trouve dans une <a href=\"https:\/\/kunsthandel-puch.de\/fr\/produkt-kategorie\/icones\/\">ic\u00f4ne<\/a> russe repr\u00e9sentant Saint Jean-Baptiste avec ses sc\u00e8nes de vie de la prestigieuse \u00e9cole de peinture de Palech, dat\u00e9e des ann\u00e9es 1860-1880.<\/p>\n<h4 class=\"hidden\" style=\"text-align: center;\">Acheter des ic\u00f4nes anciennes en Allemagne<\/h4>\n<h3>Jean-Baptiste avec sc\u00e8nes de vie :<\/h3>\n<h4 class=\"hidden\" style=\"text-align: center;\">Ic\u00f4nes anciennes \u00e0 vendre et \u00e0 acheter \u00e0 Munich<\/h4>\n<p>Cette ic\u00f4ne illustre en 12 images d\u00e9taill\u00e9es les principales \u00e9tapes de sa vie. Au centre de l&rsquo;ic\u00f4ne se trouve saint Jean avec des ailes, au-dessus duquel plane le P\u00e8re de Dieu, ce qui symbolise la destin\u00e9e divine de Jean.<\/p>\n<p>Dans la premi\u00e8re image, on voit le p\u00e8re de saint Jean, Zacharie, qui servait de grand pr\u00eatre.<br \/>\nLa deuxi\u00e8me image montre sa m\u00e8re, Elisabeth, qui est miraculeusement tomb\u00e9e enceinte malgr\u00e9 son \u00e2ge avanc\u00e9.<br \/>\nLe troisi\u00e8me tableau repr\u00e9sente la naissance de Saint Jean, un \u00e9v\u00e9nement d&rsquo;une grande importance.<br \/>\nLe quatri\u00e8me tableau repr\u00e9sente la fuite d&rsquo;Elisabeth avec le nouveau-n\u00e9 Jean pour le prot\u00e9ger de la pers\u00e9cution du roi H\u00e9rode.<br \/>\nLa cinqui\u00e8me image montre Jean dans le d\u00e9sert, o\u00f9 il vivait parmi les animaux sauvages et se pr\u00e9parait \u00e0 sa mission proph\u00e9tique.<br \/>\nLa sixi\u00e8me sc\u00e8ne montre le bapt\u00eame de J\u00e9sus dans le Jourdain, un moment cl\u00e9 de la vie de Jean.<br \/>\nLa septi\u00e8me image repr\u00e9sente le bapt\u00eame des compagnons de saint Jean, ce qui souligne encore davantage son r\u00f4le de guide spirituel.<br \/>\nLa huiti\u00e8me sc\u00e8ne montre la confrontation de Saint Jean avec H\u00e9rode, qui a finalement conduit \u00e0 son emprisonnement.<br \/>\nLe neuvi\u00e8me tableau repr\u00e9sente la cruelle d\u00e9capitation de saint Jean, un moment hautement symbolique de son martyre.<br \/>\nLe dixi\u00e8me tableau est celui de la mise au tombeau, un moment de calme apr\u00e8s l&rsquo;horreur de l&rsquo;ex\u00e9cution.<br \/>\nLa onzi\u00e8me image montre la d\u00e9couverte de sa t\u00eate, une l\u00e9gende qui a encore renforc\u00e9 sa v\u00e9n\u00e9ration.<br \/>\nEnfin, la douzi\u00e8me sc\u00e8ne repr\u00e9sente l&rsquo;\u00e9l\u00e9vation eccl\u00e9siastique de saint Jean, signe de son importance permanente pour les croyants.<\/p>\n<p>Cette ic\u00f4ne est un t\u00e9moignage unique de l&rsquo;art russe des ic\u00f4nes et offre une r\u00e9flexion profonde et riche en symboles sur la vie de saint Jean.<\/p>\n<h4 class=\"hidden\" style=\"text-align: center;\">Vieilles ic\u00f4nes originales en vente et en achat \u00e0 D\u00fcsseldorff<\/h4>\n<p>L&rsquo;ic\u00f4ne est dans un excellent \u00e9tat d&rsquo;origine<\/p>\n<p>Une pi\u00e8ce de collection !<\/p>\n<p><a href=\"https:\/\/kunsthandel-puch.de\/fr\/produkt-kategorie\/icones\/\"><input class=\"wpcf7-form-control wpcf7-submit has-spinner\" style=\"border-radius: 18px;\" type=\"submit\" value=\"Vers les ic\u00f4nes\"><\/a><\/p>\n","protected":false},"excerpt":{"rendered":"<p><strong>Origine<\/strong><br \/>\nRussie\/ Palech<br \/>\n<strong>Vieux<\/strong><br \/>\nvers 1860 &#8211; 1870<br \/>\n<strong>Taille<br \/>\n<\/strong>35,5 cm x 30,5 cm<strong><br \/>\n<strong>Ancien propri\u00e9taire<\/strong><br \/>\n<\/strong>Collection priv\u00e9e du Wurtemberg<\/p>\n","protected":false},"featured_media":2395,"template":"","meta":[],"product_brand":[],"product_cat":[178,283,170,275,176,276,172],"product_tag":[],"class_list":{"0":"post-2392","1":"product","2":"type-product","3":"status-publish","4":"has-post-thumbnail","6":"product_cat-18eme-siecle","7":"product_cat-ecole-de-peinture-de-palech","8":"product_cat-icones","9":"product_cat-palech-fr","10":"product_cat-peinture-a-la-detrempe","11":"product_cat-peinture-fine","12":"product_cat-russie","13":"","14":"woocommerce-text-align-center","15":"woocommerce-image-align-center","16":"do-quantity-buttons","18":"first","19":"instock","20":"shipping-taxable","21":"product-type-simple"},"_links":{"self":[{"href":"https:\/\/kunsthandel-puch.de\/fr\/wp-json\/wp\/v2\/product\/2392","targetHints":{"allow":["GET"]}}],"collection":[{"href":"https:\/\/kunsthandel-puch.de\/fr\/wp-json\/wp\/v2\/product"}],"about":[{"href":"https:\/\/kunsthandel-puch.de\/fr\/wp-json\/wp\/v2\/types\/product"}],"wp:featuredmedia":[{"embeddable":true,"href":"https:\/\/kunsthandel-puch.de\/fr\/wp-json\/wp\/v2\/media\/2395"}],"wp:attachment":[{"href":"https:\/\/kunsthandel-puch.de\/fr\/wp-json\/wp\/v2\/media?parent=2392"}],"wp:term":[{"taxonomy":"product_brand","embeddable":true,"href":"https:\/\/kunsthandel-puch.de\/fr\/wp-json\/wp\/v2\/product_brand?post=2392"},{"taxonomy":"product_cat","embeddable":true,"href":"https:\/\/kunsthandel-puch.de\/fr\/wp-json\/wp\/v2\/product_cat?post=2392"},{"taxonomy":"product_tag","embeddable":true,"href":"https:\/\/kunsthandel-puch.de\/fr\/wp-json\/wp\/v2\/product_tag?post=2392"}],"curies":[{"name":"wp","href":"https:\/\/api.w.org\/{rel}","templated":true}]}}