{"id":2383,"date":"2024-08-13T18:09:58","date_gmt":"2024-08-13T16:09:58","guid":{"rendered":"https:\/\/kunsthandel-puch.de\/produkt\/lentree-du-christ-a-jerusalem\/"},"modified":"2024-09-15T16:15:59","modified_gmt":"2024-09-15T14:15:59","slug":"lentree-du-christ-a-jerusalem","status":"publish","type":"product","link":"https:\/\/kunsthandel-puch.de\/fr\/produkt\/lentree-du-christ-a-jerusalem\/","title":{"rendered":"L&rsquo;entr\u00e9e du Christ \u00e0 J\u00e9rusalem"},"content":{"rendered":"<h3>Le dimanche des Rameaux : le d\u00e9but de la Semaine sainte et son symbolisme dans la tradition chr\u00e9tienne<\/h3>\n<p>La Semaine Sainte, \u00e9galement appel\u00e9e Semaine Sainte, est la semaine la plus importante de l&rsquo;ann\u00e9e liturgique chr\u00e9tienne et marque les derniers jours de la vie du Christ avant sa r\u00e9surrection \u00e0 P\u00e2ques. Un \u00e9l\u00e9ment central de la Semaine Sainte est le Dimanche des Rameaux, qui marque le d\u00e9but de cette semaine particuli\u00e8re.<\/p>\n<p>Le dimanche des Rameaux comm\u00e9more l&rsquo;entr\u00e9e triomphale de J\u00e9sus \u00e0 J\u00e9rusalem, o\u00f9 il a \u00e9t\u00e9 accueilli par une foule en liesse avec des branches de palmier. Ces branches de palmier symbolisent la victoire, la paix et le salut, et leur utilisation est encore aujourd&rsquo;hui une tradition dans de nombreuses messes chr\u00e9tiennes du dimanche des Rameaux. Les fid\u00e8les portent souvent des rameaux de palmiers ou d&rsquo;autres branches vertes en procession, rappelant ainsi les \u00e9v\u00e9nements survenus il y a plus de 2000 ans.<\/p>\n<p>Le dimanche des Rameaux a une double signification : c&rsquo;est un jour de triomphe et de joie, car J\u00e9sus est accueilli en tant que roi, et en m\u00eame temps, il marque le d\u00e9but de l&rsquo;histoire de la Passion, qui conduit \u00e0 la crucifixion et \u00e0 la mort de J\u00e9sus. Dans de nombreuses \u00e9glises, l&rsquo;histoire de la Passion est lue ou chant\u00e9e ce jour-l\u00e0 afin de pr\u00e9parer les fid\u00e8les aux jours \u00e0 venir de la Semaine sainte.<\/p>\n<p>Dans les \u00e9glises catholique et orthodoxe en particulier, le dimanche des Rameaux est c\u00e9l\u00e9br\u00e9 par des processions \u00e9labor\u00e9es et des services sp\u00e9ciaux. Ces rituels ne sont pas seulement un rappel de l&rsquo;\u00e9v\u00e9nement historique, mais servent \u00e9galement \u00e0 introduire les fid\u00e8les dans la signification spirituelle profonde de la Semaine Sainte. Le dimanche des Rameaux marque ainsi le d\u00e9but solennel de la Semaine sainte, qui culmine avec la f\u00eate de P\u00e2ques.<\/p>\n<p>&nbsp;<\/p>\n<h3>L&rsquo;entr\u00e9e du Christ \u00e0 J\u00e9rusalem :<\/h3>\n<p>Au centre de l&rsquo;ic\u00f4ne se trouve la repr\u00e9sentation de <a href=\"https:\/\/www.die-bibel.de\/bibel\/LU84\/MAT.21\">J\u00e9sus assis sur un \u00e2ne<\/a>. Sous lui, les gens \u00e9tendent leurs v\u00eatements pour l&rsquo;honorer. \u00c0 gauche, le Christ est suivi par ses disciples. Qui l&rsquo;assistent sur le chemin de J\u00e9rusalem. Sur le c\u00f4t\u00e9 droit de l&rsquo;ic\u00f4ne est repr\u00e9sent\u00e9 le peuple de J\u00e9rusalem venu le saluer.<\/p>\n<p>Dans la partie sup\u00e9rieure gauche de l&rsquo;ic\u00f4ne, on peut voir une montagne de rochers qui repr\u00e9sente le dernier miracle du Christ &#8211; la r\u00e9surrection de Lazare. Ce miracle est un symbole de la puissance de J\u00e9sus sur la mort et indique la r\u00e9surrection \u00e0 venir. Sur le c\u00f4t\u00e9 droit de la partie sup\u00e9rieure de l&rsquo;image est repr\u00e9sent\u00e9 le d\u00e9cor urbain de J\u00e9rusalem, qui marque la destination du voyage de J\u00e9sus.<\/p>\n<p>Cette ic\u00f4ne est une commande de la prestigieuse \u00e9cole de peinture de Palech. Cette \u00e9cole de peinture est r\u00e9put\u00e9e pour l&rsquo;excellence de ses peintures \u00e0 la loupe.<\/p>\n<p>L&rsquo;ic\u00f4ne est un travail de commande r\u00e9alis\u00e9 pour un particulier et se distingue par la finesse de ses d\u00e9tails et la pr\u00e9cision de son ex\u00e9cution. Celle-ci fait vivre l&rsquo;\u00e9v\u00e9nement biblique.<\/p>\n<p>Une r\u00e9f\u00e9rence bibliographique au passage biblique MK 11,1-11 fournit un contexte suppl\u00e9mentaire et invite \u00e0 lire l&rsquo;\u00e9v\u00e9nement dans le texte original. Ce passage biblique d\u00e9crit l&rsquo;entr\u00e9e de J\u00e9sus \u00e0 J\u00e9rusalem et les actes symboliques qui y sont associ\u00e9s.<\/p>\n<p>L&rsquo;ic\u00f4ne n&rsquo;est pas seulement une \u0153uvre d&rsquo;art impressionnante, mais aussi un symbole spirituel profond qui rappelle les \u00e9v\u00e9nements qui constituent le fondement de la foi chr\u00e9tienne.<\/p>\n<p>Tr\u00e8s bon \u00e9tat de conservation.<br \/>\nUne pi\u00e8ce de collection rare !<\/p>\n<p><a href=\"https:\/\/kunsthandel-puch.de\/fr\/produkt-kategorie\/icones\/\"><input class=\"wpcf7-form-control wpcf7-submit has-spinner\" style=\"border-radius: 18px;\" type=\"submit\" value=\"Vers les ic\u00f4nes\"><\/a><\/p>\n","protected":false},"excerpt":{"rendered":"<p><strong>Origine<\/strong><br \/>\nRussie\/Palekh<br \/>\n<strong>Vieux<\/strong><br \/>\nvers 1820<br \/>\n<strong>Taille<\/strong><br \/>\n31,0 cm x 26,0 cm<br \/>\n<strong>Ancien propri\u00e9taire<\/strong><br \/>\nCollection priv\u00e9e Suisse orientale<\/p>\n","protected":false},"featured_media":2961,"template":"","meta":[],"product_brand":[],"product_cat":[266,277,170,275,176,276,172],"product_tag":[],"class_list":{"0":"post-2383","1":"product","2":"type-product","3":"status-publish","4":"has-post-thumbnail","6":"product_cat-19eme-siecle-fr","7":"product_cat-bois-de-tilleul-fr","8":"product_cat-icones","9":"product_cat-palech-fr","10":"product_cat-peinture-a-la-detrempe","11":"product_cat-peinture-fine","12":"product_cat-russie","13":"","14":"woocommerce-text-align-center","15":"woocommerce-image-align-center","16":"do-quantity-buttons","18":"first","19":"instock","20":"shipping-taxable","21":"product-type-simple"},"_links":{"self":[{"href":"https:\/\/kunsthandel-puch.de\/fr\/wp-json\/wp\/v2\/product\/2383","targetHints":{"allow":["GET"]}}],"collection":[{"href":"https:\/\/kunsthandel-puch.de\/fr\/wp-json\/wp\/v2\/product"}],"about":[{"href":"https:\/\/kunsthandel-puch.de\/fr\/wp-json\/wp\/v2\/types\/product"}],"wp:featuredmedia":[{"embeddable":true,"href":"https:\/\/kunsthandel-puch.de\/fr\/wp-json\/wp\/v2\/media\/2961"}],"wp:attachment":[{"href":"https:\/\/kunsthandel-puch.de\/fr\/wp-json\/wp\/v2\/media?parent=2383"}],"wp:term":[{"taxonomy":"product_brand","embeddable":true,"href":"https:\/\/kunsthandel-puch.de\/fr\/wp-json\/wp\/v2\/product_brand?post=2383"},{"taxonomy":"product_cat","embeddable":true,"href":"https:\/\/kunsthandel-puch.de\/fr\/wp-json\/wp\/v2\/product_cat?post=2383"},{"taxonomy":"product_tag","embeddable":true,"href":"https:\/\/kunsthandel-puch.de\/fr\/wp-json\/wp\/v2\/product_tag?post=2383"}],"curies":[{"name":"wp","href":"https:\/\/api.w.org\/{rel}","templated":true}]}}