{"id":2379,"date":"2024-08-13T18:31:50","date_gmt":"2024-08-13T16:31:50","guid":{"rendered":"https:\/\/kunsthandel-puch.de\/produkt\/la-liberation-de-pierre-par-lange-du-seigneur\/"},"modified":"2024-09-29T14:21:56","modified_gmt":"2024-09-29T12:21:56","slug":"la-liberation-de-pierre-par-lange-du-seigneur","status":"publish","type":"product","link":"https:\/\/kunsthandel-puch.de\/fr\/produkt\/la-liberation-de-pierre-par-lange-du-seigneur\/","title":{"rendered":"La lib\u00e9ration de Pierre par l&rsquo;ange du Seigneur"},"content":{"rendered":"<h3>La lib\u00e9ration miraculeuse : un signe de protection divine :<\/h3>\n<h4 class=\"hidden\" style=\"text-align: center;\">Vente d&rsquo;ic\u00f4nes anciennes \u00e0 Munich<\/h4>\n<p>La <a href=\"https:\/\/die-bibel-verstehen.de\/zentrale-bibelgeschichten\/neues-testament\/die-befreiung-des-petrus-aus-dem-gefaengnis\">lib\u00e9ration<\/a> de Saint Pierre de la prison est l&rsquo;un des r\u00e9cits de miracle les plus connus du Nouveau Testament et symbolise la protection divine et la puissance de la foi. Cet \u00e9v\u00e9nement est d\u00e9crit dans les Actes des Ap\u00f4tres (chapitre 12, versets 1-11) et montre comment l&rsquo;ap\u00f4tre Pierre a pu s&rsquo;\u00e9chapper miraculeusement de sa captivit\u00e9.<\/p>\n<p>L&rsquo;histoire commence lorsque le roi H\u00e9rode Agrippa Ier intensifie la pers\u00e9cution des chr\u00e9tiens et fait arr\u00eater l&rsquo;ap\u00f4tre Pierre. Pierre \u00e9tait \u00e9troitement surveill\u00e9, encha\u00een\u00e9 et enferm\u00e9 dans une prison romaine. Pendant ce temps, les membres de la jeune communaut\u00e9 chr\u00e9tienne ont pri\u00e9 sans rel\u00e2che pour sa lib\u00e9ration.<\/p>\n<h4 class=\"hidden\" style=\"text-align: center;\">Achat d&rsquo;anciennes ic\u00f4nes russes \u00e0 Munich<\/h4>\n<p>La nuit pr\u00e9c\u00e9dant son proc\u00e8s pr\u00e9vu, un ange du Seigneur est apparu dans sa cellule. La lumi\u00e8re de l&rsquo;ange a \u00e9clair\u00e9 la pi\u00e8ce et il a r\u00e9veill\u00e9 Pierre, d\u00e9fait ses liens et l&rsquo;a conduit \u00e0 la libert\u00e9 en passant devant les gardes. Pierre, qui a d&rsquo;abord cru qu&rsquo;il r\u00eavait, a r\u00e9alis\u00e9 apr\u00e8s sa fuite qu&rsquo;il s&rsquo;agissait d&rsquo;un v\u00e9ritable miracle.<\/p>\n<p>La lib\u00e9ration de Saint Pierre de la prison est souvent interpr\u00e9t\u00e9e comme un symbole de la lib\u00e9ration du croyant des cha\u00eenes du p\u00e9ch\u00e9 et des pouvoirs temporels. Dans l&rsquo;art chr\u00e9tien, cette sc\u00e8ne est un motif populaire et est souvent repr\u00e9sent\u00e9e dans les \u00e9glises, les peintures et les sculptures. Elle illustre la foi en la providence divine et la force de la pri\u00e8re, qui peut briser les cha\u00eenes les plus solides.<\/p>\n<h4 class=\"hidden\" style=\"text-align: center;\">Achat d&rsquo;ic\u00f4nes anciennes souhait\u00e9 \u00e0 Munich<\/h4>\n<p>L&rsquo;histoire de la lib\u00e9ration miraculeuse de Pierre continue d&rsquo;inspirer les croyants d&rsquo;aujourd&rsquo;hui et souligne l&rsquo;importance de la confiance en la foi dans les moments difficiles.<\/p>\n<p>Les textes se trouvent dans la Bible dans les Actes des Ap\u00f4tres vers 12,1-23<\/p>\n<p>Cf. Ivan Bentchev \u00ab\u00a0Engelikonen\u00a0\u00bb Ann\u00e9e de parution 1999 Page 203<\/p>\n<h3>Ic\u00f4ne \u00ab\u00a0Lib\u00e9ration de Saint Pierre de la prison<\/h3>\n<h4 class=\"hidden\" style=\"text-align: center;\">Achat d&rsquo;ic\u00f4nes anciennes<\/h4>\n<p>Description de l&rsquo;ic\u00f4ne : Ensemble, ils ont franchi la porte de la prison, pass\u00e9 les gardes endormis, L&rsquo;ange du Seigneur et l&rsquo;ap\u00f4tre Pierre sont parvenus \u00e0 la libert\u00e9. Cette sc\u00e8ne de lib\u00e9ration divine a \u00e9t\u00e9 immortalis\u00e9e dans de nombreuses \u0153uvres d&rsquo;art et se retrouve \u00e9galement sur l&rsquo;ic\u00f4ne tr\u00e8s rare par son sujet pr\u00e9sent\u00e9e ici. Elle montre l&rsquo;ap\u00f4tre suivant l&rsquo;ange du Seigneur, une repr\u00e9sentation picturale du triomphe de la foi sur le pouvoir terrestre.<\/p>\n<p>L&rsquo;<a href=\"https:\/\/kunsthandel-puch.de\/fr\/produkt-kategorie\/icones\/\">ic\u00f4ne<\/a> elle-m\u00eame est en bon \u00e9tat de conservation, \u00e0 l&rsquo;exception de quelques restaurations qui pr\u00e9servent sa valeur historique. Cette \u0153uvre d&rsquo;art invite le spectateur \u00e0 prendre conscience de la profondeur de la foi et de la puissance universelle de Dieu.<\/p>\n<h4 class=\"hidden\" style=\"text-align: center;\">Vente d&rsquo;anciennes ic\u00f4nes russes<\/h4>\n<p>Cette ic\u00f4ne et l&rsquo;histoire de la lib\u00e9ration de Saint-Pierre qui lui est associ\u00e9e n&rsquo;ont pas seulement une signification spirituelle, elles sont aussi un symbole fort de la puissance de la foi, capable de briser les cha\u00eenes les plus solides.<\/p>\n<p>Bon \u00e9tat de conservation avec restaurations<\/p>\n<p>Une pi\u00e8ce de collection rare !<\/p>\n<p><a href=\"https:\/\/kunsthandel-puch.de\/fr\/produkt-kategorie\/icones\/\"><input class=\"wpcf7-form-control wpcf7-submit has-spinner\" style=\"border-radius: 18px;\" type=\"submit\" value=\"Vers les ic\u00f4nes\"><\/a><\/p>\n","protected":false},"excerpt":{"rendered":"<p><strong>Origine<\/strong><br \/>\nRussie Moscou\/ Anneau d&rsquo;or<br \/>\n<strong>Vieux<\/strong><br \/>\nvers 1850-1870<br \/>\n<strong>Taille<\/strong><br \/>\n47,0 cm x 35,0 cm<br \/>\n<strong>Ancien propri\u00e9taire<\/strong><br \/>\nCollection priv\u00e9e du sud de l&rsquo;Allemagne<\/p>\n","protected":false},"featured_media":2143,"template":"","meta":[],"product_brand":[],"product_cat":[266,268,269,267,170,176,172],"product_tag":[],"class_list":{"0":"post-2379","1":"product","2":"type-product","3":"status-publish","4":"has-post-thumbnail","6":"product_cat-19eme-siecle-fr","7":"product_cat-anneau-dor","8":"product_cat-dorure","9":"product_cat-ecole-de-peinture-de-moscou","10":"product_cat-icones","11":"product_cat-peinture-a-la-detrempe","12":"product_cat-russie","13":"","14":"woocommerce-text-align-center","15":"woocommerce-image-align-center","16":"do-quantity-buttons","18":"first","19":"instock","20":"shipping-taxable","21":"product-type-simple"},"_links":{"self":[{"href":"https:\/\/kunsthandel-puch.de\/fr\/wp-json\/wp\/v2\/product\/2379","targetHints":{"allow":["GET"]}}],"collection":[{"href":"https:\/\/kunsthandel-puch.de\/fr\/wp-json\/wp\/v2\/product"}],"about":[{"href":"https:\/\/kunsthandel-puch.de\/fr\/wp-json\/wp\/v2\/types\/product"}],"wp:featuredmedia":[{"embeddable":true,"href":"https:\/\/kunsthandel-puch.de\/fr\/wp-json\/wp\/v2\/media\/2143"}],"wp:attachment":[{"href":"https:\/\/kunsthandel-puch.de\/fr\/wp-json\/wp\/v2\/media?parent=2379"}],"wp:term":[{"taxonomy":"product_brand","embeddable":true,"href":"https:\/\/kunsthandel-puch.de\/fr\/wp-json\/wp\/v2\/product_brand?post=2379"},{"taxonomy":"product_cat","embeddable":true,"href":"https:\/\/kunsthandel-puch.de\/fr\/wp-json\/wp\/v2\/product_cat?post=2379"},{"taxonomy":"product_tag","embeddable":true,"href":"https:\/\/kunsthandel-puch.de\/fr\/wp-json\/wp\/v2\/product_tag?post=2379"}],"curies":[{"name":"wp","href":"https:\/\/api.w.org\/{rel}","templated":true}]}}