{"id":2378,"date":"2024-08-18T16:05:55","date_gmt":"2024-08-18T14:05:55","guid":{"rendered":"https:\/\/kunsthandel-puch.de\/produkt\/saint-georges-a-cheval\/"},"modified":"2024-09-29T14:21:41","modified_gmt":"2024-09-29T12:21:41","slug":"saint-georges-a-cheval","status":"publish","type":"product","link":"https:\/\/kunsthandel-puch.de\/fr\/produkt\/saint-georges-a-cheval\/","title":{"rendered":"Saint Georges \u00e0 cheval"},"content":{"rendered":"<h3>Saint Georges : martyr, tueur de dragons et saint patron<\/h3>\n<h4 class=\"hidden\" style=\"text-align: center;\">Vente d&rsquo;ic\u00f4nes anciennes \u00e0 Munich<\/h4>\n<p>Saint <a href=\"https:\/\/de.wikipedia.org\/wiki\/Georg_(Heiliger)\">Georges<\/a> est l&rsquo;une des figures les plus connues et les plus v\u00e9n\u00e9r\u00e9es des l\u00e9gendes de saints chr\u00e9tiens. Patron de nombreux pays et villes, dont l&rsquo;Angleterre, la G\u00e9orgie et le Portugal, ainsi que de nombreuses professions comme les soldats et les paysans, son influence se fait sentir dans le monde entier.<\/p>\n<p>La l\u00e9gende de Saint Georges, tr\u00e8s r\u00e9pandue au Moyen-\u00c2ge, le d\u00e9peint comme un chevalier courageux qui a vaincu un dragon pour sauver une princesse et une ville. Cette histoire symbolise la victoire du bien sur le mal et est devenue un motif central de l&rsquo;iconographie chr\u00e9tienne, le saint \u00e9questre \u00e9tant typiquement repr\u00e9sent\u00e9 en armure, chevauchant un cheval et tenant une lance avec laquelle il transperce le dragon.<\/p>\n<h4 class=\"hidden\" style=\"text-align: center;\">Achat d&rsquo;ic\u00f4nes grecques anciennes souhait\u00e9 \u00e0 Munich<\/h4>\n<p>Historiquement, Georges \u00e9tait un soldat romain n\u00e9 en Cappadoce (Turquie actuelle) vers l&rsquo;an 300. Il s&rsquo;est engag\u00e9 dans l&rsquo;arm\u00e9e de l&#8217;empereur romain Diocl\u00e9tien, mais \u00e9tait \u00e9galement un fervent chr\u00e9tien. Lorsque Diocl\u00e9tien a ordonn\u00e9 la pers\u00e9cution des chr\u00e9tiens, Georges a refus\u00e9 d&rsquo;abjurer sa foi et a donc \u00e9t\u00e9 tortur\u00e9 et ex\u00e9cut\u00e9. Cet acte a fait de lui un martyr et, peu apr\u00e8s, un saint de l&rsquo;\u00c9glise.<\/p>\n<p>Le culte de saint Georges s&rsquo;est rapidement r\u00e9pandu, en particulier au Moyen-\u00c2ge, lorsqu&rsquo;il est devenu l&rsquo;un des quatorze sauveurs. Dans l&rsquo;art et la litt\u00e9rature, il est souvent repr\u00e9sent\u00e9 comme un symbole de courage, de foi et de protection contre le danger. Sa f\u00eate, le 23 avril, est c\u00e9l\u00e9br\u00e9e dans de nombreux pays par des processions, des services religieux et d&rsquo;autres festivit\u00e9s.<\/p>\n<p>Saint Georges reste une figure embl\u00e9matique, profond\u00e9ment enracin\u00e9e dans la tradition chr\u00e9tienne, et sa l\u00e9gende continue d&rsquo;inspirer les gens du monde entier.<\/p>\n<h4 class=\"hidden\" style=\"text-align: center;\">Vente d&rsquo;anciennes ic\u00f4nes russes \u00e0 Munich<\/h4>\n<p>Le saint est mort en martyr en 303 sous l&#8217;empereur Diocl\u00e9tien.<\/p>\n<h3>Description de l&rsquo;ic\u00f4ne :<\/h3>\n<h4 class=\"hidden\" style=\"text-align: center;\">L&rsquo;achat d&rsquo;ic\u00f4nes orthodoxes \u00e0 Munich est volontiers sollicit\u00e9<\/h4>\n<p>Sur cette <a href=\"https:\/\/kunsthandel-puch.de\/fr\/produkt-kategorie\/icones\/\">ic\u00f4ne<\/a>, Saint Georges est repr\u00e9sent\u00e9 comme un saint cavalier \u00e0 cheval, sous lequel se trouve le dragon auquel le saint enfonce une lance dans la gorge. Selon la l\u00e9gende, Saint Georges a sauv\u00e9 une ville libyenne d&rsquo;un monstre en forme de dragon auquel les habitants sacrifiaient leurs enfants en tant que divinit\u00e9. En haut \u00e0 gauche, la fille du roi qui devait \u00e9galement \u00eatre victime du dragon et qui a \u00e9t\u00e9 sauv\u00e9e par Georg.<\/p>\n<h4 class=\"hidden\" style=\"text-align: center;\">Vente d&rsquo;ic\u00f4nes anciennes \u00e0 Munich<\/h4>\n<p>Panneau de bois feuillu avec sponki au dos, peinture \u00e0 l&rsquo;huile sur fond de craie.<\/p>\n<p>Bon \u00e9tat de conservation.<\/p>\n<p>Une pi\u00e8ce de collection rare !<\/p>\n<p><a href=\"https:\/\/kunsthandel-puch.de\/fr\/produkt-kategorie\/icones\/\"><input class=\"wpcf7-form-control wpcf7-submit has-spinner\" style=\"border-radius: 18px;\" type=\"submit\" value=\"Vers les ic\u00f4nes\"><\/a><\/p>\n","protected":false},"excerpt":{"rendered":"<p><strong>Origine<\/strong><br \/>\nRussie\/ Petersburg<br \/>\n<strong>Vieux<\/strong><br \/>\nvers 1800<br \/>\n<strong>Taille<\/strong><br \/>\n30,5 cm x 23,8 cm<br \/>\n<strong>Ancien propri\u00e9taire<\/strong><br \/>\nCollection priv\u00e9e du sud de l&rsquo;Allemagne<\/p>\n","protected":false},"featured_media":2187,"template":"","meta":[],"product_brand":[],"product_cat":[266,170,265,172],"product_tag":[],"class_list":{"0":"post-2378","1":"product","2":"type-product","3":"status-publish","4":"has-post-thumbnail","6":"product_cat-19eme-siecle-fr","7":"product_cat-icones","8":"product_cat-peinture-a-lhuile","9":"product_cat-russie","10":"","11":"woocommerce-text-align-center","12":"woocommerce-image-align-center","13":"do-quantity-buttons","15":"first","16":"instock","17":"shipping-taxable","18":"product-type-simple"},"_links":{"self":[{"href":"https:\/\/kunsthandel-puch.de\/fr\/wp-json\/wp\/v2\/product\/2378","targetHints":{"allow":["GET"]}}],"collection":[{"href":"https:\/\/kunsthandel-puch.de\/fr\/wp-json\/wp\/v2\/product"}],"about":[{"href":"https:\/\/kunsthandel-puch.de\/fr\/wp-json\/wp\/v2\/types\/product"}],"wp:featuredmedia":[{"embeddable":true,"href":"https:\/\/kunsthandel-puch.de\/fr\/wp-json\/wp\/v2\/media\/2187"}],"wp:attachment":[{"href":"https:\/\/kunsthandel-puch.de\/fr\/wp-json\/wp\/v2\/media?parent=2378"}],"wp:term":[{"taxonomy":"product_brand","embeddable":true,"href":"https:\/\/kunsthandel-puch.de\/fr\/wp-json\/wp\/v2\/product_brand?post=2378"},{"taxonomy":"product_cat","embeddable":true,"href":"https:\/\/kunsthandel-puch.de\/fr\/wp-json\/wp\/v2\/product_cat?post=2378"},{"taxonomy":"product_tag","embeddable":true,"href":"https:\/\/kunsthandel-puch.de\/fr\/wp-json\/wp\/v2\/product_tag?post=2378"}],"curies":[{"name":"wp","href":"https:\/\/api.w.org\/{rel}","templated":true}]}}