{"id":2375,"date":"2024-08-19T17:09:14","date_gmt":"2024-08-19T15:09:14","guid":{"rendered":"https:\/\/kunsthandel-puch.de\/produkt\/hibou-sur-les-livres-symbole-de-sagesse\/"},"modified":"2024-09-29T13:48:07","modified_gmt":"2024-09-29T11:48:07","slug":"hibou-sur-les-livres-symbole-de-sagesse","status":"publish","type":"product","link":"https:\/\/kunsthandel-puch.de\/fr\/produkt\/hibou-sur-les-livres-symbole-de-sagesse\/","title":{"rendered":"Hibou sur les livres \u00ab\u00a0symbole de sagesse"},"content":{"rendered":"<h3><span class=\"galerie-details\">Soci\u00e9t\u00e9 Bergmann &#8211; chefs-d&rsquo;\u0153uvre de Vienne vers 1900<\/span><\/h3>\n<h4 class=\"hidden\" style=\"text-align: center;\">Grands bronzes viennois Achat et vente \u00e0 Munich<\/h4>\n<p>La <a href=\"https:\/\/de.wikipedia.org\/wiki\/Franz_Xaver_Bergmann\">soci\u00e9t\u00e9 Bergmann<\/a>, fabricant renomm\u00e9 de bronzes viennois, \u00e9tait vers 1900 l&rsquo;une des adresses les plus importantes pour les sculptures en bronze de haute qualit\u00e9 \u00e0 Vienne, en Autriche. Fond\u00e9e par Franz Xaver Bergmann, l&rsquo;entreprise est rapidement devenue c\u00e9l\u00e8bre pour ses bronzes miniatures \u00e9labor\u00e9s et d\u00e9taill\u00e9s, qui sont aujourd&rsquo;hui des pi\u00e8ces de collection tr\u00e8s recherch\u00e9es.<\/p>\n<p>Les bronzes de Bergmann se distinguaient par leur pr\u00e9cision artisanale exceptionnelle et la repr\u00e9sentation vivante des personnages. Les figures animales, repr\u00e9sent\u00e9es dans diff\u00e9rentes poses et sc\u00e8nes, \u00e9taient particuli\u00e8rement populaires. Mais le r\u00e9pertoire de l&rsquo;entreprise comportait \u00e9galement des motifs orientaux et mythologiques, des sc\u00e8nes de la vie quotidienne ainsi que des repr\u00e9sentations \u00e9rotiques. Chaque figurine a \u00e9t\u00e9 coul\u00e9e, cisel\u00e9e et peinte \u00e0 la main, ce qui a donn\u00e9 aux bronzes leur charme unique et leur grande qualit\u00e9.<\/p>\n<h4 class=\"hidden\" style=\"text-align: center;\">Bronzes viennois Bergmann Achat et vente \u00e0 Munich<\/h4>\n<p>Le succ\u00e8s de l&rsquo;atelier Bergmann \u00e9tait \u00e9galement \u00e9troitement li\u00e9 \u00e0 l&rsquo;\u00e8re de l&rsquo;Art nouveau viennois, marqu\u00e9e par une nouvelle esth\u00e9tique et un retour aux traditions de l&rsquo;artisanat d&rsquo;art. C&rsquo;est \u00e0 cette \u00e9poque que la demande d&rsquo;objets d\u00e9coratifs, qui n&rsquo;\u00e9taient pas seulement <a href=\"https:\/\/kunsthandel-puch.de\/fr\/produkt-kategorie\/artisanat-dart\/\">des objets d&rsquo;artisanat<\/a> mais aussi des accessoires d&rsquo;int\u00e9rieur luxueux, a augment\u00e9.<\/p>\n<p>Les bronzes Bergmann \u00e9taient marqu\u00e9s du fameux \u00ab\u00a0B\u00a0\u00bb dans la cruche , ce qui confirmait leur origine et leur authenticit\u00e9. Cette signature reste aujourd&rsquo;hui une caract\u00e9ristique importante appr\u00e9ci\u00e9e par les collectionneurs du monde entier.<\/p>\n<p>C&rsquo;est autour de 1900 que l&rsquo;entreprise Bergmann a connu son apog\u00e9e et que ses travaux ont \u00e9t\u00e9 tr\u00e8s appr\u00e9ci\u00e9s, non seulement en Autriche, mais aussi au niveau international. La r\u00e9alisation d\u00e9taill\u00e9e et les couleurs vives ont fait des bronzes viennois de Bergmann un symbole de l&rsquo;habilet\u00e9 des artisans viennois.<\/p>\n<h4 class=\"hidden\" style=\"text-align: center;\">Grands bronzes viennois Behrmann achat et vente \u00e0 Munich<\/h4>\n<p>Aujourd&rsquo;hui, les bronzes de Bergmann-Vienne sont des pi\u00e8ces de collection tr\u00e8s recherch\u00e9es, qui atteignent des prix \u00e9lev\u00e9s dans les ventes aux ench\u00e8res et constituent un h\u00e9ritage durable de la sc\u00e8ne artistique viennoise des ann\u00e9es 1900. Les \u0153uvres d&rsquo;art de Bergmann t\u00e9moignent du haut niveau de savoir-faire et de la diversit\u00e9 artistique de cette \u00e9poque, qui a fait de Vienne un centre du monde artistique europ\u00e9en.<\/p>\n<h3>Hibou sur les livres \u00a0\u00bb symbole de la sagesse\u00a0\u00bb.<\/h3>\n<h4 class=\"hidden\" style=\"text-align: center;\">Hibou de Vienne en bronze \u00e0 vendre \u00e0 Munich<\/h4>\n<p>Atelier Bergmann estampill\u00e9 (cruche avec la lettre B) et GESCH\u00dcTT avec le num\u00e9ro de moule 3535 Ann\u00e9e de cr\u00e9ation 1928<\/p>\n<p>Bronze coul\u00e9 et cisel\u00e9 avec peinture \u00e0 froid d&rsquo;origine.<\/p>\n<p>Hans Deutike (n\u00e9 en 1887 et d\u00e9c\u00e9d\u00e9 en 1953), \u00e9diteur de la deuxi\u00e8me g\u00e9n\u00e9ration de la maison d&rsquo;\u00e9dition Deutike, a command\u00e9 en 1928 cette chouette \u00e0 la soci\u00e9t\u00e9 Bergmann de Vienne comme symbole de sagesse pour le 50e anniversaire de l&rsquo;entreprise.<\/p>\n<p>Le mod\u00e8le de la chouette, symbole de sagesse, existait d\u00e9j\u00e0 chez Bergmann dans une autre version, mais il a \u00e9t\u00e9 sp\u00e9cialement compos\u00e9 ici pour la maison d&rsquo;\u00e9dition Deutike avec des livres de sa propre maison d&rsquo;\u00e9dition.<\/p>\n<p>Il s&rsquo;agit de l&rsquo;ophtalmologie de Dimmer Pillat, de l&rsquo;anatomie et de l&rsquo;histologie du cerveau de Jakob, tome I, et de la chimie analytique du Dr F. P. Tretwell, tome I, tous publi\u00e9s avec succ\u00e8s par Deutike Verlag.<\/p>\n<p>Sur le livre sup\u00e9rieur, une plaque de laiton grav\u00e9e indique les ann\u00e9es 1878-1928 pour le 50e anniversaire de l&rsquo;entreprise.<\/p>\n<h4 class=\"hidden\" style=\"text-align: center;\">Hibou en bronze de Vienne Achat souhait\u00e9 \u00e0 Munich<\/h4>\n<p>La sculpture \u00e9tait rest\u00e9e dans la maison d&rsquo;\u00e9dition jusqu&rsquo;\u00e0 la mort de Hans Deutike en 1953 et n&rsquo;est probablement devenue une propri\u00e9t\u00e9 priv\u00e9e qu&rsquo;en 2019, lors de la vente de la maison d&rsquo;\u00e9dition Deutike aux \u00e9ditions Paul Zsolnay.<\/p>\n<p>Une pi\u00e8ce de collection unique qui n&rsquo;existe qu&rsquo;une seule fois dans cette version.<\/p>\n<p><a href=\"https:\/\/kunsthandel-puch.de\/fr\/produkt-kategorie\/artisanat-dart\/\"><input class=\"wpcf7-form-control wpcf7-submit has-spinner\" style=\"border-radius: 18px;\" type=\"submit\" value=\"Vers l'artisanat d'art\"><\/a><\/p>\n","protected":false},"excerpt":{"rendered":"<p><strong>Origine<\/strong><br \/>\nAutriche\/ Vienne\/ Soci\u00e9t\u00e9 Bergmann<br \/>\n<strong>Vieux<\/strong><br \/>\n1928<br \/>\n<strong>Taille<\/strong><br \/>\n43,0 cm x 25,0 cm<br \/>\n<strong>Ancien propri\u00e9taire<\/strong><br \/>\nCollection priv\u00e9e viennoise<\/p>\n","protected":false},"featured_media":2199,"template":"","meta":[],"product_brand":[],"product_cat":[261,223,259,238,260],"product_tag":[],"class_list":{"0":"post-2375","1":"product","2":"type-product","3":"status-publish","4":"has-post-thumbnail","6":"product_cat-20e-siecle","7":"product_cat-artisanat-dart","8":"product_cat-autriche-fr","9":"product_cat-bronze-fr","10":"product_cat-vienne","11":"","12":"woocommerce-text-align-center","13":"woocommerce-image-align-center","14":"do-quantity-buttons","16":"first","17":"instock","18":"shipping-taxable","19":"product-type-simple"},"_links":{"self":[{"href":"https:\/\/kunsthandel-puch.de\/fr\/wp-json\/wp\/v2\/product\/2375","targetHints":{"allow":["GET"]}}],"collection":[{"href":"https:\/\/kunsthandel-puch.de\/fr\/wp-json\/wp\/v2\/product"}],"about":[{"href":"https:\/\/kunsthandel-puch.de\/fr\/wp-json\/wp\/v2\/types\/product"}],"wp:featuredmedia":[{"embeddable":true,"href":"https:\/\/kunsthandel-puch.de\/fr\/wp-json\/wp\/v2\/media\/2199"}],"wp:attachment":[{"href":"https:\/\/kunsthandel-puch.de\/fr\/wp-json\/wp\/v2\/media?parent=2375"}],"wp:term":[{"taxonomy":"product_brand","embeddable":true,"href":"https:\/\/kunsthandel-puch.de\/fr\/wp-json\/wp\/v2\/product_brand?post=2375"},{"taxonomy":"product_cat","embeddable":true,"href":"https:\/\/kunsthandel-puch.de\/fr\/wp-json\/wp\/v2\/product_cat?post=2375"},{"taxonomy":"product_tag","embeddable":true,"href":"https:\/\/kunsthandel-puch.de\/fr\/wp-json\/wp\/v2\/product_tag?post=2375"}],"curies":[{"name":"wp","href":"https:\/\/api.w.org\/{rel}","templated":true}]}}