{"id":2374,"date":"2024-08-19T15:51:23","date_gmt":"2024-08-19T13:51:23","guid":{"rendered":"https:\/\/kunsthandel-puch.de\/produkt\/la-vierge-a-lenfant-sur-le-trone\/"},"modified":"2024-09-29T14:21:43","modified_gmt":"2024-09-29T12:21:43","slug":"la-vierge-a-lenfant-sur-le-trone","status":"publish","type":"product","link":"https:\/\/kunsthandel-puch.de\/fr\/produkt\/la-vierge-a-lenfant-sur-le-trone\/","title":{"rendered":"La Vierge \u00e0 l&rsquo;Enfant sur le tr\u00f4ne"},"content":{"rendered":"<h3>Famille de sculpteurs Z\u00fcrn &#8211; chefs-d&rsquo;\u0153uvre du d\u00e9but du baroque en Haute-Souabe<\/h3>\n<h4 class=\"hidden\" style=\"text-align: center;\">Vente de sculptures anciennes \u00e0 Munich<\/h4>\n<p>La famille de sculpteurs <a href=\"https:\/\/www.zuern-familie.de\/v-i-p-lounge-bedeutender-namenstr%C3%A4ger\/die-oberschw%C3%A4bische-bildhauerfamilie-z%C3%BCrn\/\">Z\u00fcrn<\/a>, l&rsquo;une des plus importantes familles d&rsquo;artistes du sud de l&rsquo;Allemagne, a jou\u00e9 un r\u00f4le d\u00e9terminant dans le paysage artistique de la r\u00e9gion de la Haute-Souabe et du lac de Constance. C&rsquo;est surtout dans les villes d&rsquo;\u00dcberlingen et de Bad Waldsee, o\u00f9 la famille a travaill\u00e9 entre 1600 et 1640, que les Z\u00fcrn ont laiss\u00e9 des \u0153uvres impressionnantes qui sont encore admir\u00e9es aujourd&rsquo;hui.<\/p>\n<p>L&rsquo;origine de la famille Z\u00fcrn se trouve \u00e0 Waldsee (aujourd&rsquo;hui Bad Waldsee), o\u00f9 Hans Z\u00fcrn l&rsquo;a\u00een\u00e9, le fondateur de la dynastie de sculpteurs, est n\u00e9 vers 1555. Ses fils, dont les c\u00e9l\u00e8bres sculpteurs Hans Z\u00fcrn le Jeune et Michael Z\u00fcrn l&rsquo;A\u00een\u00e9, ont suivi les traces de leur p\u00e8re et ont d\u00e9velopp\u00e9 la tradition familiale. Ils ont cr\u00e9\u00e9 <a href=\"https:\/\/kunsthandel-puch.de\/fr\/produkt-kategorie\/sculptures\/\">des sculptures<\/a> exceptionnelles qui refl\u00e8tent le passage du gothique tardif \u00e0 la Renaissance et enfin au d\u00e9but du baroque.<\/p>\n<h4 class=\"hidden\" style=\"text-align: center;\">Achat de sculptures anciennes souhait\u00e9es \u00e0 Munich<\/h4>\n<p>A \u00dcberlingen, o\u00f9 les Z\u00fcrn \u00e9taient particuli\u00e8rement actifs, de nombreux autels, sculptures et \u0153uvres d&rsquo;art en bois ont \u00e9t\u00e9 cr\u00e9\u00e9s, repr\u00e9sentant le riche patrimoine artistique de la r\u00e9gion. L&rsquo;une des \u0153uvres les plus connues est le ma\u00eetre-autel de la cath\u00e9drale Saint-Nicolas d&rsquo;\u00dcberlingen, con\u00e7u par la famille Z\u00fcrn. Ce retable, avec ses figures d\u00e9taill\u00e9es et sa structure impressionnante, est un chef-d&rsquo;\u0153uvre de l&rsquo;art sacr\u00e9 du d\u00e9but de l&rsquo;\u00e8re baroque.<\/p>\n<p>Les Z\u00fcrn ont \u00e9galement laiss\u00e9 des travaux importants \u00e0 Bad Waldsee. Le monast\u00e8re de Waldsee, aujourd&rsquo;hui un couvent de capucins, abrite quelques-unes des plus belles \u0153uvres de Z\u00fcrn, notamment des sculptures et des autels tr\u00e8s \u00e9labor\u00e9s. Le travail des Z\u00fcrn se caract\u00e9rise par une expressivit\u00e9 intense et un travail fin sur les d\u00e9tails qui rendent leurs personnages \u00e0 la fois vivants et spirituels.<\/p>\n<p>La famille de sculpteurs Z\u00fcrn a combin\u00e9 dans ses \u0153uvres l&rsquo;artisanat traditionnel avec des \u00e9l\u00e9ments de cr\u00e9ation innovants. Ses \u0153uvres se caract\u00e9risent par une grande pr\u00e9cision artisanale et un profond symbolisme religieux qui captivent le spectateur. La p\u00e9riode de 1600 \u00e0 1640 a \u00e9t\u00e9 une p\u00e9riode faste pour les Z\u00fcrn, qui se sont fait un nom durable dans l&rsquo;histoire de l&rsquo;art du sud de l&rsquo;Allemagne.<\/p>\n<h4 class=\"hidden\" style=\"text-align: center;\">Vente de sculptures anciennes \u00e0 Munich Offres souhait\u00e9es<\/h4>\n<p>Aujourd&rsquo;hui, les \u0153uvres des Z\u00fcrn sont consid\u00e9r\u00e9es comme des exemples exceptionnels de l&rsquo;art sacr\u00e9 du d\u00e9but de l&rsquo;\u00e8re baroque et attirent aussi bien les amateurs d&rsquo;art que les historiens. A \u00dcberlingen et Bad Waldsee, on peut encore admirer les traces impressionnantes de cette remarquable famille d&rsquo;artistes qui a marqu\u00e9 l&rsquo;art religieux de son \u00e9poque.<\/p>\n<h3>La Vierge \u00e0 l&rsquo;Enfant sur le tr\u00f4ne :<\/h3>\n<h4 class=\"hidden\" style=\"text-align: center;\">Achat de sculptures anciennes du sud de l&rsquo;Allemagne \u00e0 Munich<\/h4>\n<p>Bois de tilleul avec cadre polychrome et dorure.<br \/>\nFamille de sculpteurs Hans ou Michael Z\u00fcrn actifs \u00e0 \u00dcberlingen\/ Waldsee,<br \/>\nvers 1600- 40.<\/p>\n<h4 class=\"hidden\" style=\"text-align: center;\">Achat de sculptures anciennes \u00e0 Munich \u00e0 tout moment<\/h4>\n<p>La Vierge est repr\u00e9sent\u00e9e assise sur un tr\u00f4ne, avec le Christ enfant assis et b\u00e9nissant sur ses genoux.<br \/>\nTr\u00e8s bon \u00e9tat de conservation, version en partie pass\u00e9e.<\/p>\n<p>Une pi\u00e8ce de collection !<\/p>\n<p>Provenance : collection priv\u00e9e de Munich<\/p>\n<p><a href=\"https:\/\/kunsthandel-puch.de\/fr\/produkt-kategorie\/sculptures\/\"><input class=\"wpcf7-form-control wpcf7-submit has-spinner\" style=\"border-radius: 18px;\" type=\"submit\" value=\"Vers les sculptures\"><\/a><\/p>\n","protected":false},"excerpt":{"rendered":"<p><strong><span class=\"galerie-details-titel\">Origine<\/span><\/strong><br \/>\nAllemagne du Sud \/ R\u00e9gion du lac de Constance<br \/>\n<strong><span class=\"galerie-details-titel\">Vieux<\/span><\/strong><br \/>\n<span class=\"galerie-details\">vers 1600- 40<\/span><br \/>\n<strong><span class=\"galerie-details-titel\">Taille<\/span><\/strong><br \/>\n<span class=\"galerie-details\">50,5 cm x 40,5 cm<\/span><br \/>\n<strong><span class=\"galerie-details-titel\">Ancien propri\u00e9taire<\/span><\/strong><br \/>\nCollection priv\u00e9e munichoise<\/p>\n","protected":false},"featured_media":2169,"template":"","meta":[],"product_brand":[],"product_cat":[194,183,258,181,210],"product_tag":[],"class_list":{"0":"post-2374","1":"product","2":"type-product","3":"status-publish","4":"has-post-thumbnail","6":"product_cat-17e-siecle","7":"product_cat-monture-en-couleur-polychrome","8":"product_cat-region-du-lac-de-constance","9":"product_cat-sculptures","10":"product_cat-sud-de-lallemagne","11":"","12":"woocommerce-text-align-center","13":"woocommerce-image-align-center","14":"do-quantity-buttons","16":"first","17":"instock","18":"shipping-taxable","19":"product-type-simple"},"_links":{"self":[{"href":"https:\/\/kunsthandel-puch.de\/fr\/wp-json\/wp\/v2\/product\/2374","targetHints":{"allow":["GET"]}}],"collection":[{"href":"https:\/\/kunsthandel-puch.de\/fr\/wp-json\/wp\/v2\/product"}],"about":[{"href":"https:\/\/kunsthandel-puch.de\/fr\/wp-json\/wp\/v2\/types\/product"}],"wp:featuredmedia":[{"embeddable":true,"href":"https:\/\/kunsthandel-puch.de\/fr\/wp-json\/wp\/v2\/media\/2169"}],"wp:attachment":[{"href":"https:\/\/kunsthandel-puch.de\/fr\/wp-json\/wp\/v2\/media?parent=2374"}],"wp:term":[{"taxonomy":"product_brand","embeddable":true,"href":"https:\/\/kunsthandel-puch.de\/fr\/wp-json\/wp\/v2\/product_brand?post=2374"},{"taxonomy":"product_cat","embeddable":true,"href":"https:\/\/kunsthandel-puch.de\/fr\/wp-json\/wp\/v2\/product_cat?post=2374"},{"taxonomy":"product_tag","embeddable":true,"href":"https:\/\/kunsthandel-puch.de\/fr\/wp-json\/wp\/v2\/product_tag?post=2374"}],"curies":[{"name":"wp","href":"https:\/\/api.w.org\/{rel}","templated":true}]}}