{"id":2371,"date":"2024-08-19T17:11:35","date_gmt":"2024-08-19T15:11:35","guid":{"rendered":"https:\/\/kunsthandel-puch.de\/produkt\/coffret-renaissance-en-albatre\/"},"modified":"2024-09-29T13:48:08","modified_gmt":"2024-09-29T11:48:08","slug":"coffret-renaissance-en-albatre","status":"publish","type":"product","link":"https:\/\/kunsthandel-puch.de\/fr\/produkt\/coffret-renaissance-en-albatre\/","title":{"rendered":"Coffret Renaissance de R\u00f6mhilde"},"content":{"rendered":"<h3>R\u00f6mhild : la patrie d&rsquo;un ma\u00eetre artisan secret<\/h3>\n<h4 class=\"hidden\" style=\"text-align: center;\">Renaissance Box Achat et vente \u00e0 Munich<\/h4>\n<p>Un personnage particuli\u00e8rement fascinant est l&rsquo;histoire d&rsquo;un ma\u00eetre artisan de <a href=\"https:\/\/www.stadt-roemhild.de\">R\u00f6mhilde<\/a> qui vivait et travaillait dans la ville au d\u00e9but du XVIIe si\u00e8cle. Ce ma\u00eetre inconnu est connu pour ses exquis coffrets Renaissance de R\u00f6mhilde, fabriqu\u00e9s \u00e0 la main avec la plus grande finesse en bois \u00e9bonis\u00e9 et en alb\u00e2tre. Ces <a href=\"https:\/\/kunsthandel-puch.de\/fr\/produkt-kategorie\/artisanat-dart\/\">\u0153uvres d&rsquo;art<\/a> sont des exemples exceptionnels de l&rsquo;habilet\u00e9 et de la compr\u00e9hension esth\u00e9tique de l&rsquo;\u00e9poque de la Renaissance.<\/p>\n<h4 class=\"hidden\" style=\"text-align: center;\">Renaissance Caisses Achat et vente \u00e0 Munich<\/h4>\n<p>Le bois \u00e9bonis\u00e9, dont la couleur noire profonde est obtenue par un traitement sp\u00e9cial, contrastait avec les \u00e9l\u00e9ments en alb\u00e2tre clair et translucide qui ornaient les coffrets. La combinaison de ces deux mat\u00e9riaux conf\u00e9rait aux coffrets non seulement une \u00e9l\u00e9gance particuli\u00e8re, mais aussi une beaut\u00e9 intemporelle. Une autre caract\u00e9ristique remarquable de ces travaux \u00e9tait les nombreux compartiments secrets que le ma\u00eetre avait habilement int\u00e9gr\u00e9s dans les coffrets. Ces compartiments \u00e9taient magistralement cach\u00e9s et servaient \u00e0 mettre en s\u00e9curit\u00e9 des objets pr\u00e9cieux ou priv\u00e9s. Ils soulignaient non seulement la sophistication technique de l&rsquo;artisan, mais aussi l&rsquo;application pratique de son art.<\/p>\n<p>Souvent, les coffrets \u00e9taient en outre richement d\u00e9cor\u00e9s de marqueterie et de sculptures d\u00e9licates, qui soulignaient l&rsquo;excellence de l&rsquo;artisanat et l&rsquo;exigence artistique du ma\u00eetre. Ces \u0153uvres uniques n&rsquo;\u00e9taient pas seulement des pi\u00e8ces d&rsquo;ornement, mais aussi des symboles de prosp\u00e9rit\u00e9 et de go\u00fbt. Aujourd&rsquo;hui, ils sont consid\u00e9r\u00e9s comme de pr\u00e9cieux t\u00e9moignages de l&rsquo;art de la Renaissance et peuvent \u00eatre admir\u00e9s dans des mus\u00e9es et des collections priv\u00e9es.<\/p>\n<h4 class=\"hidden\" style=\"text-align: center;\">Coffret Renaissance avec compartiments secrets Achat et vente \u00e0 Munich<\/h4>\n<p>R\u00f6mhild elle-m\u00eame est fi\u00e8re de ce patrimoine et invite les visiteurs \u00e0 d\u00e9couvrir l&rsquo;histoire de la ville et de ses ma\u00eetres artisans. L&rsquo;alliance de l&rsquo;art, de l&rsquo;histoire et de la tradition fait de R\u00f6mhild une destination fascinante en Thuringe.<\/p>\n<h3>Coffret Renaissance de R\u00f6mhilde :<\/h3>\n<h4 class=\"hidden\" style=\"text-align: center;\">Bo\u00eete \u00e0 bijoux Renaissance Achat et vente \u00e0 Munich<\/h4>\n<p>Ce coffret est compos\u00e9 d&rsquo;un corps en bois \u00e9bonis\u00e9 avec des moulures et des panneaux d&rsquo;alb\u00e2tre finement travaill\u00e9s.<\/p>\n<p>La face avant est architectur\u00e9e avec dix colonnes et six arches.<br \/>\nLe coffret contient plusieurs compartiments secrets qui peuvent \u00eatre d\u00e9couverts en faisant glisser les c\u00f4t\u00e9s droit et gauche vers le haut, comme un tiroir.<\/p>\n<p>L&rsquo;objet est en tr\u00e8s bon \u00e9tat, de petites traces d&rsquo;utilisation sont pr\u00e9sentes.<br \/>\nLa cl\u00e9 et la serrure sont d&rsquo;origine.<\/p>\n<h4 class=\"hidden\" style=\"text-align: center;\">Vente de bo\u00eetes de R\u00f6mhilde \u00e0 Munich<\/h4>\n<p>L&rsquo;int\u00e9rieur est recouvert de papier peint.<\/p>\n<p>Qualit\u00e9 mus\u00e9ale !<\/p>\n<p><a href=\"https:\/\/kunsthandel-puch.de\/fr\/produkt-kategorie\/artisanat-dart\/\"><input class=\"wpcf7-form-control wpcf7-submit has-spinner\" style=\"border-radius: 18px;\" type=\"submit\" value=\"Vers l'artisanat d'art\"><\/a><\/p>\n","protected":false},"excerpt":{"rendered":"<p><strong>Origine<\/strong><br \/>\nR\u00f6mhild\/ Thuringe\/ Allemagne<br \/>\n<strong>Vieux<\/strong><br \/>\nvers 1630<br \/>\n<strong>Taille<\/strong><br \/>\n33,5 cm x 21,5 cm x 17,0 cm<br \/>\n<strong>Ancien propri\u00e9taire<\/strong><br \/>\nCollection priv\u00e9e florentine<\/p>\n","protected":false},"featured_media":2195,"template":"","meta":[],"product_brand":[],"product_cat":[253,252,227,223,250],"product_tag":[],"class_list":{"0":"post-2371","1":"product","2":"type-product","3":"status-publish","4":"has-post-thumbnail","6":"product_cat-17e-siecle-fr","7":"product_cat-albatre","8":"product_cat-allemagne","9":"product_cat-artisanat-dart","10":"product_cat-bois","11":"","12":"woocommerce-text-align-center","13":"woocommerce-image-align-center","14":"do-quantity-buttons","16":"first","17":"instock","18":"shipping-taxable","19":"product-type-simple"},"_links":{"self":[{"href":"https:\/\/kunsthandel-puch.de\/fr\/wp-json\/wp\/v2\/product\/2371","targetHints":{"allow":["GET"]}}],"collection":[{"href":"https:\/\/kunsthandel-puch.de\/fr\/wp-json\/wp\/v2\/product"}],"about":[{"href":"https:\/\/kunsthandel-puch.de\/fr\/wp-json\/wp\/v2\/types\/product"}],"wp:featuredmedia":[{"embeddable":true,"href":"https:\/\/kunsthandel-puch.de\/fr\/wp-json\/wp\/v2\/media\/2195"}],"wp:attachment":[{"href":"https:\/\/kunsthandel-puch.de\/fr\/wp-json\/wp\/v2\/media?parent=2371"}],"wp:term":[{"taxonomy":"product_brand","embeddable":true,"href":"https:\/\/kunsthandel-puch.de\/fr\/wp-json\/wp\/v2\/product_brand?post=2371"},{"taxonomy":"product_cat","embeddable":true,"href":"https:\/\/kunsthandel-puch.de\/fr\/wp-json\/wp\/v2\/product_cat?post=2371"},{"taxonomy":"product_tag","embeddable":true,"href":"https:\/\/kunsthandel-puch.de\/fr\/wp-json\/wp\/v2\/product_tag?post=2371"}],"curies":[{"name":"wp","href":"https:\/\/api.w.org\/{rel}","templated":true}]}}