{"id":2369,"date":"2024-08-19T17:04:46","date_gmt":"2024-08-19T15:04:46","guid":{"rendered":"https:\/\/kunsthandel-puch.de\/produkt\/sculpture-du-portail-wittelsbach-loewe\/"},"modified":"2024-09-29T14:21:44","modified_gmt":"2024-09-29T12:21:44","slug":"sculpture-du-portail-wittelsbach-loewe","status":"publish","type":"product","link":"https:\/\/kunsthandel-puch.de\/fr\/produkt\/sculpture-du-portail-wittelsbach-loewe\/","title":{"rendered":"Sculpture de portail rococo Wittelsbach L\u00f6we"},"content":{"rendered":"<h3>Les Wittelsbach &#8211; De somptueuses r\u00e9sidences en Bavi\u00e8re<\/h3>\n<h4 class=\"hidden\" style=\"text-align: center;\">Achat de sculptures anciennes d&rsquo;animaux souhait\u00e9es \u00e0 Munich<\/h4>\n<p>Les <a href=\"https:\/\/de.wikipedia.org\/wiki\/Wittelsbach\">Wittelsbach<\/a>, l&rsquo;une des plus anciennes et des plus importantes familles aristocratiques d&rsquo;Europe, ont marqu\u00e9 la Bavi\u00e8re pendant des si\u00e8cles et ont laiss\u00e9 un riche h\u00e9ritage culturel. C&rsquo;est surtout \u00e0 l&rsquo;\u00e9poque du rococo, au XVIIIe si\u00e8cle, que la Bavi\u00e8re a connu une p\u00e9riode de prosp\u00e9rit\u00e9 sous les Wittelsbach, qui s&rsquo;est manifest\u00e9e par de somptueux \u00e9difices et un d\u00e9cor opulent.<\/p>\n<p>Le rococo, un style <a href=\"https:\/\/kunsthandel-puch.de\/fr\/produkt-kategorie\/artisanat-dart\/\">artistique<\/a> et ludique, \u00e9tait caract\u00e9ris\u00e9 par l&rsquo;\u00e9l\u00e9gance, la l\u00e9g\u00e8ret\u00e9 et une tendance \u00e0 l&rsquo;exag\u00e9ration. Cette esth\u00e9tique a trouv\u00e9 son expression la plus aboutie dans les r\u00e9sidences des Wittelsbach. La famille a fait construire ou r\u00e9am\u00e9nager de nombreux ch\u00e2teaux et propri\u00e9t\u00e9s qui sont encore aujourd&rsquo;hui consid\u00e9r\u00e9s comme des chefs-d&rsquo;\u0153uvre d&rsquo;architecture et de d\u00e9coration int\u00e9rieure.<\/p>\n<p>Un exemple remarquable est la R\u00e9sidence de Munich, le quartier g\u00e9n\u00e9ral des Wittelsbach et l&rsquo;un des plus grands ch\u00e2teaux de centre-ville d&rsquo;Allemagne. Sous le prince \u00e9lecteur Max III Joseph, de nombreuses pi\u00e8ces ont \u00e9t\u00e9 am\u00e9nag\u00e9es dans le style rococo, dont les c\u00e9l\u00e8bres chambres riches. Ces pi\u00e8ces sont d\u00e9cor\u00e9es de stucs somptueux, de sculptures dor\u00e9es et de fresques d\u00e9taill\u00e9es qui refl\u00e8tent la joie de vivre et la splendeur de l&rsquo;\u00e9poque rococo.<\/p>\n<p>Le ch\u00e2teau de Nymphenburg, qui servait de r\u00e9sidence d&rsquo;\u00e9t\u00e9 aux Wittelsbach, est un autre joyau du rococo. Les int\u00e9rieurs du ch\u00e2teau, en particulier la salle de pierre, se distinguent par leurs peintures murales et de plafond \u00e9labor\u00e9es, leurs stucs d\u00e9licats et l&rsquo;utilisation de mat\u00e9riaux pr\u00e9cieux comme le marbre et l&rsquo;or. Le parc du ch\u00e2teau adjacent, avec ses pavillons rococo comme l&rsquo;Amalienburg, compl\u00e8te ce magnifique ensemble.<\/p>\n<p>Le ch\u00e2teau de Schlei\u00dfheim, en particulier le Nouveau ch\u00e2teau, illustre \u00e9galement la richesse et la puissance des Wittelsbach \u00e0 cette \u00e9poque. Les salles d&rsquo;apparat somptueusement d\u00e9cor\u00e9es et les vastes jardins, con\u00e7us sur le mod\u00e8le fran\u00e7ais, t\u00e9moignent de la qu\u00eate de repr\u00e9sentation et de luxe des Wittelsbach.<\/p>\n<p>Les Wittelsbach ont su d\u00e9montrer leur pouvoir et leur influence \u00e0 travers l&rsquo;art et l&rsquo;architecture. Les r\u00e9sidences et les ch\u00e2teaux qu&rsquo;ils ont fait construire \u00e0 l&rsquo;\u00e9poque rococo sont aujourd&rsquo;hui encore des t\u00e9moignages vivants de cette \u00e9poque et attirent des visiteurs du monde entier. Le d\u00e9cor somptueux, marqu\u00e9 par des d\u00e9tails artistiques et une splendeur opulente, fait de ces b\u00e2timents des chefs-d&rsquo;\u0153uvre du rococo et un \u00e9l\u00e9ment important du patrimoine culturel de la Bavi\u00e8re.<\/p>\n<h4 class=\"hidden\" style=\"text-align: center;\">Achat de sculptures anciennes souhait\u00e9es \u00e0 Munich<\/h4>\n<p>Jusqu&rsquo;\u00e0 aujourd&rsquo;hui, les propri\u00e9t\u00e9s des Wittelsbach ne sont pas seulement des joyaux architecturaux, mais aussi des sites historiques importants qui font revivre la vie et la culture de la noblesse bavaroise au 18\u00e8me si\u00e8cle.<\/p>\n<h3>Sculpture de portail rococo :<\/h3>\n<h4 class=\"hidden\" style=\"text-align: center;\">Sculptures anciennes \u00e0 vendre \u00e0 Munich<\/h4>\n<p>Lion de Wittelsbach<\/p>\n<p>Bois de tilleul sculpt\u00e9, serti et dor\u00e9.<\/p>\n<p>Un sculpteur de cour a r\u00e9alis\u00e9 cette sculpture de lion \u00e0 l&rsquo;\u00e9poque rococo entre 1750-70 pour le d\u00e9cor d&rsquo;une propri\u00e9t\u00e9 des Wittelsbach. La sculpture se trouvait probablement dans la zone du portail ou au d\u00e9but d&rsquo;une galerie d&rsquo;escalier. Le lion est magistralement con\u00e7u et porte la couronne \u00e9lectorale ainsi que les armoiries bavaroises avec l&rsquo;orbe et la croix dans un cartouche. (lat. Globus Cruciger)<\/p>\n<h4 class=\"hidden\" style=\"text-align: center;\">Magasin sp\u00e9cialis\u00e9 dans les sculptures anciennes \u00e0 Munich<\/h4>\n<p>Excellent \u00e9tat de conservation l\u00e9g\u00e8res retouches \u00e0 la dorure le blason est dans son \u00e9tat d&rsquo;origine.<\/p>\n<p><a href=\"https:\/\/kunsthandel-puch.de\/fr\/produkt-kategorie\/artisanat-dart\/\"><input class=\"wpcf7-form-control wpcf7-submit has-spinner\" style=\"border-radius: 18px;\" type=\"submit\" value=\"Vers l'artisanat d'art\"><\/a><\/p>\n","protected":false},"excerpt":{"rendered":"<p><strong>Origine<\/strong><br \/>\nBavi\u00e8re<br \/>\n<strong>Vieux<\/strong><br \/>\nvers 1750<br \/>\n<strong>Taille<\/strong><br \/>\n71,0 cm x 37,0 cm<br \/>\n<strong>Ancien propri\u00e9taire<\/strong><br \/>\nCollection priv\u00e9e de Basse-Bavi\u00e8re<\/p>\n","protected":false},"featured_media":2201,"template":"","meta":[],"product_brand":[],"product_cat":[251,227,223,250,225],"product_tag":[],"class_list":{"0":"post-2369","1":"product","2":"type-product","3":"status-publish","4":"has-post-thumbnail","6":"product_cat-18eme-siecle-fr-2","7":"product_cat-allemagne","8":"product_cat-artisanat-dart","9":"product_cat-bois","10":"product_cat-plaque-or","11":"","12":"woocommerce-text-align-center","13":"woocommerce-image-align-center","14":"do-quantity-buttons","16":"first","17":"instock","18":"shipping-taxable","19":"product-type-simple"},"_links":{"self":[{"href":"https:\/\/kunsthandel-puch.de\/fr\/wp-json\/wp\/v2\/product\/2369","targetHints":{"allow":["GET"]}}],"collection":[{"href":"https:\/\/kunsthandel-puch.de\/fr\/wp-json\/wp\/v2\/product"}],"about":[{"href":"https:\/\/kunsthandel-puch.de\/fr\/wp-json\/wp\/v2\/types\/product"}],"wp:featuredmedia":[{"embeddable":true,"href":"https:\/\/kunsthandel-puch.de\/fr\/wp-json\/wp\/v2\/media\/2201"}],"wp:attachment":[{"href":"https:\/\/kunsthandel-puch.de\/fr\/wp-json\/wp\/v2\/media?parent=2369"}],"wp:term":[{"taxonomy":"product_brand","embeddable":true,"href":"https:\/\/kunsthandel-puch.de\/fr\/wp-json\/wp\/v2\/product_brand?post=2369"},{"taxonomy":"product_cat","embeddable":true,"href":"https:\/\/kunsthandel-puch.de\/fr\/wp-json\/wp\/v2\/product_cat?post=2369"},{"taxonomy":"product_tag","embeddable":true,"href":"https:\/\/kunsthandel-puch.de\/fr\/wp-json\/wp\/v2\/product_tag?post=2369"}],"curies":[{"name":"wp","href":"https:\/\/api.w.org\/{rel}","templated":true}]}}