{"id":2368,"date":"2024-08-19T17:12:49","date_gmt":"2024-08-19T15:12:49","guid":{"rendered":"https:\/\/kunsthandel-puch.de\/produkt\/buste-du-philosophe-homere\/"},"modified":"2024-09-29T13:47:25","modified_gmt":"2024-09-29T11:47:25","slug":"buste-du-philosophe-homere","status":"publish","type":"product","link":"https:\/\/kunsthandel-puch.de\/fr\/produkt\/buste-du-philosophe-homere\/","title":{"rendered":"Bronze napolitain du philosophe Hom\u00e8re"},"content":{"rendered":"<h3>Bronzes napolitains :<\/h3>\n<h4 class=\"hidden\" style=\"text-align: center;\">Bronzes classiques \u00e0 vendre et \u00e0 acheter \u00e0 Munich<\/h4>\n<p>L&rsquo;histoire des <a href=\"https:\/\/de.wikipedia.org\/wiki\/Arch%C3%A4ologisches_Nationalmuseum_Neapel\">bronzes napolitains<\/a> est \u00e9troitement li\u00e9e aux d\u00e9couvertes faites par Karl Weber en 1750 \u00e0 la Villa dei Papiri \u00e0 Herculanum. Weber, un ing\u00e9nieur suisse, a dirig\u00e9 les fouilles de cette luxueuse villa qui avait \u00e9t\u00e9 ensevelie sous les cendres suite \u00e0 l&rsquo;\u00e9ruption du V\u00e9suve en 79 ap. Dans les d\u00e9combres de la villa, il a d\u00e9couvert une impressionnante collection de statues en bronze repr\u00e9sentant l&rsquo;<a href=\"https:\/\/kunsthandel-puch.de\/fr\/produkt-kategorie\/artisanat-dart\/\">artisanat<\/a> romain antique dans ce qu <a href=\"https:\/\/kunsthandel-puch.de\/fr\/produkt-kategorie\/artisanat-dart\/\">&lsquo;<\/a> il a de meilleur.<\/p>\n<p>Ces bronzes, qui comprennent des \u0153uvres majeures comme le \u00ab\u00a0Danseur d&rsquo;Antique\u00a0\u00bb et la \u00ab\u00a0Statue d&rsquo;Herm\u00e8s\u00a0\u00bb, ont \u00e9t\u00e9 une contribution importante \u00e0 la compr\u00e9hension de l&rsquo;art et de la culture romains. Les d\u00e9couvertes ont rapidement \u00e9t\u00e9 connues et ont suscit\u00e9 un large int\u00e9r\u00eat de la part des collectionneurs et des artistes de toute l&rsquo;Europe.<\/p>\n<p>Au XIXe si\u00e8cle, \u00e0 une \u00e9poque de renouveau des formes d&rsquo;art antiques, des ateliers de Naples ont commenc\u00e9 \u00e0 refondre ces bronzes antiques. Parmi les reproducteurs les plus connus figuraient la soci\u00e9t\u00e9 Sabatino De Angelis &amp; Fils et l&rsquo;atelier Chiurazzi. Ces ateliers se sont sp\u00e9cialis\u00e9s dans la production de copies fid\u00e8les des statues antiques, qui ont \u00e9t\u00e9 vendues dans les mus\u00e9es et les collections priv\u00e9es du monde entier.<\/p>\n<h4 class=\"hidden\" style=\"text-align: center;\">Bronzes romains classiques Achat et vente \u00e0 Munich<\/h4>\n<p>Les travaux de De Angelis et Chiurazzi ont contribu\u00e9 de mani\u00e8re d\u00e9cisive \u00e0 pr\u00e9server le patrimoine des bronzes napolitains et \u00e0 le rendre accessible \u00e0 un large public. Leurs \u0153uvres figurent encore aujourd&rsquo;hui dans de nombreuses collections prestigieuses et t\u00e9moignent de la fascination intemporelle qu&rsquo;exercent ces chefs-d&rsquo;\u0153uvre de l&rsquo;Antiquit\u00e9. La pr\u00e9cision artisanale avec laquelle ces r\u00e9pliques ont \u00e9t\u00e9 r\u00e9alis\u00e9es en fait des objets appr\u00e9ci\u00e9s de l&rsquo;histoire de l&rsquo;art et de la culture, qui font le lien entre le pass\u00e9 et le pr\u00e9sent.<\/p>\n<h3>Buste du philosophe Hom\u00e8re :<\/h3>\n<h4 class=\"hidden\" style=\"text-align: center;\">Vente de bronzes classiques \u00e0 Munich<\/h4>\n<p>Bronze coul\u00e9 bruni sur le socle en marbre d&rsquo;origine vers 1880 &#8211; 1900\/ Italie \/ Naples.<\/p>\n<p>Il s&rsquo;agit de la repr\u00e9sentation du philosophe grec Hom\u00e8re, qui a \u00e9t\u00e9 trouv\u00e9e telle quelle lors de fouilles en Gr\u00e8ce.<\/p>\n<p>Provenance : atelier du professeur Chiurazzi seconde moiti\u00e9 du 19e si\u00e8cle.<\/p>\n<p>Le professeur Chiurazzi a dirig\u00e9 un atelier de moulage en bronze avec l&rsquo;autorisation du Mus\u00e9e national de Naples, o\u00f9 il a pu r\u00e9aliser des reproductions d&rsquo;objets anciens.<\/p>\n<h4 class=\"hidden\" style=\"text-align: center;\">Sculptures originales en bronze ancien Achat et vente \u00e0 Munich<\/h4>\n<p>Tr\u00e8s bon \u00e9tat de conservation.<\/p>\n<p>Une pi\u00e8ce de collection !<\/p>\n<p><a href=\"https:\/\/kunsthandel-puch.de\/fr\/produkt-kategorie\/artisanat-dart\/\"><input class=\"wpcf7-form-control wpcf7-submit has-spinner\" style=\"border-radius: 18px;\" type=\"submit\" value=\"Vers l'artisanat d'art\"><\/a><\/p>\n","protected":false},"excerpt":{"rendered":"<p><strong>Origine<\/strong><br \/>\nItalie\/ Ateliers Chiurazzi Naples<br \/>\n<strong>Vieux<\/strong><br \/>\nvers 1880 &#8211; 1900<br \/>\n<strong>Taille<\/strong><br \/>\n45,0 cm x 21,0 cm<br \/>\n<strong>Ancien propri\u00e9taire<\/strong><br \/>\nCollection priv\u00e9e Fort Lauderdale \u00c9tats-Unis<\/p>\n","protected":false},"featured_media":2171,"template":"","meta":[],"product_brand":[],"product_cat":[229,223,238,239,240,248,241],"product_tag":[],"class_list":{"0":"post-2368","1":"product","2":"type-product","3":"status-publish","4":"has-post-thumbnail","6":"product_cat-19eme-siecle","7":"product_cat-artisanat-dart","8":"product_cat-bronze-fr","9":"product_cat-bruni","10":"product_cat-italie-fr","11":"product_cat-marbre","12":"product_cat-naples-fr","13":"","14":"woocommerce-text-align-center","15":"woocommerce-image-align-center","16":"do-quantity-buttons","18":"first","19":"instock","20":"shipping-taxable","21":"product-type-simple"},"_links":{"self":[{"href":"https:\/\/kunsthandel-puch.de\/fr\/wp-json\/wp\/v2\/product\/2368","targetHints":{"allow":["GET"]}}],"collection":[{"href":"https:\/\/kunsthandel-puch.de\/fr\/wp-json\/wp\/v2\/product"}],"about":[{"href":"https:\/\/kunsthandel-puch.de\/fr\/wp-json\/wp\/v2\/types\/product"}],"wp:featuredmedia":[{"embeddable":true,"href":"https:\/\/kunsthandel-puch.de\/fr\/wp-json\/wp\/v2\/media\/2171"}],"wp:attachment":[{"href":"https:\/\/kunsthandel-puch.de\/fr\/wp-json\/wp\/v2\/media?parent=2368"}],"wp:term":[{"taxonomy":"product_brand","embeddable":true,"href":"https:\/\/kunsthandel-puch.de\/fr\/wp-json\/wp\/v2\/product_brand?post=2368"},{"taxonomy":"product_cat","embeddable":true,"href":"https:\/\/kunsthandel-puch.de\/fr\/wp-json\/wp\/v2\/product_cat?post=2368"},{"taxonomy":"product_tag","embeddable":true,"href":"https:\/\/kunsthandel-puch.de\/fr\/wp-json\/wp\/v2\/product_tag?post=2368"}],"curies":[{"name":"wp","href":"https:\/\/api.w.org\/{rel}","templated":true}]}}