{"id":2365,"date":"2024-08-19T17:18:14","date_gmt":"2024-08-19T15:18:14","guid":{"rendered":"https:\/\/kunsthandel-puch.de\/produkt\/buste-de-dionysos-platon\/"},"modified":"2024-09-29T13:47:26","modified_gmt":"2024-09-29T11:47:26","slug":"buste-de-dionysos-platon","status":"publish","type":"product","link":"https:\/\/kunsthandel-puch.de\/fr\/produkt\/buste-de-dionysos-platon\/","title":{"rendered":"Buste de Dionysos \/ Platon"},"content":{"rendered":"<h3>Bustes et sculptures en bronze de Naples : un regard sur l&rsquo;Antiquit\u00e9<\/h3>\n<h4 class=\"hidden\" style=\"text-align: center;\">Bustes grecs anciens Achat et vente \u00e0 Munich et Cologne<\/h4>\n<p>Naples, une ville riche en histoire et en art, abrite certains des bustes et des sculptures en bronze les plus fascinants de l&rsquo;Antiquit\u00e9. Une d\u00e9couverte importante dans ce contexte est la repr\u00e9sentation en bronze r\u00e9alis\u00e9e vers 1750 par l&rsquo;arch\u00e9ologue suisse Karl Weber lors de ses fouilles \u00e0 la <a href=\"https:\/\/en.wikipedia.org\/wiki\/Villa_of_the_Papyri\">Villa dei Papiri<\/a> \u00e0 Herculanum, dans le golfe de Naples. Ces d\u00e9couvertes offrent un aper\u00e7u unique de l&rsquo;art et de la culture de l&rsquo;\u00e9poque hell\u00e9nistique.<\/p>\n<h4 class=\"hidden\" style=\"text-align: center;\">Bustes n\u00e9oclassiques anciens en vente \u00e0 Munich<\/h4>\n<p>Au cours de ses fouilles, Karl Weber a d\u00e9couvert non seulement cette impressionnante repr\u00e9sentation en bronze, mais aussi une multitude d&rsquo;autres bustes qui refl\u00e8tent la diversit\u00e9 et la richesse artistique de l&rsquo;\u00e9poque hell\u00e9nistique. Ces sculptures en bronze sont aujourd&rsquo;hui d&rsquo;importants t\u00e9moignages de l&rsquo;art antique et attirent aussi bien les amateurs d&rsquo;art que les historiens.<\/p>\n<p>Dans la seconde moiti\u00e9 du XIXe si\u00e8cle, le professeur Chiurazzi a jou\u00e9 un r\u00f4le crucial dans la pr\u00e9servation de ces \u0153uvres d&rsquo;art antiques. Avec l&rsquo;autorisation du Mus\u00e9e national de Naples, il a cr\u00e9\u00e9 un atelier de fonte en bronze dans lequel il a r\u00e9alis\u00e9 des reproductions d\u00e9taill\u00e9es des d\u00e9couvertes d&rsquo;Herculanum. Ces \u0153uvres d&rsquo;art, qu&rsquo;il a r\u00e9alis\u00e9es \u00e0 la perfection, ont permis \u00e0 un public plus large d&rsquo;appr\u00e9cier la beaut\u00e9 et le savoir-faire des bustes originaux en bronze et ont contribu\u00e9 \u00e0 la diffusion des connaissances sur l&rsquo;art antique de Naples.<\/p>\n<p>Les bustes et les sculptures en bronze de Naples ne sont pas seulement des \u0153uvres d&rsquo;art, mais aussi de pr\u00e9cieux documents historiques qui offrent un aper\u00e7u des structures sociales et culturelles de l&rsquo;Antiquit\u00e9. Aujourd&rsquo;hui, ils constituent un \u00e9l\u00e9ment important de l&rsquo;identit\u00e9 culturelle de Naples et attirent des touristes du monde entier.<\/p>\n<h4 class=\"hidden\" style=\"text-align: center;\">Figurines n\u00e9oclassiques anciennes Achat souhait\u00e9 \u00e0 Munich<\/h4>\n<p>Visitez Naples et d\u00e9couvrez le monde fascinant des bustes et <a href=\"https:\/\/kunsthandel-puch.de\/fr\/produkt-kategorie\/artisanat-dart\/\">des sculptures<\/a> en bronze qui font revivre la riche histoire de cette ville fascinante. Plongez dans l&rsquo;art antique et d\u00e9couvrez les chefs-d&rsquo;\u0153uvre qui ont \u00e9t\u00e9 pr\u00e9serv\u00e9s et immortalis\u00e9s au fil des si\u00e8cles.<\/p>\n<h3>Buste de Dionysos\/ Platon<\/h3>\n<h4 class=\"hidden\" style=\"text-align: center;\">Acheter des bustes italiens anciens de style classique \u00e0 Munich et Cologne<\/h4>\n<p>Bronze coul\u00e9 bruni sur le socle original en marbre vers 1880\/ Italie\/ Naples.<\/p>\n<p>Hauteur 42 cm Largeur 26,0 cm, date de cr\u00e9ation vers 1880<\/p>\n<p>Provenance : atelier du professeur Chiurazzi, deuxi\u00e8me moiti\u00e9 du XIXe si\u00e8cle, au dos du socle en pierre, le cachet rond de l&rsquo;entreprise avec une m\u00e9duse et l&rsquo;inscription \u00ab\u00a0Chiurazzi Naples\u00a0\u00bb sur le pourtour.<\/p>\n<h4 class=\"hidden\" style=\"text-align: center;\">Vendre et acheter des bronzes anciens n\u00e9oclassiques \u00e0 Munich et \u00e0 D\u00fcsseldorf<\/h4>\n<p>\u00c9tat de conservation d&rsquo;origine.<\/p>\n<p>Une pi\u00e8ce de collection !<\/p>\n<p><a href=\"https:\/\/kunsthandel-puch.de\/fr\/produkt-kategorie\/artisanat-dart\/\"><input class=\"wpcf7-form-control wpcf7-submit has-spinner\" style=\"border-radius: 18px;\" type=\"submit\" value=\"Vers l'artisanat d'art\"><\/a><\/p>\n","protected":false},"excerpt":{"rendered":"<p><strong>Origine<\/strong><br \/>\nItalie\/ Naples\/ Atelier Chiurazzi<br \/>\n<strong>Vieux<\/strong><br \/>\nvers 1880<br \/>\n<strong>Taille<\/strong><br \/>\n42,5 cm x 26,0 cm<br \/>\n<strong>Ancien propri\u00e9taire<\/strong><br \/>\nCollection priv\u00e9e Hanovre Allemagne<\/p>\n","protected":false},"featured_media":2203,"template":"","meta":[],"product_brand":[],"product_cat":[229,223,238,239,240,241],"product_tag":[],"class_list":{"0":"post-2365","1":"product","2":"type-product","3":"status-publish","4":"has-post-thumbnail","6":"product_cat-19eme-siecle","7":"product_cat-artisanat-dart","8":"product_cat-bronze-fr","9":"product_cat-bruni","10":"product_cat-italie-fr","11":"product_cat-naples-fr","12":"","13":"woocommerce-text-align-center","14":"woocommerce-image-align-center","15":"do-quantity-buttons","17":"first","18":"instock","19":"shipping-taxable","20":"product-type-simple"},"_links":{"self":[{"href":"https:\/\/kunsthandel-puch.de\/fr\/wp-json\/wp\/v2\/product\/2365","targetHints":{"allow":["GET"]}}],"collection":[{"href":"https:\/\/kunsthandel-puch.de\/fr\/wp-json\/wp\/v2\/product"}],"about":[{"href":"https:\/\/kunsthandel-puch.de\/fr\/wp-json\/wp\/v2\/types\/product"}],"wp:featuredmedia":[{"embeddable":true,"href":"https:\/\/kunsthandel-puch.de\/fr\/wp-json\/wp\/v2\/media\/2203"}],"wp:attachment":[{"href":"https:\/\/kunsthandel-puch.de\/fr\/wp-json\/wp\/v2\/media?parent=2365"}],"wp:term":[{"taxonomy":"product_brand","embeddable":true,"href":"https:\/\/kunsthandel-puch.de\/fr\/wp-json\/wp\/v2\/product_brand?post=2365"},{"taxonomy":"product_cat","embeddable":true,"href":"https:\/\/kunsthandel-puch.de\/fr\/wp-json\/wp\/v2\/product_cat?post=2365"},{"taxonomy":"product_tag","embeddable":true,"href":"https:\/\/kunsthandel-puch.de\/fr\/wp-json\/wp\/v2\/product_tag?post=2365"}],"curies":[{"name":"wp","href":"https:\/\/api.w.org\/{rel}","templated":true}]}}