{"id":2364,"date":"2024-08-19T17:15:05","date_gmt":"2024-08-19T15:15:05","guid":{"rendered":"https:\/\/kunsthandel-puch.de\/produkt\/lhorloge-de-lempire\/"},"modified":"2024-12-28T15:54:53","modified_gmt":"2024-12-28T14:54:53","slug":"lhorloge-de-lempire","status":"publish","type":"product","link":"https:\/\/kunsthandel-puch.de\/fr\/produkt\/lhorloge-de-lempire\/","title":{"rendered":"L&rsquo;horloge de l&rsquo;Empire"},"content":{"rendered":"<h3>Horloges anglaises du XIXe si\u00e8cle : des chefs-d&rsquo;\u0153uvre d&rsquo;horlogerie<\/h3>\n<h4 class=\"hidden\" style=\"text-align: center;\">Horloges anglaises anciennes originales Achat et vente \u00e0 Munich<\/h4>\n<p>Au XIXe si\u00e8cle, l&rsquo;horlogerie anglaise a connu un essor remarquable. L <a href=\"https:\/\/www.visitlondon.com\/de\/tag\/tourist-information-centre\">&lsquo;Angleterre<\/a> est devenue \u00e0 cette \u00e9poque, avec la Suisse, l&rsquo;un des principaux centres de l&rsquo;art horloger, connu pour son travail de pr\u00e9cision et ses designs innovants, comme l&rsquo;est l&rsquo;horloge Empire suivante. Les montres anglaises du XIXe si\u00e8cle sont aujourd&rsquo;hui des pi\u00e8ces de collection tr\u00e8s recherch\u00e9es, appr\u00e9ci\u00e9es pour leur qualit\u00e9 artisanale et leur \u00e9l\u00e9gance styl\u00e9e.<\/p>\n<h4 class=\"hidden\" style=\"text-align: center;\">Globes anciens originaux \u00e0 vendre \u00e0 Munich<\/h4>\n<p>Smith &amp; Sons Ltd, fond\u00e9e en 1851, \u00e9tait l&rsquo;une des principales manufactures horlog\u00e8res de Grande-Bretagne. La soci\u00e9t\u00e9 s&rsquo;est sp\u00e9cialis\u00e9e dans la fabrication de garde-temps haut de gamme et s&rsquo;est rapidement fait conna\u00eetre pour sa capacit\u00e9 d&rsquo;innovation et sa qu\u00eate de la perfection. L&rsquo;horloge globe Empire Clock est un exemple parfait du savoir-faire exceptionnel des horlogers de Smith &amp; Sons Ltd.<\/p>\n<h4 class=\"hidden\" style=\"text-align: center;\">Achat et vente \u00e0 Munich<\/h4>\n<p>Ces montres n&rsquo;\u00e9taient pas seulement des garde-temps, mais aussi l&rsquo;expression du statut de l&rsquo;Empire britannique. Aujourd&rsquo;hui, ce sont des objets recherch\u00e9s par les collectionneurs et les amateurs de montres anciennes qui appr\u00e9cient l&rsquo;art artisanal et l&rsquo;h\u00e9ritage historique de l&rsquo;horlogerie anglaise.<\/p>\n<h3>Description<\/h3>\n<h3>L&rsquo;horloge de l&rsquo;Empire :<\/h3>\n<h4 class=\"hidden\" style=\"text-align: center;\">Horloge Empire originale \u00e0 vendre \u00e0 Munich<\/h4>\n<p>Globe avec pied en laiton et mouvement int\u00e9gr\u00e9 avec cadran 24 heures int\u00e9gr\u00e9 \u00e0 l&rsquo;anneau de l&rsquo;\u00e9quateur . L&rsquo;anneau en laiton autour de l&rsquo;\u00e9quateur indique sur chaque r\u00e9gion du globe. Une aiguille peut \u00eatre ajust\u00e9e verticalement en fonction de la position locale. <a href=\"http:\/\/produkt-kategorie\/kunsthandwerk\/\">L&rsquo;artisanat d&rsquo;art<\/a> \u00e0 son plus haut niveau de perfection.<\/p>\n<h4 class=\"hidden\" style=\"text-align: center;\">Horloge Empire anglaise \u00e0 vendre \u00e0 Munich<\/h4>\n<p>Marqu\u00e9 en bas de la base sup\u00e9rieure avec Patent sur l&rsquo;autre c\u00f4t\u00e9 avec BREV. S.G.D.G. &#8211; Brevet\u00e9 \u00ab\u00a0Sans Garantie Du Gouvernement\u00a0\u00bb une r\u00e9f\u00e9rence possible \u00e0 l&rsquo;exportation pour le march\u00e9 fran\u00e7ais au bas de la plaque de fond du mouvement le num\u00e9ro 118 probablement le num\u00e9ro de s\u00e9rie continu de la production.<\/p>\n<p>Sur le globe, un embl\u00e8me sur lequel est inscrit : Brevet num\u00e9ro 19460 \u00ab\u00a0THE EMPIRE CLOCK cable.<\/p>\n<p>Le mouvement a \u00e9t\u00e9 r\u00e9cemment r\u00e9vis\u00e9, le globe a la patine d&rsquo;origine et se trouve dans son \u00e9tat d&rsquo;origine.<\/p>\n<p>Une pi\u00e8ce de collection rare !<\/p>\n<p><a href=\"https:\/\/kunsthandel-puch.de\/fr\/produkt-kategorie\/artisanat-dart\/\"><input class=\"wpcf7-form-control wpcf7-submit has-spinner\" style=\"border-radius: 18px;\" type=\"submit\" value=\"Vers l'artisanat d'art\"><\/a><\/p>\n","protected":false},"excerpt":{"rendered":"<p><strong>Origine<\/strong><br \/>\nAngleterre\/ Londres\/ Smith &amp; Sons Ltd<br \/>\n<strong>Vieux<\/strong><br \/>\nvers 1895<br \/>\n<strong>Taille<\/strong><br \/>\nDiam\u00e8tre 205 mm Hauteur totale 395 mm<br \/>\n<strong>Ancien propri\u00e9taire<\/strong><br \/>\nCollection priv\u00e9e de Heidelberg<\/p>\n","protected":false},"featured_media":3352,"template":"","meta":[],"product_brand":[],"product_cat":[229,236,223,235,237],"product_tag":[],"class_list":{"0":"post-2364","1":"product","2":"type-product","3":"status-publish","4":"has-post-thumbnail","6":"product_cat-19eme-siecle","7":"product_cat-angleterre","8":"product_cat-artisanat-dart","9":"product_cat-laiton","10":"product_cat-londres","11":"","12":"woocommerce-text-align-center","13":"woocommerce-image-align-center","14":"do-quantity-buttons","16":"first","17":"instock","18":"shipping-taxable","19":"product-type-simple"},"_links":{"self":[{"href":"https:\/\/kunsthandel-puch.de\/fr\/wp-json\/wp\/v2\/product\/2364","targetHints":{"allow":["GET"]}}],"collection":[{"href":"https:\/\/kunsthandel-puch.de\/fr\/wp-json\/wp\/v2\/product"}],"about":[{"href":"https:\/\/kunsthandel-puch.de\/fr\/wp-json\/wp\/v2\/types\/product"}],"wp:featuredmedia":[{"embeddable":true,"href":"https:\/\/kunsthandel-puch.de\/fr\/wp-json\/wp\/v2\/media\/3352"}],"wp:attachment":[{"href":"https:\/\/kunsthandel-puch.de\/fr\/wp-json\/wp\/v2\/media?parent=2364"}],"wp:term":[{"taxonomy":"product_brand","embeddable":true,"href":"https:\/\/kunsthandel-puch.de\/fr\/wp-json\/wp\/v2\/product_brand?post=2364"},{"taxonomy":"product_cat","embeddable":true,"href":"https:\/\/kunsthandel-puch.de\/fr\/wp-json\/wp\/v2\/product_cat?post=2364"},{"taxonomy":"product_tag","embeddable":true,"href":"https:\/\/kunsthandel-puch.de\/fr\/wp-json\/wp\/v2\/product_tag?post=2364"}],"curies":[{"name":"wp","href":"https:\/\/api.w.org\/{rel}","templated":true}]}}