{"id":2361,"date":"2024-08-19T17:19:56","date_gmt":"2024-08-19T15:19:56","guid":{"rendered":"https:\/\/kunsthandel-puch.de\/produkt\/saint-sebastien\/"},"modified":"2024-09-15T16:15:16","modified_gmt":"2024-09-15T14:15:16","slug":"saint-sebastien","status":"publish","type":"product","link":"https:\/\/kunsthandel-puch.de\/fr\/produkt\/saint-sebastien\/","title":{"rendered":"Saint S\u00e9bastien"},"content":{"rendered":"<h3>Sur le m\u00eame th\u00e8me :<\/h3>\n<p>Saint <a href=\"https:\/\/de.wikipedia.org\/wiki\/Sebastian_(Heiliger)\">S\u00e9bastien<\/a>, n\u00e9 \u00e0 Milan, est l&rsquo;un des martyrs les plus connus de l&rsquo;\u00c9glise chr\u00e9tienne. Il grandit dans une famille respect\u00e9e et, gr\u00e2ce \u00e0 son excellente \u00e9ducation, devient officier de la garde personnelle de l&#8217;empereur Diocl\u00e9tien, l&rsquo;un des plus puissants dirigeants de l&rsquo;Empire romain. Malgr\u00e9 sa position \u00e0 la cour imp\u00e9riale, S\u00e9bastien a ouvertement profess\u00e9 le christianisme, un acte courageux qui comportait de grands risques \u00e0 une \u00e9poque d&rsquo;intense pers\u00e9cution des chr\u00e9tiens.<\/p>\n<p>Lorsque Diocl\u00e9tien apprit la foi de S\u00e9bastien, il le condamna \u00e0 mort. Il devait \u00eatre ex\u00e9cut\u00e9 par des archers numides qui le transperc\u00e8rent de fl\u00e8ches. La l\u00e9gende veut cependant que S\u00e9bastien ait surv\u00e9cu \u00e0 ce martyre gr\u00e2ce \u00e0 un miracle divin. Gravement marqu\u00e9 par ses blessures, il est rest\u00e9 fid\u00e8le \u00e0 sa foi et a de nouveau d\u00e9fendu le christianisme. Cela lui a valu une deuxi\u00e8me condamnation par Diocl\u00e9tien, qui a finalement conduit \u00e0 sa mort. S\u00e9bastien a \u00e9t\u00e9 tu\u00e9 au Cirque, mais son sacrifice n&rsquo;est pas pass\u00e9 inaper\u00e7u. Son corps a \u00e9t\u00e9 r\u00e9cup\u00e9r\u00e9 et enterr\u00e9 par des fid\u00e8les chr\u00e9tiens. L&rsquo;\u00e9glise \u00ab\u00a0San Sebastiano fuori le mura\u00a0\u00bb a \u00e9t\u00e9 construite sur son lieu de s\u00e9pulture d\u00e8s le 4e si\u00e8cle et reste aujourd&rsquo;hui encore une destination de p\u00e8lerinage importante. Cette \u00e9glise est consid\u00e9r\u00e9e comme l&rsquo;un des premiers lieux de culte chr\u00e9tien \u00e0 Rome et t\u00e9moigne de l&rsquo;influence continue de S\u00e9bastien sur les fid\u00e8les.<\/p>\n<h3><span style=\"font-family: inherit; font-size: 29px; font-style: inherit;\">Saint S\u00e9bastien :<\/span><\/h3>\n<p>Une \u0153uvre d&rsquo;art remarquable repr\u00e9sentant Saint S\u00e9bastien est une sculpture baroque du sud de l&rsquo;Allemagne datant de 1730. Cette <a href=\"https:\/\/kunsthandel-puch.de\/fr\/produkt-kategorie\/sculptures\/\">sculpture<\/a>, taill\u00e9e dans du bois de tilleul et sertie de polychromie, incarne la ma\u00eetrise artistique et la profonde ferveur religieuse de l&rsquo;\u00e9poque. La figure a une hauteur de 95,0 cm et une largeur de 45,0 cm, ce qui en fait une \u0153uvre d&rsquo;art \u00e0 la fois imposante et finement travaill\u00e9e. L&rsquo;\u00e9tat de cette sculpture est remarquablement bien conserv\u00e9, ce qui t\u00e9moigne du soin apport\u00e9 \u00e0 son entretien. Les couleurs vives et le travail de sculpture riche en d\u00e9tails en font un pr\u00e9cieux t\u00e9moignage de la pi\u00e9t\u00e9 baroque et du savoir-faire artistique, qui suscite encore aujourd&rsquo;hui l&rsquo;admiration, d&rsquo;un sculpteur de Basse-Bavi\u00e8re.<\/p>\n<p>Tr\u00e8s bon \u00e9tat de conservation.<\/p>\n<p>Une pi\u00e8ce de collection !<\/p>\n<h3><a href=\"https:\/\/kunsthandel-puch.de\/fr\/produkt-kategorie\/sculptures\/\"><input class=\"wpcf7-form-control wpcf7-submit has-spinner\" style=\"border-radius: 18px;\" type=\"submit\" value=\"Retour aux sculptures\"><\/a><\/h3>\n","protected":false},"excerpt":{"rendered":"<p><strong>Origine<\/strong><br \/>\nSud de l&rsquo;Allemagne<br \/>\n<strong>Vieux<\/strong><br \/>\nvers 1730<br \/>\n<strong>Taille<\/strong><br \/>\n95,0 cm x 45,0 cm<br \/>\n<strong>Ancien propri\u00e9taire<\/strong><br \/>\nCollection priv\u00e9e de Passau<\/p>\n","protected":false},"featured_media":2175,"template":"","meta":[],"product_brand":[],"product_cat":[205,182,183,181,210],"product_tag":[],"class_list":{"0":"post-2361","1":"product","2":"type-product","3":"status-publish","4":"has-post-thumbnail","6":"product_cat-18eme-siecle-fr","7":"product_cat-bois-de-tilleul","8":"product_cat-monture-en-couleur-polychrome","9":"product_cat-sculptures","10":"product_cat-sud-de-lallemagne","11":"","12":"woocommerce-text-align-center","13":"woocommerce-image-align-center","14":"do-quantity-buttons","16":"first","17":"instock","18":"shipping-taxable","19":"product-type-simple"},"_links":{"self":[{"href":"https:\/\/kunsthandel-puch.de\/fr\/wp-json\/wp\/v2\/product\/2361","targetHints":{"allow":["GET"]}}],"collection":[{"href":"https:\/\/kunsthandel-puch.de\/fr\/wp-json\/wp\/v2\/product"}],"about":[{"href":"https:\/\/kunsthandel-puch.de\/fr\/wp-json\/wp\/v2\/types\/product"}],"wp:featuredmedia":[{"embeddable":true,"href":"https:\/\/kunsthandel-puch.de\/fr\/wp-json\/wp\/v2\/media\/2175"}],"wp:attachment":[{"href":"https:\/\/kunsthandel-puch.de\/fr\/wp-json\/wp\/v2\/media?parent=2361"}],"wp:term":[{"taxonomy":"product_brand","embeddable":true,"href":"https:\/\/kunsthandel-puch.de\/fr\/wp-json\/wp\/v2\/product_brand?post=2361"},{"taxonomy":"product_cat","embeddable":true,"href":"https:\/\/kunsthandel-puch.de\/fr\/wp-json\/wp\/v2\/product_cat?post=2361"},{"taxonomy":"product_tag","embeddable":true,"href":"https:\/\/kunsthandel-puch.de\/fr\/wp-json\/wp\/v2\/product_tag?post=2361"}],"curies":[{"name":"wp","href":"https:\/\/api.w.org\/{rel}","templated":true}]}}