{"id":2360,"date":"2024-08-19T17:16:53","date_gmt":"2024-08-19T15:16:53","guid":{"rendered":"https:\/\/kunsthandel-puch.de\/produkt\/ciboire\/"},"modified":"2024-09-29T13:47:24","modified_gmt":"2024-09-29T11:47:24","slug":"ciboire","status":"publish","type":"product","link":"https:\/\/kunsthandel-puch.de\/fr\/produkt\/ciboire\/","title":{"rendered":"L&rsquo;orf\u00e8vrerie munichoise Ziborium"},"content":{"rendered":"<h3>Art magistral et tr\u00e9sors sacr\u00e9s<\/h3>\n<h4 class=\"hidden\" style=\"text-align: center;\">Calices du soir anciens en argent Achat et vente \u00e0 Munich et Cologne<\/h4>\n<p>L&rsquo;orf\u00e8vrerie munichoise a connu un \u00e2ge d&rsquo;or dans la premi\u00e8re moiti\u00e9 du XIXe si\u00e8cle, marqu\u00e9 par un artisanat magistral et des techniques innovantes. De 1800 \u00e0 1868, Munich est devenue un centre important de <a href=\"https:\/\/stadtgeschichte-muenchen.de\/literatur\/inhaltsverzeichnis.php?id=5991\">l&rsquo;orf\u00e8vrerie,<\/a> comme en t\u00e9moignent la qualit\u00e9 et la r\u00e9putation des \u0153uvres cr\u00e9\u00e9es \u00e0 cette \u00e9poque.<\/p>\n<h4 class=\"hidden\" style=\"text-align: center;\">Vieux objets sacr\u00e9s originaux d&rsquo;\u00e9glise Achat et vente \u00e0 Munich et Cologne<\/h4>\n<p>Georg Sanct Johanser, un ma\u00eetre argentier r\u00e9put\u00e9 \u00e0 Munich, a \u00e9tabli des normes \u00e0 cette \u00e9poque. Son poin\u00e7on de ma\u00eetre d&rsquo;argent \u00e9tait consid\u00e9r\u00e9 comme un signe de qualit\u00e9 sup\u00e9rieure et de fabrication magistrale. Johanser \u00e9tait connu pour son travail artistique, qui comprenait \u00e0 la fois des objets profanes et religieux. La r\u00e9alisation d&rsquo;\u0153uvres d&rsquo;art sacr\u00e9 telles que des calices, des ostensoirs et des ustensiles liturgiques, en particulier, a r\u00e9v\u00e9l\u00e9 son extraordinaire habilet\u00e9 et son profond attachement \u00e0 l&rsquo;art religieux.<\/p>\n<p>La demande d&rsquo;objets eccl\u00e9siastiques de qualit\u00e9 \u00e9tait particuli\u00e8rement \u00e9lev\u00e9e \u00e0 cette \u00e9poque, car l&rsquo;\u00e9glise jouait un r\u00f4le central dans la vie sociale. Johanser et ses contemporains ont largement contribu\u00e9 \u00e0 ce que l&rsquo;orf\u00e8vrerie munichoise soit appr\u00e9ci\u00e9e dans les \u00e9glises et les monast\u00e8res, bien au-del\u00e0 des fronti\u00e8res de la ville. Ces objets n&rsquo;avaient pas seulement une signification spirituelle, ils \u00e9taient aussi l&rsquo;expression de la richesse et de la splendeur artistique.<\/p>\n<h4 class=\"hidden\" style=\"text-align: center;\">Calices et ostensoirs anciens Achat et vente \u00e0 Munich et Cologne<\/h4>\n<p>L&rsquo;industrie de l&rsquo;orf\u00e8vrerie munichoise a profit\u00e9 de la stabilit\u00e9 \u00e9conomique et de la prosp\u00e9rit\u00e9 croissante qui pr\u00e9valaient en Bavi\u00e8re. L&rsquo;Acad\u00e9mie des arts de Munich, fond\u00e9e en 1808, a \u00e9galement contribu\u00e9 \u00e0 la promotion de l&rsquo;artisanat en formant de jeunes talents et en introduisant des innovations techniques. L&rsquo;alliance de l&rsquo;artisanat traditionnel et des progr\u00e8s artistiques a conduit \u00e0 un \u00e9panouissement sans pr\u00e9c\u00e9dent de l&rsquo;orf\u00e8vrerie \u00e0 Munich.<\/p>\n<p>Cette \u00e9poque a vu na\u00eetre \u00e0 Munich des \u0153uvres d&rsquo;art sacr\u00e9 d&rsquo;une valeur inestimable, que l&rsquo;on peut encore admirer aujourd&rsquo;hui dans les \u00e9glises et les mus\u00e9es. Les \u0153uvres de Georg Sanct Johanser et d&rsquo;autres ma\u00eetres de l&rsquo;\u00e9poque refl\u00e8tent l&rsquo;importance religieuse et artistique de l&rsquo;orf\u00e8vrerie munichoise, qui a acquis une r\u00e9putation internationale au XIXe si\u00e8cle.<\/p>\n<h3>Ciboire :<\/h3>\n<h4 class=\"hidden\" style=\"text-align: center;\">Ostensoirs anciens Achat et vente \u00e0 Munich et Cologne<\/h4>\n<p><a href=\"https:\/\/kunsthandel-puch.de\/fr\/produkt-kategorie\/artisanat-dart\/\">Artisanat d&rsquo;art<\/a> Argent repouss\u00e9 et dor\u00e9. Cachet du ma\u00eetre d&rsquo;argent de Georg Sanct Johanser Munich 1865.<\/p>\n<p>Le ciboire lat. ciboire est richement d\u00e9cor\u00e9 de raisins, la coupe est bord\u00e9e d&rsquo;une corbeille \u00e0 d\u00f4me. Poids d&rsquo;argent 530 grammes<\/p>\n<h3>comparer avec M. Klein L&rsquo;orf\u00e8vrerie munichoise de 1800 \u00e0 1868)<\/h3>\n<p>Excellent \u00e9tat de conservation.<\/p>\n<p>Une pi\u00e8ce de collection !<\/p>\n<p><a href=\"https:\/\/kunsthandel-puch.de\/fr\/produkt-kategorie\/artisanat-dart\/\"><input class=\"wpcf7-form-control wpcf7-submit has-spinner\" style=\"border-radius: 18px;\" type=\"submit\" value=\"Vers l'artisanat d'art\"><\/a><\/p>\n","protected":false},"excerpt":{"rendered":"<p><strong>Origine<\/strong><br \/>\nBavi\u00e8re\/ Munich<br \/>\n<strong>Vieux<\/strong><br \/>\n1865<br \/>\n<strong>Taille<\/strong><br \/>\nhauteur 29,0 cm x diam\u00e8tre 14,5 cm<br \/>\n<strong>Ancien propri\u00e9taire<\/strong><br \/>\nCollection priv\u00e9e munichoise<\/p>\n","protected":false},"featured_media":2197,"template":"","meta":[],"product_brand":[],"product_cat":[229,227,224,223,226,228,225],"product_tag":[],"class_list":{"0":"post-2360","1":"product","2":"type-product","3":"status-publish","4":"has-post-thumbnail","6":"product_cat-19eme-siecle","7":"product_cat-allemagne","8":"product_cat-argent","9":"product_cat-artisanat-dart","10":"product_cat-grave","11":"product_cat-munich","12":"product_cat-plaque-or","13":"","14":"woocommerce-text-align-center","15":"woocommerce-image-align-center","16":"do-quantity-buttons","18":"first","19":"outofstock","20":"shipping-taxable","21":"product-type-simple"},"_links":{"self":[{"href":"https:\/\/kunsthandel-puch.de\/fr\/wp-json\/wp\/v2\/product\/2360","targetHints":{"allow":["GET"]}}],"collection":[{"href":"https:\/\/kunsthandel-puch.de\/fr\/wp-json\/wp\/v2\/product"}],"about":[{"href":"https:\/\/kunsthandel-puch.de\/fr\/wp-json\/wp\/v2\/types\/product"}],"wp:featuredmedia":[{"embeddable":true,"href":"https:\/\/kunsthandel-puch.de\/fr\/wp-json\/wp\/v2\/media\/2197"}],"wp:attachment":[{"href":"https:\/\/kunsthandel-puch.de\/fr\/wp-json\/wp\/v2\/media?parent=2360"}],"wp:term":[{"taxonomy":"product_brand","embeddable":true,"href":"https:\/\/kunsthandel-puch.de\/fr\/wp-json\/wp\/v2\/product_brand?post=2360"},{"taxonomy":"product_cat","embeddable":true,"href":"https:\/\/kunsthandel-puch.de\/fr\/wp-json\/wp\/v2\/product_cat?post=2360"},{"taxonomy":"product_tag","embeddable":true,"href":"https:\/\/kunsthandel-puch.de\/fr\/wp-json\/wp\/v2\/product_tag?post=2360"}],"curies":[{"name":"wp","href":"https:\/\/api.w.org\/{rel}","templated":true}]}}