{"id":2358,"date":"2024-08-19T17:22:13","date_gmt":"2024-08-19T15:22:13","guid":{"rendered":"https:\/\/kunsthandel-puch.de\/produkt\/sainte-anne-la-vierge\/"},"modified":"2024-09-15T16:15:18","modified_gmt":"2024-09-15T14:15:18","slug":"sainte-anne-la-vierge","status":"publish","type":"product","link":"https:\/\/kunsthandel-puch.de\/fr\/produkt\/sainte-anne-la-vierge\/","title":{"rendered":"Sainte Anne, la Vierge"},"content":{"rendered":"<h2><span class=\"inhalt-titel\">SAINTE ANNA SELBDRITT<\/span><\/h2>\n<h3>Sur le m\u00eame th\u00e8me :<\/h3>\n<p>La repr\u00e9sentation d&rsquo;Anne, accompagn\u00e9e de sa fille Marie et du Christ enfant, est un motif important de l&rsquo;art chr\u00e9tien, particuli\u00e8rement r\u00e9pandu au Moyen \u00c2ge. La composition montre sainte Anne comme m\u00e8re de Marie et grand-m\u00e8re de J\u00e9sus, ce qui souligne son r\u00f4le central dans l&rsquo;histoire du salut. La repr\u00e9sentation iconographique d&rsquo;Anna Selbdritt a \u00e9t\u00e9 immortalis\u00e9e dans des sculptures et d&rsquo;autres formes d&rsquo;art, en particulier dans le sud de l&rsquo;Allemagne et en Souabe, autour d&rsquo;Ulm, entre 1480 et 1500.<\/p>\n<h3>Anna Selbdritt :<\/h3>\n<p>Un exemple remarquable de ces repr\u00e9sentations est cette sculpture en bois de tilleul, r\u00e9alis\u00e9e vers 1480-1500 dans la r\u00e9gion de Souabe. Cette figure repr\u00e9sente Anne debout, avec la petite Marie sur son bras gauche et le Christ enfant sur son bras droit. Cette repr\u00e9sentation picturale transmet non seulement le lien familial \u00e9troit, mais aussi l&rsquo;importance de sainte Anne en tant que m\u00e9diatrice entre les g\u00e9n\u00e9rations et en tant que figure centrale dans l&rsquo;histoire de la foi. L&rsquo;accent mis sur les trois g\u00e9n\u00e9rations souligne la nature humaine du Christ et son profond ancrage dans la tradition familiale, tandis qu&rsquo;Anne est pr\u00e9sent\u00e9e comme une m\u00e8re sage et attentionn\u00e9e.<\/p>\n<p>L&rsquo;utilisation du bois de tilleul, connu pour la finesse de son grain et sa bonne aptitude \u00e0 la sculpture, contribue \u00e0 la pr\u00e9cision des d\u00e9tails et \u00e0 l&rsquo;expressivit\u00e9 de la sculpture. Les sculptures \u00e0 vue de bois comme celle-ci se trouvaient \u00e0 la fin du Moyen \u00c2ge et t\u00e9moignent du haut niveau d&rsquo;artisanat des ma\u00eetres de l&rsquo;\u00e9poque. La repr\u00e9sentation d&rsquo;Anne Selbdritt n&rsquo;est pas seulement un symbole religieux, mais aussi une expression de la profonde v\u00e9n\u00e9ration dont Sainte Anne faisait l&rsquo;objet. Sa comm\u00e9moration est traditionnellement c\u00e9l\u00e9br\u00e9e le 26 juillet et rappelle son r\u00f4le important dans l&rsquo;histoire du salut chr\u00e9tien.<\/p>\n<p>Cette sculpture des environs d&rsquo;Ulm est particuli\u00e8rement remarquable en raison de son tr\u00e8s bon \u00e9tat de conservation, qui permet d&rsquo;admirer encore aujourd&rsquo;hui la finesse de l&rsquo;art de la sculpture m\u00e9di\u00e9vale.<\/p>\n<p>Tr\u00e8s bon \u00e9tat de conservation provenant d&rsquo;une collection pr\u00e8s de Pulheim\/ Rh\u00e9nanie du Nord\/Westphalie .<\/p>\n<p>Un objet de collection<\/p>\n<p><a href=\"https:\/\/kunsthandel-puch.de\/fr\/produkt-kategorie\/sculptures\/\"><input class=\"wpcf7-form-control wpcf7-submit has-spinner\" style=\"border-radius: 18px;\" type=\"submit\" value=\"Vers les sculptures\"><\/a><\/p>\n","protected":false},"excerpt":{"rendered":"<p><strong>Origine<\/strong><br \/>\nAllemagne du Sud\/ Souabe\/ Environs Ulm<br \/>\n<strong>Vieux<\/strong><br \/>\nvers 1480 &#8211; 1500<br \/>\n<strong>Taille<\/strong><br \/>\n68,0 cm x 27,0 cm<br \/>\n<strong>Ancien propri\u00e9taire<\/strong><br \/>\nCollection priv\u00e9e Puhlheim<\/p>\n","protected":false},"featured_media":2207,"template":"","meta":[],"product_brand":[],"product_cat":[207,182,185,181,219],"product_tag":[],"class_list":{"0":"post-2358","1":"product","2":"type-product","3":"status-publish","4":"has-post-thumbnail","6":"product_cat-16e-siecle","7":"product_cat-bois-de-tilleul","8":"product_cat-gothique","9":"product_cat-sculptures","10":"product_cat-souabe","11":"","12":"woocommerce-text-align-center","13":"woocommerce-image-align-center","14":"do-quantity-buttons","16":"first","17":"instock","18":"shipping-taxable","19":"product-type-simple"},"_links":{"self":[{"href":"https:\/\/kunsthandel-puch.de\/fr\/wp-json\/wp\/v2\/product\/2358","targetHints":{"allow":["GET"]}}],"collection":[{"href":"https:\/\/kunsthandel-puch.de\/fr\/wp-json\/wp\/v2\/product"}],"about":[{"href":"https:\/\/kunsthandel-puch.de\/fr\/wp-json\/wp\/v2\/types\/product"}],"wp:featuredmedia":[{"embeddable":true,"href":"https:\/\/kunsthandel-puch.de\/fr\/wp-json\/wp\/v2\/media\/2207"}],"wp:attachment":[{"href":"https:\/\/kunsthandel-puch.de\/fr\/wp-json\/wp\/v2\/media?parent=2358"}],"wp:term":[{"taxonomy":"product_brand","embeddable":true,"href":"https:\/\/kunsthandel-puch.de\/fr\/wp-json\/wp\/v2\/product_brand?post=2358"},{"taxonomy":"product_cat","embeddable":true,"href":"https:\/\/kunsthandel-puch.de\/fr\/wp-json\/wp\/v2\/product_cat?post=2358"},{"taxonomy":"product_tag","embeddable":true,"href":"https:\/\/kunsthandel-puch.de\/fr\/wp-json\/wp\/v2\/product_tag?post=2358"}],"curies":[{"name":"wp","href":"https:\/\/api.w.org\/{rel}","templated":true}]}}