{"id":2356,"date":"2024-08-19T17:25:04","date_gmt":"2024-08-19T15:25:04","guid":{"rendered":"https:\/\/kunsthandel-puch.de\/produkt\/saint-joseph-a-lenfant\/"},"modified":"2024-09-29T11:35:25","modified_gmt":"2024-09-29T09:35:25","slug":"saint-joseph-a-lenfant","status":"publish","type":"product","link":"https:\/\/kunsthandel-puch.de\/fr\/produkt\/saint-joseph-a-lenfant\/","title":{"rendered":"Saint Joseph \u00e0 l&rsquo;enfant"},"content":{"rendered":"<h3>Saint Joseph et l&rsquo;Enfant :<\/h3>\n<h4 class=\"hidden\" style=\"text-align: center;\">Sculptures originales en vente \u00e0 Munich<\/h4>\n<p><a href=\"https:\/\/de.wikipedia.org\/wiki\/Josef_von_Nazaret\">Saint Joseph<\/a>, \u00e9galement connu sous le nom de Joseph de Nazareth, joue un r\u00f4le central dans la tradition chr\u00e9tienne. Il \u00e9tait le mari de la Vierge Marie et le p\u00e8re nourricier de J\u00e9sus-Christ. En tant que descendant de la lign\u00e9e du roi David, saint Joseph remplissait un r\u00f4le proph\u00e9tique important, puisque selon l&rsquo;Ancien Testament, le Messie devait \u00eatre issu de cette lign\u00e9e. Joseph est d\u00e9crit dans la Bible comme un homme juste et craignant Dieu, qui a volontiers assum\u00e9 la responsabilit\u00e9 de Marie et de J\u00e9sus. En raison de sa nature humble et fid\u00e8le, il est souvent v\u00e9n\u00e9r\u00e9 comme un mod\u00e8le pour les p\u00e8res et les chefs de famille.<\/p>\n<p>Dans l&rsquo;art chr\u00e9tien, saint Joseph est souvent repr\u00e9sent\u00e9 comme un p\u00e8re aimant qui tient l&rsquo;enfant J\u00e9sus. Ces repr\u00e9sentations symbolisent non seulement son r\u00f4le de patron de la famille, mais aussi sa relation particuli\u00e8re avec J\u00e9sus, le fils de Dieu. <a href=\"https:\/\/kunsthandel-puch.de\/fr\/produkt-kategorie\/sculptures\/\">Les sculptures<\/a> de saint Joseph avec l&rsquo;enfant J\u00e9sus sont tr\u00e8s r\u00e9pandues dans les \u00e9glises et les lieux de culte et servent \u00e0 exprimer la foi et la v\u00e9n\u00e9ration pour cet important saint.<\/p>\n<h4 class=\"hidden\" style=\"text-align: center;\">Vendre des sculptures antiques originales \u00e0 Munich et dans le sud de l&rsquo;Allemagne<\/h4>\n<h3>Vers la sculpture :<\/h3>\n<p>Un exemple remarquable d&rsquo;une telle repr\u00e9sentation est une sculpture en bois de tilleul du sud de l&rsquo;Allemagne, sculpt\u00e9e en plein cintre et sertie de polychromie et de dorure. Cette figurine tr\u00e8s \u00e9labor\u00e9e repr\u00e9sente saint Joseph dans une pose debout, tenant affectueusement l&rsquo;enfant J\u00e9sus sur son bras droit. Dans sa main gauche, Joseph porte une branche de lys, un symbole traditionnel de puret\u00e9 et de chastet\u00e9 qui lui est souvent associ\u00e9.<\/p>\n<h4 class=\"hidden\" style=\"text-align: center;\">Acheter des sculptures anciennes originales chez un expert \u00e0 Munich<\/h4>\n<p>La sculpture est pos\u00e9e sur un socle et est principalement con\u00e7ue pour \u00eatre vue de face, ce qui la rend id\u00e9ale pour \u00eatre plac\u00e9e dans un espace de d\u00e9votion religieux ou domestique. Le cadre de la sculpture est d&rsquo;origine et bien conserv\u00e9, tandis que le socle et la branche de lys datent d&rsquo;une \u00e9poque ult\u00e9rieure.<\/p>\n<h4 class=\"hidden\" style=\"text-align: center;\">Acheter des sculptures antiques originales dans un magasin sp\u00e9cialis\u00e9 \u00e0 Munich<\/h4>\n<p>Malgr\u00e9 son \u00e2ge, la sculpture est en tr\u00e8s bon \u00e9tat de conservation, ce qui souligne son importance historique, artistique et spirituelle. Cette repr\u00e9sentation de saint Joseph et de l&rsquo;enfant J\u00e9sus est un exemple exquis de l&rsquo;art de la sculpture sur bois du sud de l&rsquo;Allemagne et un objet pr\u00e9cieux qui inspire \u00e0 la fois esth\u00e9tiquement et spirituellement. Elle incarne la profonde d\u00e9votion \u00e0 saint Joseph et \u00e0 son r\u00f4le central dans la vie de J\u00e9sus et de Marie.<\/p>\n<p>Une pi\u00e8ce de collection !<\/p>\n<p><a href=\"https:\/\/kunsthandel-puch.de\/fr\/produkt-kategorie\/sculptures\/\"><input class=\"wpcf7-form-control wpcf7-submit has-spinner\" style=\"border-radius: 18px;\" type=\"submit\" value=\"Vers les sculptures\"><\/a><\/p>\n","protected":false},"excerpt":{"rendered":"<p><strong>Origine<\/strong><br \/>\nSud de l&rsquo;Allemagne<br \/>\n<strong>Vieux<\/strong><br \/>\nvers 1700 -1720<br \/>\n<strong>Taille<\/strong><br \/>\n82,0 cm x 38,0 cm<br \/>\n<strong>Ancien propri\u00e9taire<\/strong><br \/>\nCollection priv\u00e9e munichoise<\/p>\n","protected":false},"featured_media":2177,"template":"","meta":[],"product_brand":[],"product_cat":[205,182,183,181,210],"product_tag":[],"class_list":{"0":"post-2356","1":"product","2":"type-product","3":"status-publish","4":"has-post-thumbnail","6":"product_cat-18eme-siecle-fr","7":"product_cat-bois-de-tilleul","8":"product_cat-monture-en-couleur-polychrome","9":"product_cat-sculptures","10":"product_cat-sud-de-lallemagne","11":"","12":"woocommerce-text-align-center","13":"woocommerce-image-align-center","14":"do-quantity-buttons","16":"first","17":"instock","18":"shipping-taxable","19":"product-type-simple"},"_links":{"self":[{"href":"https:\/\/kunsthandel-puch.de\/fr\/wp-json\/wp\/v2\/product\/2356","targetHints":{"allow":["GET"]}}],"collection":[{"href":"https:\/\/kunsthandel-puch.de\/fr\/wp-json\/wp\/v2\/product"}],"about":[{"href":"https:\/\/kunsthandel-puch.de\/fr\/wp-json\/wp\/v2\/types\/product"}],"wp:featuredmedia":[{"embeddable":true,"href":"https:\/\/kunsthandel-puch.de\/fr\/wp-json\/wp\/v2\/media\/2177"}],"wp:attachment":[{"href":"https:\/\/kunsthandel-puch.de\/fr\/wp-json\/wp\/v2\/media?parent=2356"}],"wp:term":[{"taxonomy":"product_brand","embeddable":true,"href":"https:\/\/kunsthandel-puch.de\/fr\/wp-json\/wp\/v2\/product_brand?post=2356"},{"taxonomy":"product_cat","embeddable":true,"href":"https:\/\/kunsthandel-puch.de\/fr\/wp-json\/wp\/v2\/product_cat?post=2356"},{"taxonomy":"product_tag","embeddable":true,"href":"https:\/\/kunsthandel-puch.de\/fr\/wp-json\/wp\/v2\/product_tag?post=2356"}],"curies":[{"name":"wp","href":"https:\/\/api.w.org\/{rel}","templated":true}]}}