{"id":2353,"date":"2024-08-19T17:23:08","date_gmt":"2024-08-19T15:23:08","guid":{"rendered":"https:\/\/kunsthandel-puch.de\/produkt\/saint-michel\/"},"modified":"2024-09-15T16:15:29","modified_gmt":"2024-09-15T14:15:29","slug":"saint-michel","status":"publish","type":"product","link":"https:\/\/kunsthandel-puch.de\/fr\/produkt\/saint-michel\/","title":{"rendered":"Saint Michel"},"content":{"rendered":"<h2><span class=\"inhalt-titel\">SAINT MICHEL<br \/>\n<\/span><\/h2>\n<h3>Sur le m\u00eame th\u00e8me :<\/h3>\n<p>L&rsquo;<a href=\"https:\/\/de.wikipedia.org\/wiki\/Erzengel_Michael\">archange Michel<\/a> est l&rsquo;une des figures les plus importantes et les plus puissantes de la hi\u00e9rarchie c\u00e9leste. Son nom, \u00ab\u00a0Qui est comme Dieu ?\u00a0\u00bb, refl\u00e8te sa position incomparable de d\u00e9fenseur de la volont\u00e9 divine et de leader dans la lutte contre le mal. Dans la Bible, et plus particuli\u00e8rement dans l&rsquo;Apocalypse de Saint Jean, Michel est d\u00e9crit comme le chef de l&rsquo;arm\u00e9e c\u00e9leste, qui sort victorieux d&rsquo;un combat d\u00e9cisif contre le grand dragon, symbole de Satan : \u00ab\u00a0Et il y eut un combat dans le ciel : Michel et ses anges combattirent le dragon. Et le dragon combattit, et ses anges aussi, mais ils ne furent pas vainqueurs, et leur place ne fut plus trouv\u00e9e dans le ciel. Et il fut pr\u00e9cipit\u00e9, le grand dragon, le serpent ancien, appel\u00e9 le diable et Satan, qui s\u00e9duit le monde entier\u00a0\u00bb. (Apocalypse 12.7).<\/p>\n<h3>Saint Michel :<\/h3>\n<p>Dans l&rsquo;iconographie chr\u00e9tienne, Saint Michel est souvent repr\u00e9sent\u00e9 comme un guerrier courageux, v\u00eatu d&rsquo;une magnifique armure. Parmi ses attributs, on trouve une longue \u00e9p\u00e9e ou un b\u00e2ton de messager, qui souligne son r\u00f4le de messager divin. Sur son \u00e9paule tombe un drap rouge qui lui arrive aux genoux, symbole du sang vers\u00e9 dans la lutte contre le mal. A ses pieds, le diable vaincu, souvent repr\u00e9sent\u00e9 sous la forme d&rsquo;un dragon, symbolise le triomphe final du bien sur le mal.<\/p>\n<p>Une <a href=\"https:\/\/kunsthandel-puch.de\/fr\/produkt-kategorie\/sculptures\/\">sculpture<\/a> incarnant cette repr\u00e9sentation de l&rsquo;archange Michel a \u00e9t\u00e9 expertis\u00e9e par le Dr Miller \u00e0 Ottobrunn en 2014. Le directeur des mus\u00e9es et de la gestion des ch\u00e2teaux bavarois de l&rsquo;\u00e9poque a confirm\u00e9 l&rsquo;authenticit\u00e9 et l&rsquo;importance historique de cette repr\u00e9sentation. Une analyse 14C de 2012, r\u00e9alis\u00e9e par l&rsquo;Universit\u00e9 de T\u00fcbingen au Centre Curt-Engelhorn d&rsquo;arch\u00e9om\u00e9trie de Mannheim, a dat\u00e9 l&rsquo;objet d&rsquo;une p\u00e9riode importante de l&rsquo;\u00e9poque gothique.<\/p>\n<p>Cette \u0153uvre d&rsquo;art impressionnante montre l&rsquo;archange dans sa posture caract\u00e9ristique, le dragon d\u00e9chu \u00e0 ses pieds, et nous rappelle la lutte \u00e9ternelle entre le bien et le mal.<\/p>\n<h3>Preuves :<\/h3>\n<p>Expertise Dr. Miller Ottobrunn 2014<\/p>\n<p>Directeur de mus\u00e9e \u00e0 la retraite des mus\u00e9es et de la gestion des ch\u00e2teaux bavarois<\/p>\n<p>Expertise \/ d\u00e9termination de l&rsquo;\u00e2ge Analyse 14C :<\/p>\n<p>Universit\u00e9 de T\u00fcbingen 2012 \/ Centre Curt- Engelhorn d&rsquo;arch\u00e9om\u00e9trie<\/p>\n<p>68159 Mannheim \/ Allemagne<\/p>\n<p><a href=\"https:\/\/kunsthandel-puch.de\/fr\/produkt-kategorie\/sculptures\/\"><input class=\"wpcf7-form-control wpcf7-submit has-spinner\" style=\"border-radius: 18px;\" type=\"submit\" value=\"Vers les sculptures\"><\/a><\/p>\n","protected":false},"excerpt":{"rendered":"<p><strong>Origine<\/strong><br \/>\nAllemagne du Nord\/ L\u00fcbeck<br \/>\n<strong>Vieux<\/strong><br \/>\nvers 1430 &#8211; 60<br \/>\n<strong>Taille<\/strong><br \/>\n109,0 cm x 45,0 cm<br \/>\n<strong>Ancien propri\u00e9taire<\/strong><br \/>\nCollection priv\u00e9e de Mannheim<\/p>\n","protected":false},"featured_media":2205,"template":"","meta":[],"product_brand":[],"product_cat":[184,212,185,181],"product_tag":[],"class_list":{"0":"post-2353","1":"product","2":"type-product","3":"status-publish","4":"has-post-thumbnail","6":"product_cat-15e-siecle","7":"product_cat-bois-de-chene","8":"product_cat-gothique","9":"product_cat-sculptures","10":"","11":"woocommerce-text-align-center","12":"woocommerce-image-align-center","13":"do-quantity-buttons","15":"first","16":"instock","17":"shipping-taxable","18":"product-type-simple"},"_links":{"self":[{"href":"https:\/\/kunsthandel-puch.de\/fr\/wp-json\/wp\/v2\/product\/2353","targetHints":{"allow":["GET"]}}],"collection":[{"href":"https:\/\/kunsthandel-puch.de\/fr\/wp-json\/wp\/v2\/product"}],"about":[{"href":"https:\/\/kunsthandel-puch.de\/fr\/wp-json\/wp\/v2\/types\/product"}],"wp:featuredmedia":[{"embeddable":true,"href":"https:\/\/kunsthandel-puch.de\/fr\/wp-json\/wp\/v2\/media\/2205"}],"wp:attachment":[{"href":"https:\/\/kunsthandel-puch.de\/fr\/wp-json\/wp\/v2\/media?parent=2353"}],"wp:term":[{"taxonomy":"product_brand","embeddable":true,"href":"https:\/\/kunsthandel-puch.de\/fr\/wp-json\/wp\/v2\/product_brand?post=2353"},{"taxonomy":"product_cat","embeddable":true,"href":"https:\/\/kunsthandel-puch.de\/fr\/wp-json\/wp\/v2\/product_cat?post=2353"},{"taxonomy":"product_tag","embeddable":true,"href":"https:\/\/kunsthandel-puch.de\/fr\/wp-json\/wp\/v2\/product_tag?post=2353"}],"curies":[{"name":"wp","href":"https:\/\/api.w.org\/{rel}","templated":true}]}}