{"id":2352,"date":"2024-08-19T17:27:03","date_gmt":"2024-08-19T15:27:03","guid":{"rendered":"https:\/\/kunsthandel-puch.de\/produkt\/la-madone-de-weilheim\/"},"modified":"2024-09-29T11:35:27","modified_gmt":"2024-09-29T09:35:27","slug":"la-madone-de-weilheim","status":"publish","type":"product","link":"https:\/\/kunsthandel-puch.de\/fr\/produkt\/la-madone-de-weilheim\/","title":{"rendered":"La madone de Weilheim"},"content":{"rendered":"<h3>Sculptures de Weilheim :<\/h3>\n<h4 class=\"hidden\" style=\"text-align: center;\">Sculptures antiques originales en vente \u00e0 Munich<\/h4>\n<p>La <a href=\"https:\/\/www.weilheim.de\/mein-weilheim\/auf-einen-blick\/aktuelles-aus-weilheim\/12322-auf-dem-skulpturenweg-durch-weilheim\">sculpture d&rsquo;images de Weilheim<\/a> du XVIIe si\u00e8cle est synonyme d&rsquo;une qualit\u00e9 artisanale et artistique exceptionnelle, connue bien au-del\u00e0 de la r\u00e9gion. C&rsquo;est \u00e0 cette \u00e9poque que l&rsquo;art de la sculpture sur bois a connu son apog\u00e9e \u00e0 Weilheim, marqu\u00e9 par une profonde expression religieuse et un travail minutieux sur les d\u00e9tails. Les \u0153uvres de cette \u00e9poque, souvent r\u00e9alis\u00e9es en bois de tilleul, sont c\u00e9l\u00e8bres pour leur repr\u00e9sentation de la vie et le soin apport\u00e9 aux personnages et aux ornements. Les sculpteurs de l&rsquo;\u00e9poque cr\u00e9aient <a href=\"https:\/\/kunsthandel-puch.de\/fr\/produkt-kategorie\/sculptures\/\">des sculptures<\/a> qui jouaient un r\u00f4le central aussi bien dans les \u00e9glises que dans les lieux de d\u00e9votion priv\u00e9s. Ce qui caract\u00e9rise particuli\u00e8rement les ma\u00eetres de Weilheim, c&rsquo;est leur capacit\u00e9 \u00e0 repr\u00e9senter les figures sacr\u00e9es d&rsquo;une mani\u00e8re qui capture \u00e0 la fois la majest\u00e9 divine et les traits humains.<\/p>\n<h4 class=\"hidden\" style=\"text-align: center;\">Vendre des sculptures anciennes originales \u00e0 Munich et en Autriche<\/h4>\n<h3>La madone de Weilheim :<\/h3>\n<h4 class=\"hidden\" style=\"text-align: center;\">Acheter des sculptures antiques anciennes \u00e0 Munich et \u00e0 D\u00fcsseldorf<\/h4>\n<p>Un exemple exceptionnel de cet art est une sculpture datant d&rsquo;environ 1630, r\u00e9alis\u00e9e par un ma\u00eetre de Weilheim. Cette figure enti\u00e8rement ronde, sculpt\u00e9e dans du bois de tilleul et dot\u00e9e d&rsquo;une surface transparente comme du bois, est un chef-d&rsquo;\u0153uvre de l&rsquo;art religieux. La sculpture repr\u00e9sente une madone debout sur un socle et repr\u00e9sent\u00e9e dans une pose majestueuse. Sur son bras gauche, elle porte l&rsquo;enfant J\u00e9sus, tandis que sa main droite d\u00e9signe le Fils divin, symbole de la m\u00e9diation entre le ciel et la terre.<\/p>\n<h4 class=\"hidden\" style=\"text-align: center;\">Sculptures anciennes \u00e0 vendre \u00e0 Munich<\/h4>\n<p>Con\u00e7ue principalement pour \u00eatre vue de face, cette sculpture se distingue par ses proportions harmonieuses et la finesse de ses d\u00e9tails. La patine brune qui orne la surface du bois de tilleul est particuli\u00e8rement remarquable et donne \u00e0 l&rsquo;\u0153uvre d&rsquo;art un aspect chaud et vieilli. Malgr\u00e9 son grand \u00e2ge, la sculpture est en tr\u00e8s bon \u00e9tat de conservation, ce qui souligne son importance pour l&rsquo;histoire de l&rsquo;art. Les mains de la Vierge ont \u00e9t\u00e9 ajout\u00e9es au fil du temps, tout comme le socle, qui date du XIXe si\u00e8cle.<\/p>\n<h4 class=\"hidden\" style=\"text-align: center;\">Acheter des sculptures antiques anciennes \u00e0 Munich et en Autriche<\/h4>\n<p>Cette sculpture est un t\u00e9moignage impressionnant de la sculpture de Weilheim et incarne le haut niveau d&rsquo;artisanat et la foi profonde qui impr\u00e8gne les \u0153uvres de cette \u00e9poque. Il s&rsquo;agit non seulement d&rsquo;une pi\u00e8ce de collection pr\u00e9cieuse, mais aussi d&rsquo;un objet d&rsquo;art religieux important, repr\u00e9sentatif de la longue tradition et de l&rsquo;excellence artistique des ma\u00eetres sculpteurs de Weilheim au XVIIe si\u00e8cle.<\/p>\n<p><span style=\"font-size: inherit;\">Tr\u00e8s bon \u00e9tat de conservation !<\/span><\/p>\n<p><a href=\"https:\/\/kunsthandel-puch.de\/fr\/produkt-kategorie\/sculptures\/\"><input class=\"wpcf7-form-control wpcf7-submit has-spinner\" style=\"border-radius: 18px;\" type=\"submit\" value=\"Vers les sculptures\"><\/a><\/p>\n","protected":false},"excerpt":{"rendered":"<p><strong>Origine<\/strong><br \/>\nBavi\u00e8re\/ Weilheim<br \/>\n<strong>Vieux<\/strong><br \/>\nvers 1630<br \/>\n<strong>Taille<\/strong><br \/>\n45,0 cm x 18,0 cm<br \/>\n<strong>Ancien propri\u00e9taire<\/strong><br \/>\nCollection priv\u00e9e de Murnau<\/p>\n","protected":false},"featured_media":2179,"template":"","meta":[],"product_brand":[],"product_cat":[194,182,211,181,210],"product_tag":[],"class_list":{"0":"post-2352","1":"product","2":"type-product","3":"status-publish","4":"has-post-thumbnail","6":"product_cat-17e-siecle","7":"product_cat-bois-de-tilleul","8":"product_cat-renaissance-fr","9":"product_cat-sculptures","10":"product_cat-sud-de-lallemagne","11":"","12":"woocommerce-text-align-center","13":"woocommerce-image-align-center","14":"do-quantity-buttons","16":"first","17":"instock","18":"shipping-taxable","19":"product-type-simple"},"_links":{"self":[{"href":"https:\/\/kunsthandel-puch.de\/fr\/wp-json\/wp\/v2\/product\/2352","targetHints":{"allow":["GET"]}}],"collection":[{"href":"https:\/\/kunsthandel-puch.de\/fr\/wp-json\/wp\/v2\/product"}],"about":[{"href":"https:\/\/kunsthandel-puch.de\/fr\/wp-json\/wp\/v2\/types\/product"}],"wp:featuredmedia":[{"embeddable":true,"href":"https:\/\/kunsthandel-puch.de\/fr\/wp-json\/wp\/v2\/media\/2179"}],"wp:attachment":[{"href":"https:\/\/kunsthandel-puch.de\/fr\/wp-json\/wp\/v2\/media?parent=2352"}],"wp:term":[{"taxonomy":"product_brand","embeddable":true,"href":"https:\/\/kunsthandel-puch.de\/fr\/wp-json\/wp\/v2\/product_brand?post=2352"},{"taxonomy":"product_cat","embeddable":true,"href":"https:\/\/kunsthandel-puch.de\/fr\/wp-json\/wp\/v2\/product_cat?post=2352"},{"taxonomy":"product_tag","embeddable":true,"href":"https:\/\/kunsthandel-puch.de\/fr\/wp-json\/wp\/v2\/product_tag?post=2352"}],"curies":[{"name":"wp","href":"https:\/\/api.w.org\/{rel}","templated":true}]}}