{"id":2349,"date":"2024-08-19T17:24:04","date_gmt":"2024-08-19T15:24:04","guid":{"rendered":"https:\/\/kunsthandel-puch.de\/produkt\/saint-jean-baptiste\/"},"modified":"2024-09-28T14:36:26","modified_gmt":"2024-09-28T12:36:26","slug":"saint-jean-baptiste","status":"publish","type":"product","link":"https:\/\/kunsthandel-puch.de\/fr\/produkt\/saint-jean-baptiste\/","title":{"rendered":"Saint .\nJean-Baptiste"},"content":{"rendered":"<h2><span class=\"inhalt-titel\">St.<br \/>\nJEAN-BAPTISTE <\/span><\/h2>\n<h3>Sur le m\u00eame th\u00e8me :<\/h3>\n<p>Saint <a href=\"https:\/\/www.katholisch.de\/artikel\/172-taufer-und-lichtgestalt\">Jean-Baptiste<\/a> est une figure importante \u00e0 la fois dans la th\u00e9ologie chr\u00e9tienne et dans l&rsquo;histoire de l&rsquo;art. Il est consid\u00e9r\u00e9 comme le dernier proph\u00e8te de l&rsquo;Ancien Testament et le pr\u00e9curseur imm\u00e9diat de J\u00e9sus-Christ, annon\u00e7ant la venue du Messie et appelant les gens \u00e0 se repentir. Jean est souvent repr\u00e9sent\u00e9 dans l&rsquo;art en train de pr\u00eacher dans le d\u00e9sert ou de baptiser J\u00e9sus dans le Jourdain, un \u00e9v\u00e9nement consid\u00e9r\u00e9 comme le d\u00e9but du minist\u00e8re public du Christ. Son mode de vie asc\u00e9tique et son r\u00f4le d&rsquo;anabaptiste en font un motif populaire dans l&rsquo;art sacr\u00e9, o\u00f9 il est g\u00e9n\u00e9ralement repr\u00e9sent\u00e9 en v\u00eatements simples, souvent en poil de chameau, et avec un b\u00e2ton de croix.<\/p>\n<p>Dans l&rsquo;art, Jean-Baptiste est \u00e9galement souvent repr\u00e9sent\u00e9 avec un agneau, qui repr\u00e9sente symboliquement J\u00e9sus-Christ en tant qu'\u00a0\u00bbAgneau de Dieu\u00a0\u00bb, qui porte le p\u00e9ch\u00e9 du monde. Cette repr\u00e9sentation fait appel aux passages bibliques de l&rsquo;\u00c9vangile de Jean, dans lesquels Jean-Baptiste fait r\u00e9f\u00e9rence \u00e0 J\u00e9sus et l&rsquo;appelle l&rsquo;Agneau de Dieu. Ce lien symbolique souligne le r\u00f4le de Jean en tant que pr\u00e9curseur et pr\u00e9parateur du minist\u00e8re de J\u00e9sus.<\/p>\n<h3>Saint Jean-Baptiste :<\/h3>\n<p>Un exemple remarquable d&rsquo;une telle repr\u00e9sentation est une <a href=\"https:\/\/kunsthandel-puch.de\/fr\/produkt-kategorie\/sculptures\/\">sculpture<\/a> en bois de tilleul, sculpt\u00e9e et orn\u00e9e d&rsquo;une monture polychrome et de dorures. Cette figure \u00e9labor\u00e9e repr\u00e9sente saint Jean-Baptiste, debout sur un socle, dans une pose majestueuse. Dans sa main gauche, il tient un agneau qui renvoie \u00e0 l&rsquo;affirmation centrale de l&rsquo;\u00c9vangile de Jean : \u00ab\u00a0Voici l&rsquo;Agneau de Dieu qui enl\u00e8ve le p\u00e9ch\u00e9 du monde\u00a0\u00bb. Ces mots soulignent le r\u00f4le proph\u00e9tique de Jean et son lien \u00e9troit avec J\u00e9sus-Christ.<\/p>\n<p>La sculpture se caract\u00e9rise par une monture finement travaill\u00e9e et une riche dorure qui conf\u00e8re \u00e0 l&rsquo;\u0153uvre un \u00e9clat particulier. . La repr\u00e9sentation de saint Jean sous cette forme n&rsquo;est pas seulement un chef-d&rsquo;\u0153uvre de l&rsquo;art de la sculpture, mais aussi un t\u00e9moignage profond de la foi chr\u00e9tienne et de la v\u00e9n\u00e9ration pour cet important saint.<\/p>\n<p>La Saint-Jean, c\u00e9l\u00e9br\u00e9e le 24 juin, est un jour important dans l&rsquo;Eglise catholique, qui comm\u00e9more la naissance de saint Jean. Cette sculpture incarne la profonde signification spirituelle du saint et constitue un objet pr\u00e9cieux aussi bien pour les amateurs d&rsquo;art que pour les croyants.<\/p>\n<p>En bon \u00e9tat de conservation, avec seulement des usures partielles dans la monture.<\/p>\n<p>Une pi\u00e8ce de collection !<\/p>\n<p><a href=\"https:\/\/kunsthandel-puch.de\/fr\/produkt-kategorie\/sculptures\/\"><input class=\"wpcf7-form-control wpcf7-submit has-spinner\" style=\"border-radius: 18px;\" type=\"submit\" value=\"Vers les sculptures\"><\/a><\/p>\n","protected":false},"excerpt":{"rendered":"<p><strong>Origine<\/strong><br \/>\nItalie du Nord\/ Trento<br \/>\n<strong>Vieux<\/strong><br \/>\nvers 1500 &#8211; 20<br \/>\n<strong>Taille<\/strong><br \/>\n81,0 cm x 31,0 cm<br \/>\n<strong>Ancien propri\u00e9taire<\/strong><br \/>\nCollection priv\u00e9e du sud de l&rsquo;Allemagne<\/p>\n","protected":false},"featured_media":2209,"template":"","meta":[],"product_brand":[],"product_cat":[207,206,181,192],"product_tag":[],"class_list":{"0":"post-2349","1":"product","2":"type-product","3":"status-publish","4":"has-post-thumbnail","6":"product_cat-16e-siecle","7":"product_cat-italie","8":"product_cat-sculptures","9":"product_cat-tyrol","10":"","11":"woocommerce-text-align-center","12":"woocommerce-image-align-center","13":"do-quantity-buttons","15":"first","16":"instock","17":"shipping-taxable","18":"product-type-simple"},"_links":{"self":[{"href":"https:\/\/kunsthandel-puch.de\/fr\/wp-json\/wp\/v2\/product\/2349","targetHints":{"allow":["GET"]}}],"collection":[{"href":"https:\/\/kunsthandel-puch.de\/fr\/wp-json\/wp\/v2\/product"}],"about":[{"href":"https:\/\/kunsthandel-puch.de\/fr\/wp-json\/wp\/v2\/types\/product"}],"wp:featuredmedia":[{"embeddable":true,"href":"https:\/\/kunsthandel-puch.de\/fr\/wp-json\/wp\/v2\/media\/2209"}],"wp:attachment":[{"href":"https:\/\/kunsthandel-puch.de\/fr\/wp-json\/wp\/v2\/media?parent=2349"}],"wp:term":[{"taxonomy":"product_brand","embeddable":true,"href":"https:\/\/kunsthandel-puch.de\/fr\/wp-json\/wp\/v2\/product_brand?post=2349"},{"taxonomy":"product_cat","embeddable":true,"href":"https:\/\/kunsthandel-puch.de\/fr\/wp-json\/wp\/v2\/product_cat?post=2349"},{"taxonomy":"product_tag","embeddable":true,"href":"https:\/\/kunsthandel-puch.de\/fr\/wp-json\/wp\/v2\/product_tag?post=2349"}],"curies":[{"name":"wp","href":"https:\/\/api.w.org\/{rel}","templated":true}]}}