{"id":2348,"date":"2024-08-19T17:28:55","date_gmt":"2024-08-19T15:28:55","guid":{"rendered":"https:\/\/kunsthandel-puch.de\/produkt\/saint-michel-a-cheval\/"},"modified":"2024-09-29T11:29:43","modified_gmt":"2024-09-29T09:29:43","slug":"saint-michel-a-cheval","status":"publish","type":"product","link":"https:\/\/kunsthandel-puch.de\/fr\/produkt\/saint-michel-a-cheval\/","title":{"rendered":"Saint Michel \u00e0 cheval"},"content":{"rendered":"<h3>Saint Michel \u00e0 cheval :<\/h3>\n<h4 class=\"hidden\" style=\"text-align: center;\">Acheter des sculptures antiques anciennes \u00e0 Munich et en Autriche<\/h4>\n<p>Saint <a href=\"https:\/\/de.wikipedia.org\/wiki\/Erzengel_Michael\">Michel<\/a>, souvent repr\u00e9sent\u00e9 comme l&rsquo;archange courageux qui vainc le diable, est un motif central dans l&rsquo;art chr\u00e9tien. En particulier, la repr\u00e9sentation de Michael sur un cheval partant au combat contre le mal symbolise le triomphe du bien sur le mal. Cette puissante iconographie montre Michael comme un guerrier intr\u00e9pide de Dieu, l&rsquo;\u00e9p\u00e9e lev\u00e9e, terrassant les forces des t\u00e9n\u00e8bres. Les <a href=\"https:\/\/kunsthandel-puch.de\/fr\/produkt-kategorie\/sculptures\/\">sculptures<\/a> et les peintures qui reprennent ce motif servent souvent de rappel inspirant de la foi in\u00e9branlable et de la justice divine.<\/p>\n<h4 class=\"hidden\" style=\"text-align: center;\">Sculptures originales anciennes sculpt\u00e9es vendre \u00e0 Munich et en Italie<\/h4>\n<h3>Vers la sculpture :<\/h3>\n<h4 class=\"hidden\" style=\"text-align: center;\">Sculptures anciennes originales \u00e0 vendre et \u00e0 acheter \u00e0 Munich et en Autriche<\/h4>\n<p>Un exemple exceptionnel de cette repr\u00e9sentation est une sculpture en bois de tilleul r\u00e9alis\u00e9e \u00e0 la fin du XVIIIe si\u00e8cle dans la vall\u00e9e de Val Gardena, en Italie. Cette figure sculpt\u00e9e enti\u00e8rement ronde repr\u00e9sente Saint Michel sur un cheval puissant, alors qu&rsquo;il se tient au-dessus du diable vaincu, l&rsquo;\u00e9p\u00e9e lev\u00e9e. Le bois de tilleul dans lequel la sculpture a \u00e9t\u00e9 r\u00e9alis\u00e9e a \u00e9t\u00e9 soigneusement taill\u00e9 et huil\u00e9 pour mettre en valeur la finesse des d\u00e9tails et la vivacit\u00e9 de la sc\u00e8ne.<\/p>\n<h4 class=\"hidden\" style=\"text-align: center;\">Sculptures anciennes originales \u00e0 vendre et \u00e0 acheter \u00e0 Munich et \u00e0 D\u00fcsseldorf<\/h4>\n<p>L&rsquo;archange Michel est assis \u00e0 cheval, le regard d\u00e9termin\u00e9, tandis que le cheval est repr\u00e9sent\u00e9 dans un mouvement dynamique qui souligne le caract\u00e8re dramatique du moment. Le diable vaincu, le visage d\u00e9form\u00e9 par la peur, est couch\u00e9 aux pieds de l&rsquo;archange et de son cheval, symbolisant la victoire triomphale du ciel sur l&rsquo;enfer. Cette repr\u00e9sentation puissante est bas\u00e9e sur le r\u00e9cit biblique de l&rsquo;Apocalypse (Apoc. 12,7) et exprime avec force le message de la victoire du bien sur le mal.<\/p>\n<p>Les caract\u00e9ristiques stylistiques et la conception artistique de la sculpture indiquent clairement qu&rsquo;il s&rsquo;agit d&rsquo;une \u0153uvre tyrolienne provenant de la vall\u00e9e de Val Gardena, une r\u00e9gion r\u00e9put\u00e9e pour sa ma\u00eetrise de la sculpture sur bois. La figure est positionn\u00e9e sur un socle et con\u00e7ue principalement pour \u00eatre vue de face, ce qui la rend id\u00e9ale pour \u00eatre plac\u00e9e en \u00e9vidence dans un espace sacr\u00e9.<\/p>\n<h4 class=\"hidden\" style=\"text-align: center;\">Sculptures anciennes originales \u00e0 vendre et \u00e0 acheter \u00e0 Munich et \u00e0 Vienne<\/h4>\n<p>Malgr\u00e9 son \u00e2ge, la sculpture est en tr\u00e8s bon \u00e9tat de conservation, avec des parties compl\u00e9t\u00e9es comme les sabots du cheval et l&rsquo;\u00e9p\u00e9e de Saint-Michel, qui conservent le caract\u00e8re original de l&rsquo;\u0153uvre.<\/p>\n<p>Ancien \u00e9tat d&rsquo;origine, avec ajouts des sabots du cheval et de l&rsquo;\u00e9p\u00e9e du saint.<\/p>\n<p>Tr\u00e8s bon \u00e9tat de conservation !<\/p>\n<p><a href=\"https:\/\/kunsthandel-puch.de\/fr\/produkt-kategorie\/sculptures\/\"><input class=\"wpcf7-form-control wpcf7-submit has-spinner\" style=\"border-radius: 18px;\" type=\"submit\" value=\"Vers les sculptures\"><\/a><\/p>\n","protected":false},"excerpt":{"rendered":"<p><strong>Origine<br \/>\n<\/strong>Tyrol\/ Gr\u00f6den<strong><br \/>\n\u00c2ge<br \/>\n<\/strong>Fin du 18e si\u00e8cle.<strong><br \/>\nTaille<br \/>\n<\/strong>62,0,0 cm x 45,0 cm<strong><br \/>\nAncien propri\u00e9taire<br \/>\n<\/strong>Collection priv\u00e9e autrichienne<\/p>\n","protected":false},"featured_media":2181,"template":"","meta":[],"product_brand":[],"product_cat":[205,191,182,181,192],"product_tag":[],"class_list":{"0":"post-2348","1":"product","2":"type-product","3":"status-publish","4":"has-post-thumbnail","6":"product_cat-18eme-siecle-fr","7":"product_cat-autriche","8":"product_cat-bois-de-tilleul","9":"product_cat-sculptures","10":"product_cat-tyrol","11":"","12":"woocommerce-text-align-center","13":"woocommerce-image-align-center","14":"do-quantity-buttons","16":"first","17":"instock","18":"shipping-taxable","19":"product-type-simple"},"_links":{"self":[{"href":"https:\/\/kunsthandel-puch.de\/fr\/wp-json\/wp\/v2\/product\/2348","targetHints":{"allow":["GET"]}}],"collection":[{"href":"https:\/\/kunsthandel-puch.de\/fr\/wp-json\/wp\/v2\/product"}],"about":[{"href":"https:\/\/kunsthandel-puch.de\/fr\/wp-json\/wp\/v2\/types\/product"}],"wp:featuredmedia":[{"embeddable":true,"href":"https:\/\/kunsthandel-puch.de\/fr\/wp-json\/wp\/v2\/media\/2181"}],"wp:attachment":[{"href":"https:\/\/kunsthandel-puch.de\/fr\/wp-json\/wp\/v2\/media?parent=2348"}],"wp:term":[{"taxonomy":"product_brand","embeddable":true,"href":"https:\/\/kunsthandel-puch.de\/fr\/wp-json\/wp\/v2\/product_brand?post=2348"},{"taxonomy":"product_cat","embeddable":true,"href":"https:\/\/kunsthandel-puch.de\/fr\/wp-json\/wp\/v2\/product_cat?post=2348"},{"taxonomy":"product_tag","embeddable":true,"href":"https:\/\/kunsthandel-puch.de\/fr\/wp-json\/wp\/v2\/product_tag?post=2348"}],"curies":[{"name":"wp","href":"https:\/\/api.w.org\/{rel}","templated":true}]}}