{"id":2345,"date":"2024-08-20T09:32:21","date_gmt":"2024-08-20T07:32:21","guid":{"rendered":"https:\/\/kunsthandel-puch.de\/produkt\/introduction-marie-au-temple\/"},"modified":"2024-09-29T13:06:59","modified_gmt":"2024-09-29T11:06:59","slug":"introduction-marie-au-temple","status":"publish","type":"product","link":"https:\/\/kunsthandel-puch.de\/fr\/produkt\/introduction-marie-au-temple\/","title":{"rendered":"Introduction Marie au temple"},"content":{"rendered":"<h3>Sur le m\u00eame th\u00e8me :<\/h3>\n<h4 class=\"hidden\" style=\"text-align: center;\">Acheter des ic\u00f4nes grecques anciennes \u00e0 D\u00fcsseldorf et \u00e0 Munich<\/h4>\n<p>Le th\u00e8me biblique de l&rsquo;<a href=\"https:\/\/www.orthpedia.de\/index.php\/Mari%C3%A4_Einf%C3%BChrung\">introduction de Marie dans le temple<\/a>est un \u00e9v\u00e9nement majeur de la tradition chr\u00e9tienne et est c\u00e9l\u00e9br\u00e9 comme l&rsquo;une des grandes f\u00eates de l&rsquo;Eglise orthodoxe le 4 d\u00e9cembre. Cette c\u00e9l\u00e9bration rappelle le moment o\u00f9 la jeune Marie, \u00e2g\u00e9e de trois ans, a \u00e9t\u00e9 amen\u00e9e par ses parents, Joachim et Anne, au temple de J\u00e9rusalem pour y vivre en pr\u00e9paration de sa destin\u00e9e divine.<\/p>\n<h4 class=\"hidden\" style=\"text-align: center;\">Nous recherchons des ic\u00f4nes &#8211; Achat pr\u00e8s de Munich<\/h4>\n<p>La tradition veut que Marie soit rest\u00e9e au temple jusqu&rsquo;\u00e0 l&rsquo;\u00e2ge de 11 ans, o\u00f9 elle passait son temps \u00e0 lire les Saintes \u00c9critures et \u00e0 prier. Cet \u00e9v\u00e9nement est consid\u00e9r\u00e9 comme un signe de son \u00e9lection particuli\u00e8re et de sa puret\u00e9, car elle a \u00e9t\u00e9 au service de Dieu depuis son plus jeune \u00e2ge et s&rsquo;est pr\u00e9par\u00e9e \u00e0 son futur r\u00f4le de m\u00e8re du Sauveur.<\/p>\n<h3>Introduction Marie au temple :<\/h3>\n<h4 class=\"hidden\" style=\"text-align: center;\">Ic\u00f4nes grecques anciennes \u00e0 vendre et \u00e0 acheter \u00e0 Munich et \u00e0 Cologne<\/h4>\n<p>Une repr\u00e9sentation impressionnante de cet \u00e9v\u00e9nement se trouve dans une <a href=\"https:\/\/kunsthandel-puch.de\/fr\/produkt-kategorie\/icones\/\">ic\u00f4ne<\/a> r\u00e9alis\u00e9e sur un panneau individuel en bois de conif\u00e8re. Cette ic\u00f4ne, peinte en tempera \u00e0 l&rsquo;\u0153uf sur fond d&rsquo;or, montre dans le panneau central la sc\u00e8ne cl\u00e9 : Joachim et Anne am\u00e8nent la petite Marie au temple, o\u00f9 le grand pr\u00eatre Zacharie l&rsquo;accueille. Derri\u00e8re Marie, trois vierges l&rsquo;accompagnent sur son chemin et symbolisent sa puret\u00e9.<\/p>\n<p>La conception artistique de l&rsquo;ic\u00f4ne rev\u00eat une importance particuli\u00e8re. Le fond dor\u00e9 conf\u00e8re \u00e0 l&rsquo;\u0153uvre une aura c\u00e9leste et met en valeur la dimension spirituelle de l&rsquo;\u00e9v\u00e9nement repr\u00e9sent\u00e9. Les personnages sont d\u00e9taill\u00e9s et travaill\u00e9s avec un grand soin, ce qui montre le haut niveau de savoir-faire de l&rsquo;artiste.<\/p>\n<p>Le tr\u00e8s bon \u00e9tat de conservation de l&rsquo;ic\u00f4ne, avec de minimes variations de couleur, souligne sa valeur de pi\u00e8ce de collection rare. De telles ic\u00f4nes ne sont pas seulement l&rsquo;expression d&rsquo;une profonde d\u00e9votion religieuse, mais aussi des artefacts culturels pr\u00e9cieux qui pr\u00e9servent l&rsquo;h\u00e9ritage spirituel et la tradition artistique du monde chr\u00e9tien.<\/p>\n<h4 class=\"hidden\" style=\"text-align: center;\">Nous recherchons des ic\u00f4nes &#8211; Achat pr\u00e8s de Munich<\/h4>\n<p>La solennit\u00e9 de l&rsquo;introduction de Marie au temple est un \u00e9l\u00e9ment important du calendrier liturgique et rappelle aux fid\u00e8les la puret\u00e9 et l&rsquo;\u00e9lection sp\u00e9ciale de la Vierge Marie, choisie par Dieu pour devenir la m\u00e8re de J\u00e9sus-Christ.<\/p>\n<p>Une pi\u00e8ce de collection !<\/p>\n<p><a href=\"https:\/\/kunsthandel-puch.de\/fr\/produkt-kategorie\/icones\/\"><input class=\"wpcf7-form-control wpcf7-submit has-spinner\" style=\"border-radius: 18px;\" type=\"submit\" value=\"Vers les ic\u00f4nes\"><\/a><\/p>\n","protected":false},"excerpt":{"rendered":"<p><strong>Origine<\/strong><br \/>\nDalmatie<br \/>\n<strong>Vieux<\/strong><br \/>\nvers 1750<br \/>\n<strong>Taille<\/strong><br \/>\n30,5 cm x 23,0 cm<br \/>\n<strong>Ancien propri\u00e9taire<\/strong><br \/>\nCollection priv\u00e9e rh\u00e9nane<\/p>\n","protected":false},"featured_media":2189,"template":"","meta":[],"product_brand":[],"product_cat":[178,197,196,170,176],"product_tag":[],"class_list":{"0":"post-2345","1":"product","2":"type-product","3":"status-publish","4":"has-post-thumbnail","6":"product_cat-18eme-siecle","7":"product_cat-bois-de-cypres","8":"product_cat-grece","9":"product_cat-icones","10":"product_cat-peinture-a-la-detrempe","11":"","12":"woocommerce-text-align-center","13":"woocommerce-image-align-center","14":"do-quantity-buttons","16":"first","17":"instock","18":"shipping-taxable","19":"product-type-simple"},"_links":{"self":[{"href":"https:\/\/kunsthandel-puch.de\/fr\/wp-json\/wp\/v2\/product\/2345","targetHints":{"allow":["GET"]}}],"collection":[{"href":"https:\/\/kunsthandel-puch.de\/fr\/wp-json\/wp\/v2\/product"}],"about":[{"href":"https:\/\/kunsthandel-puch.de\/fr\/wp-json\/wp\/v2\/types\/product"}],"wp:featuredmedia":[{"embeddable":true,"href":"https:\/\/kunsthandel-puch.de\/fr\/wp-json\/wp\/v2\/media\/2189"}],"wp:attachment":[{"href":"https:\/\/kunsthandel-puch.de\/fr\/wp-json\/wp\/v2\/media?parent=2345"}],"wp:term":[{"taxonomy":"product_brand","embeddable":true,"href":"https:\/\/kunsthandel-puch.de\/fr\/wp-json\/wp\/v2\/product_brand?post=2345"},{"taxonomy":"product_cat","embeddable":true,"href":"https:\/\/kunsthandel-puch.de\/fr\/wp-json\/wp\/v2\/product_cat?post=2345"},{"taxonomy":"product_tag","embeddable":true,"href":"https:\/\/kunsthandel-puch.de\/fr\/wp-json\/wp\/v2\/product_tag?post=2345"}],"curies":[{"name":"wp","href":"https:\/\/api.w.org\/{rel}","templated":true}]}}