{"id":2340,"date":"2024-08-19T17:37:26","date_gmt":"2024-08-19T15:37:26","guid":{"rendered":"https:\/\/kunsthandel-puch.de\/produkt\/madone-a-lenfant\/"},"modified":"2024-09-29T11:29:34","modified_gmt":"2024-09-29T09:29:34","slug":"madone-a-lenfant","status":"publish","type":"product","link":"https:\/\/kunsthandel-puch.de\/fr\/produkt\/madone-a-lenfant\/","title":{"rendered":"Madone \u00e0 l&rsquo;enfant"},"content":{"rendered":"<h3>Sur le m\u00eame th\u00e8me :<\/h3>\n<h4 class=\"hidden\" style=\"text-align: center;\">Sculptures anciennes originales \u00e0 vendre et \u00e0 acheter \u00e0 Munich, D\u00fcsseldorf et Cologne<\/h4>\n<p>La <a href=\"https:\/\/de.wikipedia.org\/wiki\/Madonna_mit_Kind\">Vierge \u00e0 l&rsquo;Enfant<\/a> est un motif central dans l&rsquo;art chr\u00e9tien, en particulier dans l&rsquo;espace europ\u00e9en, cette repr\u00e9sentation se retrouve dans de nombreuses \u0153uvres d&rsquo;art, des peintures aux <a href=\"https:\/\/kunsthandel-puch.de\/fr\/produkt-kategorie\/sculptures\/\">sculptures<\/a>, et transmet une profonde signification spirituelle qui a inspir\u00e9 des g\u00e9n\u00e9rations de croyants. De telles repr\u00e9sentations sont tr\u00e8s r\u00e9pandues dans les \u00e9glises depuis le d\u00e9but du Moyen \u00c2ge et symbolisent la puret\u00e9, la gr\u00e2ce et les soins maternels. Dans l&rsquo;art eccl\u00e9siastique, ce motif sert \u00e0 exprimer la foi et l&rsquo;amour divin. Des mosa\u00efques byzantines aux peintures de la Renaissance, la Vierge \u00e0 l&rsquo;Enfant reste un symbole profond\u00e9ment enracin\u00e9, v\u00e9n\u00e9r\u00e9 dans les \u00e9glises de toute l&rsquo;Europe et porteur de sens spirituel. Cette repr\u00e9sentation se retrouve dans de nombreuses \u0153uvres d&rsquo;art, des peintures aux <a href=\"https:\/\/kunsthandel-puch.de\/fr\/produkt-kategorie\/sculptures\/\">sculptures<\/a>, et transmet une profonde signification spirituelle qui a inspir\u00e9 des g\u00e9n\u00e9rations de croyants.<\/p>\n<h3>Madone \u00e0 l&rsquo;enfant :<\/h3>\n<h4 class=\"hidden\" style=\"text-align: center;\">Sculptures gothiques originales \u00e0 vendre et \u00e0 acheter \u00e0 Munich, D\u00fcsseldorf et Cologne<\/h4>\n<p>Un exemple particuli\u00e8rement impressionnant de ce motif est une sculpture en bois de tilleul, taill\u00e9e de trois quarts et d&rsquo;une qualit\u00e9 artisanale remarquable. La sculpture est aplatie \u00e0 l&rsquo;arri\u00e8re, ce qui indique qu&rsquo;elle a probablement \u00e9t\u00e9 con\u00e7ue pour \u00eatre plac\u00e9e dans une niche ou devant un mur. L&rsquo;ancienne version originale de la sculpture lui conf\u00e8re un aspect authentique, tandis que le sceptre et la couronne ont probablement \u00e9t\u00e9 ajout\u00e9s \u00e0 une \u00e9poque ult\u00e9rieure.<\/p>\n<p>Pos\u00e9e sur une plinthe \u00e0 plusieurs c\u00f4t\u00e9s, la sculpture se pr\u00e9sente sous un aspect imposant de face. La Vierge est v\u00eatue d&rsquo;une \u00e9l\u00e9gante robe rouge ceintur\u00e9e, ferm\u00e9e au cou et envelopp\u00e9e d&rsquo;un manteau dor\u00e9. Le manteau, drap\u00e9 loin devant son corps, se caract\u00e9rise par des plis en forme de bol artistiquement con\u00e7us, qui conf\u00e8rent \u00e0 la figure une profondeur et un dynamisme particuliers.<\/p>\n<h4 class=\"hidden\" style=\"text-align: center;\">Sculptures originales \u00e0 vendre et \u00e0 acheter \u00e0 Munich, D\u00fcsseldorf et Cologne<\/h4>\n<p>Marie porte un voile blanc avec un serre-t\u00eate et une couronne qui soulignent son r\u00f4le de reine des cieux. Dans sa main droite, elle tient l&rsquo;enfant J\u00e9sus nu, qui repose sur sa hanche. Le Christ b\u00e9nit le spectateur de sa main droite et d\u00e9signe sa m\u00e8re de son bras gauche, ce qui souligne son importance en tant que m\u00e8re de Dieu. Le sceptre dans la main gauche de Marie, tendue en avant, symbolise sa dignit\u00e9 royale et sa position particuli\u00e8re dans la foi chr\u00e9tienne.<\/p>\n<p>Cette sculpture n&rsquo;est pas seulement l&rsquo;expression d&rsquo;une profonde d\u00e9votion religieuse, c&rsquo;est aussi une pi\u00e8ce de collection pr\u00e9cieuse qui impressionne par sa qualit\u00e9 artistique et son importance historique.<\/p>\n<h4 class=\"hidden\" style=\"text-align: center;\">Expert en vente et achat de sculptures gothiques \u00e0 Munich et Cologne<\/h4>\n<p>De telles repr\u00e9sentations de la \u00ab\u00a0Vierge \u00e0 l&rsquo;Enfant\u00a0\u00bb ont une longue tradition et restent un symbole central de la pi\u00e9t\u00e9 chr\u00e9tienne et de la v\u00e9n\u00e9ration de la Vierge.<\/p>\n<p>Tr\u00e8s bon \u00e9tat de conservation.<\/p>\n<p>Une pi\u00e8ce de collection !<\/p>\n<p><a href=\"https:\/\/kunsthandel-puch.de\/fr\/produkt-kategorie\/icones\/\"><input class=\"wpcf7-form-control wpcf7-submit has-spinner\" style=\"border-radius: 18px;\" type=\"submit\" value=\"Vers les ic\u00f4nes\"><\/a><\/p>\n","protected":false},"excerpt":{"rendered":"<p><strong>Origine<\/strong><br \/>\nAutriche\/ Salzbourg<br \/>\n<strong>Vieux<\/strong><br \/>\nvers 1470<br \/>\n<strong>Taille<\/strong><br \/>\n106,0 cm x 42,0 cm<br \/>\n<strong>Ancien propri\u00e9taire<\/strong><br \/>\nCollection priv\u00e9e d&rsquo;Allemagne du Nord<\/p>\n","protected":false},"featured_media":2185,"template":"","meta":[],"product_brand":[],"product_cat":[184,182,185,183,181],"product_tag":[],"class_list":{"0":"post-2340","1":"product","2":"type-product","3":"status-publish","4":"has-post-thumbnail","6":"product_cat-15e-siecle","7":"product_cat-bois-de-tilleul","8":"product_cat-gothique","9":"product_cat-monture-en-couleur-polychrome","10":"product_cat-sculptures","11":"","12":"woocommerce-text-align-center","13":"woocommerce-image-align-center","14":"do-quantity-buttons","16":"first","17":"instock","18":"shipping-taxable","19":"product-type-simple"},"_links":{"self":[{"href":"https:\/\/kunsthandel-puch.de\/fr\/wp-json\/wp\/v2\/product\/2340","targetHints":{"allow":["GET"]}}],"collection":[{"href":"https:\/\/kunsthandel-puch.de\/fr\/wp-json\/wp\/v2\/product"}],"about":[{"href":"https:\/\/kunsthandel-puch.de\/fr\/wp-json\/wp\/v2\/types\/product"}],"wp:featuredmedia":[{"embeddable":true,"href":"https:\/\/kunsthandel-puch.de\/fr\/wp-json\/wp\/v2\/media\/2185"}],"wp:attachment":[{"href":"https:\/\/kunsthandel-puch.de\/fr\/wp-json\/wp\/v2\/media?parent=2340"}],"wp:term":[{"taxonomy":"product_brand","embeddable":true,"href":"https:\/\/kunsthandel-puch.de\/fr\/wp-json\/wp\/v2\/product_brand?post=2340"},{"taxonomy":"product_cat","embeddable":true,"href":"https:\/\/kunsthandel-puch.de\/fr\/wp-json\/wp\/v2\/product_cat?post=2340"},{"taxonomy":"product_tag","embeddable":true,"href":"https:\/\/kunsthandel-puch.de\/fr\/wp-json\/wp\/v2\/product_tag?post=2340"}],"curies":[{"name":"wp","href":"https:\/\/api.w.org\/{rel}","templated":true}]}}