{"id":2335,"date":"2024-08-20T10:07:45","date_gmt":"2024-08-20T08:07:45","guid":{"rendered":"https:\/\/kunsthandel-puch.de\/produkt\/ascension-du-christ\/"},"modified":"2024-09-28T14:42:21","modified_gmt":"2024-09-28T12:42:21","slug":"ascension-du-christ","status":"publish","type":"product","link":"https:\/\/kunsthandel-puch.de\/fr\/produkt\/ascension-du-christ\/","title":{"rendered":"Ascension du Christ"},"content":{"rendered":"<h3>Sur le m\u00eame th\u00e8me :<\/h3>\n<h4 class=\"hidden\" style=\"text-align: center;\">Vendre et acheter des ic\u00f4nes anciennes rares \u00e0 Munich et \u00e0 Zurich<\/h4>\n<p>L&rsquo;Ascension du Christ est l&rsquo;un des \u00e9v\u00e9nements les plus importants de la foi chr\u00e9tienne et marque le moment o\u00f9 J\u00e9sus est mont\u00e9 au ciel apr\u00e8s sa r\u00e9surrection. Cet \u00e9v\u00e9nement est souvent repr\u00e9sent\u00e9 dans l&rsquo;art et a inspir\u00e9 d&rsquo;innombrables artistes au cours des si\u00e8cles. Les ic\u00f4nes qui immortalisent cet \u00e9v\u00e9nement sacr\u00e9 sont particuli\u00e8rement impressionnantes.<\/p>\n<h3>Ascension du Christ :<\/h3>\n<h4 class=\"hidden\" style=\"text-align: center;\">Ic\u00f4nes anciennes originales \u00e0 vendre et \u00e0 acheter dans le sud de l&rsquo;Allemagne<\/h4>\n<p>Une <a href=\"https:\/\/kunsthandel-puch.de\/fr\/produkt-kategorie\/icones\/\">ic\u00f4ne<\/a> remarquable datant des ann\u00e9es 1630-50 montre l&rsquo;Ascension du Christ sur un panneau compos\u00e9 de deux panneaux de bois de feuillus. Le sponkis arri\u00e8re d&rsquo;origine et l&rsquo;assemblage en queue d&rsquo;aronde t\u00e9moignent du savoir-faire artisanal de cette \u00e9poque. La peinture \u00e0 la tempera \u00e0 l&rsquo;\u0153uf sur fond de craie conf\u00e8re \u00e0 l&rsquo;ic\u00f4ne une intensit\u00e9 de couleur lumineuse et une profondeur exceptionnelle.<\/p>\n<p>Dans la partie inf\u00e9rieure de l&rsquo;ic\u00f4ne, la Vierge Marie est repr\u00e9sent\u00e9e de face, ses bras \u00e9tendus en b\u00e9n\u00e9diction transmettent la paix et la gr\u00e2ce. Elle est flanqu\u00e9e des archanges Michel et Gabriel ainsi que des ap\u00f4tres, qui observent respectueusement l&rsquo;\u00e9v\u00e9nement. Cette disposition symbolise le lien \u00e9troit entre le ciel et la terre, soulign\u00e9 par l&rsquo;ascension du Christ.<\/p>\n<h4 class=\"hidden\" style=\"text-align: center;\">Ic\u00f4nes anciennes rares en vente et en achat \u00e0 D\u00fcsseldorf<\/h4>\n<p>La partie sup\u00e9rieure de l&rsquo;ic\u00f4ne montre le Christ dans une mandorle, une aur\u00e9ole en forme d&rsquo;amande qui symbolise le divin. Deux anges le soul\u00e8vent doucement vers le ciel, tandis qu&rsquo;en dessous de lui, sur un rocher, se trouvent ses sandales abandonn\u00e9es. Ces d\u00e9tails illustrent le fait que le Christ laisse le monde terrestre derri\u00e8re lui et entre dans le royaume des cieux.<\/p>\n<h4 class=\"hidden\" style=\"text-align: center;\">Ic\u00f4nes anciennes originales de Russie du Nord \u00e0 vendre et \u00e0 acheter \u00e0 Munich<\/h4>\n<p>L&rsquo;ic\u00f4ne est en bon \u00e9tat de conservation et constitue une pi\u00e8ce de collection rare. De telles repr\u00e9sentations de l&rsquo;Ascension du Christ n&rsquo;ont pas seulement une signification religieuse, mais constituent \u00e9galement un pr\u00e9cieux t\u00e9moignage de l&rsquo;histoire de l&rsquo;art et de la foi, qui ne cesse de captiver les observateurs.<\/p>\n<p><span style=\"font-size: inherit;\">Une pi\u00e8ce de collection !<\/span><\/p>\n<p><a href=\"https:\/\/kunsthandel-puch.de\/fr\/produkt-kategorie\/icones\/\"><input class=\"wpcf7-form-control wpcf7-submit has-spinner\" style=\"border-radius: 18px;\" type=\"submit\" value=\"Vers les ic\u00f4nes\"><\/a><\/p>\n","protected":false},"excerpt":{"rendered":"<p><strong>Origine<\/strong><br \/>\nRussie<br \/>\n<strong>Vieux<\/strong><br \/>\nvers 1630 &#8211; 50<br \/>\n<strong>Taille<\/strong><br \/>\n49,0 cm x 41 cm<br \/>\n<strong>Ancien propri\u00e9taire<\/strong><br \/>\nCollection priv\u00e9e du sud de l&rsquo;Allemagne<\/p>\n","protected":false},"featured_media":2193,"template":"","meta":[],"product_brand":[],"product_cat":[178,170,176,172,174],"product_tag":[],"class_list":{"0":"post-2335","1":"product","2":"type-product","3":"status-publish","4":"has-post-thumbnail","6":"product_cat-18eme-siecle","7":"product_cat-icones","8":"product_cat-peinture-a-la-detrempe","9":"product_cat-russie","10":"product_cat-saint-petersbourg","11":"","12":"woocommerce-text-align-center","13":"woocommerce-image-align-center","14":"do-quantity-buttons","16":"first","17":"instock","18":"shipping-taxable","19":"product-type-simple"},"_links":{"self":[{"href":"https:\/\/kunsthandel-puch.de\/fr\/wp-json\/wp\/v2\/product\/2335","targetHints":{"allow":["GET"]}}],"collection":[{"href":"https:\/\/kunsthandel-puch.de\/fr\/wp-json\/wp\/v2\/product"}],"about":[{"href":"https:\/\/kunsthandel-puch.de\/fr\/wp-json\/wp\/v2\/types\/product"}],"wp:featuredmedia":[{"embeddable":true,"href":"https:\/\/kunsthandel-puch.de\/fr\/wp-json\/wp\/v2\/media\/2193"}],"wp:attachment":[{"href":"https:\/\/kunsthandel-puch.de\/fr\/wp-json\/wp\/v2\/media?parent=2335"}],"wp:term":[{"taxonomy":"product_brand","embeddable":true,"href":"https:\/\/kunsthandel-puch.de\/fr\/wp-json\/wp\/v2\/product_brand?post=2335"},{"taxonomy":"product_cat","embeddable":true,"href":"https:\/\/kunsthandel-puch.de\/fr\/wp-json\/wp\/v2\/product_cat?post=2335"},{"taxonomy":"product_tag","embeddable":true,"href":"https:\/\/kunsthandel-puch.de\/fr\/wp-json\/wp\/v2\/product_tag?post=2335"}],"curies":[{"name":"wp","href":"https:\/\/api.w.org\/{rel}","templated":true}]}}