{"id":3290,"date":"2020-02-13T13:17:50","date_gmt":"2020-02-13T12:17:50","guid":{"rendered":"https:\/\/kunsthandel-puch.de\/accueil-2\/"},"modified":"2024-11-03T09:35:47","modified_gmt":"2024-11-03T08:35:47","slug":"accueil-2","status":"publish","type":"page","link":"https:\/\/kunsthandel-puch.de\/fr\/","title":{"rendered":"Accueil"},"content":{"rendered":"<div class=\"gb-container gb-container-b8cfbc6e\">\n<div class=\"gb-container gb-container-a4e0423a\">\n\n<h1 class=\"gb-headline gb-headline-dc2bcbd9\"><span class=\"gb-icon\"><svg aria-hidden=\"true\" role=\"img\" height=\"1em\" width=\"1em\" viewbox=\"0 0 384 512\" xmlns=\"http:\/\/www.w3.org\/2000\/svg\"><path fill=\"currentColor\" d=\"M97.12 362.63c-8.69-8.69-4.16-6.24-25.12-11.85-9.51-2.55-17.87-7.45-25.43-13.32L1.2 448.7c-4.39 10.77 3.81 22.47 15.43 22.03l52.69-2.01L105.56 507c8 8.44 22.04 5.81 26.43-4.96l52.05-127.62c-10.84 6.04-22.87 9.58-35.31 9.58-19.5 0-37.82-7.59-51.61-21.37zM382.8 448.7l-45.37-111.24c-7.56 5.88-15.92 10.77-25.43 13.32-21.07 5.64-16.45 3.18-25.12 11.85-13.79 13.78-32.12 21.37-51.62 21.37-12.44 0-24.47-3.55-35.31-9.58L252 502.04c4.39 10.77 18.44 13.4 26.43 4.96l36.25-38.28 52.69 2.01c11.62.44 19.82-11.27 15.43-22.03zM263 340c15.28-15.55 17.03-14.21 38.79-20.14 13.89-3.79 24.75-14.84 28.47-28.98 7.48-28.4 5.54-24.97 25.95-45.75 10.17-10.35 14.14-25.44 10.42-39.58-7.47-28.38-7.48-24.42 0-52.83 3.72-14.14-.25-29.23-10.42-39.58-20.41-20.78-18.47-17.36-25.95-45.75-3.72-14.14-14.58-25.19-28.47-28.98-27.88-7.61-24.52-5.62-44.95-26.41-10.17-10.35-25-14.4-38.89-10.61-27.87 7.6-23.98 7.61-51.9 0-13.89-3.79-28.72.25-38.89 10.61-20.41 20.78-17.05 18.8-44.94 26.41-13.89 3.79-24.75 14.84-28.47 28.98-7.47 28.39-5.54 24.97-25.95 45.75-10.17 10.35-14.15 25.44-10.42 39.58 7.47 28.36 7.48 24.4 0 52.82-3.72 14.14.25 29.23 10.42 39.59 20.41 20.78 18.47 17.35 25.95 45.75 3.72 14.14 14.58 25.19 28.47 28.98C104.6 325.96 106.27 325 121 340c13.23 13.47 33.84 15.88 49.74 5.82a39.676 39.676 0 0 1 42.53 0c15.89 10.06 36.5 7.65 49.73-5.82zM97.66 175.96c0-53.03 42.24-96.02 94.34-96.02s94.34 42.99 94.34 96.02-42.24 96.02-94.34 96.02-94.34-42.99-94.34-96.02z\"><\/path><\/svg><\/span><span class=\"gb-headline-text\">Depuis <mark class=\"gb-highlight\">50 ans<\/mark><br>Votre <mark class=\"gb-highlight\">marchand d&rsquo;art exclusif<\/mark> pour<br><mark class=\"gb-highlight\">Ic\u00f4nes, SCULPTURES, GEMENTS et artisanat d&rsquo;art<\/mark> \u00e0 Munich<mark class=\"gb-highlight\"> <\/mark><\/span><\/h1>\n\n<\/div>\n<\/div><div class=\"gb-container gb-container-f7d493f0\">\n<div class=\"gb-container gb-container-c0ee6297\">\n<div class=\"gb-container gb-container-d3e17f55\">\n\n<figure class=\"wp-block-image size-large\"><img decoding=\"async\" src=\"http:\/\/kunsthandel-puch.de\/wp-content\/uploads\/2024\/08\/Puch-messe-muenchen-1024x768.jpg\" alt=\"Puch Ic&#xF4;nes anciennes Sculptures Peintures Artisanat d'art Foire de Munich\"\/><\/figure>\n\n<\/div>\n\n<div class=\"gb-container gb-container-b52e78ad\">\n\n<p class=\"gb-headline gb-headline-e7bbcc25 gb-headline-text\">Commerce d&rsquo;art PUCH<\/p>\n\n\n\n<h2 class=\"gb-headline gb-headline-c5a445aa gb-headline-text\">Plongez dans le monde fascinant de l&rsquo;art religieux<\/h2>\n\n\n\n<p>Chez Kunsthandel Puch, pr\u00e8s de Munich, les collectionneurs d&rsquo;art, les amateurs d&rsquo;objets d&rsquo;art historiques et ceux qui s&rsquo;int\u00e9ressent aux placements durables trouvent une s\u00e9lection exquise de pi\u00e8ces de collection de grande qualit\u00e9. D\u00e9couvrez des ic\u00f4nes russes et grecques rares, des sculptures anciennes d&rsquo;Europe &#8211; y compris des \u0153uvres gothiques, Renaissance, baroques, rococo et classiques, des peintures du 16\u00e8me au 19\u00e8me si\u00e8cle, ainsi que des objets d&rsquo;artisanat europ\u00e9ens pr\u00e9cieux et raffin\u00e9s.<\/p>\n\n\n\n<p>Depuis des g\u00e9n\u00e9rations, le commerce d&rsquo;art Puch Munich est synonyme de tradition, de confiance et de qualit\u00e9 sup\u00e9rieure. Les \u0153uvres d&rsquo;art dans notre galerie, refl\u00e8tent notre expertise et les valeurs qui ont fa\u00e7onn\u00e9 notre activit\u00e9 depuis des d\u00e9cennies. Profitez de notre exp\u00e9rience et laissez-nous vous fasciner dans votre recherche d&rsquo;\u0153uvres d&rsquo;art exceptionnelles en provenance de l&rsquo;espace europ\u00e9en.<\/p>\n\n\n\n<h2 class=\"hidden\" style=\"text-align: center;\">Kunsthandel Puch M\u00fcnchen Galerie d&rsquo;ic\u00f4nes<\/h2><h3 class=\"hidden\" style=\"text-align: center;\">La galerie Viktor Puch est une boutique sp\u00e9cialis\u00e9e de premier plan dans le domaine des ic\u00f4nes russes et grecques, Kunsthandel Puch Vendre et acheter des ic\u00f4nes anciennes \u00e0 Munich et \u00e0 D\u00fcsseldorf<\/h3><p class=\"hidden\" style=\"text-align: center;\">La galerie Viktor Puch est votre revendeur d&rsquo;ic\u00f4nes anciennes et d&rsquo;objets d&rsquo;art orthodoxe \u00e0 Munich. Dirig\u00e9e par Martin Puch, un expert reconnu des ic\u00f4nes russes et grecques \u00e0 Munich et dans toute l&rsquo;Allemagne, la galerie offre une expertise de haut niveau. M. Puch est largement reconnu comme expert en ic\u00f4nes anciennes. De nombreux mus\u00e9es nationaux et internationaux comptent d\u00e9j\u00e0 parmi les clients de la galerie Viktor Puch et y ont acquis des ic\u00f4nes russes et grecques. Outre la vente, la galerie ach\u00e8te \u00e9galement des ic\u00f4nes anciennes et propose des prix maximums attractifs pour des pi\u00e8ces russes et grecques de grande valeur. Les collectionneurs du monde entier appr\u00e9cient nos conseils pour l&rsquo;acquisition d&rsquo;ic\u00f4nes. Nous proposons une livraison s\u00e9curis\u00e9e et assur\u00e9e dans le monde entier par notre propre transporteur et prestataire de services postaux.<\/p><h3 class=\"hidden\" style=\"text-align: center;\">Kunsthandel Puch Sculptures anciennes, peintures et artisanat d&rsquo;art \u00e0 vendre et \u00e0 acheter \u00e0 Munich<\/h3><p class=\"hidden\" style=\"text-align: center;\">La galerie Viktor Puch est votre sp\u00e9cialiste en mati\u00e8re de sculptures anciennes, de peintures et d&rsquo;artisanat pr\u00e9cieux. Dirig\u00e9e par Martin Puch, un expert reconnu en mati\u00e8re de sculptures et de peintures historiques qui travaille dans toute l&rsquo;Allemagne, la galerie offre une expertise compl\u00e8te. M. Puch est expert en \u0153uvres d&rsquo;art anciennes. La galerie compte parmi ses clients de nombreux mus\u00e9es et fondations nationaux et internationaux. En plus de la vente, la galerie ach\u00e8te \u00e9galement des sculptures anciennes, des peintures et des objets d&rsquo;artisanat, en proposant des prix maximums attractifs. Les collectionneurs du monde entier appr\u00e9cient nos excellents conseils pour l&rsquo;achat de ces \u0153uvres d&rsquo;art. Notre galerie participe r\u00e9guli\u00e8rement \u00e0 des foires dans des villes europ\u00e9ennes comme Munich, Cologne, D\u00fcsseldorf, Zurich et Lausanne. De plus, vous pouvez acheter nos \u0153uvres d&rsquo;art exclusives en toute s\u00e9curit\u00e9 sur notre site Internet. Nous garantissons une livraison s\u00fbre et assur\u00e9e dans le monde entier, soit par notre propre transporteur, soit par l&rsquo;interm\u00e9diaire de prestataires de services renomm\u00e9s comme UPS et FedEx.<\/p>\n\n<\/div>\n<\/div>\n<\/div><div class=\"gb-container gb-container-cb3ed586\">\n\n<p class=\"gb-headline gb-headline-eb265bfd gb-headline-text\"><strong>parce que l&rsquo;unicit\u00e9 est notre standard<\/strong><\/p>\n\n\n\n<h2 class=\"gb-headline gb-headline-0ba63d00 gb-headline-text\">Qualit\u00e9 et expertise &#8211; une entreprise familiale avec des d\u00e9cennies d&rsquo;histoire.<\/h2>\n\n\n<div class=\"gb-container gb-container-ed53fae5\">\n<div class=\"gb-container gb-container-70ee9259\">\n<div class=\"gb-container gb-container-0c472b07\"><div class=\"gb-inside-container\">\n\n<h3 class=\"gb-headline gb-headline-09f1465f\"><span class=\"gb-icon\"><svg xmlns=\"http:\/\/www.w3.org\/2000\/svg\" aria-hidden=\"true\" role=\"img\" height=\"1em width=\" viewbox=\"0 0 448 512\"><path fill=\"currentColor\" d=\"M448 360V24c0-13.3-10.7-24-24-24H96C43 0 0 43 0 96v320c0 53 43 96 96 96h328c13.3 0 24-10.7 24-24v-16c0-7.5-3.5-14.3-8.9-18.7-4.2-15.4-4.2-59.3 0-74.7 5.4-4.3 8.9-11.1 8.9-18.6zM128 134c0-3.3 2.7-6 6-6h212c3.3 0 6 2.7 6 6v20c0 3.3-2.7 6-6 6H134c-3.3 0-6-2.7-6-6v-20zm0 64c0-3.3 2.7-6 6-6h212c3.3 0 6 2.7 6 6v20c0 3.3-2.7 6-6 6H134c-3.3 0-6-2.7-6-6v-20zm253.4 250H96c-17.7 0-32-14.3-32-32 0-17.6 14.4-32 32-32h285.4c-1.9 17.1-1.9 46.9 0 64z\"><\/path><\/svg><\/span><span class=\"gb-headline-text\"><a href=\"https:\/\/kunsthandel-puch.de\/fr\/produkt-kategorie\/icones\/\">Ic\u00f4nes<\/a><\/span><\/h3>\n\n\n\n<p class=\"has-text-align-center\">Nos ic\u00f4nes anciennes sont des pi\u00e8ces de collection soigneusement s\u00e9lectionn\u00e9es, qui refl\u00e8tent la riche tradition de la peinture orthodoxe. Chaque pi\u00e8ce offre un aper\u00e7u unique de l&rsquo;histoire religieuse et de la culture du christianisme orthodoxe.<\/p>\n\n\n\n<p class=\"has-text-align-center\">En tant qu&rsquo;adresse de premier plan pour l&rsquo;achat et la vente d&rsquo;ic\u00f4nes anciennes, nous offrons une qualit\u00e9 sup\u00e9rieure et des conseils comp\u00e9tents &#8211; votre adresse fiable pour des ic\u00f4nes authentiques.<\/p>\n\n\n\n<a class=\"gb-button gb-button-d158277d gb-button-text\" href=\"https:\/\/kunsthandel-puch.de\/fr\/produkt-kategorie\/icones\/\">Vers les ic\u00f4nes<\/a>\n\n<\/div><\/div>\n\n<div class=\"gb-container gb-container-d5d94157\"><div class=\"gb-inside-container\">\n\n<h3 class=\"gb-headline gb-headline-8a91aede\"><span class=\"gb-icon\"><svg xmlns=\"http:\/\/www.w3.org\/2000\/svg\" aria-hidden=\"true\" role=\"img\" height=\"1em\" width=\"1em\" viewbox=\"0 0 496 512\"><path fill=\"currentColor\" d=\"M248 8C111 8 0 119 0 256s111 248 248 248 248-111 248-248S385 8 248 8zm0 96c48.6 0 88 39.4 88 88s-39.4 88-88 88-88-39.4-88-88 39.4-88 88-88zm0 344c-58.7 0-111.3-26.6-146.5-68.2 18.8-35.4 55.6-59.8 98.5-59.8 2.4 0 4.8.4 7.1 1.1 13 4.2 26.6 6.9 40.9 6.9 14.3 0 28-2.7 40.9-6.9 2.3-.7 4.7-1.1 7.1-1.1 42.9 0 79.7 24.4 98.5 59.8C359.3 421.4 306.7 448 248 448z\"><\/path><\/svg><\/span><span class=\"gb-headline-text\"><a href=\"https:\/\/kunsthandel-puch.de\/fr\/produkt-kategorie\/sculptures\/\">Sculptures<\/a><\/span><\/h3>\n\n\n\n<p class=\"has-text-align-center\">D\u00e9couvrez notre s\u00e9lection unique de sculptures anciennes, du Moyen \u00c2ge au Rococo. Chaque pi\u00e8ce a \u00e9t\u00e9 cr\u00e9\u00e9e par des ma\u00eetres \u00e9minents de leur \u00e9poque et allie beaut\u00e9 intemporelle et expressivit\u00e9 artistique.<\/p>\n\n\n\n<p class=\"has-text-align-center\">En tant qu&rsquo;experts exp\u00e9riment\u00e9s dans l&rsquo;achat et la vente, nous vous garantissons des conseils avis\u00e9s et la plus haute qualit\u00e9 dans la s\u00e9lection et la vente de ces pr\u00e9cieuses \u0153uvres d&rsquo;art.<\/p>\n\n\n\n<a class=\"gb-button gb-button-86b0c92a gb-button-text\" href=\"https:\/\/kunsthandel-puch.de\/fr\/produkt-kategorie\/sculptures\/\">Vers les sculptures<\/a>\n\n<\/div><\/div>\n<\/div>\n\n<div class=\"gb-container gb-container-e7ce2122\">\n<div class=\"gb-container gb-container-2d14a2eb\">\n<div class=\"gb-container gb-container-fbdd9a55\"><div class=\"gb-inside-container\">\n\n<h3 class=\"gb-headline gb-headline-b8a11b16\"><span class=\"gb-icon\"><svg xmlns=\"http:\/\/www.w3.org\/2000\/svg\" aria-hidden=\"true\" role=\"img\" height=\"1em\" width=\"1em\" viewbox=\"0 0 448 512\"><path fill=\"currentColor\" d=\"M16 132h416c8.837 0 16-7.163 16-16V76c0-8.837-7.163-16-16-16H16C7.163 60 0 67.163 0 76v40c0 8.837 7.163 16 16 16zm0 160h416c8.837 0 16-7.163 16-16v-40c0-8.837-7.163-16-16-16H16c-8.837 0-16 7.163-16 16v40c0 8.837 7.163 16 16 16zm0 160h416c8.837 0 16-7.163 16-16v-40c0-8.837-7.163-16-16-16H16c-8.837 0-16 7.163-16 16v40c0 8.837 7.163 16 16 16z\"><\/path><\/svg><\/span><span class=\"gb-headline-text\"><a href=\"https:\/\/kunsthandel-puch.de\/fr\/produkt-kategorie\/artisanat-dart\/\">Artisanat d&rsquo;art<\/a><\/span><\/h3>\n\n\n\n<p class=\"has-text-align-center\">Dans notre gamme, vous trouverez des objets d&rsquo;artisanat d&rsquo;art s\u00e9lectionn\u00e9s en provenance d&rsquo;Italie, de France et d&rsquo;Allemagne, qui refl\u00e8tent le savoir-faire et la richesse culturelle du 16e au 19e si\u00e8cle. Chaque pi\u00e8ce se distingue par ses d\u00e9tails artistiques et la perfection de son artisanat.<\/p>\n\n\n\n<p class=\"has-text-align-center\">En tant qu&rsquo;experts dans l&rsquo;achat et la vente, nous vous proposons des \u0153uvres s\u00e9lectionn\u00e9es de cette \u00e9poque et vous garantissons la meilleure qualit\u00e9.<\/p>\n\n\n\n<a class=\"gb-button gb-button-dad29199 gb-button-text\" href=\"https:\/\/kunsthandel-puch.de\/fr\/produkt-kategorie\/artisanat-dart\/\">Vers l&rsquo;artisanat d&rsquo;art<\/a>\n\n<\/div><\/div>\n\n<div class=\"gb-container gb-container-a0a5de1f\"><div class=\"gb-inside-container\">\n\n<h3 class=\"gb-headline gb-headline-08414e66\"><span class=\"gb-icon\"><svg xmlns=\"http:\/\/www.w3.org\/2000\/svg\" aria-hidden=\"true\" role=\"img\" height=\"1em\" width=\"1em\" viewbox=\"0 0 448 512\"><path fill=\"currentColor\" d=\"M240.971 130.524l194.343 194.343c9.373 9.373 9.373 24.569 0 33.941l-22.667 22.667c-9.357 9.357-24.522 9.375-33.901.04L224 227.495 69.255 381.516c-9.379 9.335-24.544 9.317-33.901-.04l-22.667-22.667c-9.373-9.373-9.373-24.569 0-33.941L207.03 130.525c9.372-9.373 24.568-9.373 33.941-.001z\"><\/path><\/svg><\/span><span class=\"gb-headline-text\"><a href=\"https:\/\/kunsthandel-puch.de\/fr\/produkt-kategorie\/peintures\/\">Peintures<\/a><\/span><\/h3>\n\n\n\n<p class=\"has-text-align-center\">Notre collection propose de fascinantes peintures anciennes des Pays-Bas, de France, d&rsquo;Allemagne et d&rsquo;Italie. Chaque \u0153uvre refl\u00e8te la diversit\u00e9 des courants artistiques et offre un aper\u00e7u unique de la culture et de l&rsquo;histoire de son \u00e9poque.<\/p>\n\n\n\n<p class=\"has-text-align-center\">En tant qu&rsquo;experts de l&rsquo;achat et de la vente, nous vous garantissons des pi\u00e8ces de qualit\u00e9 et des conseils avis\u00e9s pour enrichir votre collection.<\/p>\n\n\n\n<a class=\"gb-button gb-button-3afa8dcc gb-button-text\" href=\"https:\/\/kunsthandel-puch.de\/fr\/produkt-kategorie\/peintures\/\">Vers les peintures<\/a>\n\n<\/div><\/div>\n<\/div>\n<\/div>\n<\/div>\n<\/div><div class=\"gb-container gb-container-6c7352f8\">\n<div class=\"gb-container gb-container-7756b8c3\">\n\n<h2 class=\"gb-headline gb-headline-369428b8 gb-headline-text\">visitez notre showroom exclusif pr\u00e8s de Munich<\/h2>\n\n\n<div class=\"gb-container gb-container-ad8b363d\">\n\n<a class=\"gb-button gb-button-aaecad16 gb-button-text\" href=\"http:\/\/wa.me\/491708054040\">Envoyer un WhatsApp<\/a>\n\n\n\n<a class=\"gb-button gb-button-bd85d816 gb-button-text\" href=\"https:\/\/kunsthandel-puch.de\/fr\/contact\/\" target=\"_blank\" rel=\"noopener noreferrer\">\u00c9crivez un e-mail<\/a>\n\n<\/div>\n<\/div>\n<\/div><div class=\"gb-container gb-container-ba2deb34\">\n<div class=\"gb-grid-wrapper gb-grid-wrapper-a8cc3b33\">\n<div class=\"gb-grid-column gb-grid-column-9be4c766\"><div class=\"gb-container gb-container-9be4c766\"><div class=\"gb-inside-container\">\n\n<p class=\"gb-headline gb-headline-5735b358\"><span class=\"gb-icon\"><svg xmlns=\"http:\/\/www.w3.org\/2000\/svg\" aria-hidden=\"true\" role=\"img\" height=\"1em\" width=\"1em\" viewbox=\"0 0 512 512\"><path fill=\"currentColor\" d=\"M173.898 439.404l-166.4-166.4c-9.997-9.997-9.997-26.206 0-36.204l36.203-36.204c9.997-9.998 26.207-9.998 36.204 0L192 312.69 432.095 72.596c9.997-9.997 26.207-9.997 36.204 0l36.203 36.204c9.997 9.997 9.997 26.206 0 36.204l-294.4 294.401c-9.998 9.997-26.207 9.997-36.204-.001z\"><\/path><\/svg><\/span><span class=\"gb-headline-text\">Exp\u00e9dition en Europe<\/span><\/p>\n\n\n\n<p style=\"font-size:16px\">L&rsquo;exp\u00e9dition d\u00e9pend de la taille et du poids de l&rsquo;objet.\nUne telle exp\u00e9dition est possible \u00e0 partir de 30 \u20ac.\nL&rsquo;exp\u00e9dition se fait de mani\u00e8re neutre en CO2 avec UPS.  <\/p>\n\n<\/div><\/div><\/div>\n\n<div class=\"gb-grid-column gb-grid-column-41281a76\"><div class=\"gb-container gb-container-41281a76\"><div class=\"gb-inside-container\">\n\n<p class=\"gb-headline gb-headline-805dbaf0\"><span class=\"gb-icon\"><svg xmlns=\"http:\/\/www.w3.org\/2000\/svg\" aria-hidden=\"true\" role=\"img\" height=\"1em\" width=\"1em\" viewbox=\"0 0 512 512\"><path fill=\"currentColor\" d=\"M173.898 439.404l-166.4-166.4c-9.997-9.997-9.997-26.206 0-36.204l36.203-36.204c9.997-9.998 26.207-9.998 36.204 0L192 312.69 432.095 72.596c9.997-9.997 26.207-9.997 36.204 0l36.203 36.204c9.997 9.997 9.997 26.206 0 36.204l-294.4 294.401c-9.998 9.997-26.207 9.997-36.204-.001z\"><\/path><\/svg><\/span><span class=\"gb-headline-text\">Exp\u00e9dition dans le monde entier<\/span><\/p>\n\n\n\n<p style=\"font-size:16px\">Notre entreprise de logistique internationale est sp\u00e9cialis\u00e9e dans l&rsquo;envoi d&rsquo;objets d&rsquo;art. Prix sur demande.  <\/p>\n\n<\/div><\/div><\/div>\n\n<div class=\"gb-grid-column gb-grid-column-0dfdd026\"><div class=\"gb-container gb-container-0dfdd026\"><div class=\"gb-inside-container\">\n\n<p class=\"gb-headline gb-headline-4777d8d0\"><span class=\"gb-icon\"><svg xmlns=\"http:\/\/www.w3.org\/2000\/svg\" aria-hidden=\"true\" role=\"img\" height=\"1em\" width=\"1em\" viewbox=\"0 0 512 512\"><path fill=\"currentColor\" d=\"M173.898 439.404l-166.4-166.4c-9.997-9.997-9.997-26.206 0-36.204l36.203-36.204c9.997-9.998 26.207-9.998 36.204 0L192 312.69 432.095 72.596c9.997-9.997 26.207-9.997 36.204 0l36.203 36.204c9.997 9.997 9.997 26.206 0 36.204l-294.4 294.401c-9.998 9.997-26.207 9.997-36.204-.001z\"><\/path><\/svg><\/span><span class=\"gb-headline-text\">Exp\u00e9dition assur\u00e9e<\/span><\/p>\n\n\n\n<p style=\"font-size:16px\">Nous proposons \u00e0 nos clients, s&rsquo;ils le souhaitent, une livraison assur\u00e9e.\nCelle-ci est calcul\u00e9e \u00e0 hauteur de 1,2% &#8211; 1,5% de la valeur de la marchandise. <\/p>\n\n<\/div><\/div><\/div>\n\n<div class=\"gb-grid-column gb-grid-column-4a0e9451\"><div class=\"gb-container gb-container-4a0e9451\"><div class=\"gb-inside-container\">\n\n<p class=\"gb-headline gb-headline-cd60be90\"><span class=\"gb-icon\"><svg xmlns=\"http:\/\/www.w3.org\/2000\/svg\" aria-hidden=\"true\" role=\"img\" height=\"1em\" width=\"1em\" viewbox=\"0 0 512 512\"><path fill=\"currentColor\" d=\"M173.898 439.404l-166.4-166.4c-9.997-9.997-9.997-26.206 0-36.204l36.203-36.204c9.997-9.998 26.207-9.998 36.204 0L192 312.69 432.095 72.596c9.997-9.997 26.207-9.997 36.204 0l36.203 36.204c9.997 9.997 9.997 26.206 0 36.204l-294.4 294.401c-9.998 9.997-26.207 9.997-36.204-.001z\"><\/path><\/svg><\/span><span class=\"gb-headline-text\"><strong>D\u00e9lai de livraison<\/strong><\/span><\/p>\n\n\n\n<p style=\"font-size:16px\">Le d\u00e9lai de livraison est g\u00e9n\u00e9ralement de 3 \u00e0 7 jours ouvrables (hors samedi et dimanche).<\/p>\n\n<\/div><\/div><\/div>\n\n<div class=\"gb-grid-column gb-grid-column-b62dab2a\"><div class=\"gb-container gb-container-b62dab2a\"><div class=\"gb-inside-container\">\n\n<p class=\"gb-headline gb-headline-87adbd70\"><span class=\"gb-icon\"><svg xmlns=\"http:\/\/www.w3.org\/2000\/svg\" aria-hidden=\"true\" role=\"img\" height=\"1em\" width=\"1em\" viewbox=\"0 0 512 512\"><path fill=\"currentColor\" d=\"M173.898 439.404l-166.4-166.4c-9.997-9.997-9.997-26.206 0-36.204l36.203-36.204c9.997-9.998 26.207-9.998 36.204 0L192 312.69 432.095 72.596c9.997-9.997 26.207-9.997 36.204 0l36.203 36.204c9.997 9.997 9.997 26.206 0 36.204l-294.4 294.401c-9.998 9.997-26.207 9.997-36.204-.001z\"><\/path><\/svg><\/span><span class=\"gb-headline-text\"><strong>Clients r\u00e9guliers<\/strong><\/span><\/p>\n\n\n\n<p style=\"font-size:16px\">Pour les clients r\u00e9guliers, nous proposons \u00e9galement un paiement \u00e9chelonn\u00e9 sur demande.<\/p>\n\n<\/div><\/div><\/div>\n\n<div class=\"gb-grid-column gb-grid-column-34d48143\"><div class=\"gb-container gb-container-34d48143\"><div class=\"gb-inside-container\">\n\n<p class=\"gb-headline gb-headline-039f552e\"><span class=\"gb-icon\"><svg xmlns=\"http:\/\/www.w3.org\/2000\/svg\" aria-hidden=\"true\" role=\"img\" height=\"1em\" width=\"1em\" viewbox=\"0 0 512 512\"><path fill=\"currentColor\" d=\"M173.898 439.404l-166.4-166.4c-9.997-9.997-9.997-26.206 0-36.204l36.203-36.204c9.997-9.998 26.207-9.998 36.204 0L192 312.69 432.095 72.596c9.997-9.997 26.207-9.997 36.204 0l36.203 36.204c9.997 9.997 9.997 26.206 0 36.204l-294.4 294.401c-9.998 9.997-26.207 9.997-36.204-.001z\"><\/path><\/svg><\/span><span class=\"gb-headline-text\">Propre service d&#8217;emballage<\/span><\/p>\n\n\n\n<p style=\"font-size:16px\">Nous emballons nous-m\u00eames nos objets d&rsquo;exposition dans des syst\u00e8mes \u00ab\u00a0box-in-box\u00a0\u00bb.\nLes dommages dus au transport sont ainsi pratiquement exclus. <\/p>\n\n<\/div><\/div><\/div>\n<\/div>\n<\/div><div class=\"gb-container gb-container-7557b83b\"><\/div>","protected":false},"excerpt":{"rendered":"<p>Depuis 50 ansVotre marchand d&rsquo;art exclusif pourIc\u00f4nes, SCULPTURES, GEMENTS et artisanat d&rsquo;art \u00e0 Munich Commerce d&rsquo;art PUCH Plongez dans le monde fascinant de l&rsquo;art religieux Chez Kunsthandel Puch, pr\u00e8s de Munich, les collectionneurs d&rsquo;art, les amateurs d&rsquo;objets d&rsquo;art historiques et ceux qui s&rsquo;int\u00e9ressent aux placements durables trouvent une s\u00e9lection exquise de pi\u00e8ces de collection de &#8230; <a title=\"Accueil\" class=\"read-more\" href=\"https:\/\/kunsthandel-puch.de\/fr\/\" aria-label=\"En savoir plus sur Accueil\">Lire plus<\/a><\/p>\n","protected":false},"author":1,"featured_media":0,"parent":0,"menu_order":0,"comment_status":"closed","ping_status":"closed","template":"","meta":{"footnotes":""},"class_list":["post-3290","page","type-page","status-publish"],"_links":{"self":[{"href":"https:\/\/kunsthandel-puch.de\/fr\/wp-json\/wp\/v2\/pages\/3290","targetHints":{"allow":["GET"]}}],"collection":[{"href":"https:\/\/kunsthandel-puch.de\/fr\/wp-json\/wp\/v2\/pages"}],"about":[{"href":"https:\/\/kunsthandel-puch.de\/fr\/wp-json\/wp\/v2\/types\/page"}],"author":[{"embeddable":true,"href":"https:\/\/kunsthandel-puch.de\/fr\/wp-json\/wp\/v2\/users\/1"}],"replies":[{"embeddable":true,"href":"https:\/\/kunsthandel-puch.de\/fr\/wp-json\/wp\/v2\/comments?post=3290"}],"version-history":[{"count":1,"href":"https:\/\/kunsthandel-puch.de\/fr\/wp-json\/wp\/v2\/pages\/3290\/revisions"}],"predecessor-version":[{"id":3291,"href":"https:\/\/kunsthandel-puch.de\/fr\/wp-json\/wp\/v2\/pages\/3290\/revisions\/3291"}],"wp:attachment":[{"href":"https:\/\/kunsthandel-puch.de\/fr\/wp-json\/wp\/v2\/media?parent=3290"}],"curies":[{"name":"wp","href":"https:\/\/api.w.org\/{rel}","templated":true}]}}