{"id":2313,"date":"2020-02-18T13:47:02","date_gmt":"2020-02-18T12:47:02","guid":{"rendered":"https:\/\/kunsthandel-puch.de\/notre-maison\/"},"modified":"2024-10-13T16:09:17","modified_gmt":"2024-10-13T14:09:17","slug":"notre-maison","status":"publish","type":"page","link":"https:\/\/kunsthandel-puch.de\/fr\/notre-maison\/","title":{"rendered":"Notre maison"},"content":{"rendered":"<div class=\"gb-container gb-container-ec8ac61f\">\n<div class=\"gb-container gb-container-b18ed8df\">\n<div class=\"gb-container gb-container-b581b3c3\">\n\n<p class=\"gb-headline gb-headline-974f7b82 gb-headline-text\">Une entreprise familiale depuis 50 ans<\/p>\n\n\n\n<h2 class=\"gb-headline gb-headline-9836264b gb-headline-text\">2027 &#8211; 50 ans de commerce d&rsquo;art Puch<\/h2>\n\n\n\n<p>Depuis un demi-si\u00e8cle, le nom de Puch \u00e0 Munich est synonyme de la plus haute expertise dans le commerce d&rsquo;<a href=\"https:\/\/kunsthandel-puch.de\/fr\/produkt-kategorie\/icones\/\">ic\u00f4nes <\/a>anciennes russes et grecques ainsi que de <a href=\"https:\/\/kunsthandel-puch.de\/fr\/produkt-kategorie\/sculptures\/\">sculptures,<\/a> <a href=\"\/?product_cat=gem%C3%A4lde\">peintures<\/a> et <a href=\"https:\/\/kunsthandel-puch.de\/fr\/produkt-kategorie\/artisanat-dart\/\">objets d&rsquo;artisanat<\/a> pr\u00e9cieux des \u00e9poques gothique, renaissance et baroque. Fond\u00e9e en 1977 par Viktor Puch, un restaurateur et collectionneur d&rsquo;ic\u00f4nes passionn\u00e9, notre galerie s&rsquo;est impos\u00e9e comme l&rsquo;une des adresses de r\u00e9f\u00e9rence sur la sc\u00e8ne artistique internationale.<\/p>\n\n\n\n<p>Initialement install\u00e9e dans la Neuturmstra\u00dfe, au sein de l&rsquo;Antikhaus de Munich, la galerie a d\u00e9m\u00e9nag\u00e9 en 1980 dans des locaux plus spacieux de la Prannerstra\u00dfe, o\u00f9 elle est rest\u00e9e jusqu&rsquo;en 1995. Depuis lors, nous continuons \u00e0 vous offrir la possibilit\u00e9 de voir personnellement nos <a href=\"https:\/\/kunsthandel-puch.de\/fr\/produkt-kategorie\/icones\/\">ic\u00f4nes<\/a> russes et grecques de choix, nos <a href=\"https:\/\/kunsthandel-puch.de\/fr\/produkt-kategorie\/sculptures\/\">sculptures<\/a> de valeur <a href=\"https:\/\/kunsthandel-puch.de\/fr\/produkt-kategorie\/sculptures\/\">, nos<\/a> <a href=\"\/?product_cat=gem%C3%A4lde\">peintures<\/a> et nos <a href=\"https:\/\/kunsthandel-puch.de\/fr\/produkt-kategorie\/artisanat-dart\/\">objets d&rsquo;artisanat<\/a> d&rsquo;art gothique, Renaissance et baroque dans nos nouveaux locaux pr\u00e8s de Munich. <strong>Les visites dans notre salle d&rsquo;exposition ne sont toutefois possibles que sur rendez-vous t\u00e9l\u00e9phonique pr\u00e9alable.<\/strong> La tradition de la galerie Viktor Puch se poursuit &#8211; dans une nouvelle ambiance, mais avec la m\u00eame exigence de qualit\u00e9 et de confiance. C&rsquo;est l\u00e0 que nous avons maintenu notre tradition et que nous avons constamment \u00e9largi notre offre afin de r\u00e9pondre aux exigences \u00e9lev\u00e9es de nos chers clients.<\/p>\n\n\n\n<h2 class=\"hidden\" style=\"text-align: center;\">Kunsthandel Puch M\u00fcnchen Galerie d&rsquo;ic\u00f4nes et de sculptures<\/h2><h3 class=\"hidden\" style=\"text-align: center;\">Kunsthandel Puch ic\u00f4nes et sculptures russes et grecques vendre et acheter \u00e0 Munich et D\u00fcsseldorf<\/h3><p class=\"hidden\" style=\"text-align: center;\">  50 ans de commerce d&rsquo;art Puch Votre sp\u00e9cialiste en ic\u00f4nes antiques pr\u00e9cieuses de Gr\u00e8ce et de Russie, ainsi qu&rsquo;en sculptures historiques de l&rsquo;\u00e9poque gothique et baroque. Bas\u00e9e \u00e0 Munich et dirig\u00e9e par Martin Puch, un expert renomm\u00e9 en ic\u00f4nes et sculptures anciennes, la galerie offre une expertise compl\u00e8te et des conseils de premier ordre. M. Puch est connu dans toute l&rsquo;Allemagne comme expert reconnu en ic\u00f4nes russes et grecques ainsi qu&rsquo;en sculptures gothiques et baroques. De nombreux mus\u00e9es nationaux et internationaux ont d\u00e9j\u00e0 acquis des \u0153uvres d&rsquo;art de valeur par l&rsquo;interm\u00e9diaire de la galerie Viktor Puch. Outre la vente, la galerie propose \u00e9galement l&rsquo;achat d&rsquo;ic\u00f4nes et de sculptures anciennes et paie des prix tr\u00e8s \u00e9lev\u00e9s pour des pi\u00e8ces en bon \u00e9tat. Les collectionneurs du monde entier font confiance \u00e0 notre expertise et \u00e0 nos conseils personnalis\u00e9s pour l&rsquo;achat d&rsquo;ic\u00f4nes et de sculptures rares. Notre pr\u00e9sence sur des salons importants dans des villes comme Munich, Cologne, D\u00fcsseldorf, Zurich et Lausanne souligne notre port\u00e9e internationale. Vous pouvez \u00e9galement acheter nos objets de collection exclusifs en ligne sur notre site web. Nous garantissons une livraison s\u00fbre et assur\u00e9e dans le monde entier via des prestataires de services fiables tels que UPS et FedEx.<\/p>\n\n<\/div>\n\n<div class=\"gb-container gb-container-1293ec69\">\n\n<figure class=\"wp-block-image size-large\"><img decoding=\"async\" src=\"http:\/\/kunsthandel-puch.de\/wp-content\/uploads\/2024\/08\/50-years.jpg\" alt=\"50 ans de commerce d'art Puch Muenchen\"\/><\/figure>\n\n<\/div>\n<\/div>\n<\/div><div class=\"gb-container gb-container-869302e2\">\n<div class=\"gb-container gb-container-54b21fd6\">\n<div class=\"gb-container gb-container-0fd5a688\">\n<div class=\"gb-grid-wrapper gb-grid-wrapper-43742681\">\n<div class=\"gb-grid-column gb-grid-column-656465c5\"><div class=\"gb-container gb-container-656465c5\">\n\n<figure class=\"gb-block-image gb-block-image-51bd132a\"><img decoding=\"async\" width=\"800\" height=\"1200\" class=\"gb-image gb-image-51bd132a\" src=\"https:\/\/kunsthandel-puch.de\/wp-content\/uploads\/2024\/08\/Bueste_venus_von_milo.jpg\" alt=\"Buste en marbre repr\u00e9sentant la V\u00e9nus de Milo, r\u00e9alis\u00e9 par Carl Voss.\" title=\"V\u00e9nus de Milo  \"><\/figure>\n\n<\/div><\/div>\n\n<div class=\"gb-grid-column gb-grid-column-395a4241\"><div class=\"gb-container gb-container-395a4241\">\n\n<figure class=\"gb-block-image gb-block-image-1db69185\"><img decoding=\"async\" width=\"683\" height=\"1024\" class=\"gb-image gb-image-1db69185\" src=\"https:\/\/kunsthandel-puch.de\/wp-content\/uploads\/2024\/08\/eule_wiener_bronze_bergmann-683x1024.jpg\" alt=\"50 Jahre Kunsthandel Puch Muenchen Grande chouette sur des livres en bronze, peinte avec des couleurs Vienne vers 1928\" title=\"50 ans de commerce d'art Puch Muenchen\" srcset=\"https:\/\/kunsthandel-puch.de\/wp-content\/uploads\/2024\/08\/eule_wiener_bronze_bergmann-683x1024.jpg 683w, https:\/\/kunsthandel-puch.de\/wp-content\/uploads\/2024\/08\/eule_wiener_bronze_bergmann-50x75.jpg 50w, https:\/\/kunsthandel-puch.de\/wp-content\/uploads\/2024\/08\/eule_wiener_bronze_bergmann-200x300.jpg 200w, https:\/\/kunsthandel-puch.de\/wp-content\/uploads\/2024\/08\/eule_wiener_bronze_bergmann-768x1152.jpg 768w, https:\/\/kunsthandel-puch.de\/wp-content\/uploads\/2024\/08\/eule_wiener_bronze_bergmann.jpg 800w\" sizes=\"(max-width: 683px) 100vw, 683px\" \/><\/figure>\n\n<\/div><\/div>\n\n<div class=\"gb-grid-column gb-grid-column-6c20eb2c\"><div class=\"gb-container gb-container-6c20eb2c\">\n\n<figure class=\"gb-block-image gb-block-image-2419a8f2\"><img decoding=\"async\" width=\"683\" height=\"1024\" class=\"gb-image gb-image-2419a8f2\" src=\"https:\/\/kunsthandel-puch.de\/wp-content\/uploads\/2024\/08\/gemaelde_jacob_de_backer-683x1024.jpg\" alt=\"50 Jahre Kunsthandel Puch Muenchen Tableau repr\u00e9sentant la belle Junon et le vieil homme Saturne\" title=\"50 ans de commerce d'art Puch Muenchen\" srcset=\"https:\/\/kunsthandel-puch.de\/wp-content\/uploads\/2024\/08\/gemaelde_jacob_de_backer-683x1024.jpg 683w, https:\/\/kunsthandel-puch.de\/wp-content\/uploads\/2024\/08\/gemaelde_jacob_de_backer-50x75.jpg 50w, https:\/\/kunsthandel-puch.de\/wp-content\/uploads\/2024\/08\/gemaelde_jacob_de_backer-200x300.jpg 200w, https:\/\/kunsthandel-puch.de\/wp-content\/uploads\/2024\/08\/gemaelde_jacob_de_backer-768x1152.jpg 768w, https:\/\/kunsthandel-puch.de\/wp-content\/uploads\/2024\/08\/gemaelde_jacob_de_backer.jpg 800w\" sizes=\"(max-width: 683px) 100vw, 683px\" \/><\/figure>\n\n<\/div><\/div>\n\n<div class=\"gb-grid-column gb-grid-column-80fa9384\"><div class=\"gb-container gb-container-80fa9384\">\n\n<figure class=\"gb-block-image gb-block-image-3ccce1ec\"><img decoding=\"async\" width=\"683\" height=\"1024\" class=\"gb-image gb-image-3ccce1ec\" src=\"https:\/\/kunsthandel-puch.de\/wp-content\/uploads\/2024\/08\/ikone_byzantinische_kreuzigung-683x1024.jpg\" alt=\"Puch Ic\u00f4ne Byzantine Crucifixion du Christ Cr\u00e8te\" title=\"Ic\u00f4ne Crucifixion du Christ\" srcset=\"https:\/\/kunsthandel-puch.de\/wp-content\/uploads\/2024\/08\/ikone_byzantinische_kreuzigung-683x1024.jpg 683w, https:\/\/kunsthandel-puch.de\/wp-content\/uploads\/2024\/08\/ikone_byzantinische_kreuzigung-50x75.jpg 50w, https:\/\/kunsthandel-puch.de\/wp-content\/uploads\/2024\/08\/ikone_byzantinische_kreuzigung-200x300.jpg 200w, https:\/\/kunsthandel-puch.de\/wp-content\/uploads\/2024\/08\/ikone_byzantinische_kreuzigung-768x1152.jpg 768w, https:\/\/kunsthandel-puch.de\/wp-content\/uploads\/2024\/08\/ikone_byzantinische_kreuzigung.jpg 800w\" sizes=\"(max-width: 683px) 100vw, 683px\" \/><\/figure>\n\n<\/div><\/div>\n<\/div>\n<\/div>\n\n<div class=\"gb-container gb-container-e8127e39\">\n\n<h3 class=\"gb-headline gb-headline-55be8d24 gb-headline-text\"><strong>Deuxi\u00e8me g\u00e9n\u00e9ration de tradition : un leadership passionn\u00e9 et expert<\/strong><\/h3>\n\n\n\n<p>En 1991, Viktor Puch a transmis la direction \u00e0 ses fils Martin et Michael Puch, qui repr\u00e9sentent la deuxi\u00e8me g\u00e9n\u00e9ration de l&rsquo;entreprise familiale et qui continuent \u00e0 la diriger avec le m\u00eame d\u00e9vouement et la m\u00eame expertise. Sous sa direction, la galerie s&rsquo;est forg\u00e9e une r\u00e9putation exceptionnelle dans les foires d&rsquo;art nationales et internationales et est devenue un point de rep\u00e8re incontournable pour les collectionneurs du monde entier.<\/p>\n\n\n\n<p>L&rsquo;ann\u00e9e 2027 marquera une \u00e9tape particuli\u00e8re dans notre histoire &#8211; le 50e anniversaire de la galerie Viktor Puch. C&rsquo;est avec fiert\u00e9 que nous jetons un regard sur un demi-si\u00e8cle de pr\u00e9servation, de m\u00e9diation et de transmission d&rsquo;\u0153uvres d&rsquo;art d&rsquo;une valeur inestimable aux g\u00e9n\u00e9rations futures. Dans le m\u00eame temps, nous sommes impatients de poursuivre notre tradition et d&rsquo;\u00eatre un lieu o\u00f9 l&rsquo;art et l&rsquo;histoire resteront vivants dans les d\u00e9cennies \u00e0 venir.<\/p>\n\n\n\n<p>Nous vous invitons \u00e0 nous rendre visite lors de nos expositions et salons ou \u00e0 nous <a href=\"https:\/\/kunsthandel-puch.de\/fr\/contact\/\">contacter<\/a> en ligne pour en savoir plus sur nos \u0153uvres d&rsquo;art uniques.<\/p>\n\n\n\n<h2 class=\"hidden\" style=\"text-align: center;\">Kunsthandel Puch M\u00fcnchen Galerie d&rsquo;ic\u00f4nes<\/h2><h3 class=\"hidden\" style=\"text-align: center;\">50 ans de commerce d&rsquo;art Puch vendre et acheter des ic\u00f4nes anciennes \u00e0 Munich et D\u00fcsseldorf<\/h3><p class=\"hidden\" style=\"text-align: center;\">La Galerie Viktor Puch est votre revendeur de tableaux anciens et d&rsquo;objets d&rsquo;artisanat pr\u00e9cieux \u00e0 Munich. Dirig\u00e9e par Martin Puch, un expert reconnu en peintures historiques et en artisanat d&rsquo;art raffin\u00e9, la galerie offre une expertise exceptionnelle dans toute l&rsquo;Allemagne. M. Puch de Kunsthandel Puch est largement reconnu comme expert en tableaux anciens et en artisanat d&rsquo;art de qualit\u00e9. De nombreux mus\u00e9es nationaux et internationaux comptent d\u00e9j\u00e0 parmi les clients de la galerie Viktor Puch et y ont acquis des \u0153uvres importantes et des objets d&rsquo;art pr\u00e9cieux. Outre la vente, la galerie ach\u00e8te \u00e9galement des tableaux anciens et de l&rsquo;artisanat d&rsquo;art, en proposant des prix maximums attractifs. Les collectionneurs du monde entier appr\u00e9cient nos conseils complets pour l&rsquo;acquisition de tableaux rares et d&rsquo;objets d&rsquo;artisanat de qualit\u00e9. Notre galerie est synonyme d&rsquo;excellence en mati\u00e8re de service et veille \u00e0 ce que chaque livraison, qu&rsquo;elle soit locale ou internationale, soit effectu\u00e9e en toute s\u00e9curit\u00e9 et assur\u00e9e par notre propre transporteur ou par des services postaux fiables.<\/p>\n\n\n\n<p><strong>Galerie Viktor Puch &#8211; Depuis 1977.\nLa tradition.\nLa confiance.\nL&rsquo;art.   <\/strong><\/p>\n\n<\/div>\n<\/div>\n<\/div><div class=\"gb-container gb-container-6c7352f8\">\n<div class=\"gb-container gb-container-7756b8c3\">\n\n<h2 class=\"gb-headline gb-headline-369428b8 gb-headline-text\">visitez notre showroom exclusif pr\u00e8s de Munich<\/h2>\n\n\n<div class=\"gb-container gb-container-ad8b363d\">\n\n<a class=\"gb-button gb-button-aaecad16 gb-button-text\" href=\"http:\/\/wa.me\/491708054040\">Envoyer un WhatsApp<\/a>\n\n\n\n<a class=\"gb-button gb-button-bd85d816 gb-button-text\" href=\"https:\/\/kunsthandel-puch.de\/fr\/contact\/\" target=\"_blank\" rel=\"noopener noreferrer\">\u00c9crivez un e-mail<\/a>\n\n<\/div>\n<\/div>\n<\/div>","protected":false},"excerpt":{"rendered":"<p>Une entreprise familiale depuis 50 ans 2027 &#8211; 50 ans de commerce d&rsquo;art Puch Depuis un demi-si\u00e8cle, le nom de Puch \u00e0 Munich est synonyme de la plus haute expertise dans le commerce d&rsquo;ic\u00f4nes anciennes russes et grecques ainsi que de sculptures, peintures et objets d&rsquo;artisanat pr\u00e9cieux des \u00e9poques gothique, renaissance et baroque. Fond\u00e9e en &#8230; <a title=\"Notre maison\" class=\"read-more\" href=\"https:\/\/kunsthandel-puch.de\/fr\/notre-maison\/\" aria-label=\"En savoir plus sur Notre maison\">Lire plus<\/a><\/p>\n","protected":false},"author":1,"featured_media":0,"parent":0,"menu_order":2,"comment_status":"closed","ping_status":"closed","template":"","meta":{"footnotes":""},"class_list":["post-2313","page","type-page","status-publish"],"_links":{"self":[{"href":"https:\/\/kunsthandel-puch.de\/fr\/wp-json\/wp\/v2\/pages\/2313","targetHints":{"allow":["GET"]}}],"collection":[{"href":"https:\/\/kunsthandel-puch.de\/fr\/wp-json\/wp\/v2\/pages"}],"about":[{"href":"https:\/\/kunsthandel-puch.de\/fr\/wp-json\/wp\/v2\/types\/page"}],"author":[{"embeddable":true,"href":"https:\/\/kunsthandel-puch.de\/fr\/wp-json\/wp\/v2\/users\/1"}],"replies":[{"embeddable":true,"href":"https:\/\/kunsthandel-puch.de\/fr\/wp-json\/wp\/v2\/comments?post=2313"}],"version-history":[{"count":2,"href":"https:\/\/kunsthandel-puch.de\/fr\/wp-json\/wp\/v2\/pages\/2313\/revisions"}],"predecessor-version":[{"id":3250,"href":"https:\/\/kunsthandel-puch.de\/fr\/wp-json\/wp\/v2\/pages\/2313\/revisions\/3250"}],"wp:attachment":[{"href":"https:\/\/kunsthandel-puch.de\/fr\/wp-json\/wp\/v2\/media?parent=2313"}],"curies":[{"name":"wp","href":"https:\/\/api.w.org\/{rel}","templated":true}]}}