{"id":2306,"date":"2024-08-09T20:33:21","date_gmt":"2024-08-09T18:33:21","guid":{"rendered":"https:\/\/kunsthandel-puch.de\/evenements\/"},"modified":"2024-09-30T09:33:50","modified_gmt":"2024-09-30T07:33:50","slug":"evenements","status":"publish","type":"page","link":"https:\/\/kunsthandel-puch.de\/fr\/evenements\/","title":{"rendered":"\u00c9v\u00e9nements"},"content":{"rendered":"<div class=\"gb-container gb-container-ec8ac61f\">\n<div class=\"gb-container gb-container-b18ed8df\">\n<div class=\"gb-container gb-container-b581b3c3\">\n\n<p class=\"gb-headline gb-headline-c5bea329 gb-headline-text\">Pr\u00e9sence sur les salons<\/p>\n\n\n\n<h2 class=\"gb-headline gb-headline-9836264b gb-headline-text\"><strong><strong><strong>Les objets sous les feux de la rampe internationale<\/strong><\/strong><\/strong><\/h2>\n\n\n\n<p>Depuis des d\u00e9cennies, la galerie Viktor Puch fait partie int\u00e9grante de la sc\u00e8ne internationale des foires d&rsquo;art et des \u00e9v\u00e9nements. Notre engagement \u00e0 rendre les \u0153uvres d&rsquo;art d&rsquo;une qualit\u00e9 exceptionnelle accessibles \u00e0 un large public se refl\u00e8te dans notre participation r\u00e9guli\u00e8re aux foires les plus prestigieuses.<\/p>\n\n\n\n<p>Chaque ann\u00e9e, nous pr\u00e9sentons notre collection raffin\u00e9e d&rsquo;<a href=\"https:\/\/kunsthandel-puch.de\/fr\/produkt-kategorie\/icones\/\">ic\u00f4nes<\/a> anciennes russes et grecques, de <a href=\"https:\/\/kunsthandel-puch.de\/fr\/produkt-kategorie\/sculptures\/\">sculptures, de <\/a><a href=\"\/?product_cat=gem%C3%A4lde\">peintures<\/a> et <a href=\"https:\/\/kunsthandel-puch.de\/fr\/produkt-kategorie\/artisanat-dart\/\">d&rsquo;artisanat <\/a>ancien de diff\u00e9rentes \u00e9poques lors de plusieurs \u00e9v\u00e9nements importants. Ces foires nous offrent non seulement la possibilit\u00e9 de pr\u00e9senter nos \u0153uvres d&rsquo;art dans un cadre exclusif, mais aussi d&rsquo;entrer en contact direct avec des collectionneurs, des experts et des amateurs d&rsquo;art.<\/p>\n\n<\/div>\n\n<div class=\"gb-container gb-container-1293ec69\">\n\n<figure class=\"wp-block-image size-large\"><img decoding=\"async\" src=\"https:\/\/kunsthandel-puch.de\/wp-content\/uploads\/2024\/08\/standbild_rot.jpg\" alt=\"EVENTS Galerie Puch\"\/><\/figure>\n\n<\/div>\n<\/div>\n<\/div><div class=\"gb-container gb-container-869302e2\">\n<div class=\"gb-container gb-container-54b21fd6\">\n<div class=\"gb-container gb-container-0fd5a688\">\n<div class=\"gb-grid-wrapper gb-grid-wrapper-43742681\">\n<div class=\"gb-grid-column gb-grid-column-656465c5\"><div class=\"gb-container gb-container-656465c5\">\n\n<figure class=\"gb-block-image gb-block-image-51bd132a\"><img decoding=\"async\" width=\"800\" height=\"600\" class=\"gb-image gb-image-51bd132a\" src=\"https:\/\/kunsthandel-puch.de\/wp-content\/uploads\/2024\/08\/events_madonna.jpg\" alt=\"Events Puch Vierge assise avec l'enfant J\u00e9sus Bois sculpt\u00e9 Sueddeutsch vers 1600.\" title=\"events_madonna\"><\/figure>\n\n<\/div><\/div>\n\n<div class=\"gb-grid-column gb-grid-column-395a4241\"><div class=\"gb-container gb-container-395a4241\">\n\n<figure class=\"gb-block-image gb-block-image-1db69185\"><img decoding=\"async\" width=\"800\" height=\"600\" class=\"gb-image gb-image-1db69185\" src=\"https:\/\/kunsthandel-puch.de\/wp-content\/uploads\/2024\/08\/events_kaestchen.jpg\" alt=\"Coffret finement ouvrag\u00e9 de la Renaissance en bois \u00e9bonis\u00e9 noir avec remplissages en alb\u00e2tre\" title=\"events_k\u00e4estchen\" srcset=\"https:\/\/kunsthandel-puch.de\/wp-content\/uploads\/2024\/08\/events_kaestchen.jpg 800w, https:\/\/kunsthandel-puch.de\/wp-content\/uploads\/2024\/08\/events_kaestchen-50x38.jpg 50w, https:\/\/kunsthandel-puch.de\/wp-content\/uploads\/2024\/08\/events_kaestchen-300x225.jpg 300w, https:\/\/kunsthandel-puch.de\/wp-content\/uploads\/2024\/08\/events_kaestchen-768x576.jpg 768w\" sizes=\"(max-width: 800px) 100vw, 800px\" \/><\/figure>\n\n<\/div><\/div>\n\n<div class=\"gb-grid-column gb-grid-column-6c20eb2c\"><div class=\"gb-container gb-container-6c20eb2c\">\n\n<figure class=\"gb-block-image gb-block-image-2419a8f2\"><img decoding=\"async\" width=\"800\" height=\"600\" class=\"gb-image gb-image-2419a8f2\" src=\"https:\/\/kunsthandel-puch.de\/wp-content\/uploads\/2024\/08\/events_engel.jpg\" alt=\"Deux anges debout avec des ailes tenant chacun un chandelier\" title=\"events_engel_guggenbichler\" srcset=\"https:\/\/kunsthandel-puch.de\/wp-content\/uploads\/2024\/08\/events_engel.jpg 800w, https:\/\/kunsthandel-puch.de\/wp-content\/uploads\/2024\/08\/events_engel-50x38.jpg 50w, https:\/\/kunsthandel-puch.de\/wp-content\/uploads\/2024\/08\/events_engel-300x225.jpg 300w, https:\/\/kunsthandel-puch.de\/wp-content\/uploads\/2024\/08\/events_engel-768x576.jpg 768w\" sizes=\"(max-width: 800px) 100vw, 800px\" \/><\/figure>\n\n<\/div><\/div>\n\n<div class=\"gb-grid-column gb-grid-column-80fa9384\"><div class=\"gb-container gb-container-80fa9384\">\n\n<figure class=\"gb-block-image gb-block-image-3ccce1ec\"><img decoding=\"async\" width=\"800\" height=\"600\" class=\"gb-image gb-image-3ccce1ec\" src=\"https:\/\/kunsthandel-puch.de\/wp-content\/uploads\/2024\/08\/events_pferd.jpg\" alt=\"\" title=\"events_pferd\" srcset=\"https:\/\/kunsthandel-puch.de\/wp-content\/uploads\/2024\/08\/events_pferd.jpg 800w, https:\/\/kunsthandel-puch.de\/wp-content\/uploads\/2024\/08\/events_pferd-50x38.jpg 50w, https:\/\/kunsthandel-puch.de\/wp-content\/uploads\/2024\/08\/events_pferd-300x225.jpg 300w, https:\/\/kunsthandel-puch.de\/wp-content\/uploads\/2024\/08\/events_pferd-768x576.jpg 768w\" sizes=\"(max-width: 800px) 100vw, 800px\" \/><\/figure>\n\n<\/div><\/div>\n<\/div>\n<\/div>\n\n<div class=\"gb-container gb-container-e8127e39\">\n\n<p class=\"gb-headline gb-headline-974f7b82 gb-headline-text\">Participation \u00e0 des salons<\/p>\n\n\n\n<h3 class=\"gb-headline gb-headline-55be8d24 gb-headline-text\"><strong><strong>O\u00f9 l&rsquo;art et l&rsquo;expertise se rencontrent<\/strong><\/strong><\/h3>\n\n\n\n<p>Parmi les foires et \u00e9v\u00e9nements auxquels nous participons traditionnellement, on peut citer <em>Kunst und Antiquit\u00e4ten M\u00fcnchen<\/em> et <em>Cologne Fine Art<\/em>. Nous participons \u00e9galement \u00e0 des foires internationales importantes dans des villes comme Paris, Zurich et D\u00fcsseldorf, o\u00f9 nous pr\u00e9sentons nos \u0153uvres d&rsquo;art \u00e0 un public mondial.<\/p>\n\n\n\n<p>Notre participation \u00e0 ces foires nous a permis de faire conna\u00eetre notre galerie dans le monde entier et de nous \u00e9tablir comme experts dans notre domaine.\nNous y avons non seulement fait circuler des \u0153uvres d&rsquo;art d&rsquo;une valeur inestimable, mais nous avons \u00e9galement nou\u00e9 de nombreux contacts importants et constitu\u00e9 des collections. <\/p>\n\n\n\n<p>Nous nous r\u00e9jouissons de vous accueillir lors d&rsquo;un prochain salon, o\u00f9 vous aurez l&rsquo;occasion de voir de pr\u00e8s nos pi\u00e8ces uniques et de vous laisser envo\u00fbter par leur histoire et leur beaut\u00e9.<\/p>\n\n\n\n<p><strong>Galerie Viktor Puch &#8211; Depuis 1977.\nLa tradition.\nLa confiance.\nL&rsquo;art.   <\/strong><\/p>\n\n<\/div>\n<\/div>\n<\/div><div class=\"gb-container gb-container-6c7352f8\">\n<div class=\"gb-container gb-container-7756b8c3\">\n\n<h2 class=\"gb-headline gb-headline-369428b8 gb-headline-text\">visitez notre showroom exclusif pr\u00e8s de Munich<\/h2>\n\n\n<div class=\"gb-container gb-container-ad8b363d\">\n\n<a class=\"gb-button gb-button-aaecad16 gb-button-text\" href=\"http:\/\/wa.me\/491708054040\">Envoyer un WhatsApp<\/a>\n\n\n\n<a class=\"gb-button gb-button-bd85d816 gb-button-text\" href=\"https:\/\/kunsthandel-puch.de\/fr\/contact\/\" target=\"_blank\" rel=\"noopener noreferrer\">\u00c9crivez un e-mail<\/a>\n\n<\/div>\n<\/div>\n<\/div>","protected":false},"excerpt":{"rendered":"<p>Pr\u00e9sence sur les salons Les objets sous les feux de la rampe internationale Depuis des d\u00e9cennies, la galerie Viktor Puch fait partie int\u00e9grante de la sc\u00e8ne internationale des foires d&rsquo;art et des \u00e9v\u00e9nements. Notre engagement \u00e0 rendre les \u0153uvres d&rsquo;art d&rsquo;une qualit\u00e9 exceptionnelle accessibles \u00e0 un large public se refl\u00e8te dans notre participation r\u00e9guli\u00e8re aux &#8230; <a title=\"\u00c9v\u00e9nements\" class=\"read-more\" href=\"https:\/\/kunsthandel-puch.de\/fr\/evenements\/\" aria-label=\"En savoir plus sur \u00c9v\u00e9nements\">Lire plus<\/a><\/p>\n","protected":false},"author":1,"featured_media":0,"parent":0,"menu_order":3,"comment_status":"closed","ping_status":"closed","template":"","meta":{"footnotes":""},"class_list":["post-2306","page","type-page","status-publish"],"_links":{"self":[{"href":"https:\/\/kunsthandel-puch.de\/fr\/wp-json\/wp\/v2\/pages\/2306","targetHints":{"allow":["GET"]}}],"collection":[{"href":"https:\/\/kunsthandel-puch.de\/fr\/wp-json\/wp\/v2\/pages"}],"about":[{"href":"https:\/\/kunsthandel-puch.de\/fr\/wp-json\/wp\/v2\/types\/page"}],"author":[{"embeddable":true,"href":"https:\/\/kunsthandel-puch.de\/fr\/wp-json\/wp\/v2\/users\/1"}],"replies":[{"embeddable":true,"href":"https:\/\/kunsthandel-puch.de\/fr\/wp-json\/wp\/v2\/comments?post=2306"}],"version-history":[{"count":2,"href":"https:\/\/kunsthandel-puch.de\/fr\/wp-json\/wp\/v2\/pages\/2306\/revisions"}],"predecessor-version":[{"id":3152,"href":"https:\/\/kunsthandel-puch.de\/fr\/wp-json\/wp\/v2\/pages\/2306\/revisions\/3152"}],"wp:attachment":[{"href":"https:\/\/kunsthandel-puch.de\/fr\/wp-json\/wp\/v2\/media?parent=2306"}],"curies":[{"name":"wp","href":"https:\/\/api.w.org\/{rel}","templated":true}]}}