{"id":2299,"date":"2024-08-10T08:26:44","date_gmt":"2024-08-10T06:26:44","guid":{"rendered":"https:\/\/kunsthandel-puch.de\/faq\/"},"modified":"2024-09-30T09:33:57","modified_gmt":"2024-09-30T07:33:57","slug":"faq","status":"publish","type":"page","link":"https:\/\/kunsthandel-puch.de\/fr\/faq\/","title":{"rendered":"FAQ"},"content":{"rendered":"<div class=\"gb-container gb-container-038e09e9\">\n<div class=\"gb-container gb-container-84da4919\">\n<div class=\"gb-container gb-container-c5149690\">\n\n<h2 class=\"gb-headline gb-headline-70539751 gb-headline-text\">Foire aux questions (FAQ)<\/h2>\n\n\n\n<div class=\"gb-headline gb-headline-cb4a180b gb-headline-text\">Bienvenue dans la foire aux questions (FAQ) de <strong>Kunsthandel Puch<\/strong>. Nous sommes heureux de vous fournir ici des informations compl\u00e8tes qui pourront vous aider \u00e0 r\u00e9pondre \u00e0 vos questions et \u00e0 vos pr\u00e9occupations concernant nos \u0153uvres d&rsquo;art et nos services. Que vous souhaitiez en savoir plus sur nos offres actuelles, que vous ayez besoin d&rsquo;aide pour <strong>acheter<\/strong> ou <strong>vendre<\/strong> vos objets d&rsquo;art ou que vous cherchiez des informations sur nos services sp\u00e9cifiques, vous trouverez ici les r\u00e9ponses aux questions les plus fr\u00e9quemment pos\u00e9es par nos clients. Si vous avez d&rsquo;autres questions, n&rsquo;h\u00e9sitez pas \u00e0 nous <a href=\"https:\/\/kunsthandel-puch.de\/fr\/contact\/\">contacter<\/a> directement. Nous sommes \u00e0 votre disposition pour vous aider !<\/div>\n\n<\/div>\n<\/div>\n\n<div class=\"gb-container gb-container-ac72b056\">\n<div class=\"gb-grid-wrapper gb-grid-wrapper-0ead7b68\">\n<div class=\"gb-grid-column gb-grid-column-4c9ad02a\"><div class=\"gb-container gb-container-4c9ad02a\">\n\n<h3 class=\"gb-headline gb-headline-76b36bda\"><span class=\"gb-icon\"><svg xmlns=\"http:\/\/www.w3.org\/2000\/svg\" aria-hidden=\"true\" role=\"img\" height=\"1em\" width=\"1em\" viewbox=\"0 0 512 512\"><path fill=\"currentColor\" d=\"M256 56c110.532 0 200 89.451 200 200 0 110.532-89.451 200-200 200-110.532 0-200-89.451-200-200 0-110.532 89.451-200 200-200m0-48C119.033 8 8 119.033 8 256s111.033 248 248 248 248-111.033 248-248S392.967 8 256 8zm0 168c-44.183 0-80 35.817-80 80s35.817 80 80 80 80-35.817 80-80-35.817-80-80-80z\"><\/path><\/svg><\/span><span class=\"gb-headline-text\">Qui est Kunsthandel Puch ?<\/span><\/h3>\n\n\n\n<div class=\"gb-headline gb-headline-e0b9d56f gb-headline-text\">Depuis pr\u00e8s de cinq d\u00e9cennies, Kunsthandel Puch est synonyme d&rsquo;expertise et de passion dans le domaine des \u0153uvres d&rsquo;art historiques. Fond\u00e9e en 1977 par Viktor Puch, un restaurateur et collectionneur passionn\u00e9, notre entreprise familiale s&rsquo;est sp\u00e9cialis\u00e9e dans le commerce d&rsquo;<a href=\"https:\/\/kunsthandel-puch.de\/fr\/produkt-kategorie\/icones\/\">ic\u00f4nes<\/a> russes et grecques.<a href=\"https:\/\/kunsthandel-puch.de\/fr\/produkt-kategorie\/icones\/\"> <\/a>ainsi que <a href=\"https:\/\/kunsthandel-puch.de\/fr\/produkt-kategorie\/sculptures\/\">des sculptures,<\/a> <a href=\"\/?product_cat=gem%C3%A4lde\">peintures<\/a> et <a href=\"https:\/\/kunsthandel-puch.de\/fr\/produkt-kategorie\/artisanat-dart\/\">objets d&rsquo;artisanat<\/a> pr\u00e9cieux des \u00e9poques gothique, renaissance et baroque.<\/div>\n\n<\/div><\/div>\n\n<div class=\"gb-grid-column gb-grid-column-3f55bc19\"><div class=\"gb-container gb-container-3f55bc19\">\n\n<h3 class=\"gb-headline gb-headline-8918691e\"><span class=\"gb-icon\"><svg xmlns=\"http:\/\/www.w3.org\/2000\/svg\" aria-hidden=\"true\" role=\"img\" height=\"1em\" width=\"1em\" viewbox=\"0 0 512 512\"><path fill=\"currentColor\" d=\"M256 56c110.532 0 200 89.451 200 200 0 110.532-89.451 200-200 200-110.532 0-200-89.451-200-200 0-110.532 89.451-200 200-200m0-48C119.033 8 8 119.033 8 256s111.033 248 248 248 248-111.033 248-248S392.967 8 256 8zm0 168c-44.183 0-80 35.817-80 80s35.817 80 80 80 80-35.817 80-80-35.817-80-80-80z\"><\/path><\/svg><\/span><span class=\"gb-headline-text\">Quelles \u0153uvres d&rsquo;art trouvez-vous dans votre portefeuille ?<\/span><\/h3>\n\n\n\n<div class=\"gb-headline gb-headline-bb9475f8 gb-headline-text\">Notre portefeuille comprend des <a href=\"https:\/\/kunsthandel-puch.de\/fr\/produkt-kategorie\/icones\/\">ic\u00f4nes<\/a> anciennes russes et grecques, ainsi que <a href=\"https:\/\/kunsthandel-puch.de\/fr\/produkt-kategorie\/sculptures\/\">des sculptures,<\/a> <a href=\"\/?product_cat=gem%C3%A4lde\">des peintures<\/a> et <a href=\"https:\/\/kunsthandel-puch.de\/fr\/produkt-kategorie\/artisanat-dart\/\">des objets d&rsquo;artisanat<\/a> des \u00e9poques gothique, renaissance et baroque. Nous vous proposons une s\u00e9lection rigoureuse d&rsquo;\u0153uvres d&rsquo;art qui sont \u00e0 la fois historiquement importantes et de grande qualit\u00e9 artistique.<\/div>\n\n<\/div><\/div>\n\n<div class=\"gb-grid-column gb-grid-column-9474d6cb\"><div class=\"gb-container gb-container-9474d6cb\">\n\n<h3 class=\"gb-headline gb-headline-eff93707\"><span class=\"gb-icon\"><svg xmlns=\"http:\/\/www.w3.org\/2000\/svg\" aria-hidden=\"true\" role=\"img\" height=\"1em\" width=\"1em\" viewbox=\"0 0 512 512\"><path fill=\"currentColor\" d=\"M256 56c110.532 0 200 89.451 200 200 0 110.532-89.451 200-200 200-110.532 0-200-89.451-200-200 0-110.532 89.451-200 200-200m0-48C119.033 8 8 119.033 8 256s111.033 248 248 248 248-111.033 248-248S392.967 8 256 8zm0 168c-44.183 0-80 35.817-80 80s35.817 80 80 80 80-35.817 80-80-35.817-80-80-80z\"><\/path><\/svg><\/span><span class=\"gb-headline-text\">Comment puis-je acheter une \u0153uvre d&rsquo;art chez vous ?<\/span><\/h3>\n\n\n\n<div class=\"gb-headline gb-headline-358809a6 gb-headline-text\">Pour acheter une \u0153uvre d&rsquo;art chez nous, vous avez plusieurs possibilit\u00e9s.\nVous pouvez voir nos \u0153uvres d&rsquo;art dans notre salle d&rsquo;exposition \u00e0 Munich apr\u00e8s avoir pris rendez-vous par t\u00e9l\u00e9phone.\nVous pouvez \u00e9galement nous contacter par t\u00e9l\u00e9phone ou par e-mail pour obtenir plus de d\u00e9tails et finaliser votre achat.  <\/div>\n\n<\/div><\/div>\n\n<div class=\"gb-grid-column gb-grid-column-c89ab08e\"><div class=\"gb-container gb-container-c89ab08e\">\n\n<h3 class=\"gb-headline gb-headline-b593ad4a\"><span class=\"gb-icon\"><svg xmlns=\"http:\/\/www.w3.org\/2000\/svg\" aria-hidden=\"true\" role=\"img\" height=\"1em\" width=\"1em\" viewbox=\"0 0 512 512\"><path fill=\"currentColor\" d=\"M256 56c110.532 0 200 89.451 200 200 0 110.532-89.451 200-200 200-110.532 0-200-89.451-200-200 0-110.532 89.451-200 200-200m0-48C119.033 8 8 119.033 8 256s111.033 248 248 248 248-111.033 248-248S392.967 8 256 8zm0 168c-44.183 0-80 35.817-80 80s35.817 80 80 80 80-35.817 80-80-35.817-80-80-80z\"><\/path><\/svg><\/span><span class=\"gb-headline-text\">Proposez-vous des services d&rsquo;\u00e9valuation d&rsquo;\u0153uvres d&rsquo;art ou de restauration ?<\/span><\/h3>\n\n\n\n<div class=\"gb-headline gb-headline-848b85e4 gb-headline-text\">Oui, nous proposons des services professionnels d&rsquo;\u00e9valuation d&rsquo;\u0153uvres d&rsquo;art et de restauration.\nNos experts sont \u00e0 votre disposition pour \u00e9valuer l&rsquo;authenticit\u00e9, l&rsquo;\u00e9tat et la valeur des \u0153uvres d&rsquo;art ou pour effectuer des travaux de restauration. <\/div>\n\n<\/div><\/div>\n\n<div class=\"gb-grid-column gb-grid-column-d2b06f6d\"><div class=\"gb-container gb-container-d2b06f6d\">\n\n<h3 class=\"gb-headline gb-headline-a366d025\"><span class=\"gb-icon\"><svg xmlns=\"http:\/\/www.w3.org\/2000\/svg\" aria-hidden=\"true\" role=\"img\" height=\"1em\" width=\"1em\" viewbox=\"0 0 512 512\"><path fill=\"currentColor\" d=\"M256 56c110.532 0 200 89.451 200 200 0 110.532-89.451 200-200 200-110.532 0-200-89.451-200-200 0-110.532 89.451-200 200-200m0-48C119.033 8 8 119.033 8 256s111.033 248 248 248 248-111.033 248-248S392.967 8 256 8zm0 168c-44.183 0-80 35.817-80 80s35.817 80 80 80 80-35.817 80-80-35.817-80-80-80z\"><\/path><\/svg><\/span><span class=\"gb-headline-text\">Comment puis-je vendre une \u0153uvre d&rsquo;art ou la faire ajouter \u00e0 votre collection ?<\/span><\/h3>\n\n\n\n<div class=\"gb-headline gb-headline-8e456853 gb-headline-text\">Si vous souhaitez vendre une \u0153uvre d&rsquo;art ou l&rsquo;ajouter \u00e0 notre collection, veuillez nous envoyer des informations d\u00e9taill\u00e9es sur l&rsquo;\u0153uvre, y compris des photos, l&rsquo;historique de sa provenance et le prix que vous souhaitez obtenir.\nNous examinerons votre demande et vous contacterons pour en discuter plus en d\u00e9tail. <\/div>\n\n<\/div><\/div>\n\n<div class=\"gb-grid-column gb-grid-column-690ca6c5\"><div class=\"gb-container gb-container-690ca6c5\">\n\n<h3 class=\"gb-headline gb-headline-f6a2a843\"><span class=\"gb-icon\"><svg xmlns=\"http:\/\/www.w3.org\/2000\/svg\" aria-hidden=\"true\" role=\"img\" height=\"1em\" width=\"1em\" viewbox=\"0 0 512 512\"><path fill=\"currentColor\" d=\"M256 56c110.532 0 200 89.451 200 200 0 110.532-89.451 200-200 200-110.532 0-200-89.451-200-200 0-110.532 89.451-200 200-200m0-48C119.033 8 8 119.033 8 256s111.033 248 248 248 248-111.033 248-248S392.967 8 256 8zm0 168c-44.183 0-80 35.817-80 80s35.817 80 80 80 80-35.817 80-80-35.817-80-80-80z\"><\/path><\/svg><\/span><span class=\"gb-headline-text\">Comment s&rsquo;effectue la livraison des \u0153uvres d&rsquo;art ?<\/span><\/h3>\n\n\n\n<div class=\"gb-headline gb-headline-89e24fef gb-headline-text\">Nous nous chargeons de l&rsquo;exp\u00e9dition et de la livraison de vos \u0153uvres d&rsquo;art en toute s\u00e9curit\u00e9.\nLes frais de transport et d&#8217;emballage varient en fonction de la taille, de la valeur de l&rsquo;\u0153uvre d&rsquo;art et du lieu de livraison.\nNous utilisons des services d&#8217;emballage et de transport sp\u00e9cialis\u00e9s pour nous assurer que votre \u0153uvre d&rsquo;art arrive \u00e0 destination en toute s\u00e9curit\u00e9 et sans dommage.  <\/div>\n\n<\/div><\/div>\n\n<div class=\"gb-grid-column gb-grid-column-cb297434\"><div class=\"gb-container gb-container-cb297434\">\n\n<h3 class=\"gb-headline gb-headline-691119ef\"><span class=\"gb-icon\"><svg xmlns=\"http:\/\/www.w3.org\/2000\/svg\" aria-hidden=\"true\" role=\"img\" height=\"1em\" width=\"1em\" viewbox=\"0 0 512 512\"><path fill=\"currentColor\" d=\"M256 56c110.532 0 200 89.451 200 200 0 110.532-89.451 200-200 200-110.532 0-200-89.451-200-200 0-110.532 89.451-200 200-200m0-48C119.033 8 8 119.033 8 256s111.033 248 248 248 248-111.033 248-248S392.967 8 256 8zm0 168c-44.183 0-80 35.817-80 80s35.817 80 80 80 80-35.817 80-80-35.817-80-80-80z\"><\/path><\/svg><\/span><span class=\"gb-headline-text\">Depuis combien de temps Kunsthandel Puch existe-t-il ?<\/span><\/h3>\n\n\n\n<div class=\"gb-headline gb-headline-3e4bed77 gb-headline-text\">Kunsthandel Puch a \u00e9t\u00e9 fond\u00e9 en 1977 par Viktor Puch et f\u00eatera son 50e anniversaire en 2027. Depuis pr\u00e8s de cinq d\u00e9cennies, nous sommes synonymes d&rsquo;expertise et de tradition dans le commerce d&rsquo;\u0153uvres d&rsquo;art de qualit\u00e9, <a href=\"https:\/\/kunsthandel-puch.de\/fr\/produkt-kategorie\/icones\/\">d&rsquo;ic\u00f4nes, de<\/a> <a href=\"https:\/\/kunsthandel-puch.de\/fr\/produkt-kategorie\/sculptures\/\">sculptures, de<\/a> <a href=\"\/?product_cat=gem%C3%A4lde\">peintures<\/a> et <a href=\"https:\/\/kunsthandel-puch.de\/fr\/produkt-kategorie\/artisanat-dart\/\">d&rsquo;artisanat<\/a>.<\/div>\n\n<\/div><\/div>\n\n<div class=\"gb-grid-column gb-grid-column-ab28e135\"><div class=\"gb-container gb-container-ab28e135\">\n\n<h3 class=\"gb-headline gb-headline-ff9e08c8\"><span class=\"gb-icon\"><svg xmlns=\"http:\/\/www.w3.org\/2000\/svg\" aria-hidden=\"true\" role=\"img\" height=\"1em\" width=\"1em\" viewbox=\"0 0 512 512\"><path fill=\"currentColor\" d=\"M256 56c110.532 0 200 89.451 200 200 0 110.532-89.451 200-200 200-110.532 0-200-89.451-200-200 0-110.532 89.451-200 200-200m0-48C119.033 8 8 119.033 8 256s111.033 248 248 248 248-111.033 248-248S392.967 8 256 8zm0 168c-44.183 0-80 35.817-80 80s35.817 80 80 80 80-35.817 80-80-35.817-80-80-80z\"><\/path><\/svg><\/span><span class=\"gb-headline-text\">Comment la galerie a-t-elle \u00e9volu\u00e9 au fil des ans ?<\/span><\/h3>\n\n\n\n<div class=\"gb-headline gb-headline-6ce40218 gb-headline-text\">La galerie a commenc\u00e9 dans la Neuturmstra\u00dfe et a d\u00e9m\u00e9nag\u00e9 en 1980 dans la Prannerstra\u00dfe \u00e0 Munich, o\u00f9 la galerie a \u00e9t\u00e9 install\u00e9e jusqu&rsquo;en 1995. Depuis 1991, la galerie est dirig\u00e9e par la deuxi\u00e8me g\u00e9n\u00e9ration de Martin et Michael Puch et s&rsquo;est forg\u00e9e une r\u00e9putation exceptionnelle dans les foires d&rsquo;art internationales.<\/div>\n\n<\/div><\/div>\n<\/div>\n<\/div>\n\n<div class=\"gb-container gb-container-1525f382\">\n<div class=\"gb-container gb-container-d5db8371\">\n\n<h2 class=\"gb-headline gb-headline-4afb0969 gb-headline-text\">Vous avez d&rsquo;autres questions ?<\/h2>\n\n\n\n<div class=\"gb-headline gb-headline-c5b0328d gb-headline-text\">Si vous avez besoin d&rsquo;informations suppl\u00e9mentaires ou si vous avez des questions sp\u00e9cifiques auxquelles vous n&rsquo;avez pas trouv\u00e9 de r\u00e9ponse ici, nous sommes \u00e0 votre disposition. <a href=\"https:\/\/kunsthandel-puch.de\/fr\/contact\/\">Contactez-nous<\/a> simplement par t\u00e9l\u00e9phone ou par e-mail. Notre \u00e9quipe d\u00e9di\u00e9e se fera un plaisir de vous aider et de r\u00e9pondre \u00e0 vos pr\u00e9occupations.<\/div>\n\n<\/div>\n<\/div>\n<\/div><div class=\"gb-container gb-container-6c7352f8\">\n<div class=\"gb-container gb-container-7756b8c3\">\n\n<h2 class=\"gb-headline gb-headline-369428b8 gb-headline-text\">visitez notre showroom exclusif pr\u00e8s de Munich<\/h2>\n\n\n<div class=\"gb-container gb-container-ad8b363d\">\n\n<a class=\"gb-button gb-button-aaecad16 gb-button-text\" href=\"http:\/\/wa.me\/491708054040\">Envoyer un WhatsApp<\/a>\n\n\n\n<a class=\"gb-button gb-button-bd85d816 gb-button-text\" href=\"https:\/\/kunsthandel-puch.de\/fr\/contact\/\" target=\"_blank\" rel=\"noopener noreferrer\">\u00c9crivez un e-mail<\/a>\n\n<\/div>\n<\/div>\n<\/div>","protected":false},"excerpt":{"rendered":"<p>Foire aux questions (FAQ) Bienvenue dans la foire aux questions (FAQ) de Kunsthandel Puch. Nous sommes heureux de vous fournir ici des informations compl\u00e8tes qui pourront vous aider \u00e0 r\u00e9pondre \u00e0 vos questions et \u00e0 vos pr\u00e9occupations concernant nos \u0153uvres d&rsquo;art et nos services. Que vous souhaitiez en savoir plus sur nos offres actuelles, que &#8230; <a title=\"FAQ\" class=\"read-more\" href=\"https:\/\/kunsthandel-puch.de\/fr\/faq\/\" aria-label=\"En savoir plus sur FAQ\">Lire plus<\/a><\/p>\n","protected":false},"author":1,"featured_media":0,"parent":0,"menu_order":4,"comment_status":"closed","ping_status":"closed","template":"","meta":{"footnotes":""},"class_list":["post-2299","page","type-page","status-publish"],"_links":{"self":[{"href":"https:\/\/kunsthandel-puch.de\/fr\/wp-json\/wp\/v2\/pages\/2299","targetHints":{"allow":["GET"]}}],"collection":[{"href":"https:\/\/kunsthandel-puch.de\/fr\/wp-json\/wp\/v2\/pages"}],"about":[{"href":"https:\/\/kunsthandel-puch.de\/fr\/wp-json\/wp\/v2\/types\/page"}],"author":[{"embeddable":true,"href":"https:\/\/kunsthandel-puch.de\/fr\/wp-json\/wp\/v2\/users\/1"}],"replies":[{"embeddable":true,"href":"https:\/\/kunsthandel-puch.de\/fr\/wp-json\/wp\/v2\/comments?post=2299"}],"version-history":[{"count":2,"href":"https:\/\/kunsthandel-puch.de\/fr\/wp-json\/wp\/v2\/pages\/2299\/revisions"}],"predecessor-version":[{"id":3153,"href":"https:\/\/kunsthandel-puch.de\/fr\/wp-json\/wp\/v2\/pages\/2299\/revisions\/3153"}],"wp:attachment":[{"href":"https:\/\/kunsthandel-puch.de\/fr\/wp-json\/wp\/v2\/media?parent=2299"}],"curies":[{"name":"wp","href":"https:\/\/api.w.org\/{rel}","templated":true}]}}