{"id":2290,"date":"2024-08-13T14:18:27","date_gmt":"2024-08-13T12:18:27","guid":{"rendered":"https:\/\/kunsthandel-puch.de\/objets-2\/"},"modified":"2024-10-13T14:33:06","modified_gmt":"2024-10-13T12:33:06","slug":"objets-2","status":"publish","type":"page","link":"https:\/\/kunsthandel-puch.de\/fr\/objets-2\/","title":{"rendered":"Objets"},"content":{"rendered":"<div class=\"gb-container gb-container-ec8ac61f\">\n<div class=\"gb-container gb-container-b581b3c3\">\n\n<p class=\"gb-headline gb-headline-c5bea329 gb-headline-text\"><strong>D\u00e9couvrez nos objets de choix<\/strong><\/p>\n\n\n\n<h2 class=\"gb-headline gb-headline-9836264b gb-headline-text\">Ic\u00f4nes, sculptures, peintures et artisanat d&rsquo;\u00e9poques pass\u00e9es<\/h2>\n\n\n\n<p>Dans notre section Objets, nous vous pr\u00e9sentons une s\u00e9lection exceptionnelle d&rsquo;\u0153uvres d&rsquo;art qui refl\u00e8tent la diversit\u00e9 et la richesse des \u00e9poques pass\u00e9es. Vous y trouverez d&rsquo;anciennes <a href=\"https:\/\/kunsthandel-puch.de\/fr\/produkt-kategorie\/icones\/\">ic\u00f4nes<\/a> russes et grecques qui racontent des histoires spirituelles, <a href=\"https:\/\/kunsthandel-puch.de\/fr\/produkt-kategorie\/sculptures\/\">des sculptures<\/a> et <a href=\"\/?product_cat=gem%C3%A4lde\">des peintures<\/a> gothiques, Renaissance et baroques magistralement travaill\u00e9es, ainsi que <a href=\"https:\/\/kunsthandel-puch.de\/fr\/produkt-kategorie\/artisanat-dart\/\">des objets d&rsquo;artisanat<\/a> qui allient perfection artisanale et importance culturelle.<\/p>\n\n\n\n<p>Chacun de ces objets a \u00e9t\u00e9 soigneusement s\u00e9lectionn\u00e9 et repr\u00e9sente le meilleur de chaque tradition artistique.\nNous vous invitons \u00e0 explorer les d\u00e9tails impressionnants et la profondeur historique de notre collection et \u00e0 vous laisser inspirer par la beaut\u00e9 de ces \u0153uvres. <\/p>\n\n\n\n<h2 class=\"hidden\" style=\"text-align: center;\">Kunsthandel Puch M\u00fcnchen Galerie d&rsquo;ic\u00f4nes et de sculptures<\/h2><h3 class=\"hidden\" style=\"text-align: center;\">Kunsthandel Puch &#8211; Vente et achat d&rsquo;ic\u00f4nes anciennes, de sculptures, de peintures et d&rsquo;objets d&rsquo;artisanat \u00e0 Munich.<\/h3><p class=\"hidden\" style=\"text-align: center;\">La Galerie Viktor Puch est votre revendeur d&rsquo;ic\u00f4nes anciennes, de sculptures, de peintures et d&rsquo;artisanat pr\u00e9cieux \u00e0 Munich. Dirig\u00e9e par Martin Puch, un expert reconnu en ic\u00f4nes russes et grecques ainsi qu&rsquo;en sculptures et peintures historiques, la galerie offre une expertise compl\u00e8te dans toute l&rsquo;Allemagne. M. Puch est largement reconnu comme expert en \u0153uvres d&rsquo;art anciennes et en ic\u00f4nes. De nombreux mus\u00e9es nationaux et internationaux comptent d\u00e9j\u00e0 parmi les clients de la galerie et y ont acquis de pr\u00e9cieuses \u0153uvres d&rsquo;art russes, grecques et autres \u0153uvres historiques.\n\nEn plus de la vente, la galerie ach\u00e8te \u00e9galement des ic\u00f4nes anciennes, des sculptures, des peintures et des objets d&rsquo;artisanat, en proposant des prix maximums attractifs. Les collectionneurs du monde entier appr\u00e9cient nos conseils avis\u00e9s pour l&rsquo;acquisition de ces \u0153uvres d&rsquo;art. La galerie participe r\u00e9guli\u00e8rement \u00e0 des foires dans des villes comme Munich, Cologne, D\u00fcsseldorf, Zurich et Lausanne. En outre, vous pouvez acheter nos \u0153uvres d&rsquo;art exclusives en toute s\u00e9curit\u00e9 sur notre site Internet. Nous garantissons une livraison assur\u00e9e dans le monde entier, soit par notre propre transporteur, soit par l&rsquo;interm\u00e9diaire de prestataires de services r\u00e9put\u00e9s comme UPS et FedEx.<\/p>\n\n<\/div>\n<\/div><div class=\"gb-container gb-container-cb3ed586\">\n<div class=\"gb-container gb-container-ed53fae5\">\n<div class=\"gb-container gb-container-70ee9259\">\n<div class=\"gb-container gb-container-0c472b07\"><div class=\"gb-inside-container\">\n\n<h3 class=\"gb-headline gb-headline-09f1465f\"><span class=\"gb-icon\"><svg xmlns=\"http:\/\/www.w3.org\/2000\/svg\" aria-hidden=\"true\" role=\"img\" height=\"1em\" width=\"1em\" viewbox=\"0 0 448 512\"><path fill=\"currentColor\" d=\"M448 360V24c0-13.3-10.7-24-24-24H96C43 0 0 43 0 96v320c0 53 43 96 96 96h328c13.3 0 24-10.7 24-24v-16c0-7.5-3.5-14.3-8.9-18.7-4.2-15.4-4.2-59.3 0-74.7 5.4-4.3 8.9-11.1 8.9-18.6zM128 134c0-3.3 2.7-6 6-6h212c3.3 0 6 2.7 6 6v20c0 3.3-2.7 6-6 6H134c-3.3 0-6-2.7-6-6v-20zm0 64c0-3.3 2.7-6 6-6h212c3.3 0 6 2.7 6 6v20c0 3.3-2.7 6-6 6H134c-3.3 0-6-2.7-6-6v-20zm253.4 250H96c-17.7 0-32-14.3-32-32 0-17.6 14.4-32 32-32h285.4c-1.9 17.1-1.9 46.9 0 64z\"><\/path><\/svg><\/span><span class=\"gb-headline-text\"><a href=\"https:\/\/kunsthandel-puch.de\/fr\/produkt-kategorie\/icones\/\">Ic\u00f4nes<\/a><\/span><\/h3>\n\n\n\n<figure class=\"wp-block-image size-large is-resized\"><a href=\"https:\/\/kunsthandel-puch.de\/fr\/produkt-kategorie\/icones\/\"><img decoding=\"async\" src=\"http:\/\/kunsthandel-puch.de\/wp-content\/uploads\/2024\/08\/ikone_befreiung_petrus_engel.jpg\" alt=\"Objets Grande ic&#xF4;ne repr&#xE9;sentant la lib&#xE9;ration de saint Pierre de la prison\" style=\"width:300px\"\/><\/a><\/figure>\n\n\n\n<a class=\"gb-button gb-button-d158277d gb-button-text\" href=\"https:\/\/kunsthandel-puch.de\/fr\/produkt-kategorie\/icones\/\">ic\u00f4nes<\/a>\n\n<\/div><\/div>\n\n<div class=\"gb-container gb-container-d5d94157\"><div class=\"gb-inside-container\">\n\n<h3 class=\"gb-headline gb-headline-8a91aede\"><span class=\"gb-icon\"><svg xmlns=\"http:\/\/www.w3.org\/2000\/svg\" aria-hidden=\"true\" role=\"img\" height=\"1em\" width=\"1em\" viewbox=\"0 0 496 512\"><path fill=\"currentColor\" d=\"M248 8C111 8 0 119 0 256s111 248 248 248 248-111 248-248S385 8 248 8zm0 96c48.6 0 88 39.4 88 88s-39.4 88-88 88-88-39.4-88-88 39.4-88 88-88zm0 344c-58.7 0-111.3-26.6-146.5-68.2 18.8-35.4 55.6-59.8 98.5-59.8 2.4 0 4.8.4 7.1 1.1 13 4.2 26.6 6.9 40.9 6.9 14.3 0 28-2.7 40.9-6.9 2.3-.7 4.7-1.1 7.1-1.1 42.9 0 79.7 24.4 98.5 59.8C359.3 421.4 306.7 448 248 448z\"><\/path><\/svg><\/span><span class=\"gb-headline-text\"><a href=\"https:\/\/kunsthandel-puch.de\/fr\/produkt-kategorie\/sculptures\/\">Sculptures<\/a><\/span><\/h3>\n\n\n\n<figure class=\"wp-block-image size-large is-resized\"><a href=\"https:\/\/kunsthandel-puch.de\/fr\/produkt-kategorie\/sculptures\/\" target=\"_blank\" rel=\"noreferrer noopener\"><img decoding=\"async\" src=\"http:\/\/kunsthandel-puch.de\/wp-content\/uploads\/2024\/08\/skulptur_heilige_anna_selbdritt.jpg\" alt=\"Objets Sculpture de Sainte-Anne-Selbdritt Gothique Tilleul sculpt&#xE9;\" style=\"width:300px\"\/><\/a><\/figure>\n\n\n\n<a class=\"gb-button gb-button-86b0c92a gb-button-text\" href=\"https:\/\/kunsthandel-puch.de\/fr\/produkt-kategorie\/sculptures\/\">Sculptures<\/a>\n\n<\/div><\/div>\n<\/div>\n\n<div class=\"gb-container gb-container-23991a8a\">\n<div class=\"gb-container gb-container-0b2c17d2\"><div class=\"gb-inside-container\">\n\n<h3 class=\"gb-headline gb-headline-b8a11b16\"><span class=\"gb-icon\"><svg xmlns=\"http:\/\/www.w3.org\/2000\/svg\" aria-hidden=\"true\" role=\"img\" height=\"1em\" width=\"1em\" viewbox=\"0 0 448 512\"><path fill=\"currentColor\" d=\"M16 132h416c8.837 0 16-7.163 16-16V76c0-8.837-7.163-16-16-16H16C7.163 60 0 67.163 0 76v40c0 8.837 7.163 16 16 16zm0 160h416c8.837 0 16-7.163 16-16v-40c0-8.837-7.163-16-16-16H16c-8.837 0-16 7.163-16 16v40c0 8.837 7.163 16 16 16zm0 160h416c8.837 0 16-7.163 16-16v-40c0-8.837-7.163-16-16-16H16c-8.837 0-16 7.163-16 16v40c0 8.837 7.163 16 16 16z\"><\/path><\/svg><\/span><span class=\"gb-headline-text\"><a href=\"https:\/\/kunsthandel-puch.de\/fr\/produkt-kategorie\/artisanat-dart\/\">Artisanat d&rsquo;art<\/a><\/span><\/h3>\n\n\n\n<figure class=\"wp-block-image size-large is-resized\"><a href=\"https:\/\/kunsthandel-puch.de\/fr\/produkt-kategorie\/artisanat-dart\/\" target=\"_blank\" rel=\"noreferrer noopener\"><img decoding=\"async\" src=\"http:\/\/kunsthandel-puch.de\/wp-content\/uploads\/2024\/08\/Skulptur-Roentgen-Felderhoff.jpg\" alt=\"Buste de Conrad Roentgen homme m&#xFB;r\" style=\"width:300px\"\/><\/a><\/figure>\n\n\n\n<a class=\"gb-button gb-button-12c1b1cf gb-button-text\" href=\"https:\/\/kunsthandel-puch.de\/fr\/produkt-kategorie\/artisanat-dart\/\">artisanat d&rsquo;art<\/a>\n\n<\/div><\/div>\n\n<div class=\"gb-container gb-container-3f22de06\"><div class=\"gb-inside-container\">\n\n<h3 class=\"gb-headline gb-headline-08414e66\"><span class=\"gb-icon\"><svg xmlns=\"http:\/\/www.w3.org\/2000\/svg\" aria-hidden=\"true\" role=\"img\" height=\"1em\" width=\"1em\" viewbox=\"0 0 448 512\"><path fill=\"currentColor\" d=\"M240.971 130.524l194.343 194.343c9.373 9.373 9.373 24.569 0 33.941l-22.667 22.667c-9.357 9.357-24.522 9.375-33.901.04L224 227.495 69.255 381.516c-9.379 9.335-24.544 9.317-33.901-.04l-22.667-22.667c-9.373-9.373-9.373-24.569 0-33.941L207.03 130.525c9.372-9.373 24.568-9.373 33.941-.001z\"><\/path><\/svg><\/span><span class=\"gb-headline-text\"><a href=\"https:\/\/kunsthandel-puch.de\/fr\/produkt-kategorie\/peintures\/\">Peintures<\/a><\/span><\/h3>\n\n\n\n<figure class=\"wp-block-image size-full is-resized\"><img decoding=\"async\" width=\"1200\" height=\"1600\" src=\"https:\/\/kunsthandel-puch.de\/wp-content\/uploads\/2024\/09\/Juno_Saturn_1.0.jpg\" alt=\"Junon nue est repr&#xE9;sent&#xE9;e debout, avec Saturne &#xE0; sa gauche.\" class=\"wp-image-2638\" style=\"width:300px\"\/><\/figure>\n\n\n\n<a class=\"gb-button gb-button-19c9de7c gb-button-text\" href=\"https:\/\/kunsthandel-puch.de\/fr\/produkt-kategorie\/peintures\/\">Peintures<\/a>\n\n<\/div><\/div>\n<\/div>\n<\/div>\n<\/div><div class=\"gb-container gb-container-6c7352f8\">\n<div class=\"gb-container gb-container-7756b8c3\">\n\n<h2 class=\"gb-headline gb-headline-369428b8 gb-headline-text\">visitez notre showroom exclusif pr\u00e8s de Munich<\/h2>\n\n\n<div class=\"gb-container gb-container-ad8b363d\">\n\n<a class=\"gb-button gb-button-aaecad16 gb-button-text\" href=\"http:\/\/wa.me\/491708054040\">Envoyer un WhatsApp<\/a>\n\n\n\n<a class=\"gb-button gb-button-bd85d816 gb-button-text\" href=\"https:\/\/kunsthandel-puch.de\/fr\/contact\/\" target=\"_blank\" rel=\"noopener noreferrer\">\u00c9crivez un e-mail<\/a>\n\n<\/div>\n<\/div>\n<\/div>\n<p><\/p>\n","protected":false},"excerpt":{"rendered":"<p>D\u00e9couvrez nos objets de choix Ic\u00f4nes, sculptures, peintures et artisanat d&rsquo;\u00e9poques pass\u00e9es Dans notre section Objets, nous vous pr\u00e9sentons une s\u00e9lection exceptionnelle d&rsquo;\u0153uvres d&rsquo;art qui refl\u00e8tent la diversit\u00e9 et la richesse des \u00e9poques pass\u00e9es. Vous y trouverez d&rsquo;anciennes ic\u00f4nes russes et grecques qui racontent des histoires spirituelles, des sculptures et des peintures gothiques, Renaissance et &#8230; <a title=\"Objets\" class=\"read-more\" href=\"https:\/\/kunsthandel-puch.de\/fr\/objets-2\/\" aria-label=\"En savoir plus sur Objets\">Lire plus<\/a><\/p>\n","protected":false},"author":1,"featured_media":0,"parent":0,"menu_order":1,"comment_status":"closed","ping_status":"closed","template":"","meta":{"footnotes":""},"class_list":["post-2290","page","type-page","status-publish"],"_links":{"self":[{"href":"https:\/\/kunsthandel-puch.de\/fr\/wp-json\/wp\/v2\/pages\/2290","targetHints":{"allow":["GET"]}}],"collection":[{"href":"https:\/\/kunsthandel-puch.de\/fr\/wp-json\/wp\/v2\/pages"}],"about":[{"href":"https:\/\/kunsthandel-puch.de\/fr\/wp-json\/wp\/v2\/types\/page"}],"author":[{"embeddable":true,"href":"https:\/\/kunsthandel-puch.de\/fr\/wp-json\/wp\/v2\/users\/1"}],"replies":[{"embeddable":true,"href":"https:\/\/kunsthandel-puch.de\/fr\/wp-json\/wp\/v2\/comments?post=2290"}],"version-history":[{"count":2,"href":"https:\/\/kunsthandel-puch.de\/fr\/wp-json\/wp\/v2\/pages\/2290\/revisions"}],"predecessor-version":[{"id":3227,"href":"https:\/\/kunsthandel-puch.de\/fr\/wp-json\/wp\/v2\/pages\/2290\/revisions\/3227"}],"wp:attachment":[{"href":"https:\/\/kunsthandel-puch.de\/fr\/wp-json\/wp\/v2\/media?parent=2290"}],"curies":[{"name":"wp","href":"https:\/\/api.w.org\/{rel}","templated":true}]}}