{"id":2264,"date":"2024-08-05T20:56:00","date_gmt":"2024-08-05T18:56:00","guid":{"rendered":"https:\/\/kunsthandel-puch.de\/exemple-de-page\/"},"modified":"2024-08-22T08:50:19","modified_gmt":"2024-08-22T06:50:19","slug":"exemple-de-page","status":"publish","type":"page","link":"https:\/\/kunsthandel-puch.de\/fr\/exemple-de-page\/","title":{"rendered":"Exemple de page"},"content":{"rendered":"\n<p>Il s&rsquo;agit d&rsquo;une page d&rsquo;exemple. Elle diff\u00e8re des messages car elle reste toujours au m\u00eame endroit et s&rsquo;affiche (dans la plupart des th\u00e8mes) dans la navigation du site. La plupart commencent par les mentions l\u00e9gales, la politique de confidentialit\u00e9 ou une page \u00ab\u00a0A propos de nous\u00a0\u00bb pour se pr\u00e9senter aux visiteurs potentiels du site. On pourrait y lire par exemple<\/p>\n\n<blockquote class=\"wp-block-quote is-layout-flow wp-block-quote-is-layout-flow\"><p>Bonjour ! Le jour, je travaille comme coursier \u00e0 v\u00e9lo, la nuit, je suis un acteur en herbe et voici mon site web. Je vis \u00e0 Berlin, j&rsquo;ai un gros chien qui s&rsquo;appelle Jack, j&rsquo;aime les pi\u00f1a coladas, mais moins \u00eatre laiss\u00e9e sous la pluie (sans parapluie).<\/p><\/blockquote>\n\n<p>&#8230; ou quelque chose comme<\/p>\n\n<blockquote class=\"wp-block-quote is-layout-flow wp-block-quote-is-layout-flow\"><p>La soci\u00e9t\u00e9 XYZ a \u00e9t\u00e9 fond\u00e9e en 1971 et fournit depuis lors au public des produits de haute qualit\u00e9. Situ\u00e9e dans une petite ville, l&rsquo;entreprise emploie plus de 2 000 personnes et aide les citadins de plusieurs fa\u00e7ons.<\/p><\/blockquote>\n\n<p>En tant que nouvel utilisateur de WordPress, vous devez acc\u00e9der \u00e0 <a href=\"https:\/\/kunsthandel-puch.de\/wp-admin\/\">votre tableau de bord<\/a> pour supprimer cette page et cr\u00e9er de nouvelles pages et de nouveaux articles pour votre site. Amusez-vous bien !<\/p>\n","protected":false},"excerpt":{"rendered":"<p>Il s&rsquo;agit d&rsquo;une page d&rsquo;exemple. Elle diff\u00e8re des messages car elle reste toujours au m\u00eame endroit et s&rsquo;affiche (dans la plupart des th\u00e8mes) dans la navigation du site. La plupart commencent par les mentions l\u00e9gales, la politique de confidentialit\u00e9 ou une page \u00ab\u00a0A propos de nous\u00a0\u00bb pour se pr\u00e9senter aux visiteurs potentiels du site. On &#8230; <a title=\"Exemple de page\" class=\"read-more\" href=\"https:\/\/kunsthandel-puch.de\/fr\/exemple-de-page\/\" aria-label=\"En savoir plus sur Exemple de page\">Lire plus<\/a><\/p>\n","protected":false},"author":1,"featured_media":0,"parent":0,"menu_order":20,"comment_status":"closed","ping_status":"closed","template":"","meta":{"footnotes":""},"class_list":["post-2264","page","type-page","status-publish"],"_links":{"self":[{"href":"https:\/\/kunsthandel-puch.de\/fr\/wp-json\/wp\/v2\/pages\/2264","targetHints":{"allow":["GET"]}}],"collection":[{"href":"https:\/\/kunsthandel-puch.de\/fr\/wp-json\/wp\/v2\/pages"}],"about":[{"href":"https:\/\/kunsthandel-puch.de\/fr\/wp-json\/wp\/v2\/types\/page"}],"author":[{"embeddable":true,"href":"https:\/\/kunsthandel-puch.de\/fr\/wp-json\/wp\/v2\/users\/1"}],"replies":[{"embeddable":true,"href":"https:\/\/kunsthandel-puch.de\/fr\/wp-json\/wp\/v2\/comments?post=2264"}],"version-history":[{"count":1,"href":"https:\/\/kunsthandel-puch.de\/fr\/wp-json\/wp\/v2\/pages\/2264\/revisions"}],"predecessor-version":[{"id":2265,"href":"https:\/\/kunsthandel-puch.de\/fr\/wp-json\/wp\/v2\/pages\/2264\/revisions\/2265"}],"wp:attachment":[{"href":"https:\/\/kunsthandel-puch.de\/fr\/wp-json\/wp\/v2\/media?parent=2264"}],"curies":[{"name":"wp","href":"https:\/\/api.w.org\/{rel}","templated":true}]}}