{"id":2260,"date":"2020-02-13T14:18:56","date_gmt":"2020-02-13T13:18:56","guid":{"rendered":"https:\/\/kunsthandel-puch.de\/guide-de-style\/"},"modified":"2024-08-22T08:50:19","modified_gmt":"2024-08-22T06:50:19","slug":"guide-de-style","status":"publish","type":"page","link":"https:\/\/kunsthandel-puch.de\/fr\/guide-de-style\/","title":{"rendered":"Guide de style"},"content":{"rendered":"<div class=\"gb-container gb-container-25763d16\">\n<div class=\"gb-container gb-container-7e692b7e\">\n\n<p class=\"gb-headline gb-headline-ad69d720 gb-headline-text\">Headlines \/\/ Oswald<\/p>\n\n\n\n<h1 class=\"gb-headline gb-headline-63cf29da gb-headline-text\">H1 Java est un site GeneratePress con\u00e7u pour les caf\u00e9s, restaurants et caf\u00e9t\u00e9rias.<\/h1>\n\n\n\n<h2 class=\"gb-headline gb-headline-89954558 gb-headline-text\">H2 Java est un site GeneratePress con\u00e7u pour les caf\u00e9s, restaurants et caf\u00e9t\u00e9rias.<\/h2>\n\n\n\n<h3 class=\"gb-headline gb-headline-c868cdb6 gb-headline-text\">H3 Java est un site GeneratePress con\u00e7u pour les caf\u00e9s, restaurants et caf\u00e9t\u00e9rias.<\/h3>\n\n\n\n<h4 class=\"gb-headline gb-headline-73119a97 gb-headline-text\">H4 Java est un site GeneratePress con\u00e7u pour les caf\u00e9s, restaurants et caf\u00e9t\u00e9rias.<\/h4>\n\n\n\n<p class=\"gb-headline gb-headline-af73e6d8 gb-headline-text\">Body Text \/\/ Source Sans Pro<\/p>\n\n\n\n<p>Mollis pretium lorem primis senectus habitasse lectus scelerisque donec, ultricies tortor suspendisse adipiscing fusce morbi volutpat pellentesque, consectetur mi risus molestie curae malesuada cum. Dignissim lacus convallis massa mauris enim ad mattis magnis senectus montes, mollis taciti phasellus accumsan bibendum semper blandit suspendisse faucibus nibh est, metus lobortis morbi cras magna vivamus per risus fermentum. Dapibus imperdiet praesent magnis ridiculus congue gravida curabitur dictum sagittis, enim et magna sit inceptos sodales parturient pharetra mollis, aenean vel nostra.<\/p>\n\n\n\n<p>Vivamus integer non suscipit taciti mus etiam at primis tempor sagittis sit, euismod libero facilisi aptent elementum felis blandit cursus gravida sociis erat ante, eleifend lectus nullam dapibus netus feugiat curae curabitur est ad. Massa curae fringilla consectetur porttitor quam sollicitudin iaculis aptent leo ligula euismod dictumst, orci penatibus mauris eros etiam praesent erat volutpat posuere.<\/p>\n\n\n\n<p class=\"gb-headline gb-headline-fd1ea99e gb-headline-text\">Colors<\/p>\n\n\n\n<span class=\"gb-button gb-button-c79b8a22 gb-button-text\"><\/span>\n\n\n\n<span class=\"gb-button gb-button-808a5137 gb-button-text\"><\/span>\n\n\n\n<span class=\"gb-button gb-button-04fd8675 gb-button-text\"><\/span>\n\n\n\n<span class=\"gb-button gb-button-c8f70536 gb-button-text\"><\/span>\n\n\n\n<span class=\"gb-button gb-button-988269dd gb-button-text\"><\/span>\n\n\n\n<span class=\"gb-button gb-button-27d4bac1 gb-button-text\"><\/span>\n\n\n\n<p class=\"gb-headline gb-headline-eedede57 gb-headline-text\">Boutons<\/p>\n\n\n\n<a class=\"gb-button gb-button-22d4cfea gb-button-text\" href=\"https:\/\/gpsites.co\/java\/menu\/\">Bouton Ghost<\/a>\n\n\n\n<a class=\"gb-button gb-button-ac1d1c74 gb-button-text\" href=\"https:\/\/gpsites.co\/java\/menu\/\">Bouton Underline<\/a>\n\n<\/div>\n<\/div>","protected":false},"excerpt":{"rendered":"<p>Headlines \/\/ Oswald H1 Java est un site GeneratePress con\u00e7u pour les caf\u00e9s, restaurants et caf\u00e9t\u00e9rias. H2 Java est un site GeneratePress con\u00e7u pour les caf\u00e9s, restaurants et caf\u00e9t\u00e9rias. H3 Java est un site GeneratePress con\u00e7u pour les caf\u00e9s, restaurants et caf\u00e9t\u00e9rias. H4 Java est un site GeneratePress con\u00e7u pour les caf\u00e9s, restaurants et caf\u00e9t\u00e9rias. &#8230; <a title=\"Guide de style\" class=\"read-more\" href=\"https:\/\/kunsthandel-puch.de\/fr\/guide-de-style\/\" aria-label=\"En savoir plus sur Guide de style\">Lire plus<\/a><\/p>\n","protected":false},"author":1,"featured_media":0,"parent":0,"menu_order":20,"comment_status":"closed","ping_status":"closed","template":"","meta":{"footnotes":""},"class_list":["post-2260","page","type-page","status-publish"],"_links":{"self":[{"href":"https:\/\/kunsthandel-puch.de\/fr\/wp-json\/wp\/v2\/pages\/2260","targetHints":{"allow":["GET"]}}],"collection":[{"href":"https:\/\/kunsthandel-puch.de\/fr\/wp-json\/wp\/v2\/pages"}],"about":[{"href":"https:\/\/kunsthandel-puch.de\/fr\/wp-json\/wp\/v2\/types\/page"}],"author":[{"embeddable":true,"href":"https:\/\/kunsthandel-puch.de\/fr\/wp-json\/wp\/v2\/users\/1"}],"replies":[{"embeddable":true,"href":"https:\/\/kunsthandel-puch.de\/fr\/wp-json\/wp\/v2\/comments?post=2260"}],"version-history":[{"count":1,"href":"https:\/\/kunsthandel-puch.de\/fr\/wp-json\/wp\/v2\/pages\/2260\/revisions"}],"predecessor-version":[{"id":2261,"href":"https:\/\/kunsthandel-puch.de\/fr\/wp-json\/wp\/v2\/pages\/2260\/revisions\/2261"}],"wp:attachment":[{"href":"https:\/\/kunsthandel-puch.de\/fr\/wp-json\/wp\/v2\/media?parent=2260"}],"curies":[{"name":"wp","href":"https:\/\/api.w.org\/{rel}","templated":true}]}}