{"id":2256,"date":"2020-02-29T10:26:32","date_gmt":"2020-02-29T09:26:32","guid":{"rendered":"https:\/\/kunsthandel-puch.de\/contact\/"},"modified":"2024-10-13T16:09:18","modified_gmt":"2024-10-13T14:09:18","slug":"contact","status":"publish","type":"page","link":"https:\/\/kunsthandel-puch.de\/fr\/contact\/","title":{"rendered":"Contact"},"content":{"rendered":"<div class=\"gb-container gb-container-fe8ad41d\">\n<div class=\"gb-container gb-container-1a84d995\">\n<div class=\"gb-container gb-container-27d2f668\"><div class=\"gb-inside-container\">\n\n<p class=\"gb-headline gb-headline-0b03df88 gb-headline-text\">Bonjour<\/p>\n\n\n\n<h2 class=\"gb-headline gb-headline-3ad8c6d0 gb-headline-text\">Veuillez nous contacter si vous avez <a href=\"https:\/\/kunsthandel-puch.de\/fr\/faq\/\">des questions<\/a> <\/h2>\n\n\n\n<h4 class=\"gb-headline gb-headline-9b7832ce gb-headline-text\">Adresse<\/h4>\n\n\n\n<p>Martin Viktor Puch<br\/>Chemin du ruisseau 16<br\/>82041 Oberhaching<\/p>\n\n\n\n<h2 class=\"hidden\" style=\"text-align: center;\">Contact Kunsthandel Puch M\u00fcnchen Galerie d&rsquo;ic\u00f4nes et de sculptures Bachweg 16 Oberhaching bei M\u00fcnchen<\/h2><h3 class=\"hidden\" style=\"text-align: center;\">Contact Kunsthandel Puch ic\u00f4nes et sculptures russes et grecques vendre et acheter commerce sp\u00e9cialis\u00e9 \u00e0 Munich<\/h3><p class=\"hidden\" style=\"text-align: center;\">  Contact pour la galerie Viktor Puch est votre principal revendeur \u00e0 Munich de sculptures anciennes, de peintures, d&rsquo;artisanat pr\u00e9cieux et d&rsquo;ic\u00f4nes russes et grecques rares. Sous la direction de Martin Puch, un expert renomm\u00e9 avec une longue exp\u00e9rience, la galerie offre une expertise exceptionnelle dans toute l&rsquo;Allemagne et \u00e0 l&rsquo;international. M. Puch est un expert certifi\u00e9 en \u0153uvres d&rsquo;art anciennes et en ic\u00f4nes et jouit d&rsquo;une grande r\u00e9putation tant aupr\u00e8s des collectionneurs que des mus\u00e9es. De nombreux mus\u00e9es nationaux et internationaux ont d\u00e9j\u00e0 acquis d&rsquo;importantes ic\u00f4nes russes et grecques ainsi que des sculptures et des peintures historiques par l&rsquo;interm\u00e9diaire de la galerie.\n\nOutre la vente, la galerie Viktor Puch se sp\u00e9cialise \u00e9galement dans l&rsquo;achat d&rsquo;objets d&rsquo;art de valeur. Nous achetons des ic\u00f4nes russes et grecques, des sculptures anciennes de l&rsquo;\u00e9poque gothique et baroque, des tableaux anciens et des objets d&rsquo;artisanat \u00e0 des prix maximums attractifs. Notre galerie est r\u00e9put\u00e9e pour ses conseils avis\u00e9s, appr\u00e9ci\u00e9s par les collectionneurs et les amateurs d&rsquo;art du monde entier. Qu&rsquo;il s&rsquo;agisse d&rsquo;acqu\u00e9rir des ic\u00f4nes rares ou des sculptures historiques, nos clients b\u00e9n\u00e9ficient de notre vaste expertise et de notre amour de l&rsquo;art.\n\nNotre port\u00e9e internationale se refl\u00e8te \u00e9galement dans notre participation r\u00e9guli\u00e8re \u00e0 des foires d&rsquo;art renomm\u00e9es dans des villes comme Munich, Cologne, D\u00fcsseldorf, Zurich et Lausanne. Ces \u00e9v\u00e9nements nous donnent l&rsquo;occasion de pr\u00e9senter \u00e0 un large public notre vaste gamme d&rsquo;\u0153uvres d&rsquo;art exclusives, dont de pr\u00e9cieuses ic\u00f4nes russes et grecques. En outre, vous avez la possibilit\u00e9 d&rsquo;acheter nos \u0153uvres d&rsquo;art uniques en toute s\u00e9curit\u00e9 et confortablement sur notre site Internet.\n\nNous garantissons une livraison s\u00fbre et assur\u00e9e dans le monde entier via notre propre transporteur ou des prestataires de services \u00e9prouv\u00e9s comme UPS et FedEx. Utilisez des mots-cl\u00e9s cibl\u00e9s tels que \u00ab\u00a0acheter des ic\u00f4nes russes\u00a0\u00bb, \u00ab\u00a0vendre des ic\u00f4nes grecques\u00a0\u00bb, \u00ab\u00a0acqu\u00e9rir des sculptures anciennes\u00a0\u00bb ou \u00ab\u00a0acheter en ligne des objets d&rsquo;artisanat pr\u00e9cieux\u00a0\u00bb pour d\u00e9couvrir notre vaste offre.<\/p>\n\n\n\n<h4 class=\"gb-headline gb-headline-61a1545a gb-headline-text\">contaCt  <\/h4>\n\n\n\n<p>T\u00e9l\u00e9phone : <a href=\"tel:+10000000000\">+49 (0)89 613 23 69<\/a><br\/>e-mail :  <a href=\"E-Mail:%20info@kunsthandel-puch.de\"><\/a><a href=\"mailto:info@kunsthandel-puch.de\" target=\"_blank\" rel=\"noreferrer noopener\">info@kunsthandel-puch.de<\/a><\/p>\n\n\n\n<p>Veuillez envoyer les fichiers tels que les photos ou les PDF directement \u00e0 <a href=\"mailto:info@kunsthandel-puch.de\" target=\"_blank\" rel=\"noreferrer noopener\">info@kunsthandel-puch.de<\/a><\/p>\n\n<\/div><\/div>\n\n\n<p class=\"has-text-align-center\"><\/p>\n\n\n<div class=\"gb-container gb-container-801058ce\"><div class=\"gb-inside-container\">\n<p class=\"wpcf7-contact-form-not-found\"><strong>Erreur\u00a0:<\/strong> Formulaire de contact non trouv\u00e9\u00a0!<\/p>\n\n\n\n<p class=\"has-text-align-center\"><\/p>\n\n<\/div><\/div>\n<\/div>\n<\/div>","protected":false},"excerpt":{"rendered":"<p>Bonjour Veuillez nous contacter si vous avez des questions Adresse Martin Viktor PuchChemin du ruisseau 1682041 Oberhaching Contact Kunsthandel Puch M\u00fcnchen Galerie d&rsquo;ic\u00f4nes et de sculptures Bachweg 16 Oberhaching bei M\u00fcnchen Contact Kunsthandel Puch ic\u00f4nes et sculptures russes et grecques vendre et acheter commerce sp\u00e9cialis\u00e9 \u00e0 Munich Contact pour la galerie Viktor Puch est votre &#8230; <a title=\"Contact\" class=\"read-more\" href=\"https:\/\/kunsthandel-puch.de\/fr\/contact\/\" aria-label=\"En savoir plus sur Contact\">Lire plus<\/a><\/p>\n","protected":false},"author":1,"featured_media":0,"parent":0,"menu_order":5,"comment_status":"closed","ping_status":"closed","template":"","meta":{"footnotes":""},"class_list":["post-2256","page","type-page","status-publish"],"_links":{"self":[{"href":"https:\/\/kunsthandel-puch.de\/fr\/wp-json\/wp\/v2\/pages\/2256","targetHints":{"allow":["GET"]}}],"collection":[{"href":"https:\/\/kunsthandel-puch.de\/fr\/wp-json\/wp\/v2\/pages"}],"about":[{"href":"https:\/\/kunsthandel-puch.de\/fr\/wp-json\/wp\/v2\/types\/page"}],"author":[{"embeddable":true,"href":"https:\/\/kunsthandel-puch.de\/fr\/wp-json\/wp\/v2\/users\/1"}],"replies":[{"embeddable":true,"href":"https:\/\/kunsthandel-puch.de\/fr\/wp-json\/wp\/v2\/comments?post=2256"}],"version-history":[{"count":2,"href":"https:\/\/kunsthandel-puch.de\/fr\/wp-json\/wp\/v2\/pages\/2256\/revisions"}],"predecessor-version":[{"id":3252,"href":"https:\/\/kunsthandel-puch.de\/fr\/wp-json\/wp\/v2\/pages\/2256\/revisions\/3252"}],"wp:attachment":[{"href":"https:\/\/kunsthandel-puch.de\/fr\/wp-json\/wp\/v2\/media?parent=2256"}],"curies":[{"name":"wp","href":"https:\/\/api.w.org\/{rel}","templated":true}]}}