{"id":2248,"date":"2024-08-09T21:09:22","date_gmt":"2024-08-09T19:09:22","guid":{"rendered":"https:\/\/kunsthandel-puch.de\/mentions-legales\/"},"modified":"2024-09-30T09:42:00","modified_gmt":"2024-09-30T07:42:00","slug":"mentions-legales","status":"publish","type":"page","link":"https:\/\/kunsthandel-puch.de\/fr\/mentions-legales\/","title":{"rendered":"Mentions l\u00e9gales"},"content":{"rendered":"<div class=\"gb-container gb-container-ec8ac61f\">\n<div class=\"gb-container gb-container-b18ed8df\">\n<div class=\"gb-container gb-container-b581b3c3\">\n\n<h2 class=\"wp-block-heading\">Mentions l\u00e9gales<\/h2>\n\n\n\n<p>Martin Viktor Puch<br\/>Galerie V. Puch<br\/>Chemin du ruisseau 16<br\/>82041 Oberhaching<\/p>\n\n\n\n<h2 class=\"wp-block-heading\">Contact<\/h2>\n\n\n\n<p>T\u00e9l\u00e9phone : +49 (0)89 613 23 69<br\/>T\u00e9l\u00e9copieur : +49 (0)89 613 38 52<br\/>Courrier \u00e9lectronique : info@kunsthandel-puch.de<\/p>\n\n\n\n<h2 class=\"wp-block-heading\">Num\u00e9ro d&rsquo;identification de la taxe sur le chiffre d&rsquo;affaires<\/h2>\n\n\n\n<p>Num\u00e9ro d&rsquo;identification de la taxe sur le chiffre d&rsquo;affaires conform\u00e9ment au \u00a7 27 a de la loi sur la taxe sur le chiffre d&rsquo;affaires :<br\/>FR 130088842<\/p>\n\n\n\n<h2 class=\"wp-block-heading\">R\u00e8glement des litiges de l&rsquo;UE<\/h2>\n\n\n\n<p>La Commission europ\u00e9enne met \u00e0 disposition une plateforme de r\u00e8glement en ligne des litiges (RLL) <a href=\"https:\/\/ec.europa.eu\/consumers\/odr\/\" target=\"_blank\" rel=\"noreferrer noopener\">: https:\/\/ec.europa.eu\/consumers\/odr\/.<\/a><br\/>Vous trouverez notre adresse \u00e9lectronique dans les mentions l\u00e9gales ci-dessus.<\/p>\n\n\n\n<h2 class=\"wp-block-heading\">R\u00e8glement des litiges de consommation\/organe universel de conciliation<\/h2>\n\n\n\n<p>Nous ne sommes pas dispos\u00e9s ou oblig\u00e9s de participer \u00e0 des proc\u00e9dures de r\u00e8glement des litiges devant un organisme de conciliation des consommateurs.<\/p>\n\n\n\n<hr class=\"wp-block-separator has-alpha-channel-opacity\"\/>\n\n\n\n<p><strong>Internet &#8211; R\u00e9alisation<\/strong><br\/><em><strong>Daniel Seifert Conception num\u00e9rique<\/strong><\/em><br\/><em>Contact : <a href=\"mailto:info@seifert-webdesign.de\">info@seifert-webdesign.de<\/a><\/em><\/p>\n\n<\/div>\n\n<div class=\"gb-container gb-container-1293ec69\">\n\n<figure class=\"wp-block-image size-large\"><img decoding=\"async\" src=\"http:\/\/kunsthandel-puch.de\/wp-content\/uploads\/2024\/08\/50-years.jpg\" alt=\"50 ans de commerce d'art Puch Muenchen\"\/><\/figure>\n\n<\/div>\n<\/div>\n<\/div>","protected":false},"excerpt":{"rendered":"<p>Mentions l\u00e9gales Martin Viktor PuchGalerie V. PuchChemin du ruisseau 1682041 Oberhaching Contact T\u00e9l\u00e9phone : +49 (0)89 613 23 69T\u00e9l\u00e9copieur : +49 (0)89 613 38 52Courrier \u00e9lectronique : info@kunsthandel-puch.de Num\u00e9ro d&rsquo;identification de la taxe sur le chiffre d&rsquo;affaires Num\u00e9ro d&rsquo;identification de la taxe sur le chiffre d&rsquo;affaires conform\u00e9ment au \u00a7 27 a de la loi sur &#8230; <a title=\"Mentions l\u00e9gales\" class=\"read-more\" href=\"https:\/\/kunsthandel-puch.de\/fr\/mentions-legales\/\" aria-label=\"En savoir plus sur Mentions l\u00e9gales\">Lire plus<\/a><\/p>\n","protected":false},"author":1,"featured_media":0,"parent":0,"menu_order":6,"comment_status":"closed","ping_status":"closed","template":"","meta":{"footnotes":""},"class_list":["post-2248","page","type-page","status-publish"],"_links":{"self":[{"href":"https:\/\/kunsthandel-puch.de\/fr\/wp-json\/wp\/v2\/pages\/2248","targetHints":{"allow":["GET"]}}],"collection":[{"href":"https:\/\/kunsthandel-puch.de\/fr\/wp-json\/wp\/v2\/pages"}],"about":[{"href":"https:\/\/kunsthandel-puch.de\/fr\/wp-json\/wp\/v2\/types\/page"}],"author":[{"embeddable":true,"href":"https:\/\/kunsthandel-puch.de\/fr\/wp-json\/wp\/v2\/users\/1"}],"replies":[{"embeddable":true,"href":"https:\/\/kunsthandel-puch.de\/fr\/wp-json\/wp\/v2\/comments?post=2248"}],"version-history":[{"count":2,"href":"https:\/\/kunsthandel-puch.de\/fr\/wp-json\/wp\/v2\/pages\/2248\/revisions"}],"predecessor-version":[{"id":3002,"href":"https:\/\/kunsthandel-puch.de\/fr\/wp-json\/wp\/v2\/pages\/2248\/revisions\/3002"}],"wp:attachment":[{"href":"https:\/\/kunsthandel-puch.de\/fr\/wp-json\/wp\/v2\/media?parent=2248"}],"curies":[{"name":"wp","href":"https:\/\/api.w.org\/{rel}","templated":true}]}}